{"id":5002,"date":"2025-12-15T09:15:52","date_gmt":"2025-12-15T08:15:52","guid":{"rendered":"https:\/\/imapolska.pl\/?page_id=5002"},"modified":"2026-02-25T08:56:38","modified_gmt":"2026-02-25T07:56:38","slug":"%d0%ba%d0%b0%d1%80%d1%94%d1%80%d0%b0","status":"publish","type":"page","link":"https:\/\/imapolska.pl\/uk\/kariera\/","title":{"rendered":"\u041a\u0430\u0440'\u0454\u0440\u0430"},"content":{"rendered":"<p><style>@media (min-width: 992px) { .liquid-row-responsive-69e1f0a74ea72 {padding-right:100px !important; padding-left:100px !important;  }  } @media (min-width: 1200px) { .liquid-row-responsive-69e1f0a74ea72 {padding-top:200px !important; padding-bottom:200px !important;  }  }    <\/style><section style=\"background-attachment:fixed;\" data-bg-image=\"url\" class=\"vc_row vc_custom_1766256825953 liquid-row-responsive-69e1f0a74ea72 liquid-row-shadowbox-69e1f0a74ea92 vc_row-has-fill vc_row-has-bg\"><div class=\"ld-container container\"><div class=\"row ld-row ld-row-outer vc_row-o-content-middle vc_row-flex\"><div class=\"wpb_column vc_column_container vc_col-sm-12 liquid-column-69e1f0a74ed60\"><div class=\"vc_column-inner\" ><div class=\"wpb_wrapper\"  ><style>.ld_fancy_heading_69e1f0a74ef37 h2{color:rgb(255, 255, 255);}.ld_fancy_heading_69e1f0a74ef37 .lqd-highlight-inner{height:0.275em!important;bottom:0px!important;}<\/style><div class=\"ld-fancy-heading text-center ld_fancy_heading_69e1f0a74ef37\">\n\t<h2 class=\"ld-fh-element lqd-highlight-underline lqd-highlight-grow-left text-decoration-default lqd-split-lines\"   data-split-text=\"true\" data-split-options='{\"type\":\"lines\"}'>  \u041f\u0440\u0438\u0454\u0434\u043d\u0443\u0439\u0442\u0435\u0441\u044c \u0434\u043e \u043a\u043e\u043c\u0430\u043d\u0434\u0438 IMA \u041f\u043e\u043b\u044c\u0449\u0430<\/h2><\/div><style>.ld_fancy_heading_69e1f0a74f18e h5{color:rgb(255, 255, 255);}.ld_fancy_heading_69e1f0a74f18e h5 {font-size:17px; } .ld_fancy_heading_69e1f0a74f18e .lqd-highlight-inner{height:0.275em!important;bottom:0px!important;}.ld_fancy_heading_69e1f0a74f18e h5 {font-size:17px; } <\/style><div class=\"ld-fancy-heading text-center ld_fancy_heading_69e1f0a74f18e\">\n\t<h5 class=\"ld-fh-element lqd-highlight-underline lqd-highlight-grow-left text-decoration-default lqd-split-lines\"   data-split-text=\"true\" data-split-options='{\"type\":\"lines\"}'>  \u041c\u0438 \u0448\u0443\u043a\u0430\u0454\u043c\u043e \u043b\u044e\u0434\u0435\u0439, \u044f\u043a\u0456 \u0445\u043e\u0447\u0443\u0442\u044c \u0441\u043f\u0456\u043b\u044c\u043d\u043e \u0442\u0432\u043e\u0440\u0438\u0442\u0438 \u043c\u0430\u0439\u0431\u0443\u0442\u043d\u0454 \u043f\u043e\u043b\u044c\u0441\u044c\u043a\u043e\u0457 \u043f\u0440\u043e\u043c\u0438\u0441\u043b\u043e\u0432\u043e\u0441\u0442\u0456 - \u043d\u0430 \u043e\u0441\u043d\u043e\u0432\u0456 \u0456\u043d\u043d\u043e\u0432\u0430\u0446\u0456\u0439, \u0441\u0442\u0430\u043b\u043e\u0433\u043e \u0440\u043e\u0437\u0432\u0438\u0442\u043a\u0443 \u0442\u0430 \u0435\u043a\u043e\u043b\u043e\u0433\u0456\u0447\u043d\u043e\u0457 \u0432\u0456\u0434\u043f\u043e\u0432\u0456\u0434\u0430\u043b\u044c\u043d\u043e\u0441\u0442\u0456.<\/h5><\/div><\/div><\/div><\/div><\/div><\/div><\/section><style>@media (min-width: 768px) { .liquid-row-responsive-69e1f0a74f3c3 {padding-top:60px !important; padding-bottom:60px !important;  }  } @media (min-width: 992px) { .liquid-row-responsive-69e1f0a74f3c3 {padding-top:60px !important; padding-bottom:60px !important;  }  } @media (min-width: 1200px) { .liquid-row-responsive-69e1f0a74f3c3 {padding-top:60px !important; padding-bottom:60px !important;  }  }    <\/style><section class=\"vc_row vc_custom_1765786296290 liquid-row-responsive-69e1f0a74f3c3 liquid-row-shadowbox-69e1f0a74f3d9\"><div class=\"ld-container container\"><div class=\"row ld-row ld-row-outer\"><div class=\"wpb_column vc_column_container vc_col-sm-12 liquid-column-69e1f0a74f59e\"><div class=\"vc_column-inner\" ><div class=\"wpb_wrapper\"  ><style>.ld_fancy_heading_69e1f0a74f6de .lqd-highlight-inner{height:0.275em!important;bottom:0px!important;}<\/style><div class=\"ld-fancy-heading text-center ld_fancy_heading_69e1f0a74f6de\">\n\t<h2 class=\"ld-fh-element lqd-highlight-underline lqd-highlight-grow-left text-decoration-default\"   >  \u041c\u0438 \u043f\u0440\u043e\u043f\u043e\u043d\u0443\u0454\u043c\u043e<\/h2><\/div><div class=\"vc_row vc_inner vc_row-fluid liquid-row-shadowbox-69e1f0a74f950\"><div class=\"ld-container container-fluid\"><div class=\"row ld-row ld-row-inner\"><div class=\"wpb_column vc_column_container vc_col-sm-3 liquid-column-69e1f0a74fb7a\"><div class=\"vc_column-inner\" ><div class=\"wpb_wrapper\" ><style>.ld_icon_box_69e1f0a74fd0e .lqd-iconbox-title{margin-bottom:px;}.ld_icon_box_69e1f0a74fd0e .iconbox-icon-container{border-radius:px;}<\/style>\n<div class=\"iconbox text-align-default ld_icon_box_69e1f0a74fd0e\" id=\"ld_icon_box_69e1f0a74fd0e\"  data-animate-icon=\"true\"  >\n\t\n\t\t\t\t\t\n\t\n\t<div class=\"iconbox-icon-wrap\"><span class=\"iconbox-icon-container\"><i class=\"fas fa-briefcase\"><\/i><\/span><\/div>\t\n\t\t\n\t\t\n\t\t\n\t<h3 class=\"lqd-iconbox-title\">\u0421\u0442\u0430\u0431\u0456\u043b\u044c\u043d\u0430 \u0437\u0430\u0439\u043d\u044f\u0442\u0456\u0441\u0442\u044c \u0443 \u043a\u043e\u043c\u043f\u0430\u043d\u0456\u0457 \u0437 \u0431\u0456\u043b\u044c\u0448 \u043d\u0456\u0436 15-\u0440\u0456\u0447\u043d\u043e\u044e \u0442\u0440\u0430\u0434\u0438\u0446\u0456\u0454\u044e<\/h3>\t\t\t\n\t\t\n\t\n<\/div>\n<\/div><\/div><\/div><div class=\"wpb_column vc_column_container vc_col-sm-3 liquid-column-69e1f0a750538\"><div class=\"vc_column-inner\" ><div class=\"wpb_wrapper\" ><style>.ld_icon_box_69e1f0a750666 .lqd-iconbox-title{margin-bottom:px;}.ld_icon_box_69e1f0a750666 .iconbox-icon-container{border-radius:px;}<\/style>\n<div class=\"iconbox text-align-default ld_icon_box_69e1f0a750666\" id=\"ld_icon_box_69e1f0a750666\"  data-animate-icon=\"true\"  >\n\t\n\t\t\t\t\t\n\t\n\t<div class=\"iconbox-icon-wrap\"><span class=\"iconbox-icon-container\"><i class=\"fas fa-chart-line\"><\/i><\/span><\/div>\t\n\t\t\n\t\t\n\t\t\n\t<h3 class=\"lqd-iconbox-title\">\u0417\u0430\u0440\u043f\u043b\u0430\u0442\u0438 \u0432 \u0422\u041e\u041f 10% \u0440\u043e\u0431\u043e\u0442\u043e\u0434\u0430\u0432\u0446\u0456\u0432 \u0440\u0435\u0433\u0456\u043e\u043d\u0443<\/h3>\t\t\t\n\t\t\n\t\n<\/div>\n<\/div><\/div><\/div><div class=\"wpb_column vc_column_container vc_col-sm-3 liquid-column-69e1f0a750ca9\"><div class=\"vc_column-inner\" ><div class=\"wpb_wrapper\" ><style>.ld_icon_box_69e1f0a750dbf .lqd-iconbox-title{margin-bottom:px;}.ld_icon_box_69e1f0a750dbf .iconbox-icon-container{border-radius:px;}<\/style>\n<div class=\"iconbox text-align-default ld_icon_box_69e1f0a750dbf\" id=\"ld_icon_box_69e1f0a750dbf\"  data-animate-icon=\"true\"  >\n\t\n\t\t\t\t\t\n\t\n\t<div class=\"iconbox-icon-wrap\"><span class=\"iconbox-icon-container\"><i class=\"fas fa-leaf\"><\/i><\/span><\/div>\t\n\t\t\n\t\t\n\t\t\n\t<h3 class=\"lqd-iconbox-title\">\u0420\u0435\u0430\u043b\u044c\u043d\u0438\u0439 \u0432\u043f\u043b\u0438\u0432 \u043d\u0430 \u0440\u043e\u0437\u0432\u0438\u0442\u043e\u043a \u043f\u0440\u043e\u0435\u043a\u0442\u0456\u0432 \u0437\u0435\u043b\u0435\u043d\u043e\u0457 \u0435\u043d\u0435\u0440\u0433\u0435\u0442\u0438\u043a\u0438 \u0442\u0430 \u0431\u0456\u043e\u0442\u0435\u0445\u043d\u043e\u043b\u043e\u0433\u0456\u0439<\/h3>\t\t\t\n\t\t\n\t\n<\/div>\n<\/div><\/div><\/div><div class=\"wpb_column vc_column_container vc_col-sm-3 liquid-column-69e1f0a751137\"><div class=\"vc_column-inner\" ><div class=\"wpb_wrapper\" ><style>.ld_icon_box_69e1f0a75124a .lqd-iconbox-title{margin-bottom:px;}.ld_icon_box_69e1f0a75124a .iconbox-icon-container{border-radius:px;}<\/style>\n<div class=\"iconbox text-align-default ld_icon_box_69e1f0a75124a\" id=\"ld_icon_box_69e1f0a75124a\"  data-animate-icon=\"true\"  >\n\t\n\t\t\t\t\t\n\t\n\t<div class=\"iconbox-icon-wrap\"><span class=\"iconbox-icon-container\"><i class=\"fas fa-users\"><\/i><\/span><\/div>\t\n\t\t\n\t\t\n\t\t\n\t<h3 class=\"lqd-iconbox-title\">\u0420\u043e\u0431\u043e\u0442\u0430 \u0432 \u0437\u0433\u0443\u0440\u0442\u043e\u0432\u0430\u043d\u0456\u0439 \u043a\u043e\u043c\u0430\u043d\u0434\u0456 \u043f\u0440\u043e\u0444\u0435\u0441\u0456\u043e\u043d\u0430\u043b\u0456\u0432<\/h3>\t\t\t\n\t\t\n\t\n<\/div>\n<\/div><\/div><\/div><\/div><\/div><\/div><\/div><\/div><\/div><\/div><\/div><\/section><section class=\"vc_row liquid-row-shadowbox-69e1f0a75147f\"><div class=\"ld-container container\"><div class=\"row ld-row ld-row-outer\"><div class=\"wpb_column vc_column_container vc_col-sm-12 liquid-column-69e1f0a7515d8\"><div class=\"vc_column-inner\" ><div class=\"wpb_wrapper\"  ><style>.ld_fancy_heading_69e1f0a7516dd .lqd-highlight-inner{height:0.275em!important;bottom:0px!important;}<\/style><div class=\"ld-fancy-heading text-center ld_fancy_heading_69e1f0a7516dd\">\n\t<h2 class=\"ld-fh-element lqd-highlight-underline lqd-highlight-grow-left text-decoration-default\"   >  \u0417 \u043f\u043e\u0442\u043e\u0447\u043d\u0438\u043c\u0438 \u0432\u0430\u043a\u0430\u043d\u0441\u0456\u044f\u043c\u0438 \u043c\u043e\u0436\u043d\u0430 \u043e\u0437\u043d\u0430\u0439\u043e\u043c\u0438\u0442\u0438\u0441\u044f \u043d\u0438\u0436\u0447\u0435<\/h2><\/div><\/div><\/div><\/div><\/div><\/div><\/section><style>@media (min-width: 768px) { .liquid-row-responsive-69e1f0a751b4e {padding-top:60px !important; padding-bottom:60px !important;  }  } @media (min-width: 992px) { .liquid-row-responsive-69e1f0a751b4e {padding-top:60px !important; padding-bottom:60px !important;  }  } @media (min-width: 1200px) { .liquid-row-responsive-69e1f0a751b4e {padding-top:60px !important; padding-bottom:60px !important;  }  }    <\/style><section class=\"vc_row vc_custom_1765786239123 liquid-row-responsive-69e1f0a751b4e liquid-row-shadowbox-69e1f0a751b64\"><div class=\"ld-container container\"><div class=\"row ld-row ld-row-outer\"><div class=\"wpb_column vc_column_container vc_col-sm-12 liquid-column-69e1f0a751cc5\"><div class=\"vc_column-inner\" ><div class=\"wpb_wrapper\"  ><style>.ld_fancy_heading_69e1f0a751dbc .lqd-highlight-inner{height:0.275em!important;bottom:0px!important;}<\/style><div class=\"ld-fancy-heading text-center ld_fancy_heading_69e1f0a751dbc\">\n\t<div class=\"ld-fh-element lqd-highlight-underline lqd-highlight-grow-left text-decoration-default\"   >  <\/p>\n<p style=\"font-size: 22px\">\u041d\u0430\u0440\u0430\u0437\u0456 \u043c\u0438 \u043e\u0433\u043e\u043b\u043e\u0448\u0443\u0454\u043c\u043e \u043d\u0430\u0431\u0456\u0440 \u043d\u0430 \u043d\u0430\u0441\u0442\u0443\u043f\u043d\u0456 \u043f\u043e\u0441\u0430\u0434\u0438:<\/p>\n<p style=\"font-size: 21px;line-height: 2\">\n\u041b\u0430\u0431\u043e\u0440\u0430\u043d\u0442 (\u0432\u0438\u0440\u043e\u0431\u043d\u0438\u0447\u0430 \u043b\u0430\u0431\u043e\u0440\u0430\u0442\u043e\u0440\u0456\u044f) - <a style=\"color: #0077b5\" href=\"https:\/\/www.pracuj.pl\/praca\/laborant-laborantka-laboratorium-produkcyjne-murowana-goslina,oferta,1004662111?s=832ff526&#038;searchId=MTc3MjAwMTkzODUxOS4xODI0\" target=\"_blank\" rel=\"noopener\"><i class=\"fa fa-external-link\"><\/i> Pracuj.pl<\/a><br \/>\n\u041d\u0435\u0437\u0430\u043b\u0435\u0436\u043d\u0438\u0439 \u0441\u043f\u0435\u0446\u0456\u0430\u043b\u0456\u0441\u0442 \u0437 \u043f\u0438\u0442\u0430\u043d\u044c \u044f\u043a\u043e\u0441\u0442\u0456, \u0435\u043a\u043e\u043b\u043e\u0433\u0456\u0457 \u0442\u0430 \u043a\u043e\u043c\u043f\u043b\u0430\u0454\u043d\u0441\u0443 <a style=\"color: #0077b5\" href=\"https:\/\/www.pracuj.pl\/praca\/samodzielny-a-specjalista-tka-ds-jakosci-ochrony-srodowiska-i-compliance-murowana-goslina,oferta,1004662110?s=832ff526&#038;searchId=MTc3MjAwMTkzODUxOS4xODI0\" target=\"_blank\" rel=\"noopener\"><i class=\"fa fa-external-link\"><\/i> Pracuj.pl<\/a><\/p>\n<p><\/div><\/div><\/div><\/div><\/div><\/div><\/div><\/section><style>@media (min-width: 992px) { .liquid-row-responsive-69e1f0a75243e {padding-right:100px !important; padding-left:100px !important;  }  } @media (min-width: 1200px) { .liquid-row-responsive-69e1f0a75243e {padding-top:140px !important; padding-bottom:140px !important;  }  }    <\/style><section data-row-bg=\"https:\/\/imapolska.pl\/wp-content\/uploads\/2025\/12\/4171344.jpg?id=5016\" style=\"background-attachment:fixed;\" data-bg-image=\"url\" class=\"vc_row vc_custom_1765785398252 liquid-row-responsive-69e1f0a75243e liquid-row-shadowbox-69e1f0a752453 vc_row-has-fill vc_row-has-bg lqd-has-bg-markup row-bg-appended\"><span class=\"row-bg-loader\"><\/span><div class=\"row-bg-wrap\">\n\t\t<div class=\"row-bg-inner\">\n\t\t\t<figure class=\"row-bg\" ><\/figure>\n\t\t<\/div>\n\t<\/div><div class=\"ld-container container\"><div class=\"row ld-row ld-row-outer vc_row-o-content-middle vc_row-flex\"><div class=\"wpb_column vc_column_container vc_col-sm-12 liquid-column-69e1f0a7525c3\"><div class=\"vc_column-inner\" ><div class=\"wpb_wrapper\"  ><style>.ld_fancy_heading_69e1f0a7526c4 .lqd-highlight-inner{height:0.275em!important;bottom:0px!important;}<\/style><div class=\"ld-fancy-heading text-center ld_fancy_heading_69e1f0a7526c4\">\n\t<h2 class=\"ld-fh-element lqd-highlight-underline lqd-highlight-grow-left text-decoration-default lqd-split-lines\"   data-split-text=\"true\" data-split-options='{\"type\":\"lines\"}'>  \u041d\u0435 \u0431\u0430\u0447\u0438\u0442\u0435 \u043f\u0456\u0434\u0445\u043e\u0434\u044f\u0449\u043e\u0457 \u0432\u0430\u043a\u0430\u043d\u0441\u0456\u0457?<\/h2><\/div><style>.ld_fancy_heading_69e1f0a7529c5 .lqd-highlight-inner{height:0.275em!important;bottom:0px!important;}<\/style><div class=\"ld-fancy-heading text-center ld_fancy_heading_69e1f0a7529c5\">\n\t<h4 class=\"ld-fh-element lqd-highlight-underline lqd-highlight-grow-left text-decoration-default lqd-split-lines\"   data-split-text=\"true\" data-split-options='{\"type\":\"lines\"}'>  \u041d\u0430\u0434\u0441\u0438\u043b\u0430\u0439\u0442\u0435 \u0441\u0432\u043e\u0454 \u0440\u0435\u0437\u044e\u043c\u0435 \u043d\u0430 \u0430\u0434\u0440\u0435\u0441\u0443: <strong><a href=\"mailto:kariera@imapolska.eu\">kariera@imapolska.eu<\/a><\/strong> - \u041c\u0438 \u0437 \u043d\u0435\u0442\u0435\u0440\u043f\u0456\u043d\u043d\u044f\u043c \u0447\u0435\u043a\u0430\u0454\u043c\u043e \u043d\u0430 \u0432\u0430\u0448\u0443 \u0432\u0456\u0434\u043f\u043e\u0432\u0456\u0434\u044c.<\/h4><\/div><\/div><\/div><\/div><\/div><\/div><\/section>","protected":false},"excerpt":{"rendered":"Do\u0142\u0105cz do zespo\u0142u IMA Polska Szukamy ludzi, kt\u00f3rzy chc\u0105 wsp\u00f3\u0142tworzy\u0107 przysz\u0142o\u015b\u0107 polskiego przemys\u0142u \u2013 opartego na innowacji, zr\u00f3wnowa\u017conym rozwoju i odpowiedzialno\u015bci za \u015brodowisko. Oferujemy Stabilne zatrudnienie w firmie z ponad 15-letni\u0105 tradycj\u0105 Wynagrodzenie w TOP 10% pracodawc\u00f3w w regionie Realny wp\u0142yw na rozw\u00f3j projekt\u00f3w z obszaru zielonej energii i biotechnologii Prac\u0119 w zgranym zespole specjalist\u00f3w [...]","protected":false},"author":3,"featured_media":0,"parent":0,"menu_order":0,"comment_status":"closed","ping_status":"closed","template":"","meta":{"footnotes":""},"class_list":["post-5002","page","type-page","status-publish","hentry"],"_links":{"self":[{"href":"https:\/\/imapolska.pl\/uk\/wp-json\/wp\/v2\/pages\/5002","targetHints":{"allow":["GET"]}}],"collection":[{"href":"https:\/\/imapolska.pl\/uk\/wp-json\/wp\/v2\/pages"}],"about":[{"href":"https:\/\/imapolska.pl\/uk\/wp-json\/wp\/v2\/types\/page"}],"author":[{"embeddable":true,"href":"https:\/\/imapolska.pl\/uk\/wp-json\/wp\/v2\/users\/3"}],"replies":[{"embeddable":true,"href":"https:\/\/imapolska.pl\/uk\/wp-json\/wp\/v2\/comments?post=5002"}],"version-history":[{"count":34,"href":"https:\/\/imapolska.pl\/uk\/wp-json\/wp\/v2\/pages\/5002\/revisions"}],"predecessor-version":[{"id":6111,"href":"https:\/\/imapolska.pl\/uk\/wp-json\/wp\/v2\/pages\/5002\/revisions\/6111"}],"wp:attachment":[{"href":"https:\/\/imapolska.pl\/uk\/wp-json\/wp\/v2\/media?parent=5002"}],"curies":[{"name":"wp","href":"https:\/\/api.w.org\/{rel}","templated":true}]}}