{"id":3494,"date":"2020-12-21T11:25:31","date_gmt":"2020-12-21T11:25:31","guid":{"rendered":"http:\/\/classichub.liquid-themes.com\/staging\/?page_id=3494"},"modified":"2026-01-11T21:34:28","modified_gmt":"2026-01-11T20:34:28","slug":"%d0%bf%d1%80%d0%be%d0%b4%d1%83%d0%ba%d1%82%d0%b8","status":"publish","type":"page","link":"https:\/\/imapolska.pl\/uk\/produkty\/","title":{"rendered":"\u041f\u0440\u043e\u0434\u0443\u043a\u0442\u0438"},"content":{"rendered":"<p><style>@media (min-width: 992px) { .liquid-row-responsive-69e3469e51d63 {padding-top:80px !important; padding-bottom:80px !important;  }  }    <\/style><section id=\"lista-produktow\" class=\"vc_row vc_custom_1767794077243 liquid-row-responsive-69e3469e51d63 liquid-row-shadowbox-69e3469e51d87\"><div class=\"ld-container container\"><div class=\"row ld-row ld-row-outer\"><div class=\"wpb_column vc_column_container vc_col-sm-6 vc_col-md-4 liquid-column-69e3469e52074\"><div class=\"vc_column-inner\" ><div class=\"wpb_wrapper\"  ><div id=\"ld_content_box_69e3469e521ef\" class=\"lqd-fb lqd-fb-style-4 lqd-fb-zoom-img-onhover pos-rel ld_content_box_69e3469e521ef\">\n\t<div class=\"lqd-fb-inner\">\n\n\t\t<div class=\"lqd-fb-img overflow-hidden\">\n\t\t\t<figure data-responsive-bg=\"true\"><img decoding=\"async\" src=\"https:\/\/imapolska.pl\/wp-content\/uploads\/2025\/04\/alkohol-etylowy-2.svg\" class=\"w-100 invisible\" alt=\"\" \/><\/figure>\t\t\t\t\t<\/div>\n\n\t\t<div class=\"lqd-fb-content pos-rel\">\n\t\t\t<div class=\"lqd-fb-bg lqd-overlay\"><\/div>\n\t\t\t<div class=\"lqd-fb-hover-overlay lqd-overlay\"><\/div>\n\t\t\t<div class=\"lqd-fb-content-inner pos-rel text-center p-5\">\n\n\t\t\t\t\t\t\t\t<h2 class=\"lqd-fb-content-title my-0 mb-3 font-weight-normal\">\u0415\u0442\u0438\u043b\u043e\u0432\u0438\u0439 \u0441\u043f\u0438\u0440\u0442<\/h2>\n\t\t\t\t\t\t\t\t\n\t\t\t\t\t\t\t\t<p class=\"my-0\"> Ima Polska S.A. \u0441\u043f\u0435\u0446\u0456\u0430\u043b\u0456\u0437\u0443\u0454\u0442\u044c\u0441\u044f \u043d\u0430 \u0432\u0438\u0440\u043e\u0431\u043d\u0438\u0446\u0442\u0432\u0456 \u0432\u0438\u0441\u043e\u043a\u043e\u044f\u043a\u0456\u0441\u043d\u043e\u0433\u043e \u0435\u0442\u0438\u043b\u043e\u0432\u043e\u0433\u043e \u0441\u043f\u0438\u0440\u0442\u0443, \u043f\u043e\u0454\u0434\u043d\u0443\u044e\u0447\u0438 \u0441\u0456\u043c\u0435\u0439\u043d\u0456 \u0442\u0440\u0430\u0434\u0438\u0446\u0456\u0457 \u0432\u0438\u043d\u043e\u043a\u0443\u0440\u0456\u043d\u043d\u044f \u0437 \u0441\u0443\u0447\u0430\u0441\u043d\u0438\u043c\u0438 \u0442\u0435\u0445\u043d\u043e\u043b\u043e\u0433\u0456\u044f\u043c\u0438.<\/p>\n\t\t\t\t\n\t\t\t<\/div>\n\t\t\t\n\t\t\t\n\t\t\t\t\t\t<div class=\"lqd-fb-footer text-center py-3 px-5\">\n\t\t\t\t<style>.ld_button_69e3469e528c1 .btn-icon{margin-inline-start:10px !important;}.ld_button_69e3469e528c1 {line-height:1.5em; } .ld_button_69e3469e528c1 {--element-line-height:1.5em; } .ld_button_69e3469e528c1 {letter-spacing:0.05em; } .ld_button_69e3469e528c1 {line-height:1.5em; } .ld_button_69e3469e528c1 {--element-line-height:1.5em; } .ld_button_69e3469e528c1 {letter-spacing:0.05em; } .ld_button_69e3469e528c1 {line-height:1.5em; } .ld_button_69e3469e528c1 {--element-line-height:1.5em; } .ld_button_69e3469e528c1 {letter-spacing:0.05em; } .ld_button_69e3469e528c1 {line-height:1.5em; } .ld_button_69e3469e528c1 {--element-line-height:1.5em; } .ld_button_69e3469e528c1 {letter-spacing:0.05em; } <\/style><a href=\"https:\/\/imapolska.pl\/uk\/%d0%bf%d1%80%d0%be%d0%b4%d1%83%d0%ba%d1%82%d0%b8\/alkohole\/\" title=\"\u0410\u043b\u043a\u043e\u0433\u043e\u043b\u044c\" class=\"btn btn-naked text-uppercase btn-has-label ld_button_69e3469e528c1\" >\n\t<span>\n\t\n\t\t\t\t\t<span class=\"btn-txt\" data-text=\"Czytaj wi\u0119cej\" >\u0427\u0438\u0442\u0430\u0442\u0438 \u0434\u0430\u043b\u0456<\/span>\n\t\t\n\t<span class=\"btn-icon\"><i class=\"lqd-icn-ess icon-md-arrow-round-forward\"><\/i><\/span>\t\t\t\t<\/span>\n<\/a>\n\t\t\t<\/div>\n\t\t\t\t\t\t\n\t\t<\/div>\n\n\t<\/div>\n<\/div><style>.ld_spacer_69e3469e53094{height:32px;}<\/style>\n<div class=\"ld-empty-space ld_spacer_69e3469e53094\"><\/div><\/div><\/div><\/div><div class=\"wpb_column vc_column_container vc_col-sm-6 vc_col-md-4 liquid-column-69e3469e532cc\"><div class=\"vc_column-inner\" ><div class=\"wpb_wrapper\"  ><div id=\"ld_content_box_69e3469e533e1\" class=\"lqd-fb lqd-fb-style-4 lqd-fb-zoom-img-onhover pos-rel ld_content_box_69e3469e533e1\">\n\t<div class=\"lqd-fb-inner\">\n\n\t\t<div class=\"lqd-fb-img overflow-hidden\">\n\t\t\t<figure data-responsive-bg=\"true\"><img decoding=\"async\" src=\"https:\/\/imapolska.pl\/wp-content\/uploads\/2025\/04\/nawoz-organiczny.svg\" class=\"w-100 invisible\" alt=\"\" \/><\/figure>\t\t\t\t\t<\/div>\n\n\t\t<div class=\"lqd-fb-content pos-rel\">\n\t\t\t<div class=\"lqd-fb-bg lqd-overlay\"><\/div>\n\t\t\t<div class=\"lqd-fb-hover-overlay lqd-overlay\"><\/div>\n\t\t\t<div class=\"lqd-fb-content-inner pos-rel text-center p-5\">\n\n\t\t\t\t\t\t\t\t<h2 class=\"lqd-fb-content-title my-0 mb-3 font-weight-normal\">\u041e\u0440\u0433\u0430\u043d\u0456\u0447\u043d\u0456 \u0434\u043e\u0431\u0440\u0438\u0432\u0430<\/h2>\n\t\t\t\t\t\t\t\t\n\t\t\t\t\t\t\t\t<p class=\"my-0\"> \u041a\u043e\u043c\u043f\u0430\u043d\u0456\u044f \u043f\u0440\u043e\u043f\u043e\u043d\u0443\u0454 Fermrol, \u043e\u0440\u0433\u0430\u043d\u0456\u0447\u043d\u0435 \u0434\u043e\u0431\u0440\u0438\u0432\u043e, \u0441\u0442\u0432\u043e\u0440\u0435\u043d\u0435 \u044f\u043a \u043f\u043e\u0431\u0456\u0447\u043d\u0438\u0439 \u043f\u0440\u043e\u0434\u0443\u043a\u0442 \u043f\u0440\u043e\u0446\u0435\u0441\u0443 \u0444\u0435\u0440\u043c\u0435\u043d\u0442\u0430\u0446\u0456\u0457, \u0434\u043b\u044f \u043f\u0456\u0434\u0442\u0440\u0438\u043c\u043a\u0438 \u0441\u0442\u0430\u043b\u043e\u0433\u043e \u0441\u0456\u043b\u044c\u0441\u044c\u043a\u043e\u0433\u043e \u0433\u043e\u0441\u043f\u043e\u0434\u0430\u0440\u0441\u0442\u0432\u0430.<\/p>\n\t\t\t\t\n\t\t\t<\/div>\n\t\t\t\n\t\t\t\n\t\t\t\t\t\t<div class=\"lqd-fb-footer text-center py-3 px-5\">\n\t\t\t\t<style>.ld_button_69e3469e53704 .btn-icon{margin-inline-start:10px !important;}.ld_button_69e3469e53704 {line-height:1.5em; } .ld_button_69e3469e53704 {--element-line-height:1.5em; } .ld_button_69e3469e53704 {letter-spacing:0.05em; } .ld_button_69e3469e53704 {line-height:1.5em; } .ld_button_69e3469e53704 {--element-line-height:1.5em; } .ld_button_69e3469e53704 {letter-spacing:0.05em; } .ld_button_69e3469e53704 {line-height:1.5em; } .ld_button_69e3469e53704 {--element-line-height:1.5em; } .ld_button_69e3469e53704 {letter-spacing:0.05em; } .ld_button_69e3469e53704 {line-height:1.5em; } .ld_button_69e3469e53704 {--element-line-height:1.5em; } .ld_button_69e3469e53704 {letter-spacing:0.05em; } <\/style><a href=\"https:\/\/imapolska.pl\/uk\/%d0%bf%d1%80%d0%be%d0%b4%d1%83%d0%ba%d1%82%d0%b8\/%d0%be%d1%80%d0%b3%d0%b0%d0%bd%d1%96%d1%87%d0%bd%d0%b5-%d0%b4%d0%be%d0%b1%d1%80%d0%b8%d0%b2%d0%be-fermrol\/\" title=\"\u041e\u0440\u0433\u0430\u043d\u0456\u0447\u043d\u0435 \u0434\u043e\u0431\u0440\u0438\u0432\u043e FERMROL\" class=\"btn btn-naked text-uppercase btn-has-label ld_button_69e3469e53704\" >\n\t<span>\n\t\n\t\t\t\t\t<span class=\"btn-txt\" data-text=\"Czytaj wi\u0119cej\" >\u0427\u0438\u0442\u0430\u0442\u0438 \u0434\u0430\u043b\u0456<\/span>\n\t\t\n\t<span class=\"btn-icon\"><i class=\"lqd-icn-ess icon-md-arrow-round-forward\"><\/i><\/span>\t\t\t\t<\/span>\n<\/a>\n\t\t\t<\/div>\n\t\t\t\t\t\t\n\t\t<\/div>\n\n\t<\/div>\n<\/div><style>.ld_spacer_69e3469e53d3a{height:32px;}<\/style>\n<div class=\"ld-empty-space ld_spacer_69e3469e53d3a\"><\/div><\/div><\/div><\/div><div class=\"wpb_column vc_column_container vc_col-sm-6 vc_col-md-4 liquid-column-69e3469e53f03\"><div class=\"vc_column-inner\" ><div class=\"wpb_wrapper\"  ><div id=\"ld_content_box_69e3469e54006\" class=\"lqd-fb lqd-fb-style-4 lqd-fb-zoom-img-onhover pos-rel ld_content_box_69e3469e54006\">\n\t<div class=\"lqd-fb-inner\">\n\n\t\t<div class=\"lqd-fb-img overflow-hidden\">\n\t\t\t<figure data-responsive-bg=\"true\"><img decoding=\"async\" src=\"https:\/\/imapolska.pl\/wp-content\/uploads\/2025\/04\/ddgs.svg\" class=\"w-100 invisible\" alt=\"\" \/><\/figure>\t\t\t\t\t<\/div>\n\n\t\t<div class=\"lqd-fb-content pos-rel\">\n\t\t\t<div class=\"lqd-fb-bg lqd-overlay\"><\/div>\n\t\t\t<div class=\"lqd-fb-hover-overlay lqd-overlay\"><\/div>\n\t\t\t<div class=\"lqd-fb-content-inner pos-rel text-center p-5\">\n\n\t\t\t\t\t\t\t\t<h2 class=\"lqd-fb-content-title my-0 mb-3 font-weight-normal\">\u041a\u043e\u043c\u043f\u043e\u043d\u0435\u043d\u0442\u0438 \u043a\u043e\u0440\u043c\u0443<\/h2>\n\t\t\t\t\t\t\t\t\n\t\t\t\t\t\t\t\t<p class=\"my-0\"> \u0406\u043c\u0430 \u041f\u043e\u043b\u044c\u0449\u0430 \u043f\u043e\u0441\u0442\u0430\u0447\u0430\u0454 \u043a\u043e\u0440\u043c\u043e\u0432\u0456 \u043a\u043e\u043c\u043f\u043e\u043d\u0435\u043d\u0442\u0438, \u0442\u0430\u043a\u0456 \u044f\u043a DDGS, \u0449\u043e \u0454 \u0446\u0456\u043d\u043d\u0438\u043c \u0434\u0436\u0435\u0440\u0435\u043b\u043e\u043c \u0431\u0456\u043b\u043a\u0430 \u0434\u043b\u044f \u0445\u0443\u0434\u043e\u0431\u0438.<\/p>\n\t\t\t\t\n\t\t\t<\/div>\n\t\t\t\n\t\t\t\n\t\t\t\t\t\t<div class=\"lqd-fb-footer text-center py-3 px-5\">\n\t\t\t\t<style>.ld_button_69e3469e54219 .btn-icon{margin-inline-start:10px !important;}.ld_button_69e3469e54219 {line-height:1.5em; } .ld_button_69e3469e54219 {--element-line-height:1.5em; } .ld_button_69e3469e54219 {letter-spacing:0.05em; } .ld_button_69e3469e54219 {line-height:1.5em; } .ld_button_69e3469e54219 {--element-line-height:1.5em; } .ld_button_69e3469e54219 {letter-spacing:0.05em; } .ld_button_69e3469e54219 {line-height:1.5em; } .ld_button_69e3469e54219 {--element-line-height:1.5em; } .ld_button_69e3469e54219 {letter-spacing:0.05em; } .ld_button_69e3469e54219 {line-height:1.5em; } .ld_button_69e3469e54219 {--element-line-height:1.5em; } .ld_button_69e3469e54219 {letter-spacing:0.05em; } <\/style><a href=\"https:\/\/imapolska.pl\/uk\/%d0%bf%d1%80%d0%be%d0%b4%d1%83%d0%ba%d1%82%d0%b8\/%d0%ba%d0%be%d1%80%d0%bc%d0%be%d0%b2%d1%96-%d0%ba%d0%be%d0%bc%d0%bf%d0%be%d0%bd%d0%b5%d0%bd%d1%82%d0%b8\/\" title=\"\u041a\u043e\u043c\u043f\u043e\u043d\u0435\u043d\u0442\u0438 \u043a\u043e\u0440\u043c\u0443\" class=\"btn btn-naked text-uppercase btn-has-label ld_button_69e3469e54219\" >\n\t<span>\n\t\n\t\t\t\t\t<span class=\"btn-txt\" data-text=\"Czytaj wi\u0119cej\" >\u0427\u0438\u0442\u0430\u0442\u0438 \u0434\u0430\u043b\u0456<\/span>\n\t\t\n\t<span class=\"btn-icon\"><i class=\"lqd-icn-ess icon-md-arrow-round-forward\"><\/i><\/span>\t\t\t\t<\/span>\n<\/a>\n\t\t\t<\/div>\n\t\t\t\t\t\t\n\t\t<\/div>\n\n\t<\/div>\n<\/div><style>.ld_spacer_69e3469e5452e{height:32px;}<\/style>\n<div class=\"ld-empty-space ld_spacer_69e3469e5452e\"><\/div><\/div><\/div><\/div><div class=\"wpb_column vc_column_container vc_col-sm-6 vc_col-md-4 liquid-column-69e3469e546e4\"><div class=\"vc_column-inner\" ><div class=\"wpb_wrapper\"  ><div id=\"ld_content_box_69e3469e54830\" class=\"lqd-fb lqd-fb-style-4 lqd-fb-zoom-img-onhover pos-rel ld_content_box_69e3469e54830\">\n\t<div class=\"lqd-fb-inner\">\n\n\t\t<div class=\"lqd-fb-img overflow-hidden\">\n\t\t\t<figure data-responsive-bg=\"true\"><img decoding=\"async\" src=\"https:\/\/imapolska.pl\/wp-content\/uploads\/2025\/04\/biogaz.svg\" class=\"w-100 invisible\" alt=\"\" \/><\/figure>\t\t\t\t\t<\/div>\n\n\t\t<div class=\"lqd-fb-content pos-rel\">\n\t\t\t<div class=\"lqd-fb-bg lqd-overlay\"><\/div>\n\t\t\t<div class=\"lqd-fb-hover-overlay lqd-overlay\"><\/div>\n\t\t\t<div class=\"lqd-fb-content-inner pos-rel text-center p-5\">\n\n\t\t\t\t\t\t\t\t<h2 class=\"lqd-fb-content-title my-0 mb-3 font-weight-normal\">\u0417\u0435\u043b\u0435\u043d\u0430 \u0435\u043d\u0435\u0440\u0433\u0456\u044f<\/h2>\n\t\t\t\t\t\t\t\t\n\t\t\t\t\t\t\t\t<p class=\"my-0\"> \u041a\u043e\u043c\u043f\u0430\u043d\u0456\u044f \u0456\u043d\u0432\u0435\u0441\u0442\u0443\u0454 \u0432 \u0442\u0435\u0445\u043d\u043e\u043b\u043e\u0433\u0456\u0457 \u043c\u0430\u0439\u0431\u0443\u0442\u043d\u044c\u043e\u0433\u043e, \u0440\u043e\u0437\u0432\u0438\u0432\u0430\u044e\u0447\u0438 \u0426\u0435\u043d\u0442\u0440 \u0441\u0442\u0430\u043b\u043e\u0457 \u0435\u043d\u0435\u0440\u0433\u0435\u0442\u0438\u043a\u0438 \u043d\u0430 \u043e\u0441\u043d\u043e\u0432\u0456 \u0431\u0456\u043e\u0433\u0430\u0437\u0443, \u0431\u0456\u043e\u043c\u0435\u0442\u0430\u043d\u0443 \u0442\u0430 \u0432\u0456\u0434\u043d\u043e\u0432\u043b\u044e\u0432\u0430\u043d\u0438\u0445 \u0434\u0436\u0435\u0440\u0435\u043b \u0435\u043d\u0435\u0440\u0433\u0456\u0457.<\/p>\n\t\t\t\t\n\t\t\t<\/div>\n\t\t\t\n\t\t\t\n\t\t\t\t\t\t<div class=\"lqd-fb-footer text-center py-3 px-5\">\n\t\t\t\t<style>.ld_button_69e3469e54a52 .btn-icon{margin-inline-start:10px !important;}.ld_button_69e3469e54a52 {line-height:1.5em; } .ld_button_69e3469e54a52 {--element-line-height:1.5em; } .ld_button_69e3469e54a52 {letter-spacing:0.05em; } .ld_button_69e3469e54a52 {line-height:1.5em; } .ld_button_69e3469e54a52 {--element-line-height:1.5em; } .ld_button_69e3469e54a52 {letter-spacing:0.05em; } .ld_button_69e3469e54a52 {line-height:1.5em; } .ld_button_69e3469e54a52 {--element-line-height:1.5em; } .ld_button_69e3469e54a52 {letter-spacing:0.05em; } .ld_button_69e3469e54a52 {line-height:1.5em; } .ld_button_69e3469e54a52 {--element-line-height:1.5em; } .ld_button_69e3469e54a52 {letter-spacing:0.05em; } <\/style><a href=\"https:\/\/imapolska.pl\/uk\/%d0%bf%d1%80%d0%be%d0%b4%d1%83%d0%ba%d1%82%d0%b8\/zielona-energia\/\" title=\"\u0417\u0435\u043b\u0435\u043d\u0430 \u0435\u043d\u0435\u0440\u0433\u0456\u044f\" class=\"btn btn-naked text-uppercase btn-has-label ld_button_69e3469e54a52\" >\n\t<span>\n\t\n\t\t\t\t\t<span class=\"btn-txt\" data-text=\"Czytaj wi\u0119cej\" >\u0427\u0438\u0442\u0430\u0442\u0438 \u0434\u0430\u043b\u0456<\/span>\n\t\t\n\t<span class=\"btn-icon\"><i class=\"lqd-icn-ess icon-md-arrow-round-forward\"><\/i><\/span>\t\t\t\t<\/span>\n<\/a>\n\t\t\t<\/div>\n\t\t\t\t\t\t\n\t\t<\/div>\n\n\t<\/div>\n<\/div><\/div><\/div><\/div><div class=\"wpb_column vc_column_container vc_col-sm-6 vc_col-md-4 liquid-column-69e3469e54ca2\"><div class=\"vc_column-inner\" ><div class=\"wpb_wrapper\"  ><div id=\"ld_content_box_69e3469e6677f\" class=\"lqd-fb lqd-fb-style-4 lqd-fb-zoom-img-onhover pos-rel ld_content_box_69e3469e6677f\">\n\t<div class=\"lqd-fb-inner\">\n\n\t\t<div class=\"lqd-fb-img overflow-hidden\">\n\t\t\t<figure data-responsive-bg=\"true\"><img decoding=\"async\" src=\"https:\/\/imapolska.pl\/wp-content\/uploads\/2025\/04\/alkohol-etylowy.svg\" class=\"w-100 invisible\" alt=\"\" \/><\/figure>\t\t\t\t\t<\/div>\n\n\t\t<div class=\"lqd-fb-content pos-rel\">\n\t\t\t<div class=\"lqd-fb-bg lqd-overlay\"><\/div>\n\t\t\t<div class=\"lqd-fb-hover-overlay lqd-overlay\"><\/div>\n\t\t\t<div class=\"lqd-fb-content-inner pos-rel text-center p-5\">\n\n\t\t\t\t\t\t\t\t<h2 class=\"lqd-fb-content-title my-0 mb-3 font-weight-normal\">\u0406\u0437\u043e\u043f\u0440\u043e\u043f\u0430\u043d\u043e\u043b<\/h2>\n\t\t\t\t\t\t\t\t\n\t\t\t\t\t\t\t\t<p class=\"my-0\"> \u041a\u043e\u043c\u043f\u0430\u043d\u0456\u044f \u0432\u0438\u0440\u043e\u0431\u043b\u044f\u0454 \u0456\u0437\u043e\u043f\u0440\u043e\u043f\u0430\u043d\u043e\u043b, \u044f\u043a\u0438\u0439 \u0432\u0438\u043a\u043e\u0440\u0438\u0441\u0442\u043e\u0432\u0443\u0454\u0442\u044c\u0441\u044f \u0432 \u0440\u0456\u0437\u043d\u0438\u0445 \u0433\u0430\u043b\u0443\u0437\u044f\u0445 \u043f\u0440\u043e\u043c\u0438\u0441\u043b\u043e\u0432\u043e\u0441\u0442\u0456 \u044f\u043a \u0435\u0444\u0435\u043a\u0442\u0438\u0432\u043d\u0438\u0439 \u0440\u043e\u0437\u0447\u0438\u043d\u043d\u0438\u043a \u0456 \u043c\u0438\u044e\u0447\u0438\u0439 \u0437\u0430\u0441\u0456\u0431.<\/p>\n\t\t\t\t\n\t\t\t<\/div>\n\t\t\t\n\t\t\t\n\t\t\t\t\t\t<div class=\"lqd-fb-footer text-center py-3 px-5\">\n\t\t\t\t<style>.ld_button_69e3469e66d14 .btn-icon{margin-inline-start:10px !important;}.ld_button_69e3469e66d14 {line-height:1.5em; } .ld_button_69e3469e66d14 {--element-line-height:1.5em; } .ld_button_69e3469e66d14 {letter-spacing:0.05em; } .ld_button_69e3469e66d14 {line-height:1.5em; } .ld_button_69e3469e66d14 {--element-line-height:1.5em; } .ld_button_69e3469e66d14 {letter-spacing:0.05em; } .ld_button_69e3469e66d14 {line-height:1.5em; } .ld_button_69e3469e66d14 {--element-line-height:1.5em; } .ld_button_69e3469e66d14 {letter-spacing:0.05em; } .ld_button_69e3469e66d14 {line-height:1.5em; } .ld_button_69e3469e66d14 {--element-line-height:1.5em; } .ld_button_69e3469e66d14 {letter-spacing:0.05em; } <\/style><a href=\"https:\/\/imapolska.pl\/uk\/%d0%bf%d1%80%d0%be%d0%b4%d1%83%d0%ba%d1%82%d0%b8\/%d1%96%d0%b7%d0%be%d0%bf%d1%80%d0%be%d0%bf%d0%b0%d0%bd%d0%be%d0%bb\/\" title=\"\u0406\u0437\u043e\u043f\u0440\u043e\u043f\u0430\u043d\u043e\u043b\" class=\"btn btn-naked text-uppercase btn-has-label ld_button_69e3469e66d14\" >\n\t<span>\n\t\n\t\t\t\t\t<span class=\"btn-txt\" data-text=\"Czytaj wi\u0119cej\" >\u0427\u0438\u0442\u0430\u0442\u0438 \u0434\u0430\u043b\u0456<\/span>\n\t\t\n\t<span class=\"btn-icon\"><i class=\"lqd-icn-ess icon-md-arrow-round-forward\"><\/i><\/span>\t\t\t\t<\/span>\n<\/a>\n\t\t\t<\/div>\n\t\t\t\t\t\t\n\t\t<\/div>\n\n\t<\/div>\n<\/div><\/div><\/div><\/div><div class=\"wpb_column vc_column_container vc_col-sm-4 liquid-column-69e3469e67008\"><div class=\"vc_column-inner\" ><div class=\"wpb_wrapper\"  ><div id=\"ld_content_box_69e3469e67106\" class=\"lqd-fb lqd-fb-style-4 lqd-fb-zoom-img-onhover pos-rel ld_content_box_69e3469e67106\">\n\t<div class=\"lqd-fb-inner\">\n\n\t\t<div class=\"lqd-fb-img overflow-hidden\">\n\t\t\t<figure data-responsive-bg=\"true\"><img decoding=\"async\" src=\"https:\/\/imapolska.pl\/wp-content\/uploads\/2025\/04\/alkohol-etylowy-2.svg\" class=\"w-100 invisible\" alt=\"\" \/><\/figure>\t\t\t\t\t<\/div>\n\n\t\t<div class=\"lqd-fb-content pos-rel\">\n\t\t\t<div class=\"lqd-fb-bg lqd-overlay\"><\/div>\n\t\t\t<div class=\"lqd-fb-hover-overlay lqd-overlay\"><\/div>\n\t\t\t<div class=\"lqd-fb-content-inner pos-rel text-center p-5\">\n\n\t\t\t\t\t\t\t\t<h2 class=\"lqd-fb-content-title my-0 mb-3 font-weight-normal\">\u041c\u0435\u0442\u0438\u043b \u0435\u0442\u0438\u043b\u043a\u0435\u0442\u043e\u043d<\/h2>\n\t\t\t\t\t\t\t\t\n\t\t\t\t\t\t\t\t<p class=\"my-0\"> IMA Polska S.A. \u043f\u0440\u043e\u043f\u043e\u043d\u0443\u0454 \u043c\u0435\u0442\u0438\u043b\u043e\u0432\u0438\u0439 \u0435\u0442\u0438\u043b\u043a\u0435\u0442\u043e\u043d (\u041c\u0415\u041a), \u0435\u0444\u0435\u043a\u0442\u0438\u0432\u043d\u0438\u0439 \u0456 \u0443\u043d\u0456\u0432\u0435\u0440\u0441\u0430\u043b\u044c\u043d\u0438\u0439 \u0440\u043e\u0437\u0447\u0438\u043d\u043d\u0438\u043a, \u044f\u043a\u0438\u0439 \u0432\u0438\u043a\u043e\u0440\u0438\u0441\u0442\u043e\u0432\u0443\u0454\u0442\u044c\u0441\u044f \u0432 \u0445\u0456\u043c\u0456\u0447\u043d\u0456\u0439, \u043b\u0430\u043a\u043e\u0444\u0430\u0440\u0431\u043e\u0432\u0456\u0439 \u0442\u0430 \u043f\u043b\u0430\u0441\u0442\u043c\u0430\u0441\u043e\u0432\u0456\u0439 \u043f\u0440\u043e\u043c\u0438\u0441\u043b\u043e\u0432\u043e\u0441\u0442\u0456.<\/p>\n\t\t\t\t\n\t\t\t<\/div>\n\t\t\t\n\t\t\t\n\t\t\t\t\t\t<div class=\"lqd-fb-footer text-center py-3 px-5\">\n\t\t\t\t<style>.ld_button_69e3469e672ac .btn-icon{margin-inline-start:10px !important;}.ld_button_69e3469e672ac {line-height:1.5em; } .ld_button_69e3469e672ac {--element-line-height:1.5em; } .ld_button_69e3469e672ac {letter-spacing:0.05em; } .ld_button_69e3469e672ac {line-height:1.5em; } .ld_button_69e3469e672ac {--element-line-height:1.5em; } .ld_button_69e3469e672ac {letter-spacing:0.05em; } .ld_button_69e3469e672ac {line-height:1.5em; } .ld_button_69e3469e672ac {--element-line-height:1.5em; } .ld_button_69e3469e672ac {letter-spacing:0.05em; } .ld_button_69e3469e672ac {line-height:1.5em; } .ld_button_69e3469e672ac {--element-line-height:1.5em; } .ld_button_69e3469e672ac {letter-spacing:0.05em; } <\/style><a href=\"https:\/\/imapolska.pl\/uk\/%d0%bf%d1%80%d0%be%d0%b4%d1%83%d0%ba%d1%82%d0%b8\/%d0%bc%d0%b5%d1%82%d0%b8%d0%bb%d0%be%d0%b2%d0%b8%d0%b9-%d0%b5%d1%82%d0%b8%d0%bb%d0%ba%d0%b5%d1%82%d0%be%d0%bd\/\" title=\"\u041c\u0435\u0442\u0438\u043b \u0435\u0442\u0438\u043b\u043a\u0435\u0442\u043e\u043d\" class=\"btn btn-naked text-uppercase btn-has-label ld_button_69e3469e672ac\" >\n\t<span>\n\t\n\t\t\t\t\t<span class=\"btn-txt\" data-text=\"Czytaj wi\u0119cej\" >\u0427\u0438\u0442\u0430\u0442\u0438 \u0434\u0430\u043b\u0456<\/span>\n\t\t\n\t<span class=\"btn-icon\"><i class=\"lqd-icn-ess icon-md-arrow-round-forward\"><\/i><\/span>\t\t\t\t<\/span>\n<\/a>\n\t\t\t<\/div>\n\t\t\t\t\t\t\n\t\t<\/div>\n\n\t<\/div>\n<\/div><\/div><\/div><\/div><\/div><\/div><\/section><section class=\"vc_row vc_custom_1767794120338 liquid-row-shadowbox-69e3469e67558\"><div class=\"ld-container container\"><div class=\"row ld-row ld-row-outer\"><div class=\"wpb_column vc_column_container vc_col-sm-12 liquid-column-69e3469e67748\"><div class=\"vc_column-inner\" ><div class=\"wpb_wrapper\"  >\n\t<div class=\"wpb_text_column wpb_content_element\" >\n\t\t<div class=\"wpb_wrapper\">\n\t\t\t<h3><strong>\u041e\u0441\u043d\u043e\u0432\u043d\u0456 \u043f\u0435\u0440\u0435\u0432\u0430\u0433\u0438 Ima \u041f\u043e\u043b\u044c\u0449\u0430<\/strong><\/h3>\n\n\t\t<\/div>\n\t<\/div>\n<div class=\"vc_separator wpb_content_element vc_separator_align_center vc_sep_width_100 vc_sep_pos_align_center vc_separator_no_text vc_sep_color_grey vc_custom_1767794218619  vc_custom_1767794218619\" ><span class=\"vc_sep_holder vc_sep_holder_l\"><span  class=\"vc_sep_line\"><\/span><\/span><span class=\"vc_sep_holder vc_sep_holder_r\"><span  class=\"vc_sep_line\"><\/span><\/span>\n<\/div><div class=\"vc_row vc_inner vc_row-fluid liquid-row-shadowbox-69e3469e67b9c\"><div class=\"ld-container container-fluid\"><div class=\"row ld-row ld-row-inner\"><div class=\"wpb_column vc_column_container vc_col-sm-6 liquid-column-69e3469e67dab\"><div class=\"vc_column-inner\" ><div class=\"wpb_wrapper\" ><style>.ld_custom_menu_69e3469e67ec8 > ul > li .link-icon{color:rgb(38, 176, 95);}<\/style><div\n\tclass=\"lqd-fancy-menu lqd-custom-menu lqd-menu-td-none ld_custom_menu_69e3469e67ec8\"\n\t>\n\n\t<ul class=\"reset-ul\" id=\"ld_custom_menu_69e3469e67ec8\" >\n\t<li><a href=\"#\" target=\"_blank\"><span class=\"link-icon left-icon icon-next-to-label\"><i class=\"lqd-icn-ess icon-ion-ios-checkmark\"><\/i><\/span> \u041c\u0438 \u0432\u0438\u0440\u043e\u0431\u043b\u044f\u0454\u043c\u043e \u0437 \u043f\u043e\u043b\u044c\u0441\u044c\u043a\u0438\u0445 \u0437\u0435\u0440\u043d\u043e\u0432\u0438\u0445, \u043f\u0435\u0440\u0435\u0432\u0430\u0436\u043d\u043e \u0437 \u0412\u0435\u043b\u0438\u043a\u043e\u043f\u043e\u043b\u044c\u0449\u0456<\/a><\/li><li><a href=\"#\" target=\"_blank\"><span class=\"link-icon left-icon icon-next-to-label\"><i class=\"lqd-icn-ess icon-ion-ios-checkmark\"><\/i><\/span> \u0421\u0435\u0440\u0442\u0438\u0444\u0456\u043a\u0430\u0446\u0456\u044f ISO 14001, 9001, HACCP, REACH<\/a><\/li><li><a href=\"#\" target=\"_blank\"><span class=\"link-icon left-icon icon-next-to-label\"><i class=\"lqd-icn-ess icon-ion-ios-checkmark\"><\/i><\/span> \u0412\u043b\u0430\u0441\u043d\u0430 \u0432\u0435\u043b\u0438\u043a\u0430 \u0445\u0440\u043e\u043c\u0430\u0442\u043e\u0433\u0440\u0430\u0444\u0456\u0447\u043d\u0430 \u0442\u0430 \u043c\u0456\u043a\u0440\u043e\u0431\u0456\u043e\u043b\u043e\u0433\u0456\u0447\u043d\u0430 \u043b\u0430\u0431\u043e\u0440\u0430\u0442\u043e\u0440\u0456\u044f<\/a><\/li><li><a href=\"#\" target=\"_blank\"><span class=\"link-icon left-icon icon-next-to-label\"><i class=\"lqd-icn-ess icon-ion-ios-checkmark\"><\/i><\/span> \u0412\u0456\u0434\u043c\u0456\u043d\u043d\u0430 \u043e\u0440\u0433\u0430\u043d\u043e\u043b\u0435\u043f\u0442\u0438\u043a\u0430<\/a><\/li>\t<\/ul>\n<\/div><\/div><\/div><\/div><div class=\"wpb_column vc_column_container vc_col-sm-6 liquid-column-69e3469e680c6\"><div class=\"vc_column-inner\" ><div class=\"wpb_wrapper\" ><style>.ld_custom_menu_69e3469e6818f > ul > li .link-icon{color:rgb(38, 176, 95);}<\/style><div\n\tclass=\"lqd-fancy-menu lqd-custom-menu lqd-menu-td-none ld_custom_menu_69e3469e6818f\"\n\t>\n\n\t<ul class=\"reset-ul\" id=\"ld_custom_menu_69e3469e6818f\" >\n\t<li><a href=\"#\" target=\"_blank\"><span class=\"link-icon left-icon icon-next-to-label\"><i class=\"lqd-icn-ess icon-ion-ios-checkmark\"><\/i><\/span> \u041f\u043e\u0432\u043d\u0430 \u043f\u0440\u043e\u0441\u0442\u0435\u0436\u0443\u0432\u0430\u043d\u0456\u0441\u0442\u044c \u0456 \u0440\u043e\u0437\u0434\u0456\u043b\u0435\u043d\u043d\u044f \u0432\u0438\u0440\u043e\u0431\u043d\u0438\u0447\u0438\u0445 \u043f\u0430\u0440\u0442\u0456\u0439<\/a><\/li><li><a href=\"#\" target=\"_blank\"><span class=\"link-icon left-icon icon-next-to-label\"><i class=\"lqd-icn-ess icon-ion-ios-checkmark\"><\/i><\/span> \u0413\u043d\u0443\u0447\u043a\u0430 \u0442\u0430 \u0435\u0444\u0435\u043a\u0442\u0438\u0432\u043d\u0430 \u043b\u043e\u0433\u0456\u0441\u0442\u0438\u043a\u0430 - \u0432\u043b\u0430\u0441\u043d\u0456 \u0430\u0432\u0442\u043e\u0446\u0438\u0441\u0442\u0435\u0440\u043d\u0438<\/a><\/li><li><a href=\"#\" target=\"_blank\"><span class=\"link-icon left-icon icon-next-to-label\"><i class=\"lqd-icn-ess icon-ion-ios-checkmark\"><\/i><\/span> \u041f\u043e\u043b\u044c\u0441\u044c\u043a\u0438\u0439 \u0432\u0438\u0440\u043e\u0431\u043d\u0438\u043a, \u043f\u043e\u043b\u044c\u0441\u044c\u043a\u0438\u0439 \u043a\u0430\u043f\u0456\u0442\u0430\u043b, \u0432\u043b\u0430\u0441\u043d\u0438\u0439 \u043f\u043e\u0434\u0430\u0442\u043a\u043e\u0432\u0438\u0439 \u0441\u043a\u043b\u0430\u0434<\/a><\/li><li><a href=\"#\" target=\"_blank\"><span class=\"link-icon left-icon icon-next-to-label\"><i class=\"lqd-icn-ess icon-ion-ios-checkmark\"><\/i><\/span> \u041f\u0440\u043e\u043c\u0438\u0441\u043b\u043e\u0432\u0438\u0439 \u0437\u0430\u0432\u043e\u0434 - \u0431\u0435\u0437 \u043f\u043e\u0441\u0435\u0440\u0435\u0434\u043d\u0438\u043a\u0456\u0432<\/a><\/li>\t<\/ul>\n<\/div><\/div><\/div><\/div><\/div><\/div><\/div><\/div><\/div><\/div><\/div><\/div><\/section>","protected":false},"excerpt":{"rendered":"Alkohol etylowy Ima Polska S.A. specjalizuje si\u0119 w produkcji wysokiej jako\u015bci alkoholu etylowego, \u0142\u0105cz\u0105c rodzinne tradycje gorzelnicze z nowoczesnymi technologiami. Czytaj wi\u0119cej Naw\u00f3z organiczny Firma oferuje naw\u00f3z organiczny Fermrol, powstaj\u0105cy jako produkt uboczny procesu fermentacji, wspieraj\u0105cy zr\u00f3wnowa\u017cone rolnictwo. Czytaj wi\u0119cej Komponenty paszowe Ima Polska dostarcza komponenty paszowe, takie jak DDGS, b\u0119d\u0105ce warto\u015bciowym \u017ar\u00f3d\u0142em bia\u0142ka dla [...]","protected":false},"author":1,"featured_media":0,"parent":0,"menu_order":2,"comment_status":"closed","ping_status":"closed","template":"","meta":{"footnotes":""},"class_list":["post-3494","page","type-page","status-publish","hentry"],"_links":{"self":[{"href":"https:\/\/imapolska.pl\/uk\/wp-json\/wp\/v2\/pages\/3494","targetHints":{"allow":["GET"]}}],"collection":[{"href":"https:\/\/imapolska.pl\/uk\/wp-json\/wp\/v2\/pages"}],"about":[{"href":"https:\/\/imapolska.pl\/uk\/wp-json\/wp\/v2\/types\/page"}],"author":[{"embeddable":true,"href":"https:\/\/imapolska.pl\/uk\/wp-json\/wp\/v2\/users\/1"}],"replies":[{"embeddable":true,"href":"https:\/\/imapolska.pl\/uk\/wp-json\/wp\/v2\/comments?post=3494"}],"version-history":[{"count":24,"href":"https:\/\/imapolska.pl\/uk\/wp-json\/wp\/v2\/pages\/3494\/revisions"}],"predecessor-version":[{"id":5530,"href":"https:\/\/imapolska.pl\/uk\/wp-json\/wp\/v2\/pages\/3494\/revisions\/5530"}],"wp:attachment":[{"href":"https:\/\/imapolska.pl\/uk\/wp-json\/wp\/v2\/media?parent=3494"}],"curies":[{"name":"wp","href":"https:\/\/api.w.org\/{rel}","templated":true}]}}