{"id":3,"date":"2025-04-09T12:27:11","date_gmt":"2025-04-09T10:27:11","guid":{"rendered":"https:\/\/imapolska.pl\/?page_id=3"},"modified":"2025-08-07T13:47:57","modified_gmt":"2025-08-07T11:47:57","slug":"%d0%bf%d0%be%d0%bb%d1%96%d1%82%d0%b8%d0%ba%d0%b0-%d0%ba%d0%be%d0%bd%d1%84%d1%96%d0%b4%d0%b5%d0%bd%d1%86%d1%96%d0%b9%d0%bd%d0%be%d1%81%d1%82%d1%96","status":"publish","type":"page","link":"https:\/\/imapolska.pl\/uk\/polityka-prywatnosci\/","title":{"rendered":"\u041f\u043e\u043b\u0456\u0442\u0438\u043a\u0430 \u043a\u043e\u043d\u0444\u0456\u0434\u0435\u043d\u0446\u0456\u0439\u043d\u043e\u0441\u0442\u0456"},"content":{"rendered":"<section class=\"vc_row liquid-row-shadowbox-69e2252c5ae8a\"><div class=\"ld-container container\"><div class=\"row ld-row ld-row-outer\"><div class=\"wpb_column vc_column_container vc_col-sm-12 liquid-column-69e2252c5b3fc\"><div class=\"vc_column-inner\" ><div class=\"wpb_wrapper\"  >\n\t<div class=\"wpb_text_column wpb_content_element\" >\n\t\t<div class=\"wpb_wrapper\">\n\t\t\t<p><strong>I \u0417\u0430\u0433\u0430\u043b\u044c\u043d\u0430 \u0456\u043d\u0444\u043e\u0440\u043c\u0430\u0446\u0456\u044f<\/strong><\/p>\n<p>- \u0426\u044f \u041f\u043e\u043b\u0456\u0442\u0438\u043a\u0430 \u043a\u043e\u043d\u0444\u0456\u0434\u0435\u043d\u0446\u0456\u0439\u043d\u043e\u0441\u0442\u0456 \u0442\u0430 \u041f\u043e\u043b\u0456\u0442\u0438\u043a\u0430 \u0432\u0438\u043a\u043e\u0440\u0438\u0441\u0442\u0430\u043d\u043d\u044f \u0444\u0430\u0439\u043b\u0456\u0432 cookie \u0432\u0438\u0437\u043d\u0430\u0447\u0430\u0454, \u044f\u043a \u043e\u0442\u0440\u0438\u043c\u0443\u044e\u0442\u044c\u0441\u044f, \u043e\u0431\u0440\u043e\u0431\u043b\u044f\u044e\u0442\u044c\u0441\u044f \u0442\u0430 \u0437\u0430\u0445\u0438\u0449\u0430\u044e\u0442\u044c\u0441\u044f \u043f\u0435\u0440\u0441\u043e\u043d\u0430\u043b\u044c\u043d\u0456 \u0434\u0430\u043d\u0456, \u043d\u0430\u0434\u0430\u043d\u0456 \u041a\u043e\u0440\u0438\u0441\u0442\u0443\u0432\u0430\u0447\u0430\u043c\u0438, \u0430 \u0442\u0430\u043a\u043e\u0436 \u0444\u0430\u0439\u043b\u0438 cookie \u0442\u0430 \u0456\u043d\u0448\u0456 \u0442\u0435\u0445\u043d\u043e\u043b\u043e\u0433\u0456\u0457, \u0449\u043e \u0437'\u044f\u0432\u043b\u044f\u044e\u0442\u044c\u0441\u044f \u043d\u0430 \u0432\u0435\u0431-\u0441\u0430\u0439\u0442\u0456 www.imapolska.eu. .<br \/>\u0410\u0434\u043c\u0456\u043d\u0456\u0441\u0442\u0440\u0430\u0442\u043e\u0440\u043e\u043c \u0432\u0435\u0431-\u0441\u0430\u0439\u0442\u0443 \u0442\u0430 \u043f\u0435\u0440\u0441\u043e\u043d\u0430\u043b\u044c\u043d\u0438\u0445 \u0434\u0430\u043d\u0438\u0445, \u043d\u0430\u0434\u0430\u043d\u0438\u0445 \u043d\u0430 \u043d\u044c\u043e\u043c\u0443, \u0454 IMA Polska S.A., ul. Polna 21, 62-095 Murowana Go\u015blina, NIP: 782-251-03-05, KRS: 0000566925.<\/p>\n<p><strong>II \u041f\u0435\u0440\u0441\u043e\u043d\u0430\u043b\u044c\u043d\u0456 \u0434\u0430\u043d\u0456<\/strong><\/p>\n<p>- \u0412\u0435\u0431-\u0441\u0430\u0439\u0442 \u0437\u0431\u0438\u0440\u0430\u0454 \u0456\u043d\u0444\u043e\u0440\u043c\u0430\u0446\u0456\u044e, \u0434\u043e\u0431\u0440\u043e\u0432\u0456\u043b\u044c\u043d\u043e \u043d\u0430\u0434\u0430\u043d\u0443 \u043a\u043e\u0440\u0438\u0441\u0442\u0443\u0432\u0430\u0447\u0435\u043c.<br \/>- \u0412\u043c\u0456\u0441\u0442 \u0441\u0430\u0439\u0442\u0443 \u043c\u043e\u0436\u043d\u0430 \u043f\u0435\u0440\u0435\u0433\u043b\u044f\u0434\u0430\u0442\u0438 \u0431\u0435\u0437 \u043d\u0430\u0434\u0430\u043d\u043d\u044f \u0431\u0443\u0434\u044c-\u044f\u043a\u043e\u0457 \u043e\u0441\u043e\u0431\u0438\u0441\u0442\u043e\u0457 \u0456\u043d\u0444\u043e\u0440\u043c\u0430\u0446\u0456\u0457.<br \/>- \u0411\u0443\u0434\u044c-\u044f\u043a\u0430 \u043e\u0441\u043e\u0431\u0430, \u044f\u043a\u0430 \u043d\u0430\u0434\u0430\u043b\u0430 \u0441\u0432\u043e\u0457 \u043f\u0435\u0440\u0441\u043e\u043d\u0430\u043b\u044c\u043d\u0456 \u0434\u0430\u043d\u0456, \u043c\u0430\u0454 \u043f\u0440\u0430\u0432\u043e \u043d\u0430 \u0434\u043e\u0441\u0442\u0443\u043f \u0434\u043e \u0457\u0445 \u0437\u043c\u0456\u0441\u0442\u0443 \u0442\u0430 \u043c\u043e\u0436\u043b\u0438\u0432\u0456\u0441\u0442\u044c \u0457\u0445 \u0432\u0438\u043f\u0440\u0430\u0432\u043b\u0435\u043d\u043d\u044f, \u043e\u043d\u043e\u0432\u043b\u0435\u043d\u043d\u044f, \u0434\u043e\u043f\u043e\u0432\u043d\u0435\u043d\u043d\u044f, \u0430 \u0442\u0430\u043a\u043e\u0436 \u043d\u0430 \u0432\u0438\u043c\u043e\u0433\u0443 \u043f\u0440\u043e \u043f\u0440\u0438\u043f\u0438\u043d\u0435\u043d\u043d\u044f \u043e\u0431\u0440\u043e\u0431\u043a\u0438 \u043f\u0435\u0440\u0441\u043e\u043d\u0430\u043b\u044c\u043d\u0438\u0445 \u0434\u0430\u043d\u0438\u0445 \u0442\u0430 \u0437\u0430\u043f\u0435\u0440\u0435\u0447\u0435\u043d\u043d\u044f \u043f\u0440\u043e\u0442\u0438 \u043e\u0431\u0440\u043e\u0431\u043a\u0438 \u043f\u0435\u0440\u0441\u043e\u043d\u0430\u043b\u044c\u043d\u0438\u0445 \u0434\u0430\u043d\u0438\u0445. \u0412\u0438\u0449\u0435\u0437\u0430\u0437\u043d\u0430\u0447\u0435\u043d\u0456 \u0434\u0456\u0457 \u043c\u043e\u0436\u043d\u0430 \u0437\u0434\u0456\u0439\u0441\u043d\u0438\u0442\u0438, \u043d\u0430\u0434\u0456\u0441\u043b\u0430\u0432\u0448\u0438 \u0432\u0456\u0434\u043f\u043e\u0432\u0456\u0434\u043d\u0443 \u0437\u0430\u044f\u0432\u0443 \u043d\u0430 \u0435\u043b\u0435\u043a\u0442\u0440\u043e\u043d\u043d\u0443 \u0430\u0434\u0440\u0435\u0441\u0443:\u00a0<a href=\"mailto:rodo@imapolska.eu\">rodo@imapolska.eu<\/a><\/p>\n<p><strong>III \u0406\u043d\u0444\u043e\u0440\u043c\u0430\u0446\u0456\u044f \u043f\u0440\u043e \u0444\u0430\u0439\u043b\u0438 cookie.<\/strong><\/p>\n<p>- \u0412\u0435\u0431-\u0441\u0430\u0439\u0442 \u0432\u0438\u043a\u043e\u0440\u0438\u0441\u0442\u043e\u0432\u0443\u0454 \u0444\u0430\u0439\u043b\u0438 cookie.<br \/>- \u0424\u0430\u0439\u043b\u0438 cookie (\u0442\u0430\u043a \u0437\u0432\u0430\u043d\u0456 \u201ecookies\u201d) - \u0446\u0435 \u0406\u0422-\u0434\u0430\u043d\u0456, \u0437\u043e\u043a\u0440\u0435\u043c\u0430 \u0442\u0435\u043a\u0441\u0442\u043e\u0432\u0456 \u0444\u0430\u0439\u043b\u0438, \u044f\u043a\u0456 \u0437\u0431\u0435\u0440\u0456\u0433\u0430\u044e\u0442\u044c\u0441\u044f \u043d\u0430 \u043a\u0456\u043d\u0446\u0435\u0432\u043e\u043c\u0443 \u043e\u0431\u043b\u0430\u0434\u043d\u0430\u043d\u043d\u0456 \u041a\u043e\u0440\u0438\u0441\u0442\u0443\u0432\u0430\u0447\u0430 \u0432\u0435\u0431-\u0441\u0430\u0439\u0442\u0443 \u0456 \u043f\u0440\u0438\u0437\u043d\u0430\u0447\u0435\u043d\u0456 \u0434\u043b\u044f \u0432\u0438\u043a\u043e\u0440\u0438\u0441\u0442\u0430\u043d\u043d\u044f \u0432\u0435\u0431-\u0441\u0430\u0439\u0442\u0456\u0432 \u0424\u0430\u0439\u043b\u0438 cookie \u0437\u0430\u0437\u0432\u0438\u0447\u0430\u0439 \u043c\u0456\u0441\u0442\u044f\u0442\u044c \u043d\u0430\u0437\u0432\u0443 \u0432\u0435\u0431-\u0441\u0430\u0439\u0442\u0443, \u0437 \u044f\u043a\u043e\u0433\u043e \u0432\u043e\u043d\u0438 \u043f\u043e\u0445\u043e\u0434\u044f\u0442\u044c, \u0442\u0440\u0438\u0432\u0430\u043b\u0456\u0441\u0442\u044c \u0457\u0445 \u0437\u0431\u0435\u0440\u0456\u0433\u0430\u043d\u043d\u044f \u043d\u0430 \u043a\u0456\u043d\u0446\u0435\u0432\u043e\u043c\u0443 \u043e\u0431\u043b\u0430\u0434\u043d\u0430\u043d\u043d\u0456 \u0442\u0430 \u0443\u043d\u0456\u043a\u0430\u043b\u044c\u043d\u0438\u0439 \u043d\u043e\u043c\u0435\u0440.<br \/>- \u0421\u0443\u0431'\u0454\u043a\u0442, \u044f\u043a\u0438\u0439 \u0440\u043e\u0437\u043c\u0456\u0449\u0443\u0454 \u0444\u0430\u0439\u043b\u0438 cookie \u043d\u0430 \u0442\u0435\u0440\u043c\u0456\u043d\u0430\u043b\u044c\u043d\u043e\u043c\u0443 \u043e\u0431\u043b\u0430\u0434\u043d\u0430\u043d\u043d\u0456 \u043a\u043e\u0440\u0438\u0441\u0442\u0443\u0432\u0430\u0447\u0430 \u0432\u0435\u0431-\u0441\u0430\u0439\u0442\u0443 \u0442\u0430 \u043e\u0442\u0440\u0438\u043c\u0443\u0454 \u0434\u043e \u043d\u0438\u0445 \u0434\u043e\u0441\u0442\u0443\u043f, \u0454 \u043e\u043f\u0435\u0440\u0430\u0442\u043e\u0440\u043e\u043c \u0432\u0435\u0431-\u0441\u0430\u0439\u0442\u0443.<br \/>- \u0424\u0430\u0439\u043b\u0438 cookie \u0432\u0438\u043a\u043e\u0440\u0438\u0441\u0442\u043e\u0432\u0443\u044e\u0442\u044c\u0441\u044f \u0434\u043b\u044f \u043d\u0430\u0441\u0442\u0443\u043f\u043d\u0438\u0445 \u0446\u0456\u043b\u0435\u0439:<br \/>- \u0437\u0431\u0438\u0440\u0430\u0442\u0438 \u0441\u0442\u0430\u0442\u0438\u0441\u0442\u0438\u0447\u043d\u0456 \u0434\u0430\u043d\u0456, \u044f\u043a\u0456 \u0434\u043e\u043f\u043e\u043c\u0430\u0433\u0430\u044e\u0442\u044c \u043d\u0430\u043c \u0437\u0440\u043e\u0437\u0443\u043c\u0456\u0442\u0438, \u044f\u043a \u0432\u0456\u0434\u0432\u0456\u0434\u0443\u0432\u0430\u0447\u0456 \u0432\u0438\u043a\u043e\u0440\u0438\u0441\u0442\u043e\u0432\u0443\u044e\u0442\u044c \u0432\u0435\u0431-\u0441\u0430\u0439\u0442\u0438, \u0449\u043e\u0431 \u043c\u0438 \u043c\u043e\u0433\u043b\u0438 \u043f\u043e\u043a\u0440\u0430\u0449\u0438\u0442\u0438 \u0457\u0445\u043d\u044e \u0441\u0442\u0440\u0443\u043a\u0442\u0443\u0440\u0443 \u0442\u0430 \u043a\u043e\u043d\u0442\u0435\u043d\u0442;<br \/>- \u0432\u0438\u0437\u043d\u0430\u0447\u0438\u0442\u0438 \u0432\u0430\u0448 \u043f\u0440\u043e\u0444\u0456\u043b\u044c, \u0449\u043e\u0431 \u043f\u043e\u043a\u0430\u0437\u0443\u0432\u0430\u0442\u0438 \u0430\u0434\u0430\u043f\u0442\u043e\u0432\u0430\u043d\u0456 \u0434\u043b\u044f \u0432\u0430\u0441 \u043c\u0430\u0442\u0435\u0440\u0456\u0430\u043b\u0438 \u0432 \u0440\u0435\u043a\u043b\u0430\u043c\u043d\u0438\u0445 \u043c\u0435\u0440\u0435\u0436\u0430\u0445, \u0437\u043e\u043a\u0440\u0435\u043c\u0430 \u0432 \u043c\u0435\u0440\u0435\u0436\u0456 Google.<br \/>- \u0412\u0435\u0431-\u0441\u0430\u0439\u0442 \u0432\u0438\u043a\u043e\u0440\u0438\u0441\u0442\u043e\u0432\u0443\u0454 \u0434\u0432\u0430 \u043e\u0441\u043d\u043e\u0432\u043d\u0438\u0445 \u0442\u0438\u043f\u0438 \u0444\u0430\u0439\u043b\u0456\u0432 cookie: \u201e\u0441\u0435\u0441\u0456\u0439\u043d\u0456\u201d (\u0441\u0435\u0441\u0456\u0439\u043d\u0456 \u0444\u0430\u0439\u043b\u0438 cookie) \u0442\u0430 \u201e\u043f\u043e\u0441\u0442\u0456\u0439\u043d\u0456\u201d (\u043f\u043e\u0441\u0442\u0456\u0439\u043d\u0456 \u0444\u0430\u0439\u043b\u0438 cookie). \u201e\u0421\u0435\u0441\u0456\u0439\u043d\u0456\u201d \u0444\u0430\u0439\u043b\u0438 cookie - \u0446\u0435 \u0442\u0438\u043c\u0447\u0430\u0441\u043e\u0432\u0456 \u0444\u0430\u0439\u043b\u0438, \u044f\u043a\u0456 \u0437\u0431\u0435\u0440\u0456\u0433\u0430\u044e\u0442\u044c\u0441\u044f \u043d\u0430 \u043a\u0456\u043d\u0446\u0435\u0432\u043e\u043c\u0443 \u043e\u0431\u043b\u0430\u0434\u043d\u0430\u043d\u043d\u0456 \u041a\u043e\u0440\u0438\u0441\u0442\u0443\u0432\u0430\u0447\u0430 \u0434\u043e \u043c\u043e\u043c\u0435\u043d\u0442\u0443 \u0432\u0438\u0445\u043e\u0434\u0443 \u041a\u043e\u0440\u0438\u0441\u0442\u0443\u0432\u0430\u0447\u0430 \u0437 \u0441\u0438\u0441\u0442\u0435\u043c\u0438, \u0437\u0430\u043b\u0438\u0448\u0435\u043d\u043d\u044f \u043d\u0438\u043c \u0432\u0435\u0431-\u0441\u0430\u0439\u0442\u0443 \u0430\u0431\u043e \u0432\u0438\u043c\u043a\u043d\u0435\u043d\u043d\u044f \u043f\u0440\u043e\u0433\u0440\u0430\u043c\u043d\u043e\u0433\u043e \u0437\u0430\u0431\u0435\u0437\u043f\u0435\u0447\u0435\u043d\u043d\u044f (\u0432\u0435\u0431-\u0431\u0440\u0430\u0443\u0437\u0435\u0440\u0430). \u201e\u041f\u043e\u0441\u0442\u0456\u0439\u043d\u0456\u201d \u0444\u0430\u0439\u043b\u0438 cookie \u0437\u0431\u0435\u0440\u0456\u0433\u0430\u044e\u0442\u044c\u0441\u044f \u043d\u0430 \u043a\u0456\u043d\u0446\u0435\u0432\u043e\u043c\u0443 \u043e\u0431\u043b\u0430\u0434\u043d\u0430\u043d\u043d\u0456 \u041a\u043e\u0440\u0438\u0441\u0442\u0443\u0432\u0430\u0447\u0430 \u043f\u0440\u043e\u0442\u044f\u0433\u043e\u043c \u0447\u0430\u0441\u0443, \u0437\u0430\u0437\u043d\u0430\u0447\u0435\u043d\u043e\u0433\u043e \u0432 \u043f\u0430\u0440\u0430\u043c\u0435\u0442\u0440\u0430\u0445 \u0444\u0430\u0439\u043b\u0456\u0432 cookie, \u0430\u0431\u043e \u0434\u043e \u0457\u0445 \u0432\u0438\u0434\u0430\u043b\u0435\u043d\u043d\u044f \u041a\u043e\u0440\u0438\u0441\u0442\u0443\u0432\u0430\u0447\u0435\u043c.<br \/>- \u041f\u0440\u043e\u0433\u0440\u0430\u043c\u043d\u0435 \u0437\u0430\u0431\u0435\u0437\u043f\u0435\u0447\u0435\u043d\u043d\u044f \u0434\u043b\u044f \u043f\u0435\u0440\u0435\u0433\u043b\u044f\u0434\u0443 \u0432\u0435\u0431-\u0441\u0442\u043e\u0440\u0456\u043d\u043e\u043a (\u0432\u0435\u0431-\u0431\u0440\u0430\u0443\u0437\u0435\u0440) \u0437\u0430\u0437\u0432\u0438\u0447\u0430\u0439 \u0437\u0430 \u0437\u0430\u043c\u043e\u0432\u0447\u0443\u0432\u0430\u043d\u043d\u044f\u043c \u0434\u043e\u0437\u0432\u043e\u043b\u044f\u0454 \u0437\u0431\u0435\u0440\u0456\u0433\u0430\u0442\u0438 \u0444\u0430\u0439\u043b\u0438 cookie \u043d\u0430 \u0442\u0435\u0440\u043c\u0456\u043d\u0430\u043b\u044c\u043d\u043e\u043c\u0443 \u043f\u0440\u0438\u0441\u0442\u0440\u043e\u0457 \u043a\u043e\u0440\u0438\u0441\u0442\u0443\u0432\u0430\u0447\u0430. \u041a\u043e\u0440\u0438\u0441\u0442\u0443\u0432\u0430\u0447\u0456 \u0432\u0435\u0431-\u0441\u0430\u0439\u0442\u0443 \u043c\u043e\u0436\u0443\u0442\u044c \u0437\u043c\u0456\u043d\u0438\u0442\u0438 \u0441\u0432\u043e\u0457 \u043d\u0430\u043b\u0430\u0448\u0442\u0443\u0432\u0430\u043d\u043d\u044f \u0432 \u0446\u044c\u043e\u043c\u0443 \u0432\u0456\u0434\u043d\u043e\u0448\u0435\u043d\u043d\u0456. \u0412\u0435\u0431-\u0431\u0440\u0430\u0443\u0437\u0435\u0440 \u0434\u043e\u0437\u0432\u043e\u043b\u044f\u0454 \u0432\u0438\u0434\u0430\u043b\u044f\u0442\u0438 \u0444\u0430\u0439\u043b\u0438 cookie. \u0422\u0430\u043a\u043e\u0436 \u0456\u0441\u043d\u0443\u0454 \u043c\u043e\u0436\u043b\u0438\u0432\u0456\u0441\u0442\u044c \u0430\u0432\u0442\u043e\u043c\u0430\u0442\u0438\u0447\u043d\u043e\u0433\u043e \u0431\u043b\u043e\u043a\u0443\u0432\u0430\u043d\u043d\u044f \u0444\u0430\u0439\u043b\u0456\u0432 cookie. \u0414\u043b\u044f \u043e\u0442\u0440\u0438\u043c\u0430\u043d\u043d\u044f \u0431\u0456\u043b\u044c\u0448 \u0434\u0435\u0442\u0430\u043b\u044c\u043d\u043e\u0457 \u0456\u043d\u0444\u043e\u0440\u043c\u0430\u0446\u0456\u0457, \u0431\u0443\u0434\u044c \u043b\u0430\u0441\u043a\u0430, \u0437\u0432\u0435\u0440\u043d\u0456\u0442\u044c\u0441\u044f \u0434\u043e \u0434\u043e\u0432\u0456\u0434\u043a\u0438 \u0430\u0431\u043e \u0434\u043e\u043a\u0443\u043c\u0435\u043d\u0442\u0430\u0446\u0456\u0457 \u0432\u0430\u0448\u043e\u0433\u043e \u0456\u043d\u0442\u0435\u0440\u043d\u0435\u0442-\u0431\u0440\u0430\u0443\u0437\u0435\u0440\u0430.<br \/>- \u041e\u0431\u043c\u0435\u0436\u0435\u043d\u043d\u044f \u043d\u0430 \u0432\u0438\u043a\u043e\u0440\u0438\u0441\u0442\u0430\u043d\u043d\u044f \u0444\u0430\u0439\u043b\u0456\u0432 cookie \u043c\u043e\u0436\u0443\u0442\u044c \u0432\u043f\u043b\u0438\u043d\u0443\u0442\u0438 \u043d\u0430 \u0434\u0435\u044f\u043a\u0456 \u0444\u0443\u043d\u043a\u0446\u0456\u0457, \u0434\u043e\u0441\u0442\u0443\u043f\u043d\u0456 \u043d\u0430 \u0432\u0435\u0431-\u0441\u0430\u0439\u0442\u0456. .<br \/>- \u0424\u0430\u0439\u043b\u0438 cookie \u0440\u043e\u0437\u043c\u0456\u0449\u0443\u044e\u0442\u044c\u0441\u044f \u043d\u0430 \u043a\u0456\u043d\u0446\u0435\u0432\u043e\u043c\u0443 \u043e\u0431\u043b\u0430\u0434\u043d\u0430\u043d\u043d\u0456 \u043a\u043e\u0440\u0438\u0441\u0442\u0443\u0432\u0430\u0447\u0430 \u0432\u0435\u0431-\u0441\u0430\u0439\u0442\u0443, \u0430 \u0442\u0430\u043a\u043e\u0436 \u043c\u043e\u0436\u0443\u0442\u044c \u0432\u0438\u043a\u043e\u0440\u0438\u0441\u0442\u043e\u0432\u0443\u0432\u0430\u0442\u0438\u0441\u044f \u0440\u0435\u043a\u043b\u0430\u043c\u043e\u0434\u0430\u0432\u0446\u044f\u043c\u0438 \u0442\u0430 \u043f\u0430\u0440\u0442\u043d\u0435\u0440\u0430\u043c\u0438, \u044f\u043a\u0456 \u0441\u043f\u0456\u0432\u043f\u0440\u0430\u0446\u044e\u044e\u0442\u044c \u0437 \u043e\u043f\u0435\u0440\u0430\u0442\u043e\u0440\u043e\u043c \u0432\u0435\u0431-\u0441\u0430\u0439\u0442\u0443.<br \/>- \u041c\u0438 \u0440\u0435\u043a\u043e\u043c\u0435\u043d\u0434\u0443\u0454\u043c\u043e \u043e\u0437\u043d\u0430\u0439\u043e\u043c\u0438\u0442\u0438\u0441\u044f \u0437 \u043f\u043e\u043b\u0456\u0442\u0438\u043a\u043e\u044e \u043a\u043e\u043d\u0444\u0456\u0434\u0435\u043d\u0446\u0456\u0439\u043d\u043e\u0441\u0442\u0456 \u0446\u0438\u0445 \u043a\u043e\u043c\u043f\u0430\u043d\u0456\u0439, \u0449\u043e\u0431 \u0437\u0440\u043e\u0437\u0443\u043c\u0456\u0442\u0438, \u044f\u043a \u0432\u0438\u043a\u043e\u0440\u0438\u0441\u0442\u043e\u0432\u0443\u044e\u0442\u044c\u0441\u044f \u0444\u0430\u0439\u043b\u0438 cookie \u0434\u043b\u044f \u0441\u0442\u0430\u0442\u0438\u0441\u0442\u0438\u043a\u0438: \u041f\u043e\u043b\u0456\u0442\u0438\u043a\u0430 \u043a\u043e\u043d\u0444\u0456\u0434\u0435\u043d\u0446\u0456\u0439\u043d\u043e\u0441\u0442\u0456 Google Analytics.<br \/>- \u0424\u0430\u0439\u043b\u0438 cookie \u043c\u043e\u0436\u0443\u0442\u044c \u0432\u0438\u043a\u043e\u0440\u0438\u0441\u0442\u043e\u0432\u0443\u0432\u0430\u0442\u0438\u0441\u044f \u0440\u0435\u043a\u043b\u0430\u043c\u043d\u0438\u043c\u0438 \u043c\u0435\u0440\u0435\u0436\u0430\u043c\u0438, \u0437\u043e\u043a\u0440\u0435\u043c\u0430 \u043c\u0435\u0440\u0435\u0436\u0435\u044e Google, \u0434\u043b\u044f \u043f\u043e\u043a\u0430\u0437\u0443 \u0440\u0435\u043a\u043b\u0430\u043c\u0438, \u0430\u0434\u0430\u043f\u0442\u043e\u0432\u0430\u043d\u043e\u0457 \u0434\u043e \u0432\u0438\u043a\u043e\u0440\u0438\u0441\u0442\u0430\u043d\u043d\u044f \u043a\u043e\u0440\u0438\u0441\u0442\u0443\u0432\u0430\u0447\u0435\u043c \u0432\u0435\u0431-\u0441\u0430\u0439\u0442\u0443. \u0417 \u0446\u0456\u0454\u044e \u043c\u0435\u0442\u043e\u044e \u0432\u043e\u043d\u0438 \u043c\u043e\u0436\u0443\u0442\u044c \u0437\u0431\u0435\u0440\u0456\u0433\u0430\u0442\u0438 \u0456\u043d\u0444\u043e\u0440\u043c\u0430\u0446\u0456\u044e \u043f\u0440\u043e \u043d\u0430\u0432\u0456\u0433\u0430\u0446\u0456\u0439\u043d\u0438\u0439 \u0448\u043b\u044f\u0445 \u043a\u043e\u0440\u0438\u0441\u0442\u0443\u0432\u0430\u0447\u0430 \u0430\u0431\u043e \u0442\u0440\u0438\u0432\u0430\u043b\u0456\u0441\u0442\u044c \u043f\u0435\u0440\u0435\u0431\u0443\u0432\u0430\u043d\u043d\u044f \u043d\u0430 \u043f\u0435\u0432\u043d\u0456\u0439 \u0441\u0442\u043e\u0440\u0456\u043d\u0446\u0456.<br \/>- \u0429\u043e \u0441\u0442\u043e\u0441\u0443\u0454\u0442\u044c\u0441\u044f \u0456\u043d\u0444\u043e\u0440\u043c\u0430\u0446\u0456\u0457 \u043f\u0440\u043e \u0443\u043f\u043e\u0434\u043e\u0431\u0430\u043d\u043d\u044f \u043a\u043e\u0440\u0438\u0441\u0442\u0443\u0432\u0430\u0447\u0430, \u0437\u0456\u0431\u0440\u0430\u043d\u043e\u0457 \u0440\u0435\u043a\u043b\u0430\u043c\u043d\u043e\u044e \u043c\u0435\u0440\u0435\u0436\u0435\u044e Google, \u0442\u043e \u043a\u043e\u0440\u0438\u0441\u0442\u0443\u0432\u0430\u0447 \u043c\u043e\u0436\u0435 \u043f\u0435\u0440\u0435\u0433\u043b\u044f\u0434\u0430\u0442\u0438 \u0456 \u0440\u0435\u0434\u0430\u0433\u0443\u0432\u0430\u0442\u0438 \u0456\u043d\u0444\u043e\u0440\u043c\u0430\u0446\u0456\u044e, \u043e\u0442\u0440\u0438\u043c\u0430\u043d\u0443 \u0437\u0430 \u0434\u043e\u043f\u043e\u043c\u043e\u0433\u043e\u044e \u0444\u0430\u0439\u043b\u0456\u0432 cookie, \u0437\u0430 \u0434\u043e\u043f\u043e\u043c\u043e\u0433\u043e\u044e \u0441\u043f\u0435\u0446\u0456\u0430\u043b\u044c\u043d\u043e\u0433\u043e \u0456\u043d\u0441\u0442\u0440\u0443\u043c\u0435\u043d\u0442\u0443:\u00a0<a href=\"https:\/\/www.google.com\/ads\/preferences\/\" target=\"_blank\" rel=\"noopener\">https:\/\/www.google.com\/ads\/preferences\/<\/a><\/p>\n<p><strong>IV \u0423\u043f\u0440\u0430\u0432\u043b\u0456\u043d\u043d\u044f \u0444\u0430\u0439\u043b\u0430\u043c\u0438 cookie - \u044f\u043a \u043d\u0430\u0434\u0430\u0432\u0430\u0442\u0438 \u0442\u0430 \u0432\u0456\u0434\u043a\u043b\u0438\u043a\u0430\u0442\u0438 \u0437\u0433\u043e\u0434\u0443 \u043d\u0430 \u043f\u0440\u0430\u043a\u0442\u0438\u0446\u0456?<\/strong><\/p>\n<p>- \u042f\u043a\u0449\u043e \u0432\u0438 \u043d\u0435 \u0431\u0430\u0436\u0430\u0454\u0442\u0435 \u043e\u0442\u0440\u0438\u043c\u0443\u0432\u0430\u0442\u0438 \u0444\u0430\u0439\u043b\u0438 cookie, \u0432\u0438 \u043c\u043e\u0436\u0435\u0442\u0435 \u0437\u043c\u0456\u043d\u0438\u0442\u0438 \u043d\u0430\u043b\u0430\u0448\u0442\u0443\u0432\u0430\u043d\u043d\u044f \u0432\u0430\u0448\u043e\u0433\u043e \u0431\u0440\u0430\u0443\u0437\u0435\u0440\u0430. \u0417\u0432\u0435\u0440\u043d\u0456\u0442\u044c \u0443\u0432\u0430\u0433\u0443, \u0449\u043e \u0432\u0456\u0434\u043a\u043b\u044e\u0447\u0435\u043d\u043d\u044f \u0444\u0430\u0439\u043b\u0456\u0432 cookie, \u044f\u043a\u0456 \u043d\u0435\u043e\u0431\u0445\u0456\u0434\u043d\u0456 \u0434\u043b\u044f \u043f\u0440\u043e\u0446\u0435\u0441\u0456\u0432 \u0430\u0443\u0442\u0435\u043d\u0442\u0438\u0444\u0456\u043a\u0430\u0446\u0456\u0457, \u0431\u0435\u0437\u043f\u0435\u043a\u0438, \u0437\u0431\u0435\u0440\u0435\u0436\u0435\u043d\u043d\u044f \u043d\u0430\u043b\u0430\u0448\u0442\u0443\u0432\u0430\u043d\u044c \u043a\u043e\u0440\u0438\u0441\u0442\u0443\u0432\u0430\u0447\u0430, \u043c\u043e\u0436\u0435 \u0443\u0441\u043a\u043b\u0430\u0434\u043d\u0438\u0442\u0438, \u0430 \u0432 \u043a\u0440\u0430\u0439\u043d\u044c\u043e\u043c\u0443 \u0432\u0438\u043f\u0430\u0434\u043a\u0443 \u0443\u043d\u0435\u043c\u043e\u0436\u043b\u0438\u0432\u0438\u0442\u0438 \u0432\u0438\u043a\u043e\u0440\u0438\u0441\u0442\u0430\u043d\u043d\u044f \u0432\u0435\u0431-\u0441\u0430\u0439\u0442\u0456\u0432.<br \/>- \u0429\u043e\u0431 \u043a\u0435\u0440\u0443\u0432\u0430\u0442\u0438 \u043d\u0430\u043b\u0430\u0448\u0442\u0443\u0432\u0430\u043d\u043d\u044f\u043c\u0438 \u0444\u0430\u0439\u043b\u0456\u0432 cookie, \u0432\u0438\u0431\u0435\u0440\u0456\u0442\u044c \u0441\u0432\u0456\u0439 \u0431\u0440\u0430\u0443\u0437\u0435\u0440\/\u0441\u0438\u0441\u0442\u0435\u043c\u0443 \u0437\u0456 \u0441\u043f\u0438\u0441\u043a\u0443 \u043d\u0438\u0436\u0447\u0435 \u0456 \u0434\u043e\u0442\u0440\u0438\u043c\u0443\u0439\u0442\u0435\u0441\u044c \u0456\u043d\u0441\u0442\u0440\u0443\u043a\u0446\u0456\u0439<br \/>- Internet Explorer<br \/>- \u0425\u0440\u043e\u043c<br \/>- \u0421\u0430\u0444\u0430\u0440\u0456<br \/>- Firefox<br \/>- \u041e\u043f\u0435\u0440\u0430<br \/>- Android<br \/>- Safari (iOS)<br \/>- Windows Phone<br \/>- \u0411\u043b\u0435\u043a\u0431\u0435\u0440\u0440\u0456.<\/p>\n<p><strong>V \u041e\u0431\u043c\u0456\u043d \u0434\u0430\u043d\u0438\u043c\u0438.<\/strong><\/p>\n<p>- \u0414\u0430\u043d\u0456 \u043f\u0435\u0440\u0435\u0434\u0430\u044e\u0442\u044c\u0441\u044f \u0437\u043e\u0432\u043d\u0456\u0448\u043d\u0456\u043c \u0441\u0442\u043e\u0440\u043e\u043d\u0430\u043c \u043b\u0438\u0448\u0435 \u0432 \u043c\u0435\u0436\u0430\u0445 \u0437\u0430\u043a\u043e\u043d\u0443.<br \/>- \u041e\u043f\u0435\u0440\u0430\u0442\u043e\u0440 \u043c\u043e\u0436\u0435 \u0431\u0443\u0442\u0438 \u0437\u043e\u0431\u043e\u0432'\u044f\u0437\u0430\u043d\u0438\u0439 \u043d\u0430\u0434\u0430\u0432\u0430\u0442\u0438 \u0456\u043d\u0444\u043e\u0440\u043c\u0430\u0446\u0456\u044e, \u0437\u0456\u0431\u0440\u0430\u043d\u0443 \u0432\u0435\u0431-\u0441\u0430\u0439\u0442\u043e\u043c, \u0443\u043f\u043e\u0432\u043d\u043e\u0432\u0430\u0436\u0435\u043d\u0438\u043c \u043e\u0440\u0433\u0430\u043d\u0430\u043c \u0432\u043b\u0430\u0434\u0438 \u043d\u0430 \u043f\u0456\u0434\u0441\u0442\u0430\u0432\u0456 \u0437\u0430\u043a\u043e\u043d\u043d\u0438\u0445 \u0437\u0430\u043f\u0438\u0442\u0456\u0432 \u0432 \u043e\u0431\u0441\u044f\u0437\u0456 \u0437\u0430\u043f\u0438\u0442\u0443.<br \/>VI \u041f\u0440\u0438\u043a\u0456\u043d\u0446\u0435\u0432\u0456 \u043f\u043e\u043b\u043e\u0436\u0435\u043d\u043d\u044f<br \/>- \u0410\u0434\u043c\u0456\u043d\u0456\u0441\u0442\u0440\u0430\u0442\u043e\u0440 \u043c\u0430\u0454 \u043f\u0440\u0430\u0432\u043e \u0432\u043d\u043e\u0441\u0438\u0442\u0438 \u0437\u043c\u0456\u043d\u0438 \u0434\u043e \u0446\u0456\u0454\u0457 \u041f\u043e\u043b\u0456\u0442\u0438\u043a\u0438 \u043a\u043e\u043d\u0444\u0456\u0434\u0435\u043d\u0446\u0456\u0439\u043d\u043e\u0441\u0442\u0456. \u041e\u0441\u043e\u0431\u0438, \u044f\u043a\u0456 \u043d\u0430\u0434\u0430\u044e\u0442\u044c \u0441\u0432\u043e\u0457 \u043f\u0435\u0440\u0441\u043e\u043d\u0430\u043b\u044c\u043d\u0456 \u0434\u0430\u043d\u0456, \u0437\u043e\u0431\u043e\u0432'\u044f\u0437\u0443\u044e\u0442\u044c\u0441\u044f \u0434\u043e\u0442\u0440\u0438\u043c\u0443\u0432\u0430\u0442\u0438\u0441\u044f \u0447\u0438\u043d\u043d\u043e\u0457 \u0440\u0435\u0434\u0430\u043a\u0446\u0456\u0457 \u041f\u043e\u043b\u0456\u0442\u0438\u043a\u0438 \u043a\u043e\u043d\u0444\u0456\u0434\u0435\u043d\u0446\u0456\u0439\u043d\u043e\u0441\u0442\u0456, \u044f\u043a\u0430 \u0434\u043e\u0441\u0442\u0443\u043f\u043d\u0430 \u0437\u0430 \u043f\u043e\u0441\u0438\u043b\u0430\u043d\u043d\u044f\u043c\u00a0<a href=\"https:\/\/www.imapolska.eu\/dokumenty-i-polityka-prywatnosci\/polityka-prywatnosci\" target=\"_blank\" rel=\"noopener\">https:\/\/imapolska.eu\/polityka-prywatnosci<\/a>- \u0423 \u043f\u0438\u0442\u0430\u043d\u043d\u044f\u0445, \u043d\u0435 \u043e\u0445\u043e\u043f\u043b\u0435\u043d\u0438\u0445 \u0446\u0456\u0454\u044e \u041f\u043e\u043b\u0456\u0442\u0438\u043a\u043e\u044e \u043a\u043e\u043d\u0444\u0456\u0434\u0435\u043d\u0446\u0456\u0439\u043d\u043e\u0441\u0442\u0456, \u0437\u0430\u0441\u0442\u043e\u0441\u043e\u0432\u0443\u044e\u0442\u044c\u0441\u044f \u0432\u0456\u0434\u043f\u043e\u0432\u0456\u0434\u043d\u0456 \u043f\u043e\u043b\u043e\u0436\u0435\u043d\u043d\u044f \u043f\u043e\u043b\u044c\u0441\u044c\u043a\u043e\u0433\u043e \u0437\u0430\u043a\u043e\u043d\u043e\u0434\u0430\u0432\u0441\u0442\u0432\u0430.<\/p>\n\n\t\t<\/div>\n\t<\/div>\n<\/div><\/div><\/div><\/div><\/div><\/section>","protected":false},"excerpt":{"rendered":"I Informacje og\u00f3lne \u2022 Niniejsza Polityka Prywatno\u015bci i Polityka Cookies okre\u015bla spos\u00f3b pozyskiwania, przetwarzania oraz ochrony danych osobowych przekazanych przez U\u017cytkownik\u00f3w oraz plik\u00f3w Cookies a tak\u017ce innych technologii pojawiaj\u0105cych si\u0119 na stronie internetowej www.imapolska.eu .Administratorem strony i danych osobowych przekazanych przekazywanych w jej ramach jest IMA Polska S.A., ul. Polna 21, 62-095 Murowana Go\u015blina, NIP: [...]","protected":false},"author":1,"featured_media":0,"parent":0,"menu_order":9,"comment_status":"closed","ping_status":"closed","template":"","meta":{"footnotes":""},"class_list":["post-3","page","type-page","status-publish","hentry"],"_links":{"self":[{"href":"https:\/\/imapolska.pl\/uk\/wp-json\/wp\/v2\/pages\/3","targetHints":{"allow":["GET"]}}],"collection":[{"href":"https:\/\/imapolska.pl\/uk\/wp-json\/wp\/v2\/pages"}],"about":[{"href":"https:\/\/imapolska.pl\/uk\/wp-json\/wp\/v2\/types\/page"}],"author":[{"embeddable":true,"href":"https:\/\/imapolska.pl\/uk\/wp-json\/wp\/v2\/users\/1"}],"replies":[{"embeddable":true,"href":"https:\/\/imapolska.pl\/uk\/wp-json\/wp\/v2\/comments?post=3"}],"version-history":[{"count":4,"href":"https:\/\/imapolska.pl\/uk\/wp-json\/wp\/v2\/pages\/3\/revisions"}],"predecessor-version":[{"id":4567,"href":"https:\/\/imapolska.pl\/uk\/wp-json\/wp\/v2\/pages\/3\/revisions\/4567"}],"wp:attachment":[{"href":"https:\/\/imapolska.pl\/uk\/wp-json\/wp\/v2\/media?parent=3"}],"curies":[{"name":"wp","href":"https:\/\/api.w.org\/{rel}","templated":true}]}}