{"id":272,"date":"2020-12-17T09:44:23","date_gmt":"2020-12-17T09:44:23","guid":{"rendered":"http:\/\/classichub.liquid-themes.com\/staging\/?page_id=272"},"modified":"2026-01-15T13:51:42","modified_gmt":"2026-01-15T12:51:42","slug":"%d0%ba%d0%be%d0%bd%d1%82%d0%b0%d0%ba%d1%82%d0%b8","status":"publish","type":"page","link":"https:\/\/imapolska.pl\/uk\/kontakt\/","title":{"rendered":"\u041a\u043e\u043d\u0442\u0430\u043a\u0442\u0438"},"content":{"rendered":"<section class=\"vc_row liquid-row-shadowbox-69e1776b9c1f4 vc_column-gap-0\"><div class=\"ld-container container-fluid\"><div class=\"row ld-row ld-row-outer\"><div class=\"wpb_column vc_column_container vc_col-sm-12 liquid-column-69e1776b9c4ae\"><div class=\"vc_column-inner  \" ><div class=\"wpb_wrapper\"  ><div class=\"wpb_gmaps_widget wpb_content_element\"><div class=\"wpb_wrapper\"><div class=\"wpb_map_wraper\"><iframe src=\"https:\/\/www.google.com\/maps\/embed?pb=!1m17!1m12!1m3!1d606.1343848712669!2d17.023708269739092!3d52.577973998254784!2m3!1f0!2f0!3f0!3m2!1i1024!2i768!4f13.1!3m2!1m1!2zNTLCsDM0JzQwLjciTiAxN8KwMDEnMjcuNyJF!5e0!3m2!1spl!2spl!4v1764313184578!5m2!1spl!2spl\" width=\"600\" height=\"450\" style=\"border:0;\" allowfullscreen=\"\" loading=\"lazy\" referrerpolicy=\"no-referrer-when-downgrade\"><\/iframe><\/div><\/div><\/div><\/div><\/div><\/div><\/div><\/div><\/section><section class=\"vc_row vc_custom_1768481447991 liquid-row-shadowbox-69e1776b9c7bf vc_column-gap-35\"><div class=\"ld-container container\"><div class=\"row ld-row ld-row-outer vc_row-o-equal-height vc_row-o-content-top vc_row-flex\"><div class=\"wpb_column vc_column_container vc_col-sm-3 liquid-column-69e1776b9c9f8 vc_col-has-fill\"><div class=\"vc_column-inner  vc_custom_1768481267955\" ><div class=\"wpb_wrapper\"  ><style>.ld_fancy_heading_69e1776b9cbb4 .lqd-highlight-inner{height:0.275em!important;bottom:0px!important;}<\/style><div class=\"ld-fancy-heading ld_fancy_heading_69e1776b9cbb4\">\n\t<h1 class=\"ld-fh-element lqd-highlight-underline lqd-highlight-grow-left text-decoration-default\"   >  <\/p>\n<h3><span data-sheets-root=\"1\">Kontakt<\/span><\/h3>\n<p><\/h1><\/div><style>.ld_fancy_heading_69e1776b9ced6 p {margin-bottom:2.5em !important;  } .ld_fancy_heading_69e1776b9ced6 .lqd-highlight-inner{height:0.275em!important;bottom:0px!important;}.ld_fancy_heading_69e1776b9ced6 p {margin-bottom:2.5em !important;  } <\/style><div class=\"ld-fancy-heading ld_fancy_heading_69e1776b9ced6\">\n\t<p class=\"ld-fh-element lqd-highlight-underline lqd-highlight-grow-left text-decoration-default\"   >  <strong>IMA Polska S.A.<\/strong><\/p>\n<p>NIP: 782-251-03-05<br \/>\nREGON: 301530742<br \/>\nKRS: 0000566925<br \/>\nBDO 000128100<br \/>\n<span id=\"cloak7a254e36de308ccdd787a86bb51a0616\"><\/span><\/p><\/div><style>.ld_icon_box_69e1776b9d16e .iconbox-icon-container{color:rgb(204, 204, 204);font-size:16px;border-radius:px;}.ld_icon_box_69e1776b9d16e .iconbox-icon-wrap{margin-inline-end:15px !important;}.ld_icon_box_69e1776b9d16e .lqd-iconbox-title{color:rgba(0, 0, 0, 0.6);margin-bottom:px;font-size:15px;}<\/style>\n<div class=\"iconbox iconbox-side text-align-default ld_icon_box_69e1776b9d16e vc_custom_1744353504409\" id=\"ld_icon_box_69e1776b9d16e\"  data-animate-icon=\"true\" data-plugin-options='{\"color\":\"rgb(204, 204, 204)\"}'  >\n\t\n\t\t\t\t\t\n\t\n\t<div class=\"iconbox-icon-wrap\"><span class=\"iconbox-icon-container\"><i class=\"fas fa-map-marker-alt\"><\/i><\/span><\/div>\t\n\t\t\n\t\t\n\t\t\n\t<h3 class=\"lqd-iconbox-title font-weight-normal\">ul. Polna 21,<br \/>62-095 Murowana Go\u015blina<\/h3>\t\t\t\n\t\t\n\t\n<\/div>\n<style>.ld_icon_box_69e1776b9da50 .iconbox-icon-container{color:rgb(204, 204, 204);font-size:16px;border-radius:px;}.ld_icon_box_69e1776b9da50 .iconbox-icon-wrap{margin-inline-end:15px !important;}.ld_icon_box_69e1776b9da50 .lqd-iconbox-title{color:rgba(0, 0, 0, 0.6);margin-bottom:px;font-size:15px;}<\/style>\n<div class=\"iconbox iconbox-side text-align-default ld_icon_box_69e1776b9da50 vc_custom_1744353665286\" id=\"ld_icon_box_69e1776b9da50\"  data-animate-icon=\"true\" data-plugin-options='{\"color\":\"rgb(204, 204, 204)\"}'  >\n\t\n\t\t\t\t\t\n\t\n\t<div class=\"iconbox-icon-wrap\"><span class=\"iconbox-icon-container\"><i class=\"fas fa-envelope\"><\/i><\/span><\/div>\t\n\t\t\n\t\t\n\t\t\n\t<h3 class=\"lqd-iconbox-title font-weight-normal\">sekretariat@imapolska.eu<\/h3>\t\t\t\n\t\t\n\t\n<\/div>\n<style>.ld_fancy_heading_69e1776b9e0f0 p {margin-bottom:2.5em !important;  } .ld_fancy_heading_69e1776b9e0f0 .lqd-highlight-inner{height:0.275em!important;bottom:0px!important;}.ld_fancy_heading_69e1776b9e0f0 p {margin-bottom:2.5em !important;  } <\/style><div class=\"ld-fancy-heading ld_fancy_heading_69e1776b9e0f0\">\n\t<p class=\"ld-fh-element lqd-highlight-underline lqd-highlight-grow-left text-decoration-default\"   >  <\/p>\n<div class=\"contact-block\"><strong>Awizacje i dostawy<\/strong><br \/>\ntel: <a class=\"js-contact-link\" href=\"tel:+48537001243\" data-dept=\"awizacje_dostawy\" data-contact-id=\"awizacje_dostawy_phone\" data-location=\"contact_page\">(+48) 537 001 243<br \/>\n<\/a><a class=\"js-contact-link\" href=\"mailto:portiernia@imapolska.eu\" data-dept=\"awizacje_dostawy\" data-contact-id=\"awizacje_dostawy_email\" data-location=\"contact_page\"><span style=\"color: #0000ff\">portiernia@imapolska.eu<\/span><br \/>\n<\/a><\/div>\n<div><\/div>\n<div class=\"contact-block\"><strong>Handel krajowy<\/strong><br \/>\ntel: <a class=\"js-contact-link\" href=\"tel:+48602388843\" data-dept=\"handel_krajowy\" data-contact-id=\"handel_krajowy_phone\" data-location=\"contact_page\">(+48) 602 388 843<br \/>\n<\/a><a class=\"js-contact-link\" href=\"mailto:m.mielcarek@imapolska.eu\" data-dept=\"handel_krajowy\" data-contact-id=\"handel_krajowy_email\" data-location=\"contact_page\"><span style=\"color: #0000ff\">m.mielcarek@imapolska.eu<\/span><br \/>\n<\/a><\/div>\n<div><\/div>\n<div class=\"contact-block\"><strong>Handel zagraniczny<\/strong><br \/>\ntel: <a class=\"js-contact-link\" href=\"tel:+48537001246\" data-dept=\"handel_zagraniczny\" data-contact-id=\"handel_zagraniczny_phone\" data-location=\"contact_page\">(+48) 537 001 246<br \/>\n<\/a><a class=\"js-contact-link\" href=\"mailto:a.kurkowicz@imapolska.eu\" data-dept=\"handel_zagraniczny\" data-contact-id=\"handel_zagraniczny_email\" data-location=\"contact_page\"><span style=\"color: #0000ff\">a.kurkowicz@imapolska.eu<\/span><br \/>\n<\/a><\/div>\n<div><\/div>\n<div class=\"contact-block\"><strong>Handel produktami zbo\u017cowymi<\/strong><br \/>\ntel: <a class=\"js-contact-link\" href=\"tel:+48607097333\" data-dept=\"handel_zboza\" data-contact-id=\"handel_zboza_phone\" data-location=\"contact_page\">(+48) 607 097 333<br \/>\n<\/a><a class=\"js-contact-link\" href=\"mailto:b.wojciechowski@imapolska.eu\" data-dept=\"handel_zboza\" data-contact-id=\"handel_zboza_email\" data-location=\"contact_page\"><span style=\"color: #0000ff\">b.wojciechowski@imapolska.eu<\/span><br \/>\n<\/a><\/div>\n<div><\/div>\n<div class=\"contact-block\"><strong>Ksi\u0119gowo\u015b\u0107 i finanse<\/strong><br \/>\n<a class=\"js-contact-link\" href=\"mailto:faktury@imapolska.eu\" data-dept=\"ksiegowosc_finanse\" data-contact-id=\"ksiegowosc_finanse_email\" data-location=\"contact_page\"><span style=\"color: #0000ff\">faktury@imapolska.eu<\/span><br \/>\n<\/a><\/div>\n<div><\/div>\n<div class=\"contact-block\"><strong>Komponenty paszowe<\/strong><br \/>\ntel: <a class=\"js-contact-link\" href=\"tel:+48534269753\" data-dept=\"komponenty_paszowe\" data-contact-id=\"komponenty_paszowe_phone\" data-location=\"contact_page\">(+48) 534 269 753<br \/>\n<\/a><a class=\"js-contact-link\" href=\"mailto:j.borysowska@imapolska.eu\" data-dept=\"komponenty_paszowe\" data-contact-id=\"komponenty_paszowe_email\" data-location=\"contact_page\"><span style=\"color: #0000ff\">j.borysowska@imapolska.eu<\/span><br \/>\n<\/a><\/div>\n<p><\/p><\/div><style>.ld_icon_box_69e1776b9eb2f .iconbox-icon-container{color:rgb(204, 204, 204);font-size:16px;border-radius:px;}.ld_icon_box_69e1776b9eb2f .iconbox-icon-wrap{margin-inline-end:15px !important;}.ld_icon_box_69e1776b9eb2f .lqd-iconbox-title{color:rgba(0, 0, 0, 0.6);margin-bottom:px;font-size:15px;}<\/style>\n<div class=\"iconbox iconbox-side text-align-default ld_icon_box_69e1776b9eb2f vc_custom_1744353680906\" id=\"ld_icon_box_69e1776b9eb2f\"  data-animate-icon=\"true\" data-plugin-options='{\"color\":\"rgb(204, 204, 204)\"}'  >\n\t\n\t\t\t\t\t\n\t\n\t<div class=\"iconbox-icon-wrap\"><span class=\"iconbox-icon-container\"><i class=\"fas fa-mobile\"><\/i><\/span><\/div>\t\n\t\t\n\t\t\n\t\t\n\t<h3 class=\"lqd-iconbox-title font-weight-normal\">+48 61 307 02 10<\/h3>\t\t\t\n\t\t\n\t\n<\/div>\n<\/div><\/div><\/div><div class=\"wpb_column vc_column_container vc_col-sm-9 liquid-column-69e1776b9f219\"><div class=\"vc_column-inner  \" ><div class=\"wpb_wrapper\"  ><style>.ld_fancy_heading_69e1776b9f37f .lqd-highlight-inner{height:0.275em!important;bottom:0px!important;}<\/style><div class=\"ld-fancy-heading ld_fancy_heading_69e1776b9f37f\">\n\t<h1 class=\"ld-fh-element lqd-highlight-underline lqd-highlight-grow-left text-decoration-default\"   >  <\/p>\n<h3><span data-sheets-root=\"1\">Dostawca etanolu (IMA Polska)<\/span><\/h3>\n<p>Szukasz niezawodnego dostawcy alkoholu etylowego, bioetanolu lub us\u0142ug sk\u0142adu podatkowego? Jeste\u015bmy producentem z ponad 30-letnim do\u015bwiadczeniem w bran\u017cy \u2013 od zapytania ofertowego do realizacji dostawy odpowiemy w ci\u0105gu 24 godzin roboczych.<\/p>\n<h4>Dla kogo pracujemy<\/h4>\n<p>Obs\u0142ugujemy odbiorc\u00f3w B2B z sektor\u00f3w:<\/p>\n<ul>\n<li>Przemys\u0142 chemiczny i kosmetyczny<\/li>\n<li>Farmacja i producenci \u015brodk\u00f3w biob\u00f3jczych<\/li>\n<li>Paliwowy (biokomponenty)<\/li>\n<li>Spo\u017cywczy i napojowy<\/li>\n<\/ul>\n<h4>Co mo\u017cemy dla Ciebie zrobi\u0107<\/h4>\n<ul>\n<li>Dostawy alkoholu etylowego i bioetanolu (cysterny 24t, DPPL 1000L)<\/li>\n<li>Us\u0142ugi rozlewni i magazynowania w sk\u0142adzie podatkowym<\/li>\n<li>Sprzeda\u017c z zap\u0142acon\u0105 akcyz\u0105<\/li>\n<li>Indywidualne specyfikacje produktowe<\/li>\n<\/ul>\n<p><strong>Wy\u015blij zapytanie<\/strong> \u2013 nasz zesp\u00f3\u0142 handlowy skontaktuje si\u0119 z Tob\u0105 w ci\u0105gu jednego dnia roboczego.<\/h1><\/div><style>.ld_cf7_69e1776b9fabc input,.ld_cf7_69e1776b9fabc textarea,.ld_cf7_69e1776b9fabc .ui-button.ui-selectmenu-button{font-size:13px;}.ld_cf7_69e1776b9fabc input[type=\"submit\"]{font-size:14px;}.ld_cf7_69e1776b9fabc input, .ld_cf7_69e1776b9fabc select, .ld_cf7_69e1776b9fabc textarea, .ld_cf7_69e1776b9fabc .ui-button.ui-selectmenu-button{background:rgb(247, 248, 248);}.ld_cf7_69e1776b9fabc input, .ld_cf7_69e1776b9fabc select, .ld_cf7_69e1776b9fabc textarea, .ld_cf7_69e1776b9fabc .ui-button.ui-selectmenu-button, .ld_cf7_69e1776b9fabc .wpcf7-form-control-wrap > i, .ld_cf7_69e1776b9fabc .wpcf7-radio{color:rgb(123, 131, 142);}.ld_cf7_69e1776b9fabc input:focus, .ld_cf7_69e1776b9fabc select:focus, .ld_cf7_69e1776b9fabc textarea:focus, .ld_cf7_69e1776b9fabc .ui-button.ui-selectmenu-button:hover, .wpcf7-acceptance .wpcf7-list-item-label:after{color:rgb(0, 0, 0);}<\/style><div id=\"ld_cf7_69e1776b9fabc\" class=\"lqd-contact-form lqd-contact-form-inputs-filled lqd-contact-form-inputs-round lqd-contact-form-button-block lqd-contact-form-button-round ld_cf7_69e1776b9fabc vc_custom_1608199148075\">\n\t\n<div class=\"wpcf7 no-js\" id=\"wpcf7-f259-o1\" lang=\"en-GB\" dir=\"ltr\" data-wpcf7-id=\"259\">\n<div class=\"screen-reader-response\"><p role=\"status\" aria-live=\"polite\" aria-atomic=\"true\"><\/p> <ul><\/ul><\/div>\n<form action=\"\/uk\/wp-json\/wp\/v2\/pages\/272#wpcf7-f259-o1\" method=\"post\" class=\"wpcf7-form init\" aria-label=\"Contact form\" novalidate=\"novalidate\" data-status=\"init\">\n<fieldset class=\"hidden-fields-container\"><input type=\"hidden\" name=\"_wpcf7\" value=\"259\" \/><input type=\"hidden\" name=\"_wpcf7_version\" value=\"6.1.5\" \/><input type=\"hidden\" name=\"_wpcf7_locale\" value=\"en_GB\" \/><input type=\"hidden\" name=\"_wpcf7_unit_tag\" value=\"wpcf7-f259-o1\" \/><input type=\"hidden\" name=\"_wpcf7_container_post\" value=\"0\" \/><input type=\"hidden\" name=\"_wpcf7_posted_data_hash\" value=\"\" \/><input type=\"hidden\" name=\"_wpcf7_recaptcha_response\" value=\"\" \/>\n<\/fieldset>\n<p><span class=\"wpcf7-form-control-wrap\" data-name=\"text-355\"><input size=\"40\" maxlength=\"400\" class=\"wpcf7-form-control wpcf7-text\" aria-invalid=\"false\" value=\"Nazwa Firmy\" type=\"text\" name=\"text-355\" \/><\/span><br \/>\n<span class=\"wpcf7-form-control-wrap\" data-name=\"email-550\"><input size=\"40\" maxlength=\"400\" class=\"wpcf7-form-control wpcf7-email wpcf7-validates-as-required wpcf7-text wpcf7-validates-as-email\" aria-required=\"true\" aria-invalid=\"false\" placeholder=\"Adres E-mail\" value=\"\" type=\"email\" name=\"email-550\" \/><\/span><br \/>\n<span class=\"wpcf7-form-control-wrap\" data-name=\"textarea-138\"><textarea cols=\"10\" rows=\"4\" maxlength=\"2000\" class=\"wpcf7-form-control wpcf7-textarea wpcf7-validates-as-required\" aria-required=\"true\" aria-invalid=\"false\" placeholder=\"Tre\u015b\u0107 wiadomo\u015bci\" name=\"textarea-138\"><\/textarea><\/span><br \/>\n<input class=\"wpcf7-form-control wpcf7-submit has-spinner\" type=\"submit\" value=\"Wy\u015blij wiadomo\u015b\u0107\" \/>\n<\/p><div class=\"wpcf7-response-output\" aria-hidden=\"true\"><\/div>\n<\/form>\n<\/div>\n<\/div><\/div><\/div><\/div><\/div><\/div><\/section>\n","protected":false},"excerpt":{"rendered":"Kontakt IMA Polska S.A. NIP: 782-251-03-05 REGON: 301530742 KRS: 0000566925 BDO 000128100 ul. Polna 21,62-095 Murowana Go\u015blina sekretariat@imapolska.eu Awizacje i dostawy tel: (+48) 537 001 243 portiernia@imapolska.eu Handel krajowy tel: (+48) 602 388 843 m.mielcarek@imapolska.eu Handel zagraniczny tel: (+48) 537 001 246 a.kurkowicz@imapolska.eu Handel produktami zbo\u017cowymi tel: (+48) 607 097 333 b.wojciechowski@imapolska.eu Ksi\u0119gowo\u015b\u0107 i finanse [...]","protected":false},"author":1,"featured_media":4610,"parent":0,"menu_order":2,"comment_status":"closed","ping_status":"closed","template":"","meta":{"footnotes":""},"class_list":["post-272","page","type-page","status-publish","has-post-thumbnail","hentry"],"_links":{"self":[{"href":"https:\/\/imapolska.pl\/uk\/wp-json\/wp\/v2\/pages\/272","targetHints":{"allow":["GET"]}}],"collection":[{"href":"https:\/\/imapolska.pl\/uk\/wp-json\/wp\/v2\/pages"}],"about":[{"href":"https:\/\/imapolska.pl\/uk\/wp-json\/wp\/v2\/types\/page"}],"author":[{"embeddable":true,"href":"https:\/\/imapolska.pl\/uk\/wp-json\/wp\/v2\/users\/1"}],"replies":[{"embeddable":true,"href":"https:\/\/imapolska.pl\/uk\/wp-json\/wp\/v2\/comments?post=272"}],"version-history":[{"count":37,"href":"https:\/\/imapolska.pl\/uk\/wp-json\/wp\/v2\/pages\/272\/revisions"}],"predecessor-version":[{"id":5574,"href":"https:\/\/imapolska.pl\/uk\/wp-json\/wp\/v2\/pages\/272\/revisions\/5574"}],"wp:featuredmedia":[{"embeddable":true,"href":"https:\/\/imapolska.pl\/uk\/wp-json\/wp\/v2\/media\/4610"}],"wp:attachment":[{"href":"https:\/\/imapolska.pl\/uk\/wp-json\/wp\/v2\/media?parent=272"}],"curies":[{"name":"wp","href":"https:\/\/api.w.org\/{rel}","templated":true}]}}