{"id":5002,"date":"2025-12-15T09:15:52","date_gmt":"2025-12-15T08:15:52","guid":{"rendered":"https:\/\/imapolska.pl\/?page_id=5002"},"modified":"2026-02-25T08:56:38","modified_gmt":"2026-02-25T07:56:38","slug":"karriar","status":"publish","type":"page","link":"https:\/\/imapolska.pl\/sv\/kariera\/","title":{"rendered":"Karri\u00e4r"},"content":{"rendered":"<p><style>@media (min-width: 992px) { .liquid-row-responsive-69e3469de451f {padding-right:100px !important; padding-left:100px !important;  }  } @media (min-width: 1200px) { .liquid-row-responsive-69e3469de451f {padding-top:200px !important; padding-bottom:200px !important;  }  }    <\/style><section style=\"background-attachment:fixed;\" data-bg-image=\"url\" class=\"vc_row vc_custom_1766256825953 liquid-row-responsive-69e3469de451f liquid-row-shadowbox-69e3469de4544 vc_row-has-fill vc_row-has-bg\"><div class=\"ld-container container\"><div class=\"row ld-row ld-row-outer vc_row-o-content-middle vc_row-flex\"><div class=\"wpb_column vc_column_container vc_col-sm-12 liquid-column-69e3469de4862\"><div class=\"vc_column-inner\" ><div class=\"wpb_wrapper\"  ><style>.ld_fancy_heading_69e3469de4ada h2{color:rgb(255, 255, 255);}.ld_fancy_heading_69e3469de4ada .lqd-highlight-inner{height:0.275em!important;bottom:0px!important;}<\/style><div class=\"ld-fancy-heading text-center ld_fancy_heading_69e3469de4ada\">\n\t<h2 class=\"ld-fh-element lqd-highlight-underline lqd-highlight-grow-left text-decoration-default lqd-split-lines\"   data-split-text=\"true\" data-split-options='{\"type\":\"lines\"}'>  Bli en del av IMA Polens team<\/h2><\/div><style>.ld_fancy_heading_69e3469de4eb8 h5{color:rgb(255, 255, 255);}.ld_fancy_heading_69e3469de4eb8 h5 {font-size:17px; } .ld_fancy_heading_69e3469de4eb8 .lqd-highlight-inner{height:0.275em!important;bottom:0px!important;}.ld_fancy_heading_69e3469de4eb8 h5 {font-size:17px; } <\/style><div class=\"ld-fancy-heading text-center ld_fancy_heading_69e3469de4eb8\">\n\t<h5 class=\"ld-fh-element lqd-highlight-underline lqd-highlight-grow-left text-decoration-default lqd-split-lines\"   data-split-text=\"true\" data-split-options='{\"type\":\"lines\"}'>  Vi letar efter personer som vill vara med och skapa framtiden f\u00f6r den polska industrin - baserad p\u00e5 innovation, h\u00e5llbarhet och milj\u00f6ansvar.<\/h5><\/div><\/div><\/div><\/div><\/div><\/div><\/section><style>@media (min-width: 768px) { .liquid-row-responsive-69e3469de524a {padding-top:60px !important; padding-bottom:60px !important;  }  } @media (min-width: 992px) { .liquid-row-responsive-69e3469de524a {padding-top:60px !important; padding-bottom:60px !important;  }  } @media (min-width: 1200px) { .liquid-row-responsive-69e3469de524a {padding-top:60px !important; padding-bottom:60px !important;  }  }    <\/style><section class=\"vc_row vc_custom_1765786296290 liquid-row-responsive-69e3469de524a liquid-row-shadowbox-69e3469de5272\"><div class=\"ld-container container\"><div class=\"row ld-row ld-row-outer\"><div class=\"wpb_column vc_column_container vc_col-sm-12 liquid-column-69e3469de55c5\"><div class=\"vc_column-inner\" ><div class=\"wpb_wrapper\"  ><style>.ld_fancy_heading_69e3469de5735 .lqd-highlight-inner{height:0.275em!important;bottom:0px!important;}<\/style><div class=\"ld-fancy-heading text-center ld_fancy_heading_69e3469de5735\">\n\t<h2 class=\"ld-fh-element lqd-highlight-underline lqd-highlight-grow-left text-decoration-default\"   >  Vi erbjuder<\/h2><\/div><div class=\"vc_row vc_inner vc_row-fluid liquid-row-shadowbox-69e3469de5977\"><div class=\"ld-container container-fluid\"><div class=\"row ld-row ld-row-inner\"><div class=\"wpb_column vc_column_container vc_col-sm-3 liquid-column-69e3469de5bb0\"><div class=\"vc_column-inner\" ><div class=\"wpb_wrapper\" ><style>.ld_icon_box_69e3469de5d89 .lqd-iconbox-title{margin-bottom:px;}.ld_icon_box_69e3469de5d89 .iconbox-icon-container{border-radius:px;}<\/style>\n<div class=\"iconbox text-align-default ld_icon_box_69e3469de5d89\" id=\"ld_icon_box_69e3469de5d89\"  data-animate-icon=\"true\"  >\n\t\n\t\t\t\t\t\n\t\n\t<div class=\"iconbox-icon-wrap\"><span class=\"iconbox-icon-container\"><i class=\"fas fa-briefcase\"><\/i><\/span><\/div>\t\n\t\t\n\t\t\n\t\t\n\t<h3 class=\"lqd-iconbox-title\">Stabil anst\u00e4llning i ett f\u00f6retag med mer \u00e4n 15 \u00e5rs tradition<\/h3>\t\t\t\n\t\t\n\t\n<\/div>\n<\/div><\/div><\/div><div class=\"wpb_column vc_column_container vc_col-sm-3 liquid-column-69e3469de674c\"><div class=\"vc_column-inner\" ><div class=\"wpb_wrapper\" ><style>.ld_icon_box_69e3469de6896 .lqd-iconbox-title{margin-bottom:px;}.ld_icon_box_69e3469de6896 .iconbox-icon-container{border-radius:px;}<\/style>\n<div class=\"iconbox text-align-default ld_icon_box_69e3469de6896\" id=\"ld_icon_box_69e3469de6896\"  data-animate-icon=\"true\"  >\n\t\n\t\t\t\t\t\n\t\n\t<div class=\"iconbox-icon-wrap\"><span class=\"iconbox-icon-container\"><i class=\"fas fa-chart-line\"><\/i><\/span><\/div>\t\n\t\t\n\t\t\n\t\t\n\t<h3 class=\"lqd-iconbox-title\">L\u00f6ner hos TOP 10%-arbetsgivare i regionen<\/h3>\t\t\t\n\t\t\n\t\n<\/div>\n<\/div><\/div><\/div><div class=\"wpb_column vc_column_container vc_col-sm-3 liquid-column-69e3469de708e\"><div class=\"vc_column-inner\" ><div class=\"wpb_wrapper\" ><style>.ld_icon_box_69e3469de71d7 .lqd-iconbox-title{margin-bottom:px;}.ld_icon_box_69e3469de71d7 .iconbox-icon-container{border-radius:px;}<\/style>\n<div class=\"iconbox text-align-default ld_icon_box_69e3469de71d7\" id=\"ld_icon_box_69e3469de71d7\"  data-animate-icon=\"true\"  >\n\t\n\t\t\t\t\t\n\t\n\t<div class=\"iconbox-icon-wrap\"><span class=\"iconbox-icon-container\"><i class=\"fas fa-leaf\"><\/i><\/span><\/div>\t\n\t\t\n\t\t\n\t\t\n\t<h3 class=\"lqd-iconbox-title\">Verklig inverkan p\u00e5 utvecklingen av projekt inom gr\u00f6n energi och bioteknik<\/h3>\t\t\t\n\t\t\n\t\n<\/div>\n<\/div><\/div><\/div><div class=\"wpb_column vc_column_container vc_col-sm-3 liquid-column-69e3469e050fe\"><div class=\"vc_column-inner\" ><div class=\"wpb_wrapper\" ><style>.ld_icon_box_69e3469e05241 .lqd-iconbox-title{margin-bottom:px;}.ld_icon_box_69e3469e05241 .iconbox-icon-container{border-radius:px;}<\/style>\n<div class=\"iconbox text-align-default ld_icon_box_69e3469e05241\" id=\"ld_icon_box_69e3469e05241\"  data-animate-icon=\"true\"  >\n\t\n\t\t\t\t\t\n\t\n\t<div class=\"iconbox-icon-wrap\"><span class=\"iconbox-icon-container\"><i class=\"fas fa-users\"><\/i><\/span><\/div>\t\n\t\t\n\t\t\n\t\t\n\t<h3 class=\"lqd-iconbox-title\">Arbeta i ett sammansvetsat team av professionella medarbetare<\/h3>\t\t\t\n\t\t\n\t\n<\/div>\n<\/div><\/div><\/div><\/div><\/div><\/div><\/div><\/div><\/div><\/div><\/div><\/section><section class=\"vc_row liquid-row-shadowbox-69e3469e054e8\"><div class=\"ld-container container\"><div class=\"row ld-row ld-row-outer\"><div class=\"wpb_column vc_column_container vc_col-sm-12 liquid-column-69e3469e05648\"><div class=\"vc_column-inner\" ><div class=\"wpb_wrapper\"  ><style>.ld_fancy_heading_69e3469e0574b .lqd-highlight-inner{height:0.275em!important;bottom:0px!important;}<\/style><div class=\"ld-fancy-heading text-center ld_fancy_heading_69e3469e0574b\">\n\t<h2 class=\"ld-fh-element lqd-highlight-underline lqd-highlight-grow-left text-decoration-default\"   >  Aktuella lediga tj\u00e4nster finns nedan<\/h2><\/div><\/div><\/div><\/div><\/div><\/div><\/section><style>@media (min-width: 768px) { .liquid-row-responsive-69e3469e05c6e {padding-top:60px !important; padding-bottom:60px !important;  }  } @media (min-width: 992px) { .liquid-row-responsive-69e3469e05c6e {padding-top:60px !important; padding-bottom:60px !important;  }  } @media (min-width: 1200px) { .liquid-row-responsive-69e3469e05c6e {padding-top:60px !important; padding-bottom:60px !important;  }  }    <\/style><section class=\"vc_row vc_custom_1765786239123 liquid-row-responsive-69e3469e05c6e liquid-row-shadowbox-69e3469e05c86\"><div class=\"ld-container container\"><div class=\"row ld-row ld-row-outer\"><div class=\"wpb_column vc_column_container vc_col-sm-12 liquid-column-69e3469e05dea\"><div class=\"vc_column-inner\" ><div class=\"wpb_wrapper\"  ><style>.ld_fancy_heading_69e3469e05eec .lqd-highlight-inner{height:0.275em!important;bottom:0px!important;}<\/style><div class=\"ld-fancy-heading text-center ld_fancy_heading_69e3469e05eec\">\n\t<div class=\"ld-fh-element lqd-highlight-underline lqd-highlight-grow-left text-decoration-default\"   >  <\/p>\n<p style=\"font-size: 22px\">Vi rekryterar f\u00f6r n\u00e4rvarande till f\u00f6ljande befattningar:<\/p>\n<p style=\"font-size: 21px;line-height: 2\">\nLaboratorietekniker (produktionslaboratorium) - <a style=\"color: #0077b5\" href=\"https:\/\/www.pracuj.pl\/praca\/laborant-laborantka-laboratorium-produkcyjne-murowana-goslina,oferta,1004662111?s=832ff526&#038;searchId=MTc3MjAwMTkzODUxOS4xODI0\" target=\"_blank\" rel=\"noopener\"><i class=\"fa fa-external-link\"><\/i> Pracuj.pl<\/a><br \/>\nOberoende kvalitets-, milj\u00f6- och efterlevnadsansvarig <a style=\"color: #0077b5\" href=\"https:\/\/www.pracuj.pl\/praca\/samodzielny-a-specjalista-tka-ds-jakosci-ochrony-srodowiska-i-compliance-murowana-goslina,oferta,1004662110?s=832ff526&#038;searchId=MTc3MjAwMTkzODUxOS4xODI0\" target=\"_blank\" rel=\"noopener\"><i class=\"fa fa-external-link\"><\/i> Pracuj.pl<\/a><\/p>\n<p><\/div><\/div><\/div><\/div><\/div><\/div><\/div><\/section><style>@media (min-width: 992px) { .liquid-row-responsive-69e3469e0658f {padding-right:100px !important; padding-left:100px !important;  }  } @media (min-width: 1200px) { .liquid-row-responsive-69e3469e0658f {padding-top:140px !important; padding-bottom:140px !important;  }  }    <\/style><section data-row-bg=\"https:\/\/imapolska.pl\/wp-content\/uploads\/2025\/12\/4171344.jpg?id=5016\" style=\"background-attachment:fixed;\" data-bg-image=\"url\" class=\"vc_row vc_custom_1765785398252 liquid-row-responsive-69e3469e0658f liquid-row-shadowbox-69e3469e065a3 vc_row-has-fill vc_row-has-bg lqd-has-bg-markup row-bg-appended\"><span class=\"row-bg-loader\"><\/span><div class=\"row-bg-wrap\">\n\t\t<div class=\"row-bg-inner\">\n\t\t\t<figure class=\"row-bg\" ><\/figure>\n\t\t<\/div>\n\t<\/div><div class=\"ld-container container\"><div class=\"row ld-row ld-row-outer vc_row-o-content-middle vc_row-flex\"><div class=\"wpb_column vc_column_container vc_col-sm-12 liquid-column-69e3469e0670d\"><div class=\"vc_column-inner\" ><div class=\"wpb_wrapper\"  ><style>.ld_fancy_heading_69e3469e0680a .lqd-highlight-inner{height:0.275em!important;bottom:0px!important;}<\/style><div class=\"ld-fancy-heading text-center ld_fancy_heading_69e3469e0680a\">\n\t<h2 class=\"ld-fh-element lqd-highlight-underline lqd-highlight-grow-left text-decoration-default lqd-split-lines\"   data-split-text=\"true\" data-split-options='{\"type\":\"lines\"}'>  Ser du inget passande jobberbjudande?<\/h2><\/div><style>.ld_fancy_heading_69e3469e06b0e .lqd-highlight-inner{height:0.275em!important;bottom:0px!important;}<\/style><div class=\"ld-fancy-heading text-center ld_fancy_heading_69e3469e06b0e\">\n\t<h4 class=\"ld-fh-element lqd-highlight-underline lqd-highlight-grow-left text-decoration-default lqd-split-lines\"   data-split-text=\"true\" data-split-options='{\"type\":\"lines\"}'>  Skicka ditt CV till: <strong><a href=\"mailto:kariera@imapolska.eu\">kariera@imapolska.eu<\/a><\/strong> - Vi ser fram emot att f\u00e5 h\u00f6ra fr\u00e5n dig.<\/h4><\/div><\/div><\/div><\/div><\/div><\/div><\/section>","protected":false},"excerpt":{"rendered":"Do\u0142\u0105cz do zespo\u0142u IMA Polska Szukamy ludzi, kt\u00f3rzy chc\u0105 wsp\u00f3\u0142tworzy\u0107 przysz\u0142o\u015b\u0107 polskiego przemys\u0142u \u2013 opartego na innowacji, zr\u00f3wnowa\u017conym rozwoju i odpowiedzialno\u015bci za \u015brodowisko. Oferujemy Stabilne zatrudnienie w firmie z ponad 15-letni\u0105 tradycj\u0105 Wynagrodzenie w TOP 10% pracodawc\u00f3w w regionie Realny wp\u0142yw na rozw\u00f3j projekt\u00f3w z obszaru zielonej energii i biotechnologii Prac\u0119 w zgranym zespole specjalist\u00f3w [...]","protected":false},"author":3,"featured_media":0,"parent":0,"menu_order":0,"comment_status":"closed","ping_status":"closed","template":"","meta":{"footnotes":""},"class_list":["post-5002","page","type-page","status-publish","hentry"],"_links":{"self":[{"href":"https:\/\/imapolska.pl\/sv\/wp-json\/wp\/v2\/pages\/5002","targetHints":{"allow":["GET"]}}],"collection":[{"href":"https:\/\/imapolska.pl\/sv\/wp-json\/wp\/v2\/pages"}],"about":[{"href":"https:\/\/imapolska.pl\/sv\/wp-json\/wp\/v2\/types\/page"}],"author":[{"embeddable":true,"href":"https:\/\/imapolska.pl\/sv\/wp-json\/wp\/v2\/users\/3"}],"replies":[{"embeddable":true,"href":"https:\/\/imapolska.pl\/sv\/wp-json\/wp\/v2\/comments?post=5002"}],"version-history":[{"count":34,"href":"https:\/\/imapolska.pl\/sv\/wp-json\/wp\/v2\/pages\/5002\/revisions"}],"predecessor-version":[{"id":6111,"href":"https:\/\/imapolska.pl\/sv\/wp-json\/wp\/v2\/pages\/5002\/revisions\/6111"}],"wp:attachment":[{"href":"https:\/\/imapolska.pl\/sv\/wp-json\/wp\/v2\/media?parent=5002"}],"curies":[{"name":"wp","href":"https:\/\/api.w.org\/{rel}","templated":true}]}}