{"id":3715,"date":"2025-04-14T08:29:06","date_gmt":"2025-04-14T06:29:06","guid":{"rendered":"https:\/\/imapolska.pl\/?page_id=3715"},"modified":"2025-08-07T13:47:28","modified_gmt":"2025-08-07T11:47:28","slug":"rodo","status":"publish","type":"page","link":"https:\/\/imapolska.pl\/sk\/rodo\/","title":{"rendered":"Inform\u00e1cie o spracovan\u00ed osobn\u00fdch \u00fadajov"},"content":{"rendered":"<section class=\"vc_row liquid-row-shadowbox-69e71b92c2c01\"><div class=\"ld-container container\"><div class=\"row ld-row ld-row-outer\"><div class=\"wpb_column vc_column_container vc_col-sm-12 liquid-column-69e71b92c2f08\"><div class=\"vc_column-inner\" ><div class=\"wpb_wrapper\"  >\n\t<div class=\"wpb_text_column wpb_content_element\" >\n\t\t<div class=\"wpb_wrapper\">\n\t\t\t<p>V s\u00falade s \u010dl\u00e1nkom 13 ods. 1 a 2 nariadenia Eur\u00f3pskeho parlamentu a Rady (E\u00da) 2016\/679 z 27. apr\u00edla 2016 o ochrane fyzick\u00fdch os\u00f4b pri sprac\u00favan\u00ed osobn\u00fdch \u00fadajov a o vo\u013enom pohybe tak\u00fdchto \u00fadajov, ktor\u00fdm sa zru\u0161uje smernica 95\/46\/ES (v\u0161eobecn\u00e9 nariadenie o ochrane \u00fadajov) (\u00daradn\u00fd vestn\u00edk E\u00da L 119, 4.5.2016, s. 1), \u010falej len \u201eRODO\u201d, V\u00e1m oznamujeme, \u017ee<\/p>\n<p>1. Spr\u00e1vcom va\u0161ich osobn\u00fdch \u00fadajov je spolo\u010dnos\u0165 IMA Polska S.A. so s\u00eddlom na adrese: ul. Polna 21, 62-095 Murowana Go\u015blina, KRS: 0000566925, NIP: 7822510305, REGON: 30153074200000, tel.: (+48) 530 595 395, e-mailov\u00e1 adresa: rodo@imapolska.eu<\/p>\n<p>(2) V ot\u00e1zkach ochrany \u00fadajov sa m\u00f4\u017eete obr\u00e1ti\u0165 na e-mailov\u00fa adresu: rodo@imapolska.eu alebo na adresu s\u00eddla spr\u00e1vcu s predmetom Ochrana \u00fadajov.<\/p>\n<p>3 Prev\u00e1dzkovate\u013e sprac\u00fava osobn\u00e9 \u00fadaje:<\/p>\n<p>1) Dod\u00e1vatelia, ktor\u00ed s\u00fa fyzick\u00fdmi osobami:<\/p>\n<p>(a) na z\u00e1klade \u010dl\u00e1nku 6 ods. 1 p\u00edsm. b) RODO - na \u00fa\u010dely uzatv\u00e1rania a plnenia zml\u00fav, ktor\u00e9 zav\u00e4zuj\u00fa spr\u00e1vcu - po\u010das trvania zmluvy;<br \/>\n(b) na z\u00e1klade \u010dl\u00e1nku 6 ods. 1 p\u00edsm. c) RODO - na \u00fa\u010dely plnenia povinnost\u00ed spr\u00e1vcu vypl\u00fdvaj\u00facich z platn\u00fdch pr\u00e1vnych predpisov, najm\u00e4 vr\u00e1tane povinnost\u00ed vypl\u00fdvaj\u00facich z da\u0148ov\u00fdch predpisov - a\u017e do splnenia alebo z\u00e1niku t\u00fdchto povinnost\u00ed;<br \/>\nc) na z\u00e1klade \u010dl\u00e1nku 6 ods. 1 p\u00edsm. f) RODO - na \u00fa\u010dely opr\u00e1vnen\u00fdch z\u00e1ujmov spr\u00e1vcu, medzi ktor\u00e9 patr\u00ed najm\u00e4 vy\u0161etrovanie, preukazovanie a obhajoba n\u00e1rokov, na archiva\u010dn\u00e9 a \u0161tatistick\u00e9 \u00fa\u010dely a na uplat\u0148ovanie priameho marketingu - a\u017e do vznesenia n\u00e1mietky proti sprac\u00favaniu alebo do preml\u010dania n\u00e1rokov\/opr\u00e1vnen\u00fdch z\u00e1ujmov spr\u00e1vcu;<br \/>\nd) na z\u00e1klade \u010dl\u00e1nku 6 ods. 1 p\u00edsm. a) RODO - ak ste udelili pr\u00edslu\u0161n\u00fd s\u00fahlas na zasielanie obchodn\u00fdch inform\u00e1ci\u00ed a propag\u00e1ciu vlastn\u00fdch slu\u017eieb - a\u017e do odvolania s\u00fahlasu;<\/p>\n<p>2) osoby zdr\u017eiavaj\u00face sa v priestoroch spr\u00e1vcu - na z\u00e1klade \u010dl\u00e1nku 6 ods. 1 p\u00edsm. f) RODO - vo forme obrazu zaznamenan\u00e9ho kamerov\u00fdm syst\u00e9mom - s cie\u013eom zabezpe\u010di\u0165 bezpe\u010dnos\u0165 os\u00f4b zdr\u017eiavaj\u00facich sa v priestoroch spr\u00e1vcu a ochranu majetku, ako aj zachovanie d\u00f4vernosti inform\u00e1ci\u00ed, ktor\u00fdch zverejnenie by mohlo spr\u00e1vcovi sp\u00f4sobi\u0165 \u0161kodu.<\/p>\n<p>4. Pr\u00edjemcami osobn\u00fdch \u00fadajov m\u00f4\u017eu by\u0165 in\u00e9 subjekty spolupracuj\u00face so Spr\u00e1vcom pri realiz\u00e1cii \u00fa\u010delov sprac\u00favania uveden\u00fdch v bode 3. Subjekty, ktor\u00fdm m\u00f4\u017eu by\u0165 osobn\u00e9 \u00fadaje odovzdan\u00e9, sa zav\u00e4zuj\u00fa zachov\u00e1va\u0165 ml\u010danlivos\u0165 a zavies\u0165 primeran\u00e9 technick\u00e9 a organiza\u010dn\u00e9 opatrenia zaru\u010duj\u00face ochranu odovzdan\u00fdch osobn\u00fdch \u00fadajov.<\/p>\n<p>5 M\u00e1te pr\u00e1vo na pr\u00edstup k obsahu svojich \u00fadajov a pr\u00e1vo na opravu, vymazanie, obmedzenie spracovania, pr\u00e1vo na prenosnos\u0165 \u00fadajov, pr\u00e1vo namieta\u0165 proti spracovaniu a pr\u00e1vo kedyko\u013evek odvola\u0165 svoj s\u00fahlas (bez toho, aby to malo vplyv na z\u00e1konnos\u0165 spracovania vykonan\u00e9ho na z\u00e1klade s\u00fahlasu pred jeho odvolan\u00edm).<\/p>\n<p>(6) M\u00e1te pr\u00e1vo poda\u0165 s\u0165a\u017enos\u0165 predsedovi \u00daradu na ochranu osobn\u00fdch \u00fadajov, ak sa va\u0161e osobn\u00e9 \u00fadaje sprac\u00favaj\u00fa v rozpore s ustanoveniami RODO, z\u00e1kona z 10. m\u00e1ja 2018 o ochrane osobn\u00fdch \u00fadajov (Zbierka z\u00e1konov z roku 2018, polo\u017eka 1000 v znen\u00ed neskor\u0161\u00edch predpisov) a ak\u00fdchko\u013evek in\u00fdch vn\u00fatro\u0161t\u00e1tnych predpisov na uplat\u0148ovanie RODO.<\/p>\n<p>7 Va\u0161e osobn\u00e9 \u00fadaje nebud\u00fa Spr\u00e1vcom sprac\u00favan\u00e9 na z\u00e1klade automatizovan\u00e9ho rozhodovania vr\u00e1tane profilovania.<\/p>\n<p>8 Prev\u00e1dzkovate\u013e nebude pren\u00e1\u0161a\u0165 va\u0161e osobn\u00e9 \u00fadaje do tret\u00edch kraj\u00edn (mimo Eur\u00f3pskej \u00fanie alebo Eur\u00f3pskeho hospod\u00e1rskeho priestoru) ani medzin\u00e1rodn\u00fdm organiz\u00e1ci\u00e1m.<\/p>\n<p>9. osobn\u00e9 \u00fadaje ste poskytli dobrovo\u013ene, s\u00fa v\u0161ak nevyhnutnou po\u017eiadavkou na \u00fa\u010dely sprac\u00favania uveden\u00e9 v oddiele 3.<\/p>\n\n\t\t<\/div>\n\t<\/div>\n<\/div><\/div><\/div><\/div><\/div><\/section>","protected":false},"excerpt":{"rendered":"Zgodnie z art. 13 ust.1 i 2 rozporz\u0105dzenia Parlamentu Europejskiego i Rady (UE) 2016\/679 z dnia 27 kwietnia 2016 r. w sprawie ochrony os\u00f3b fizycznych w zwi\u0105zku z przetwarzaniem danych osobowych i w sprawie swobodnego przep\u0142ywu takich danych oraz uchylenia dyrektywy 95\/46\/WE (og\u00f3lne rozporz\u0105dzenie o ochronie danych)(Dz. Urz. UE L 119 z 04.05.2016, str. 1), [...]","protected":false},"author":1,"featured_media":0,"parent":0,"menu_order":9,"comment_status":"closed","ping_status":"closed","template":"","meta":{"footnotes":""},"class_list":["post-3715","page","type-page","status-publish","hentry"],"_links":{"self":[{"href":"https:\/\/imapolska.pl\/sk\/wp-json\/wp\/v2\/pages\/3715","targetHints":{"allow":["GET"]}}],"collection":[{"href":"https:\/\/imapolska.pl\/sk\/wp-json\/wp\/v2\/pages"}],"about":[{"href":"https:\/\/imapolska.pl\/sk\/wp-json\/wp\/v2\/types\/page"}],"author":[{"embeddable":true,"href":"https:\/\/imapolska.pl\/sk\/wp-json\/wp\/v2\/users\/1"}],"replies":[{"embeddable":true,"href":"https:\/\/imapolska.pl\/sk\/wp-json\/wp\/v2\/comments?post=3715"}],"version-history":[{"count":3,"href":"https:\/\/imapolska.pl\/sk\/wp-json\/wp\/v2\/pages\/3715\/revisions"}],"predecessor-version":[{"id":4566,"href":"https:\/\/imapolska.pl\/sk\/wp-json\/wp\/v2\/pages\/3715\/revisions\/4566"}],"wp:attachment":[{"href":"https:\/\/imapolska.pl\/sk\/wp-json\/wp\/v2\/media?parent=3715"}],"curies":[{"name":"wp","href":"https:\/\/api.w.org\/{rel}","templated":true}]}}