{"id":3,"date":"2025-04-09T12:27:11","date_gmt":"2025-04-09T10:27:11","guid":{"rendered":"https:\/\/imapolska.pl\/?page_id=3"},"modified":"2025-08-07T13:47:57","modified_gmt":"2025-08-07T11:47:57","slug":"zasady-ochrany-osobnych-udajov","status":"publish","type":"page","link":"https:\/\/imapolska.pl\/sk\/polityka-prywatnosci\/","title":{"rendered":"Z\u00e1sady ochrany osobn\u00fdch \u00fadajov"},"content":{"rendered":"<section class=\"vc_row liquid-row-shadowbox-69e1bd242596e\"><div class=\"ld-container container\"><div class=\"row ld-row ld-row-outer\"><div class=\"wpb_column vc_column_container vc_col-sm-12 liquid-column-69e1bd24260e8\"><div class=\"vc_column-inner\" ><div class=\"wpb_wrapper\"  >\n\t<div class=\"wpb_text_column wpb_content_element\" >\n\t\t<div class=\"wpb_wrapper\">\n\t\t\t<p><strong>I V\u0161eobecn\u00e9 inform\u00e1cie<\/strong><\/p>\n<p>- Tieto Z\u00e1sady ochrany osobn\u00fdch \u00fadajov a Z\u00e1sady pou\u017e\u00edvania s\u00faborov cookie stanovuj\u00fa, ako sa z\u00edskavaj\u00fa, sprac\u00favaj\u00fa a chr\u00e1nia osobn\u00e9 \u00fadaje poskytnut\u00e9 pou\u017e\u00edvate\u013emi a s\u00fabory cookie a in\u00e9 technol\u00f3gie, ktor\u00e9 sa objavuj\u00fa na webovej str\u00e1nke www.imapolska.eu. .<br \/>Spr\u00e1vcom webovej str\u00e1nky a osobn\u00fdch \u00fadajov na nej uveden\u00fdch je spolo\u010dnos\u0165 IMA Polska S.A., ul. Polna 21, 62-095 Murowana Go\u015blina, NIP: 782-251-03-05, KRS: 0000566925.<\/p>\n<p><strong>II Osobn\u00e9 \u00fadaje<\/strong><\/p>\n<p>- Webov\u00e1 str\u00e1nka zhroma\u017e\u010fuje inform\u00e1cie, ktor\u00e9 pou\u017e\u00edvate\u013e poskytol dobrovo\u013ene.<br \/>- Obsah webovej str\u00e1nky si m\u00f4\u017eete prezera\u0165 bez poskytnutia osobn\u00fdch \u00fadajov.<br \/>- Ka\u017ed\u00e1 osoba, ktor\u00e1 poskytla svoje osobn\u00e9 \u00fadaje, m\u00e1 pr\u00e1vo na pr\u00edstup k ich obsahu a mo\u017enos\u0165 ich opravy, aktualiz\u00e1cie, doplnenia, ako aj pr\u00e1vo po\u017eadova\u0165 ukon\u010denie sprac\u00favania osobn\u00fdch \u00fadajov a namieta\u0165 proti sprac\u00favaniu osobn\u00fdch \u00fadajov. Uveden\u00e9 \u00fakony je mo\u017en\u00e9 vykona\u0165 zaslan\u00edm pr\u00edslu\u0161n\u00e9ho vyhl\u00e1senia na e-mailov\u00fa adresu:\u00a0<a href=\"mailto:rodo@imapolska.eu\">rodo@imapolska.eu<\/a><\/p>\n<p><strong>III Inform\u00e1cie o s\u00faboroch cookie.<\/strong><\/p>\n<p>- Webov\u00e1 str\u00e1nka pou\u017e\u00edva s\u00fabory cookie.<br \/>- S\u00fabory cookie (tzv. \u201ecookies\u201d) s\u00fa IT \u00fadaje, najm\u00e4 textov\u00e9 s\u00fabory, ktor\u00e9 sa ukladaj\u00fa v koncovom zariaden\u00ed pou\u017e\u00edvate\u013ea webovej str\u00e1nky a s\u00fa ur\u010den\u00e9 na pou\u017e\u00edvanie webov\u00fdch str\u00e1nok S\u00fabory cookie zvy\u010dajne obsahuj\u00fa n\u00e1zov webovej str\u00e1nky, z ktorej poch\u00e1dzaj\u00fa, dobu ich ulo\u017eenia v koncovom zariaden\u00ed a jedine\u010dn\u00e9 \u010d\u00edslo.<br \/>- Subjektom, ktor\u00fd uklad\u00e1 s\u00fabory cookie do koncov\u00e9ho zariadenia pou\u017e\u00edvate\u013ea webovej str\u00e1nky a pristupuje k nim, je prev\u00e1dzkovate\u013e webovej str\u00e1nky.<br \/>- S\u00fabory cookie sa pou\u017e\u00edvaj\u00fa na tieto \u00fa\u010dely:<br \/>- na zostavovanie \u0161tatist\u00edk, ktor\u00e9 n\u00e1m pom\u00e1haj\u00fa pochopi\u0165, ako n\u00e1v\u0161tevn\u00edci webov\u00fdch str\u00e1nok pou\u017e\u00edvaj\u00fa webov\u00e9 str\u00e1nky, aby sme mohli zlep\u0161i\u0165 ich \u0161trukt\u00faru a obsah;<br \/>- definova\u0165 v\u00e1\u0161 profil s cie\u013eom zobrazova\u0165 v\u00e1m prisp\u00f4soben\u00fd materi\u00e1l v reklamn\u00fdch sie\u0165ach, najm\u00e4 v sieti Google.<br \/>- Webov\u00e1 str\u00e1nka pou\u017e\u00edva dva hlavn\u00e9 typy s\u00faborov cookie: S\u00fabory cookie \u201erel\u00e1cie\u201d a \u201etrval\u00e9\u201d s\u00fabory cookie (trval\u00e9 s\u00fabory cookie). \u201eRela\u010dn\u00e9\u201d s\u00fabory cookie s\u00fa do\u010dasn\u00e9 s\u00fabory, ktor\u00e9 sa ukladaj\u00fa v koncovom zariaden\u00ed pou\u017e\u00edvate\u013ea, k\u00fdm sa pou\u017e\u00edvate\u013e neodhl\u00e1si, neopust\u00ed webov\u00fa lokalitu alebo nevypne softv\u00e9r (webov\u00fd prehliada\u010d). \u201eTrval\u00e9\u201d s\u00fabory cookie sa ukladaj\u00fa v koncovom zariaden\u00ed Pou\u017e\u00edvate\u013ea na dobu uveden\u00fa v parametroch s\u00faborov cookie alebo k\u00fdm ich Pou\u017e\u00edvate\u013e nevyma\u017ee.<br \/>- Softv\u00e9r na prehliadanie webov\u00fdch str\u00e1nok (webov\u00fd prehliada\u010d) zvy\u010dajne \u0161tandardne umo\u017e\u0148uje ukladanie s\u00faborov cookie na koncov\u00e9 zariadenie pou\u017e\u00edvate\u013ea. Pou\u017e\u00edvatelia webov\u00fdch str\u00e1nok m\u00f4\u017eu v tomto oh\u013eade zmeni\u0165 svoje nastavenia. Webov\u00fd prehliada\u010d umo\u017e\u0148uje s\u00fabory cookie vymaza\u0165. S\u00fabory cookie je mo\u017en\u00e9 aj automaticky zablokova\u0165 Podrobnosti n\u00e1jdete v n\u00e1povede alebo dokument\u00e1cii svojho internetov\u00e9ho prehliada\u010da.<br \/>- Obmedzenia pou\u017e\u00edvania s\u00faborov cookie m\u00f4\u017eu ovplyvni\u0165 niektor\u00e9 funkcie dostupn\u00e9 na webovej lokalite. .<br \/>- S\u00fabory cookie sa umiest\u0148uj\u00fa do koncov\u00e9ho zariadenia pou\u017e\u00edvate\u013ea webovej str\u00e1nky a m\u00f4\u017eu ich pou\u017e\u00edva\u0165 aj inzerenti a partneri spolupracuj\u00faci s prev\u00e1dzkovate\u013eom webovej str\u00e1nky.<br \/>- Odpor\u00fa\u010dame pre\u010d\u00edta\u0165 si z\u00e1sady ochrany osobn\u00fdch \u00fadajov t\u00fdchto spolo\u010dnost\u00ed, aby ste pochopili pou\u017e\u00edvanie s\u00faborov cookie pou\u017e\u00edvan\u00fdch v \u0161tatistik\u00e1ch: Odpor\u00fa\u010dame v\u00e1m, aby ste si pre\u010d\u00edtali z\u00e1sady ochrany osobn\u00fdch \u00fadajov slu\u017eby Google Analytics.<br \/>- S\u00fabory cookie m\u00f4\u017eu pou\u017e\u00edva\u0165 reklamn\u00e9 siete, najm\u00e4 sie\u0165 Google, na zobrazovanie rekl\u00e1m prisp\u00f4soben\u00fdch pou\u017e\u00edvate\u013eovi pri pou\u017e\u00edvan\u00ed webovej str\u00e1nky. Na tento \u00fa\u010del m\u00f4\u017eu uchov\u00e1va\u0165 inform\u00e1cie o naviga\u010dnej ceste pou\u017e\u00edvate\u013ea alebo o d\u013a\u017eke jeho pobytu na konkr\u00e9tnej str\u00e1nke.<br \/>- Pokia\u013e ide o inform\u00e1cie o preferenci\u00e1ch pou\u017e\u00edvate\u013ea, ktor\u00e9 zhroma\u017e\u010fuje reklamn\u00e1 sie\u0165 Google, pou\u017e\u00edvate\u013e m\u00f4\u017ee zobrazi\u0165 a upravi\u0165 inform\u00e1cie vypl\u00fdvaj\u00face zo s\u00faborov cookie pomocou n\u00e1stroja:\u00a0<a href=\"https:\/\/www.google.com\/ads\/preferences\/\" target=\"_blank\" rel=\"noopener\">https:\/\/www.google.com\/ads\/preferences\/<\/a><\/p>\n<p><strong>IV Spr\u00e1va s\u00faborov cookie - ako udeli\u0165 a odvola\u0165 s\u00fahlas v praxi?<\/strong><\/p>\n<p>- Ak si ne\u017eel\u00e1te dost\u00e1va\u0165 s\u00fabory cookie, m\u00f4\u017eete zmeni\u0165 nastavenia prehliada\u010da. Upozor\u0148ujeme, \u017ee vypnutie s\u00faborov cookie, ktor\u00e9 s\u00fa nevyhnutn\u00e9 pre overovacie procesy, bezpe\u010dnos\u0165 a udr\u017eiavanie pou\u017e\u00edvate\u013esk\u00fdch preferenci\u00ed, m\u00f4\u017ee s\u0165a\u017ei\u0165 a v krajnom pr\u00edpade znemo\u017eni\u0165 pou\u017e\u00edvanie webov\u00fdch str\u00e1nok.<br \/>- Ak chcete spravova\u0165 nastavenia s\u00faborov cookie, vyberte svoj prehliada\u010d\/syst\u00e9m zo zoznamu ni\u017e\u0161ie a postupujte pod\u013ea pokynov<br \/>- Internet Explorer<br \/>- Chr\u00f3m<br \/>- Safari<br \/>- Firefox<br \/>- Opera<br \/>- Android<br \/>- Safari (iOS)<br \/>- Windows Phone<br \/>- Blackberry<\/p>\n<p><strong>V Zdie\u013eanie \u00fadajov.<\/strong><\/p>\n<p>- \u00dadaje sa zdie\u013eaj\u00fa s extern\u00fdmi stranami len v medziach z\u00e1kona.<br \/>- Prev\u00e1dzkovate\u013e m\u00f4\u017ee by\u0165 povinn\u00fd poskytn\u00fa\u0165 opr\u00e1vnen\u00fdm org\u00e1nom na z\u00e1klade z\u00e1konnej \u017eiadosti inform\u00e1cie zhroma\u017eden\u00e9 prostredn\u00edctvom webovej str\u00e1nky v rozsahu \u017eiadosti.<br \/>VI Z\u00e1vere\u010dn\u00e9 ustanovenia<br \/>- Spr\u00e1vca m\u00e1 pr\u00e1vo zmeni\u0165 tieto z\u00e1sady ochrany osobn\u00fdch \u00fadajov. Osoby, ktor\u00e9 poskytuj\u00fa svoje osobn\u00e9 \u00fadaje, s\u00fa viazan\u00e9 aktu\u00e1lnou verziou Z\u00e1sad ochrany osobn\u00fdch \u00fadajov, ktor\u00e1 je k dispoz\u00edcii na adrese\u00a0<a href=\"https:\/\/www.imapolska.eu\/dokumenty-i-polityka-prywatnosci\/polityka-prywatnosci\" target=\"_blank\" rel=\"noopener\">https:\/\/imapolska.eu\/polityka-prywatnosci<\/a>- V z\u00e1le\u017eitostiach, na ktor\u00e9 sa nevz\u0165ahuj\u00fa tieto z\u00e1sady ochrany osobn\u00fdch \u00fadajov, sa uplat\u0148uj\u00fa pr\u00edslu\u0161n\u00e9 ustanovenia po\u013esk\u00e9ho pr\u00e1va.<\/p>\n\n\t\t<\/div>\n\t<\/div>\n<\/div><\/div><\/div><\/div><\/div><\/section>","protected":false},"excerpt":{"rendered":"I Informacje og\u00f3lne \u2022 Niniejsza Polityka Prywatno\u015bci i Polityka Cookies okre\u015bla spos\u00f3b pozyskiwania, przetwarzania oraz ochrony danych osobowych przekazanych przez U\u017cytkownik\u00f3w oraz plik\u00f3w Cookies a tak\u017ce innych technologii pojawiaj\u0105cych si\u0119 na stronie internetowej www.imapolska.eu .Administratorem strony i danych osobowych przekazanych przekazywanych w jej ramach jest IMA Polska S.A., ul. Polna 21, 62-095 Murowana Go\u015blina, NIP: [...]","protected":false},"author":1,"featured_media":0,"parent":0,"menu_order":9,"comment_status":"closed","ping_status":"closed","template":"","meta":{"footnotes":""},"class_list":["post-3","page","type-page","status-publish","hentry"],"_links":{"self":[{"href":"https:\/\/imapolska.pl\/sk\/wp-json\/wp\/v2\/pages\/3","targetHints":{"allow":["GET"]}}],"collection":[{"href":"https:\/\/imapolska.pl\/sk\/wp-json\/wp\/v2\/pages"}],"about":[{"href":"https:\/\/imapolska.pl\/sk\/wp-json\/wp\/v2\/types\/page"}],"author":[{"embeddable":true,"href":"https:\/\/imapolska.pl\/sk\/wp-json\/wp\/v2\/users\/1"}],"replies":[{"embeddable":true,"href":"https:\/\/imapolska.pl\/sk\/wp-json\/wp\/v2\/comments?post=3"}],"version-history":[{"count":4,"href":"https:\/\/imapolska.pl\/sk\/wp-json\/wp\/v2\/pages\/3\/revisions"}],"predecessor-version":[{"id":4567,"href":"https:\/\/imapolska.pl\/sk\/wp-json\/wp\/v2\/pages\/3\/revisions\/4567"}],"wp:attachment":[{"href":"https:\/\/imapolska.pl\/sk\/wp-json\/wp\/v2\/media?parent=3"}],"curies":[{"name":"wp","href":"https:\/\/api.w.org\/{rel}","templated":true}]}}