{"id":3715,"date":"2025-04-14T08:29:06","date_gmt":"2025-04-14T06:29:06","guid":{"rendered":"https:\/\/imapolska.pl\/?page_id=3715"},"modified":"2025-08-07T13:47:28","modified_gmt":"2025-08-07T11:47:28","slug":"rodo","status":"publish","type":"page","link":"https:\/\/imapolska.pl\/pt\/rodo\/","title":{"rendered":"Informa\u00e7\u00f5es sobre o tratamento de dados pessoais"},"content":{"rendered":"<section class=\"vc_row liquid-row-shadowbox-69e719ee809a7\"><div class=\"ld-container container\"><div class=\"row ld-row ld-row-outer\"><div class=\"wpb_column vc_column_container vc_col-sm-12 liquid-column-69e719ee813b8\"><div class=\"vc_column-inner\" ><div class=\"wpb_wrapper\"  >\n\t<div class=\"wpb_text_column wpb_content_element\" >\n\t\t<div class=\"wpb_wrapper\">\n\t\t\t<p>Em conformidade com o artigo 13.\u00ba, n.\u00bas 1 e 2, do Regulamento (UE) 2016\/679 do Parlamento Europeu e do Conselho, de 27 de abril de 2016, relativo \u00e0 prote\u00e7\u00e3o das pessoas singulares no que diz respeito ao tratamento de dados pessoais e \u00e0 livre circula\u00e7\u00e3o desses dados e que revoga a Diretiva 95\/46\/CE (Regulamento Geral sobre a Prote\u00e7\u00e3o de Dados) (Jornal Oficial da UE L 119 de 04.05.2016, p. 1), a seguir designado \u201eRODO\u201d, informamos que<\/p>\n<p>1. o Administrador dos seus dados pessoais \u00e9 a IMA Polska S.A. com sede social em ul. Polna 21, 62-095 Murowana Go\u015blina, KRS: 0000566925, NIP: 7822510305, REGON: 30153074200000, Tel: (+48) 530 595 395, endere\u00e7o de e-mail: rodo@imapolska.eu<\/p>\n<p>(2) Para quest\u00f5es de prote\u00e7\u00e3o de dados, pode contactar o endere\u00e7o de correio eletr\u00f3nico: rodo@imapolska.eu ou para o endere\u00e7o da sede social do Administrador com o assunto \"Prote\u00e7\u00e3o de dados\".<\/p>\n<p>3 O respons\u00e1vel pelo tratamento trata os dados pessoais:<\/p>\n<p>1) Os contratantes que sejam pessoas singulares:<\/p>\n<p>(a) Com base no n.o 1, al\u00ednea b), do artigo 6.o do RODO - para efeitos de celebra\u00e7\u00e3o e execu\u00e7\u00e3o de contratos que vinculem o Administrador - durante o per\u00edodo de vig\u00eancia do contrato;<br \/>\n(b) Com base no n.o 1, al\u00ednea c), do artigo 6.o do RODO - a fim de cumprir as obriga\u00e7\u00f5es do Administrador ao abrigo da legisla\u00e7\u00e3o aplic\u00e1vel, incluindo, em particular, as obriga\u00e7\u00f5es ao abrigo da legisla\u00e7\u00e3o fiscal - at\u00e9 ao momento em que as obriga\u00e7\u00f5es sejam cumpridas ou expirem;<br \/>\nc) com base no artigo 6.\u00ba, n.\u00ba 1, al\u00ednea f), do RODO - para efeitos dos interesses leg\u00edtimos prosseguidos pelo Administrador, incluindo, em especial, a investiga\u00e7\u00e3o, o estabelecimento e a defesa de reclama\u00e7\u00f5es, para fins de arquivo e estat\u00edsticos e para a aplica\u00e7\u00e3o de marketing direto - at\u00e9 que seja levantada uma obje\u00e7\u00e3o ao tratamento ou at\u00e9 que tenha expirado o prazo de prescri\u00e7\u00e3o das reclama\u00e7\u00f5es\/interesses leg\u00edtimos do Administrador;<br \/>\nd) com base no artigo 6.\u00ba, n.\u00ba 1, al\u00ednea a), do RODO - se o utilizador tiver dado o respetivo consentimento para o envio de informa\u00e7\u00f5es comerciais e para a promo\u00e7\u00e3o dos seus pr\u00f3prios servi\u00e7os - at\u00e9 que o utilizador retire o seu consentimento;<\/p>\n<p>2) pessoas que se encontram nas instala\u00e7\u00f5es do Administrador - com base no artigo 6(1)(f) do RODO - sob a forma de imagem registada pelo sistema de videovigil\u00e2ncia - a fim de garantir a seguran\u00e7a das pessoas que se encontram nas instala\u00e7\u00f5es do Administrador e proteger a propriedade, bem como para manter a confidencialidade das informa\u00e7\u00f5es cuja divulga\u00e7\u00e3o poderia expor o Administrador a danos.<\/p>\n<p>4 Os destinat\u00e1rios dos dados pessoais podem ser outras entidades que cooperam com o Administrador na realiza\u00e7\u00e3o dos objectivos do processamento especificado no ponto 3. As entidades para as quais os dados pessoais podem ser transferidos comprometem-se a manter a confidencialidade e a implementar medidas t\u00e9cnicas e organizacionais adequadas que garantam a prote\u00e7\u00e3o dos dados pessoais transferidos.<\/p>\n<p>5 Tem o direito de aceder ao conte\u00fado dos seus dados e o direito de retificar, apagar, limitar o tratamento, o direito \u00e0 portabilidade dos dados, o direito de se opor ao tratamento e o direito de retirar o seu consentimento em qualquer altura (sem afetar a legalidade do tratamento efectuado com base no consentimento antes da sua retirada).<\/p>\n<p>(6) Tem o direito de apresentar uma queixa ao Presidente da Autoridade para a Prote\u00e7\u00e3o de Dados se os seus dados pessoais forem tratados em viola\u00e7\u00e3o das disposi\u00e7\u00f5es do RODO, da Lei de 10 de maio de 2018 sobre a Prote\u00e7\u00e3o de Dados Pessoais (Jornal Oficial de 2018, ponto 1000, tal como alterado) e de quaisquer outros regulamentos nacionais de aplica\u00e7\u00e3o do RODO.<\/p>\n<p>7 Os seus dados pessoais n\u00e3o ser\u00e3o processados pelo Administrador com base em decis\u00f5es automatizadas, incluindo a defini\u00e7\u00e3o de perfis.<\/p>\n<p>8 O respons\u00e1vel pelo tratamento n\u00e3o transferir\u00e1 os seus dados pessoais para pa\u00edses terceiros (fora da Uni\u00e3o Europeia ou do Espa\u00e7o Econ\u00f3mico Europeu) ou para organiza\u00e7\u00f5es internacionais.<\/p>\n<p>9. os dados pessoais s\u00e3o fornecidos voluntariamente pelo utilizador, mas constituem um requisito necess\u00e1rio para efeitos do tratamento referido na sec\u00e7\u00e3o 3.<\/p>\n\n\t\t<\/div>\n\t<\/div>\n<\/div><\/div><\/div><\/div><\/div><\/section>","protected":false},"excerpt":{"rendered":"Zgodnie z art. 13 ust.1 i 2 rozporz\u0105dzenia Parlamentu Europejskiego i Rady (UE) 2016\/679 z dnia 27 kwietnia 2016 r. w sprawie ochrony os\u00f3b fizycznych w zwi\u0105zku z przetwarzaniem danych osobowych i w sprawie swobodnego przep\u0142ywu takich danych oraz uchylenia dyrektywy 95\/46\/WE (og\u00f3lne rozporz\u0105dzenie o ochronie danych)(Dz. Urz. UE L 119 z 04.05.2016, str. 1), [...]","protected":false},"author":1,"featured_media":0,"parent":0,"menu_order":9,"comment_status":"closed","ping_status":"closed","template":"","meta":{"footnotes":""},"class_list":["post-3715","page","type-page","status-publish","hentry"],"_links":{"self":[{"href":"https:\/\/imapolska.pl\/pt\/wp-json\/wp\/v2\/pages\/3715","targetHints":{"allow":["GET"]}}],"collection":[{"href":"https:\/\/imapolska.pl\/pt\/wp-json\/wp\/v2\/pages"}],"about":[{"href":"https:\/\/imapolska.pl\/pt\/wp-json\/wp\/v2\/types\/page"}],"author":[{"embeddable":true,"href":"https:\/\/imapolska.pl\/pt\/wp-json\/wp\/v2\/users\/1"}],"replies":[{"embeddable":true,"href":"https:\/\/imapolska.pl\/pt\/wp-json\/wp\/v2\/comments?post=3715"}],"version-history":[{"count":3,"href":"https:\/\/imapolska.pl\/pt\/wp-json\/wp\/v2\/pages\/3715\/revisions"}],"predecessor-version":[{"id":4566,"href":"https:\/\/imapolska.pl\/pt\/wp-json\/wp\/v2\/pages\/3715\/revisions\/4566"}],"wp:attachment":[{"href":"https:\/\/imapolska.pl\/pt\/wp-json\/wp\/v2\/media?parent=3715"}],"curies":[{"name":"wp","href":"https:\/\/api.w.org\/{rel}","templated":true}]}}