{"id":5002,"date":"2025-12-15T09:15:52","date_gmt":"2025-12-15T08:15:52","guid":{"rendered":"https:\/\/imapolska.pl\/?page_id=5002"},"modified":"2026-02-25T08:56:38","modified_gmt":"2026-02-25T07:56:38","slug":"karjera","status":"publish","type":"page","link":"https:\/\/imapolska.pl\/lt\/kariera\/","title":{"rendered":"Karjera"},"content":{"rendered":"<p><style>@media (min-width: 992px) { .liquid-row-responsive-69e1de630be27 {padding-right:100px !important; padding-left:100px !important;  }  } @media (min-width: 1200px) { .liquid-row-responsive-69e1de630be27 {padding-top:200px !important; padding-bottom:200px !important;  }  }    <\/style><section style=\"background-attachment:fixed;\" data-bg-image=\"url\" class=\"vc_row vc_custom_1766256825953 liquid-row-responsive-69e1de630be27 liquid-row-shadowbox-69e1de630be53 vc_row-has-fill vc_row-has-bg\"><div class=\"ld-container container\"><div class=\"row ld-row ld-row-outer vc_row-o-content-middle vc_row-flex\"><div class=\"wpb_column vc_column_container vc_col-sm-12 liquid-column-69e1de630c179\"><div class=\"vc_column-inner\" ><div class=\"wpb_wrapper\"  ><style>.ld_fancy_heading_69e1de630c302 h2{color:rgb(255, 255, 255);}.ld_fancy_heading_69e1de630c302 .lqd-highlight-inner{height:0.275em!important;bottom:0px!important;}<\/style><div class=\"ld-fancy-heading text-center ld_fancy_heading_69e1de630c302\">\n\t<h2 class=\"ld-fh-element lqd-highlight-underline lqd-highlight-grow-left text-decoration-default lqd-split-lines\"   data-split-text=\"true\" data-split-options='{\"type\":\"lines\"}'>  Prisijunkite prie IMA Poland komandos<\/h2><\/div><style>.ld_fancy_heading_69e1de630c5cf h5{color:rgb(255, 255, 255);}.ld_fancy_heading_69e1de630c5cf h5 {font-size:17px; } .ld_fancy_heading_69e1de630c5cf .lqd-highlight-inner{height:0.275em!important;bottom:0px!important;}.ld_fancy_heading_69e1de630c5cf h5 {font-size:17px; } <\/style><div class=\"ld-fancy-heading text-center ld_fancy_heading_69e1de630c5cf\">\n\t<h5 class=\"ld-fh-element lqd-highlight-underline lqd-highlight-grow-left text-decoration-default lqd-split-lines\"   data-split-text=\"true\" data-split-options='{\"type\":\"lines\"}'>  Ie\u0161kome \u017emoni\u0173, kurie nori kartu kurti Lenkijos pramon\u0117s ateit\u012f, pagr\u012fst\u0105 inovacijomis, tvarumu ir atsakomybe u\u017e aplink\u0105.<\/h5><\/div><\/div><\/div><\/div><\/div><\/div><\/section><style>@media (min-width: 768px) { .liquid-row-responsive-69e1de630c862 {padding-top:60px !important; padding-bottom:60px !important;  }  } @media (min-width: 992px) { .liquid-row-responsive-69e1de630c862 {padding-top:60px !important; padding-bottom:60px !important;  }  } @media (min-width: 1200px) { .liquid-row-responsive-69e1de630c862 {padding-top:60px !important; padding-bottom:60px !important;  }  }    <\/style><section class=\"vc_row vc_custom_1765786296290 liquid-row-responsive-69e1de630c862 liquid-row-shadowbox-69e1de630c87a\"><div class=\"ld-container container\"><div class=\"row ld-row ld-row-outer\"><div class=\"wpb_column vc_column_container vc_col-sm-12 liquid-column-69e1de630ca76\"><div class=\"vc_column-inner\" ><div class=\"wpb_wrapper\"  ><style>.ld_fancy_heading_69e1de630cbcf .lqd-highlight-inner{height:0.275em!important;bottom:0px!important;}<\/style><div class=\"ld-fancy-heading text-center ld_fancy_heading_69e1de630cbcf\">\n\t<h2 class=\"ld-fh-element lqd-highlight-underline lqd-highlight-grow-left text-decoration-default\"   >  Si\u016blome<\/h2><\/div><div class=\"vc_row vc_inner vc_row-fluid liquid-row-shadowbox-69e1de630ce2e\"><div class=\"ld-container container-fluid\"><div class=\"row ld-row ld-row-inner\"><div class=\"wpb_column vc_column_container vc_col-sm-3 liquid-column-69e1de630d06d\"><div class=\"vc_column-inner\" ><div class=\"wpb_wrapper\" ><style>.ld_icon_box_69e1de630d20e .lqd-iconbox-title{margin-bottom:px;}.ld_icon_box_69e1de630d20e .iconbox-icon-container{border-radius:px;}<\/style>\n<div class=\"iconbox text-align-default ld_icon_box_69e1de630d20e\" id=\"ld_icon_box_69e1de630d20e\"  data-animate-icon=\"true\"  >\n\t\n\t\t\t\t\t\n\t\n\t<div class=\"iconbox-icon-wrap\"><span class=\"iconbox-icon-container\"><i class=\"fas fa-briefcase\"><\/i><\/span><\/div>\t\n\t\t\n\t\t\n\t\t\n\t<h3 class=\"lqd-iconbox-title\">Stabilus darbas daugiau nei 15 met\u0173 tradicijas turin\u010dioje \u012fmon\u0117je<\/h3>\t\t\t\n\t\t\n\t\n<\/div>\n<\/div><\/div><\/div><div class=\"wpb_column vc_column_container vc_col-sm-3 liquid-column-69e1de630ddde\"><div class=\"vc_column-inner\" ><div class=\"wpb_wrapper\" ><style>.ld_icon_box_69e1de630df08 .lqd-iconbox-title{margin-bottom:px;}.ld_icon_box_69e1de630df08 .iconbox-icon-container{border-radius:px;}<\/style>\n<div class=\"iconbox text-align-default ld_icon_box_69e1de630df08\" id=\"ld_icon_box_69e1de630df08\"  data-animate-icon=\"true\"  >\n\t\n\t\t\t\t\t\n\t\n\t<div class=\"iconbox-icon-wrap\"><span class=\"iconbox-icon-container\"><i class=\"fas fa-chart-line\"><\/i><\/span><\/div>\t\n\t\t\n\t\t\n\t\t\n\t<h3 class=\"lqd-iconbox-title\">Atlyginimai TOP 10% darbdavi\u0173 regione<\/h3>\t\t\t\n\t\t\n\t\n<\/div>\n<\/div><\/div><\/div><div class=\"wpb_column vc_column_container vc_col-sm-3 liquid-column-69e1de630e605\"><div class=\"vc_column-inner\" ><div class=\"wpb_wrapper\" ><style>.ld_icon_box_69e1de630e715 .lqd-iconbox-title{margin-bottom:px;}.ld_icon_box_69e1de630e715 .iconbox-icon-container{border-radius:px;}<\/style>\n<div class=\"iconbox text-align-default ld_icon_box_69e1de630e715\" id=\"ld_icon_box_69e1de630e715\"  data-animate-icon=\"true\"  >\n\t\n\t\t\t\t\t\n\t\n\t<div class=\"iconbox-icon-wrap\"><span class=\"iconbox-icon-container\"><i class=\"fas fa-leaf\"><\/i><\/span><\/div>\t\n\t\t\n\t\t\n\t\t\n\t<h3 class=\"lqd-iconbox-title\">Realus poveikis \u017ealiosios energijos ir biotechnologij\u0173 projekt\u0173 pl\u0117trai<\/h3>\t\t\t\n\t\t\n\t\n<\/div>\n<\/div><\/div><\/div><div class=\"wpb_column vc_column_container vc_col-sm-3 liquid-column-69e1de630eab4\"><div class=\"vc_column-inner\" ><div class=\"wpb_wrapper\" ><style>.ld_icon_box_69e1de630ebc2 .lqd-iconbox-title{margin-bottom:px;}.ld_icon_box_69e1de630ebc2 .iconbox-icon-container{border-radius:px;}<\/style>\n<div class=\"iconbox text-align-default ld_icon_box_69e1de630ebc2\" id=\"ld_icon_box_69e1de630ebc2\"  data-animate-icon=\"true\"  >\n\t\n\t\t\t\t\t\n\t\n\t<div class=\"iconbox-icon-wrap\"><span class=\"iconbox-icon-container\"><i class=\"fas fa-users\"><\/i><\/span><\/div>\t\n\t\t\n\t\t\n\t\t\n\t<h3 class=\"lqd-iconbox-title\">Dirbkite glaud\u017eioje profesional\u0173 komandoje<\/h3>\t\t\t\n\t\t\n\t\n<\/div>\n<\/div><\/div><\/div><\/div><\/div><\/div><\/div><\/div><\/div><\/div><\/div><\/section><section class=\"vc_row liquid-row-shadowbox-69e1de630ee07\"><div class=\"ld-container container\"><div class=\"row ld-row ld-row-outer\"><div class=\"wpb_column vc_column_container vc_col-sm-12 liquid-column-69e1de630ef59\"><div class=\"vc_column-inner\" ><div class=\"wpb_wrapper\"  ><style>.ld_fancy_heading_69e1de630f059 .lqd-highlight-inner{height:0.275em!important;bottom:0px!important;}<\/style><div class=\"ld-fancy-heading text-center ld_fancy_heading_69e1de630f059\">\n\t<h2 class=\"ld-fh-element lqd-highlight-underline lqd-highlight-grow-left text-decoration-default\"   >  Dabartines laisvas darbo vietas rasite toliau<\/h2><\/div><\/div><\/div><\/div><\/div><\/div><\/section><style>@media (min-width: 768px) { .liquid-row-responsive-69e1de630f4ef {padding-top:60px !important; padding-bottom:60px !important;  }  } @media (min-width: 992px) { .liquid-row-responsive-69e1de630f4ef {padding-top:60px !important; padding-bottom:60px !important;  }  } @media (min-width: 1200px) { .liquid-row-responsive-69e1de630f4ef {padding-top:60px !important; padding-bottom:60px !important;  }  }    <\/style><section class=\"vc_row vc_custom_1765786239123 liquid-row-responsive-69e1de630f4ef liquid-row-shadowbox-69e1de630f507\"><div class=\"ld-container container\"><div class=\"row ld-row ld-row-outer\"><div class=\"wpb_column vc_column_container vc_col-sm-12 liquid-column-69e1de630f668\"><div class=\"vc_column-inner\" ><div class=\"wpb_wrapper\"  ><style>.ld_fancy_heading_69e1de630f762 .lqd-highlight-inner{height:0.275em!important;bottom:0px!important;}<\/style><div class=\"ld-fancy-heading text-center ld_fancy_heading_69e1de630f762\">\n\t<div class=\"ld-fh-element lqd-highlight-underline lqd-highlight-grow-left text-decoration-default\"   >  <\/p>\n<p style=\"font-size: 22px\">\u0160iuo metu renkame darbuotojus \u0161ioms pareigoms:<\/p>\n<p style=\"font-size: 21px;line-height: 2\">\nLaboratorijos technikas (gamybos laboratorija) - <a style=\"color: #0077b5\" href=\"https:\/\/www.pracuj.pl\/praca\/laborant-laborantka-laboratorium-produkcyjne-murowana-goslina,oferta,1004662111?s=832ff526&#038;searchId=MTc3MjAwMTkzODUxOS4xODI0\" target=\"_blank\" rel=\"noopener\"><i class=\"fa fa-external-link\"><\/i> Pracuj.pl<\/a><br \/>\nNepriklausomas kokyb\u0117s, aplinkosaugos ir atitikties pareig\u016bnas <a style=\"color: #0077b5\" href=\"https:\/\/www.pracuj.pl\/praca\/samodzielny-a-specjalista-tka-ds-jakosci-ochrony-srodowiska-i-compliance-murowana-goslina,oferta,1004662110?s=832ff526&#038;searchId=MTc3MjAwMTkzODUxOS4xODI0\" target=\"_blank\" rel=\"noopener\"><i class=\"fa fa-external-link\"><\/i> Pracuj.pl<\/a><\/p>\n<p><\/div><\/div><\/div><\/div><\/div><\/div><\/div><\/section><style>@media (min-width: 992px) { .liquid-row-responsive-69e1de630fe43 {padding-right:100px !important; padding-left:100px !important;  }  } @media (min-width: 1200px) { .liquid-row-responsive-69e1de630fe43 {padding-top:140px !important; padding-bottom:140px !important;  }  }    <\/style><section data-row-bg=\"https:\/\/imapolska.pl\/wp-content\/uploads\/2025\/12\/4171344.jpg?id=5016\" style=\"background-attachment:fixed;\" data-bg-image=\"url\" class=\"vc_row vc_custom_1765785398252 liquid-row-responsive-69e1de630fe43 liquid-row-shadowbox-69e1de630fe58 vc_row-has-fill vc_row-has-bg lqd-has-bg-markup row-bg-appended\"><span class=\"row-bg-loader\"><\/span><div class=\"row-bg-wrap\">\n\t\t<div class=\"row-bg-inner\">\n\t\t\t<figure class=\"row-bg\" ><\/figure>\n\t\t<\/div>\n\t<\/div><div class=\"ld-container container\"><div class=\"row ld-row ld-row-outer vc_row-o-content-middle vc_row-flex\"><div class=\"wpb_column vc_column_container vc_col-sm-12 liquid-column-69e1de630ffd4\"><div class=\"vc_column-inner\" ><div class=\"wpb_wrapper\"  ><style>.ld_fancy_heading_69e1de63100c7 .lqd-highlight-inner{height:0.275em!important;bottom:0px!important;}<\/style><div class=\"ld-fancy-heading text-center ld_fancy_heading_69e1de63100c7\">\n\t<h2 class=\"ld-fh-element lqd-highlight-underline lqd-highlight-grow-left text-decoration-default lqd-split-lines\"   data-split-text=\"true\" data-split-options='{\"type\":\"lines\"}'>  Nematote tinkamo darbo pasi\u016blymo?<\/h2><\/div><style>.ld_fancy_heading_69e1de63103f5 .lqd-highlight-inner{height:0.275em!important;bottom:0px!important;}<\/style><div class=\"ld-fancy-heading text-center ld_fancy_heading_69e1de63103f5\">\n\t<h4 class=\"ld-fh-element lqd-highlight-underline lqd-highlight-grow-left text-decoration-default lqd-split-lines\"   data-split-text=\"true\" data-split-options='{\"type\":\"lines\"}'>  Si\u0173skite savo CV adresu: <strong><a href=\"mailto:kariera@imapolska.eu\">kariera@imapolska.eu<\/a><\/strong> - Laukiame j\u016bs\u0173 atsakym\u0173.<\/h4><\/div><\/div><\/div><\/div><\/div><\/div><\/section>","protected":false},"excerpt":{"rendered":"Do\u0142\u0105cz do zespo\u0142u IMA Polska Szukamy ludzi, kt\u00f3rzy chc\u0105 wsp\u00f3\u0142tworzy\u0107 przysz\u0142o\u015b\u0107 polskiego przemys\u0142u \u2013 opartego na innowacji, zr\u00f3wnowa\u017conym rozwoju i odpowiedzialno\u015bci za \u015brodowisko. Oferujemy Stabilne zatrudnienie w firmie z ponad 15-letni\u0105 tradycj\u0105 Wynagrodzenie w TOP 10% pracodawc\u00f3w w regionie Realny wp\u0142yw na rozw\u00f3j projekt\u00f3w z obszaru zielonej energii i biotechnologii Prac\u0119 w zgranym zespole specjalist\u00f3w [...]","protected":false},"author":3,"featured_media":0,"parent":0,"menu_order":0,"comment_status":"closed","ping_status":"closed","template":"","meta":{"footnotes":""},"class_list":["post-5002","page","type-page","status-publish","hentry"],"_links":{"self":[{"href":"https:\/\/imapolska.pl\/lt\/wp-json\/wp\/v2\/pages\/5002","targetHints":{"allow":["GET"]}}],"collection":[{"href":"https:\/\/imapolska.pl\/lt\/wp-json\/wp\/v2\/pages"}],"about":[{"href":"https:\/\/imapolska.pl\/lt\/wp-json\/wp\/v2\/types\/page"}],"author":[{"embeddable":true,"href":"https:\/\/imapolska.pl\/lt\/wp-json\/wp\/v2\/users\/3"}],"replies":[{"embeddable":true,"href":"https:\/\/imapolska.pl\/lt\/wp-json\/wp\/v2\/comments?post=5002"}],"version-history":[{"count":34,"href":"https:\/\/imapolska.pl\/lt\/wp-json\/wp\/v2\/pages\/5002\/revisions"}],"predecessor-version":[{"id":6111,"href":"https:\/\/imapolska.pl\/lt\/wp-json\/wp\/v2\/pages\/5002\/revisions\/6111"}],"wp:attachment":[{"href":"https:\/\/imapolska.pl\/lt\/wp-json\/wp\/v2\/media?parent=5002"}],"curies":[{"name":"wp","href":"https:\/\/api.w.org\/{rel}","templated":true}]}}