{"id":3715,"date":"2025-04-14T08:29:06","date_gmt":"2025-04-14T06:29:06","guid":{"rendered":"https:\/\/imapolska.pl\/?page_id=3715"},"modified":"2025-08-07T13:47:28","modified_gmt":"2025-08-07T11:47:28","slug":"rodo","status":"publish","type":"page","link":"https:\/\/imapolska.pl\/lt\/rodo\/","title":{"rendered":"Informacija apie asmens duomen\u0173 tvarkym\u0105"},"content":{"rendered":"<section class=\"vc_row liquid-row-shadowbox-69e7198f70f6a\"><div class=\"ld-container container\"><div class=\"row ld-row ld-row-outer\"><div class=\"wpb_column vc_column_container vc_col-sm-12 liquid-column-69e7198f711d4\"><div class=\"vc_column-inner\" ><div class=\"wpb_wrapper\"  >\n\t<div class=\"wpb_text_column wpb_content_element\" >\n\t\t<div class=\"wpb_wrapper\">\n\t\t\t<p>Vadovaudamiesi 2016 m. baland\u017eio 27 d. Europos Parlamento ir Tarybos reglamento (ES) 2016\/679 d\u0117l fizini\u0173 asmen\u0173 apsaugos tvarkant asmens duomenis ir d\u0117l laisvo toki\u0173 duomen\u0173 jud\u0117jimo ir kuriuo panaikinama Direktyva 95\/46\/EB (Bendrasis duomen\u0173 apsaugos reglamentas) (ES oficialusis leidinys L 119, 2016 5 4, p. 1), toliau - RODO, 13 straipsnio 1 ir 2 dalimis, informuojame, kad:<\/p>\n<p>1. J\u016bs\u0173 asmens duomen\u0173 valdytojas yra IMA Polska S.A., kurios registruota buvein\u0117 yra adresu Polna 21, 62-095 Murowana Go\u015blina, KRS: 0000566925, NIP: 7822510305, REGON: 30153074200000, tel.: (+48) 530 595 395, el. pa\u0161to adresas: KONTAKTAI: rodo@imapolska.eu<\/p>\n<p>(2) Duomen\u0173 apsaugos klausimais galite kreiptis el. pa\u0161to adresu: Duomen\u0173 apsauga: el. pa\u0161tu rodo@imapolska.eu arba Administratoriaus registruotos buvein\u0117s adresu, temos eilut\u0119 \"Duomen\u0173 apsauga\".<\/p>\n<p>3 Duomen\u0173 valdytojas tvarko asmens duomenis:<\/p>\n<p>1) rangovai, kurie yra fiziniai asmenys:<\/p>\n<p>(a) remiantis \u012eR\u012e 6 straipsnio 1 dalies b punktu - siekiant sudaryti ir vykdyti administratori\u0173 \u012fpareigojan\u010dias sutartis - sutarties galiojimo laikotarpiu;<br \/>\n(b) remiantis \u012eR\u012e 6 straipsnio 1 dalies c punktu - siekiant \u012fvykdyti administratoriaus prievoles pagal taikytin\u0105 teis\u0119, \u012fskaitant vis\u0173 pirma prievoles pagal mokes\u010di\u0173 teis\u0119, - iki tol, kol prievol\u0117s bus \u012fvykdytos arba pasibaigs;<br \/>\nc) remiantis \u012eR\u012e 6 straipsnio 1 dalies f punktu - teis\u0117t\u0173 administratoriaus interes\u0173, \u012fskaitant vis\u0173 pirma reikalavim\u0173 tyrim\u0105, parei\u0161kim\u0105 ir gynyb\u0105, archyvavimo ir statistikos tikslais bei tiesiogin\u0117s rinkodaros tikslais - kol bus pareik\u0161tas prie\u0161taravimas d\u0117l duomen\u0173 tvarkymo arba kol sueis reikalavim\u0173 ir (arba) administratoriaus teis\u0117t\u0173 interes\u0173 senaties terminas;<br \/>\nd) remiantis RODO 6 straipsnio 1 dalies a punktu - jei dav\u0117te atitinkam\u0105 sutikim\u0105 si\u0173sti komercin\u0119 informacij\u0105 ir reklamuoti savo paslaugas - kol neat\u0161auk\u0117te savo sutikimo;<\/p>\n<p>2) Administratoriaus patalpose esantys asmenys - RODO 6 straipsnio 1 dalies f punkto pagrindu - vaizdo steb\u0117jimo sistemos u\u017efiksuoto vaizdo forma - siekiant u\u017etikrinti Administratoriaus patalpose esan\u010di\u0173 asmen\u0173 saugum\u0105 ir apsaugoti turt\u0105, taip pat i\u0161laikyti informacijos, d\u0117l kurios atskleidimo Administratoriui gali b\u016bti padaryta \u017eala, konfidencialum\u0105.<\/p>\n<p>4. Asmens duomen\u0173 gav\u0117jai gali b\u016bti kiti subjektai, bendradarbiaujantys su Administratoriumi \u012fgyvendinant 3 punkte nurodytus duomen\u0173 tvarkymo tikslus. Subjektai, kuriems gali b\u016bti perduodami asmens duomenys, \u012fsipareigoja i\u0161laikyti konfidencialum\u0105 ir \u012fgyvendinti tinkamas technines ir organizacines priemones, u\u017etikrinan\u010dias perduot\u0173 asmens duomen\u0173 apsaug\u0105.<\/p>\n<p>5 Turite teis\u0119 susipa\u017einti su savo duomen\u0173 turiniu ir teis\u0119 \u012f duomen\u0173 i\u0161taisym\u0105, i\u0161trynim\u0105, tvarkymo apribojim\u0105, teis\u0119 \u012f duomen\u0173 perkeliamum\u0105, teis\u0119 nesutikti, kad duomenys b\u016bt\u0173 tvarkomi, ir teis\u0119 bet kuriuo metu at\u0161aukti savo sutikim\u0105 (nedarant poveikio duomen\u0173 tvarkymo, atlikto remiantis sutikimu iki jo at\u0161aukimo, teis\u0117tumui).<\/p>\n<p>(6) Turite teis\u0119 pateikti skund\u0105 Duomen\u0173 apsaugos tarnybos pirmininkui, jei j\u016bs\u0173 asmens duomenys tvarkomi pa\u017eeid\u017eiant RODO, 2018 m. gegu\u017e\u0117s 10 d. Asmens duomen\u0173 apsaugos \u012fstatymo (2018 m. \u012estatym\u0173 leidinys, punktas 1000 su pakeitimais) ir kit\u0173 nacionalini\u0173 RODO taikymo nuostat\u0173 nuostatas.<\/p>\n<p>7 J\u016bs\u0173 asmens duomen\u0173 Administratorius netvarkys remdamasis automatizuotu sprendim\u0173 pri\u0117mimu, \u012fskaitant profiliavim\u0105.<\/p>\n<p>8 Duomen\u0173 valdytojas neperduoda j\u016bs\u0173 asmens duomen\u0173 \u012f tre\u010di\u0105sias \u0161alis (u\u017e Europos S\u0105jungos ar Europos ekonomin\u0117s erdv\u0117s rib\u0173) arba tarptautin\u0117ms organizacijoms.<\/p>\n<p>9. asmens duomenis pateikiate savanori\u0161kai, ta\u010diau jie yra b\u016btinas reikalavimas 3 skirsnyje nurodytais tvarkymo tikslais.<\/p>\n\n\t\t<\/div>\n\t<\/div>\n<\/div><\/div><\/div><\/div><\/div><\/section>","protected":false},"excerpt":{"rendered":"Zgodnie z art. 13 ust.1 i 2 rozporz\u0105dzenia Parlamentu Europejskiego i Rady (UE) 2016\/679 z dnia 27 kwietnia 2016 r. w sprawie ochrony os\u00f3b fizycznych w zwi\u0105zku z przetwarzaniem danych osobowych i w sprawie swobodnego przep\u0142ywu takich danych oraz uchylenia dyrektywy 95\/46\/WE (og\u00f3lne rozporz\u0105dzenie o ochronie danych)(Dz. Urz. UE L 119 z 04.05.2016, str. 1), [...]","protected":false},"author":1,"featured_media":0,"parent":0,"menu_order":9,"comment_status":"closed","ping_status":"closed","template":"","meta":{"footnotes":""},"class_list":["post-3715","page","type-page","status-publish","hentry"],"_links":{"self":[{"href":"https:\/\/imapolska.pl\/lt\/wp-json\/wp\/v2\/pages\/3715","targetHints":{"allow":["GET"]}}],"collection":[{"href":"https:\/\/imapolska.pl\/lt\/wp-json\/wp\/v2\/pages"}],"about":[{"href":"https:\/\/imapolska.pl\/lt\/wp-json\/wp\/v2\/types\/page"}],"author":[{"embeddable":true,"href":"https:\/\/imapolska.pl\/lt\/wp-json\/wp\/v2\/users\/1"}],"replies":[{"embeddable":true,"href":"https:\/\/imapolska.pl\/lt\/wp-json\/wp\/v2\/comments?post=3715"}],"version-history":[{"count":3,"href":"https:\/\/imapolska.pl\/lt\/wp-json\/wp\/v2\/pages\/3715\/revisions"}],"predecessor-version":[{"id":4566,"href":"https:\/\/imapolska.pl\/lt\/wp-json\/wp\/v2\/pages\/3715\/revisions\/4566"}],"wp:attachment":[{"href":"https:\/\/imapolska.pl\/lt\/wp-json\/wp\/v2\/media?parent=3715"}],"curies":[{"name":"wp","href":"https:\/\/api.w.org\/{rel}","templated":true}]}}