{"id":3,"date":"2025-04-09T12:27:11","date_gmt":"2025-04-09T10:27:11","guid":{"rendered":"https:\/\/imapolska.pl\/?page_id=3"},"modified":"2025-08-07T13:47:57","modified_gmt":"2025-08-07T11:47:57","slug":"privatumo-politika","status":"publish","type":"page","link":"https:\/\/imapolska.pl\/lt\/polityka-prywatnosci\/","title":{"rendered":"Privatumo politika"},"content":{"rendered":"<section class=\"vc_row liquid-row-shadowbox-69e1ce7291d6b\"><div class=\"ld-container container\"><div class=\"row ld-row ld-row-outer\"><div class=\"wpb_column vc_column_container vc_col-sm-12 liquid-column-69e1ce7292075\"><div class=\"vc_column-inner\" ><div class=\"wpb_wrapper\"  >\n\t<div class=\"wpb_text_column wpb_content_element\" >\n\t\t<div class=\"wpb_wrapper\">\n\t\t\t<p><strong>I Bendroji informacija<\/strong><\/p>\n<p>- \u0160ioje privatumo ir slapuk\u0173 politikoje nustatyta, kaip gaunami, tvarkomi ir saugomi naudotoj\u0173 pateikti asmens duomenys, slapukai ir kitos svetain\u0117je www.imapolska.eu naudojamos technologijos. .<br \/>Svetain\u0117s ir joje pateikt\u0173 asmens duomen\u0173 valdytojas yra IMA Polska S.A., ul. Polna 21, 62-095 Murowana Go\u015blina, NIP: 782-251-03-05, KRS: 0000566925.<\/p>\n<p><strong>II Asmens duomenys<\/strong><\/p>\n<p>- Svetain\u0117je renkama savanori\u0161kai naudotojo pateikta informacija.<br \/>- Svetain\u0117s turin\u012f galima per\u017ei\u016br\u0117ti nepateikiant jokios asmenin\u0117s informacijos.<br \/>- Kiekvienas asmuo, pateik\u0119s savo asmens duomenis, turi teis\u0119 susipa\u017einti su j\u0173 turiniu ir galimyb\u0119 juos i\u0161taisyti, atnaujinti ir papildyti, taip pat pra\u0161yti nutraukti asmens duomen\u0173 tvarkym\u0105 ir nesutikti su asmens duomen\u0173 tvarkymu. Min\u0117tus veiksmus galima atlikti siun\u010diant atitinkam\u0105 parei\u0161kim\u0105 el. pa\u0161to adresu:\u00a0<a href=\"mailto:rodo@imapolska.eu\">rodo@imapolska.eu<\/a><\/p>\n<p><strong>III Informacija apie slapukus.<\/strong><\/p>\n<p>- Svetain\u0117je naudojami slapukai.<br \/>- Slapukai (vadinamieji \u201eslapukai\u201d) - tai IT duomenys, vis\u0173 pirma tekstiniai failai, kurie saugomi Svetain\u0117s naudotojo galin\u0117je \u012frangoje ir yra skirti naudoti interneto svetain\u0117se Slapukuose paprastai b\u016bna nurodytas svetain\u0117s, i\u0161 kurios jie atkeliauja, pavadinimas, j\u0173 saugojimo galin\u0117je \u012frangoje laikas ir unikalus numeris.<br \/>- Subjektas, kuris \u012fra\u0161o slapukus \u012f svetain\u0117s naudotojo galin\u0119 \u012frang\u0105 ir prieina prie j\u0173, yra svetain\u0117s operatorius.<br \/>- Slapukai naudojami \u0161iais tikslais:<br \/>- rinkti statistinius duomenis, kurie padeda mums suprasti, kaip svetain\u0117s lankytojai naudojasi svetain\u0117mis, kad gal\u0117tume tobulinti j\u0173 strukt\u016br\u0105 ir turin\u012f;<br \/>- nustatyti j\u016bs\u0173 profil\u012f, kad reklamos tinkluose, ypa\u010d \"Google\" tinkle, b\u016bt\u0173 rodoma jums pritaikyta med\u017eiaga.<br \/>- Svetain\u0117je naudojami dviej\u0173 pagrindini\u0173 tip\u0173 slapukai: \u201esesijos\u201d (sesijos slapukai) ir \u201enuolatiniai\u201d (nuolatiniai slapukai). \u201eSesijos\u201d slapukai - tai laikini failai, kurie saugomi Vartotojo galin\u0117je \u012frangoje tol, kol Vartotojas atsijungia, i\u0161eina i\u0161 svetain\u0117s arba i\u0161jungia programin\u0119 \u012frang\u0105 (interneto nar\u0161ykl\u0119). \u201eNuolatiniai\u201d slapukai Vartotojo galin\u0117je \u012frangoje saugomi slapuk\u0173 parametruose nurodyt\u0105 laik\u0105 arba tol, kol Vartotojas juos i\u0161trina.<br \/>- Interneto nar\u0161ymo programin\u0117 \u012franga (interneto nar\u0161ykl\u0117) paprastai leid\u017eia saugoti slapukus Vartotojo galiniame \u012frenginyje pagal numatytuosius nustatymus. Svetain\u0117s naudotojai gali pakeisti savo nustatymus \u0161iuo at\u017evilgiu. Interneto nar\u0161ykl\u0117 leid\u017eia i\u0161trinti slapukus. Taip pat galima automati\u0161kai blokuoti slapukus I\u0161samesn\u0117s informacijos ie\u0161kokite interneto nar\u0161ykl\u0117s \u017einyne arba dokumentuose.<br \/>- Slapuk\u0173 naudojimo apribojimai gali tur\u0117ti \u012ftakos kai kurioms svetain\u0117s funkcijoms. .<br \/>- Slapukai \u012fra\u0161omi \u012f svetain\u0117s naudotojo galin\u0119 \u012frang\u0105, juos taip pat gali naudoti su svetain\u0117s operatoriumi bendradarbiaujantys reklamuotojai ir partneriai.<br \/>- Rekomenduojame perskaityti \u0161i\u0173 bendrovi\u0173 privatumo politik\u0105, kad suprastum\u0117te, kaip naudojami statistikoje naudojami slapukai: \"Google Analytics\" privatumo politika.<br \/>- Slapukus gali naudoti reklamos tinklai, ypa\u010d \"Google\" tinklas, kad rodyt\u0173 reklam\u0105, pritaikyt\u0105 prie naudotojo naudojimosi svetaine. \u0160iuo tikslu jie gali saugoti informacij\u0105 apie naudotojo nar\u0161ymo keli\u0105 arba laik\u0105, kur\u012f jis praleido tam tikrame puslapyje.<br \/>- \"Google\" reklamos tinklo surinkt\u0105 informacij\u0105 apie naudotojo nuostatas naudotojas gali per\u017ei\u016br\u0117ti ir redaguoti slapuk\u0173 informacij\u0105 naudodamasis \u012frankiu:\u00a0<a href=\"https:\/\/www.google.com\/ads\/preferences\/\" target=\"_blank\" rel=\"noopener\">https:\/\/www.google.com\/ads\/preferences\/<\/a><\/p>\n<p><strong>IV Slapuk\u0173 valdymas - kaip prakti\u0161kai duoti ir at\u0161aukti sutikim\u0105?<\/strong><\/p>\n<p>- Jei nenorite gauti slapuk\u0173, galite pakeisti nar\u0161ykl\u0117s nustatymus. Atkreipkite d\u0117mes\u012f, kad i\u0161jungus slapukus, kurie yra b\u016btini autentifikavimo procesams, saugumui, naudotojo parink\u010di\u0173 palaikymui, gali b\u016bti sunku, o kra\u0161tutiniais atvejais - ne\u012fmanoma naudotis svetain\u0117mis.<br \/>- Jei norite tvarkyti slapuk\u0173 nustatymus, pasirinkite nar\u0161ykl\u0119\/sistem\u0105 i\u0161 toliau pateikto s\u0105ra\u0161o ir vadovaukit\u0117s instrukcijomis.<br \/>- \"Internet Explorer<br \/>- \"Chrome<br \/>- Safaris<br \/>- \"Firefox<br \/>- Opera<br \/>- \"Android<br \/>- \"Safari\" (\"iOS\")<br \/>- \"Windows Phone<br \/>- \"Blackberry<\/p>\n<p><strong>V Dalijimasis duomenimis.<\/strong><\/p>\n<p>- Duomenimis su i\u0161or\u0117s \u0161alimis dalijamasi tik laikantis \u012fstatym\u0173.<br \/>- Operatorius gali b\u016bti \u012fpareigotas pateikti svetain\u0117je surinkt\u0105 informacij\u0105 \u012fgaliotoms institucijoms pagal teis\u0117tus pra\u0161ymus tiek, kiek to pra\u0161oma.<br \/>VI Baigiamosios nuostatos<br \/>- Administratorius turi teis\u0119 keisti \u0161i\u0105 privatumo politik\u0105. Asmenims, pateikusiems savo asmens duomenis, galioja aktuali Privatumo politikos versija, kuri\u0105 galima rasti adresu\u00a0<a href=\"https:\/\/www.imapolska.eu\/dokumenty-i-polityka-prywatnosci\/polityka-prywatnosci\" target=\"_blank\" rel=\"noopener\">https:\/\/imapolska.eu\/polityka-prywatnosci<\/a>- Klausimams, kuri\u0173 neapima \u0161i privatumo politika, taikomos galiojan\u010dios Lenkijos teis\u0117s nuostatos.<\/p>\n\n\t\t<\/div>\n\t<\/div>\n<\/div><\/div><\/div><\/div><\/div><\/section>","protected":false},"excerpt":{"rendered":"I Informacje og\u00f3lne \u2022 Niniejsza Polityka Prywatno\u015bci i Polityka Cookies okre\u015bla spos\u00f3b pozyskiwania, przetwarzania oraz ochrony danych osobowych przekazanych przez U\u017cytkownik\u00f3w oraz plik\u00f3w Cookies a tak\u017ce innych technologii pojawiaj\u0105cych si\u0119 na stronie internetowej www.imapolska.eu .Administratorem strony i danych osobowych przekazanych przekazywanych w jej ramach jest IMA Polska S.A., ul. Polna 21, 62-095 Murowana Go\u015blina, NIP: [...]","protected":false},"author":1,"featured_media":0,"parent":0,"menu_order":9,"comment_status":"closed","ping_status":"closed","template":"","meta":{"footnotes":""},"class_list":["post-3","page","type-page","status-publish","hentry"],"_links":{"self":[{"href":"https:\/\/imapolska.pl\/lt\/wp-json\/wp\/v2\/pages\/3","targetHints":{"allow":["GET"]}}],"collection":[{"href":"https:\/\/imapolska.pl\/lt\/wp-json\/wp\/v2\/pages"}],"about":[{"href":"https:\/\/imapolska.pl\/lt\/wp-json\/wp\/v2\/types\/page"}],"author":[{"embeddable":true,"href":"https:\/\/imapolska.pl\/lt\/wp-json\/wp\/v2\/users\/1"}],"replies":[{"embeddable":true,"href":"https:\/\/imapolska.pl\/lt\/wp-json\/wp\/v2\/comments?post=3"}],"version-history":[{"count":4,"href":"https:\/\/imapolska.pl\/lt\/wp-json\/wp\/v2\/pages\/3\/revisions"}],"predecessor-version":[{"id":4567,"href":"https:\/\/imapolska.pl\/lt\/wp-json\/wp\/v2\/pages\/3\/revisions\/4567"}],"wp:attachment":[{"href":"https:\/\/imapolska.pl\/lt\/wp-json\/wp\/v2\/media?parent=3"}],"curies":[{"name":"wp","href":"https:\/\/api.w.org\/{rel}","templated":true}]}}