{"id":5002,"date":"2025-12-15T09:15:52","date_gmt":"2025-12-15T08:15:52","guid":{"rendered":"https:\/\/imapolska.pl\/?page_id=5002"},"modified":"2026-02-25T08:56:38","modified_gmt":"2026-02-25T07:56:38","slug":"carriera","status":"publish","type":"page","link":"https:\/\/imapolska.pl\/it\/kariera\/","title":{"rendered":"Carriera"},"content":{"rendered":"<p><style>@media (min-width: 992px) { .liquid-row-responsive-69de41ddabfa4 {padding-right:100px !important; padding-left:100px !important;  }  } @media (min-width: 1200px) { .liquid-row-responsive-69de41ddabfa4 {padding-top:200px !important; padding-bottom:200px !important;  }  }    <\/style><section style=\"background-attachment:fixed;\" data-bg-image=\"url\" class=\"vc_row vc_custom_1766256825953 liquid-row-responsive-69de41ddabfa4 liquid-row-shadowbox-69de41ddabfd3 vc_row-has-fill vc_row-has-bg\"><div class=\"ld-container container\"><div class=\"row ld-row ld-row-outer vc_row-o-content-middle vc_row-flex\"><div class=\"wpb_column vc_column_container vc_col-sm-12 liquid-column-69de41ddacb0b\"><div class=\"vc_column-inner\" ><div class=\"wpb_wrapper\"  ><style>.ld_fancy_heading_69de41ddaccec h2{color:rgb(255, 255, 255);}.ld_fancy_heading_69de41ddaccec .lqd-highlight-inner{height:0.275em!important;bottom:0px!important;}<\/style><div class=\"ld-fancy-heading text-center ld_fancy_heading_69de41ddaccec\">\n\t<h2 class=\"ld-fh-element lqd-highlight-underline lqd-highlight-grow-left text-decoration-default lqd-split-lines\"   data-split-text=\"true\" data-split-options='{\"type\":\"lines\"}'>  Entrare a far parte del team IMA Polonia<\/h2><\/div><style>.ld_fancy_heading_69de41ddad05c h5{color:rgb(255, 255, 255);}.ld_fancy_heading_69de41ddad05c h5 {font-size:17px; } .ld_fancy_heading_69de41ddad05c .lqd-highlight-inner{height:0.275em!important;bottom:0px!important;}.ld_fancy_heading_69de41ddad05c h5 {font-size:17px; } <\/style><div class=\"ld-fancy-heading text-center ld_fancy_heading_69de41ddad05c\">\n\t<h5 class=\"ld-fh-element lqd-highlight-underline lqd-highlight-grow-left text-decoration-default lqd-split-lines\"   data-split-text=\"true\" data-split-options='{\"type\":\"lines\"}'>  Cerchiamo persone che vogliano co-creare il futuro dell'industria polacca, basato su innovazione, sostenibilit\u00e0 e responsabilit\u00e0 ambientale.<\/h5><\/div><\/div><\/div><\/div><\/div><\/div><\/section><style>@media (min-width: 768px) { .liquid-row-responsive-69de41ddad33c {padding-top:60px !important; padding-bottom:60px !important;  }  } @media (min-width: 992px) { .liquid-row-responsive-69de41ddad33c {padding-top:60px !important; padding-bottom:60px !important;  }  } @media (min-width: 1200px) { .liquid-row-responsive-69de41ddad33c {padding-top:60px !important; padding-bottom:60px !important;  }  }    <\/style><section class=\"vc_row vc_custom_1765786296290 liquid-row-responsive-69de41ddad33c liquid-row-shadowbox-69de41ddad364\"><div class=\"ld-container container\"><div class=\"row ld-row ld-row-outer\"><div class=\"wpb_column vc_column_container vc_col-sm-12 liquid-column-69de41ddad59d\"><div class=\"vc_column-inner\" ><div class=\"wpb_wrapper\"  ><style>.ld_fancy_heading_69de41ddad725 .lqd-highlight-inner{height:0.275em!important;bottom:0px!important;}<\/style><div class=\"ld-fancy-heading text-center ld_fancy_heading_69de41ddad725\">\n\t<h2 class=\"ld-fh-element lqd-highlight-underline lqd-highlight-grow-left text-decoration-default\"   >  Offriamo<\/h2><\/div><div class=\"vc_row vc_inner vc_row-fluid liquid-row-shadowbox-69de41ddadc9b\"><div class=\"ld-container container-fluid\"><div class=\"row ld-row ld-row-inner\"><div class=\"wpb_column vc_column_container vc_col-sm-3 liquid-column-69de41ddae3c9\"><div class=\"vc_column-inner\" ><div class=\"wpb_wrapper\" ><style>.ld_icon_box_69de41ddae595 .lqd-iconbox-title{margin-bottom:px;}.ld_icon_box_69de41ddae595 .iconbox-icon-container{border-radius:px;}<\/style>\n<div class=\"iconbox text-align-default ld_icon_box_69de41ddae595\" id=\"ld_icon_box_69de41ddae595\"  data-animate-icon=\"true\"  >\n\t\n\t\t\t\t\t\n\t\n\t<div class=\"iconbox-icon-wrap\"><span class=\"iconbox-icon-container\"><i class=\"fas fa-briefcase\"><\/i><\/span><\/div>\t\n\t\t\n\t\t\n\t\t\n\t<h3 class=\"lqd-iconbox-title\">Impiego stabile in un'azienda con pi\u00f9 di 15 anni di tradizione<\/h3>\t\t\t\n\t\t\n\t\n<\/div>\n<\/div><\/div><\/div><div class=\"wpb_column vc_column_container vc_col-sm-3 liquid-column-69de41ddaf032\"><div class=\"vc_column-inner\" ><div class=\"wpb_wrapper\" ><style>.ld_icon_box_69de41ddaf20f .lqd-iconbox-title{margin-bottom:px;}.ld_icon_box_69de41ddaf20f .iconbox-icon-container{border-radius:px;}<\/style>\n<div class=\"iconbox text-align-default ld_icon_box_69de41ddaf20f\" id=\"ld_icon_box_69de41ddaf20f\"  data-animate-icon=\"true\"  >\n\t\n\t\t\t\t\t\n\t\n\t<div class=\"iconbox-icon-wrap\"><span class=\"iconbox-icon-container\"><i class=\"fas fa-chart-line\"><\/i><\/span><\/div>\t\n\t\t\n\t\t\n\t\t\n\t<h3 class=\"lqd-iconbox-title\">Stipendi nei TOP 10% datori di lavoro della regione<\/h3>\t\t\t\n\t\t\n\t\n<\/div>\n<\/div><\/div><\/div><div class=\"wpb_column vc_column_container vc_col-sm-3 liquid-column-69de41ddafae0\"><div class=\"vc_column-inner\" ><div class=\"wpb_wrapper\" ><style>.ld_icon_box_69de41ddafdb0 .lqd-iconbox-title{margin-bottom:px;}.ld_icon_box_69de41ddafdb0 .iconbox-icon-container{border-radius:px;}<\/style>\n<div class=\"iconbox text-align-default ld_icon_box_69de41ddafdb0\" id=\"ld_icon_box_69de41ddafdb0\"  data-animate-icon=\"true\"  >\n\t\n\t\t\t\t\t\n\t\n\t<div class=\"iconbox-icon-wrap\"><span class=\"iconbox-icon-container\"><i class=\"fas fa-leaf\"><\/i><\/span><\/div>\t\n\t\t\n\t\t\n\t\t\n\t<h3 class=\"lqd-iconbox-title\">Impatto reale sullo sviluppo di progetti di energia verde e biotecnologia<\/h3>\t\t\t\n\t\t\n\t\n<\/div>\n<\/div><\/div><\/div><div class=\"wpb_column vc_column_container vc_col-sm-3 liquid-column-69de41ddb03aa\"><div class=\"vc_column-inner\" ><div class=\"wpb_wrapper\" ><style>.ld_icon_box_69de41ddb056d .lqd-iconbox-title{margin-bottom:px;}.ld_icon_box_69de41ddb056d .iconbox-icon-container{border-radius:px;}<\/style>\n<div class=\"iconbox text-align-default ld_icon_box_69de41ddb056d\" id=\"ld_icon_box_69de41ddb056d\"  data-animate-icon=\"true\"  >\n\t\n\t\t\t\t\t\n\t\n\t<div class=\"iconbox-icon-wrap\"><span class=\"iconbox-icon-container\"><i class=\"fas fa-users\"><\/i><\/span><\/div>\t\n\t\t\n\t\t\n\t\t\n\t<h3 class=\"lqd-iconbox-title\">Lavorare in un team affiatato di professionisti<\/h3>\t\t\t\n\t\t\n\t\n<\/div>\n<\/div><\/div><\/div><\/div><\/div><\/div><\/div><\/div><\/div><\/div><\/div><\/section><section class=\"vc_row liquid-row-shadowbox-69de41ddb09cf\"><div class=\"ld-container container\"><div class=\"row ld-row ld-row-outer\"><div class=\"wpb_column vc_column_container vc_col-sm-12 liquid-column-69de41ddb0d06\"><div class=\"vc_column-inner\" ><div class=\"wpb_wrapper\"  ><style>.ld_fancy_heading_69de41ddb0f15 .lqd-highlight-inner{height:0.275em!important;bottom:0px!important;}<\/style><div class=\"ld-fancy-heading text-center ld_fancy_heading_69de41ddb0f15\">\n\t<h2 class=\"ld-fh-element lqd-highlight-underline lqd-highlight-grow-left text-decoration-default\"   >  Le offerte di lavoro attuali sono riportate di seguito<\/h2><\/div><\/div><\/div><\/div><\/div><\/div><\/section><style>@media (min-width: 768px) { .liquid-row-responsive-69de41ddb1606 {padding-top:60px !important; padding-bottom:60px !important;  }  } @media (min-width: 992px) { .liquid-row-responsive-69de41ddb1606 {padding-top:60px !important; padding-bottom:60px !important;  }  } @media (min-width: 1200px) { .liquid-row-responsive-69de41ddb1606 {padding-top:60px !important; padding-bottom:60px !important;  }  }    <\/style><section class=\"vc_row vc_custom_1765786239123 liquid-row-responsive-69de41ddb1606 liquid-row-shadowbox-69de41ddb1629\"><div class=\"ld-container container\"><div class=\"row ld-row ld-row-outer\"><div class=\"wpb_column vc_column_container vc_col-sm-12 liquid-column-69de41ddb1815\"><div class=\"vc_column-inner\" ><div class=\"wpb_wrapper\"  ><style>.ld_fancy_heading_69de41ddb1a2f .lqd-highlight-inner{height:0.275em!important;bottom:0px!important;}<\/style><div class=\"ld-fancy-heading text-center ld_fancy_heading_69de41ddb1a2f\">\n\t<div class=\"ld-fh-element lqd-highlight-underline lqd-highlight-grow-left text-decoration-default\"   >  <\/p>\n<p style=\"font-size: 22px\">Attualmente stiamo reclutando per le seguenti posizioni:<\/p>\n<p style=\"font-size: 21px;line-height: 2\">\nTecnico di laboratorio (laboratorio di produzione) - <a style=\"color: #0077b5\" href=\"https:\/\/www.pracuj.pl\/praca\/laborant-laborantka-laboratorium-produkcyjne-murowana-goslina,oferta,1004662111?s=832ff526&#038;searchId=MTc3MjAwMTkzODUxOS4xODI0\" target=\"_blank\" rel=\"noopener\"><i class=\"fa fa-external-link\"><\/i> Pracuj.pl<\/a><br \/>\nResponsabile indipendente per la qualit\u00e0, l'ambiente e la conformit\u00e0 <a style=\"color: #0077b5\" href=\"https:\/\/www.pracuj.pl\/praca\/samodzielny-a-specjalista-tka-ds-jakosci-ochrony-srodowiska-i-compliance-murowana-goslina,oferta,1004662110?s=832ff526&#038;searchId=MTc3MjAwMTkzODUxOS4xODI0\" target=\"_blank\" rel=\"noopener\"><i class=\"fa fa-external-link\"><\/i> Pracuj.pl<\/a><\/p>\n<p><\/div><\/div><\/div><\/div><\/div><\/div><\/div><\/section><style>@media (min-width: 992px) { .liquid-row-responsive-69de41ddb22c5 {padding-right:100px !important; padding-left:100px !important;  }  } @media (min-width: 1200px) { .liquid-row-responsive-69de41ddb22c5 {padding-top:140px !important; padding-bottom:140px !important;  }  }    <\/style><section data-row-bg=\"https:\/\/imapolska.pl\/wp-content\/uploads\/2025\/12\/4171344.jpg?id=5016\" style=\"background-attachment:fixed;\" data-bg-image=\"url\" class=\"vc_row vc_custom_1765785398252 liquid-row-responsive-69de41ddb22c5 liquid-row-shadowbox-69de41ddb22ec vc_row-has-fill vc_row-has-bg lqd-has-bg-markup row-bg-appended\"><span class=\"row-bg-loader\"><\/span><div class=\"row-bg-wrap\">\n\t\t<div class=\"row-bg-inner\">\n\t\t\t<figure class=\"row-bg\" ><\/figure>\n\t\t<\/div>\n\t<\/div><div class=\"ld-container container\"><div class=\"row ld-row ld-row-outer vc_row-o-content-middle vc_row-flex\"><div class=\"wpb_column vc_column_container vc_col-sm-12 liquid-column-69de41ddb24d4\"><div class=\"vc_column-inner\" ><div class=\"wpb_wrapper\"  ><style>.ld_fancy_heading_69de41ddb261f .lqd-highlight-inner{height:0.275em!important;bottom:0px!important;}<\/style><div class=\"ld-fancy-heading text-center ld_fancy_heading_69de41ddb261f\">\n\t<h2 class=\"ld-fh-element lqd-highlight-underline lqd-highlight-grow-left text-decoration-default lqd-split-lines\"   data-split-text=\"true\" data-split-options='{\"type\":\"lines\"}'>  Non vedete un'offerta di lavoro adeguata?<\/h2><\/div><style>.ld_fancy_heading_69de41ddb2b8d .lqd-highlight-inner{height:0.275em!important;bottom:0px!important;}<\/style><div class=\"ld-fancy-heading text-center ld_fancy_heading_69de41ddb2b8d\">\n\t<h4 class=\"ld-fh-element lqd-highlight-underline lqd-highlight-grow-left text-decoration-default lqd-split-lines\"   data-split-text=\"true\" data-split-options='{\"type\":\"lines\"}'>  Inviare il proprio CV a: <strong><a href=\"mailto:kariera@imapolska.eu\">kariera@imapolska.eu<\/a><\/strong> - Saremo lieti di ascoltarvi.<\/h4><\/div><\/div><\/div><\/div><\/div><\/div><\/section>","protected":false},"excerpt":{"rendered":"Do\u0142\u0105cz do zespo\u0142u IMA Polska Szukamy ludzi, kt\u00f3rzy chc\u0105 wsp\u00f3\u0142tworzy\u0107 przysz\u0142o\u015b\u0107 polskiego przemys\u0142u \u2013 opartego na innowacji, zr\u00f3wnowa\u017conym rozwoju i odpowiedzialno\u015bci za \u015brodowisko. Oferujemy Stabilne zatrudnienie w firmie z ponad 15-letni\u0105 tradycj\u0105 Wynagrodzenie w TOP 10% pracodawc\u00f3w w regionie Realny wp\u0142yw na rozw\u00f3j projekt\u00f3w z obszaru zielonej energii i biotechnologii Prac\u0119 w zgranym zespole specjalist\u00f3w [...]","protected":false},"author":3,"featured_media":0,"parent":0,"menu_order":0,"comment_status":"closed","ping_status":"closed","template":"","meta":{"footnotes":""},"class_list":["post-5002","page","type-page","status-publish","hentry"],"_links":{"self":[{"href":"https:\/\/imapolska.pl\/it\/wp-json\/wp\/v2\/pages\/5002","targetHints":{"allow":["GET"]}}],"collection":[{"href":"https:\/\/imapolska.pl\/it\/wp-json\/wp\/v2\/pages"}],"about":[{"href":"https:\/\/imapolska.pl\/it\/wp-json\/wp\/v2\/types\/page"}],"author":[{"embeddable":true,"href":"https:\/\/imapolska.pl\/it\/wp-json\/wp\/v2\/users\/3"}],"replies":[{"embeddable":true,"href":"https:\/\/imapolska.pl\/it\/wp-json\/wp\/v2\/comments?post=5002"}],"version-history":[{"count":34,"href":"https:\/\/imapolska.pl\/it\/wp-json\/wp\/v2\/pages\/5002\/revisions"}],"predecessor-version":[{"id":6111,"href":"https:\/\/imapolska.pl\/it\/wp-json\/wp\/v2\/pages\/5002\/revisions\/6111"}],"wp:attachment":[{"href":"https:\/\/imapolska.pl\/it\/wp-json\/wp\/v2\/media?parent=5002"}],"curies":[{"name":"wp","href":"https:\/\/api.w.org\/{rel}","templated":true}]}}