{"id":3715,"date":"2025-04-14T08:29:06","date_gmt":"2025-04-14T06:29:06","guid":{"rendered":"https:\/\/imapolska.pl\/?page_id=3715"},"modified":"2025-08-07T13:47:28","modified_gmt":"2025-08-07T11:47:28","slug":"rodo","status":"publish","type":"page","link":"https:\/\/imapolska.pl\/it\/rodo\/","title":{"rendered":"Informazioni sul trattamento dei dati personali"},"content":{"rendered":"<section class=\"vc_row liquid-row-shadowbox-69e4dd23e06b5\"><div class=\"ld-container container\"><div class=\"row ld-row ld-row-outer\"><div class=\"wpb_column vc_column_container vc_col-sm-12 liquid-column-69e4dd23e09e1\"><div class=\"vc_column-inner\" ><div class=\"wpb_wrapper\"  >\n\t<div class=\"wpb_text_column wpb_content_element\" >\n\t\t<div class=\"wpb_wrapper\">\n\t\t\t<p>Ai sensi dell'articolo 13, paragrafi 1 e 2, del Regolamento (UE) 2016\/679 del Parlamento europeo e del Consiglio, del 27 aprile 2016, relativo alla protezione delle persone fisiche con riguardo al trattamento dei dati personali, nonch\u00e9 alla libera circolazione di tali dati e che abroga la direttiva 95\/46\/CE (regolamento generale sulla protezione dei dati)(Gazzetta ufficiale dell'UE L 119 del 04.05.2016, pag. 1), di seguito \u201eRODO\u201d, La informiamo che:<\/p>\n<p>1. l'Amministratore dei Suoi dati personali \u00e8 IMA Polska S.A. con sede legale in ul. Polna 21, 62-095 Murowana Go\u015blina, KRS: 0000566925, NIP: 7822510305, REGON: 30153074200000, Tel: (+48) 530 595 395, indirizzo e-mail: rodo@imapolska.eu<\/p>\n<p>(2) Per le questioni relative alla protezione dei dati, \u00e8 possibile rivolgersi all'indirizzo e-mail: rodo@imapolska.eu o all'indirizzo della sede legale dell'Amministratore con l'oggetto Protezione dei dati.<\/p>\n<p>3 Il titolare del trattamento tratta i dati personali:<\/p>\n<p>1) Contraenti che sono persone fisiche:<\/p>\n<p>(a) sulla base dell'articolo 6, paragrafo 1, lettera b), del RODO - ai fini della conclusione e dell'esecuzione di contratti che vincolano l'Amministratore - per la durata del contratto;<br \/>\n(b) sulla base dell'Articolo 6(1)(c) del RODO - al fine di adempiere agli obblighi dell'Amministratore ai sensi della legge applicabile, inclusi in particolare gli obblighi ai sensi della legge fiscale - fino al momento in cui gli obblighi sono adempiuti o scadono;<br \/>\nc) sulla base dell'articolo 6, paragrafo 1, lettera f) del RODO - per le finalit\u00e0 derivanti dai legittimi interessi perseguiti dall'Amministratore, tra cui in particolare l'accertamento, l'accertamento e la difesa dei crediti, per finalit\u00e0 di archiviazione e statistiche e per l'applicazione del marketing diretto - fino a quando non venga sollevata un'obiezione al trattamento o fino a quando non intervenga la prescrizione dei crediti\/il legittimo interesse dell'Amministratore;<br \/>\nd) in base all'articolo 6, paragrafo 1, lettera a), del RODO - se avete dato il relativo consenso all'invio di informazioni commerciali e alla promozione dei vostri servizi - fino a quando non ritirerete il vostro consenso;<\/p>\n<p>2) le persone che soggiornano nei locali dell'Amministratore - in base all'articolo 6, paragrafo 1, lettera f) del RODO - sotto forma di immagini registrate dal sistema di videosorveglianza - al fine di garantire la sicurezza delle persone che soggiornano nei locali dell'Amministratore e di proteggere la propriet\u00e0, nonch\u00e9 di mantenere la riservatezza delle informazioni la cui divulgazione potrebbe esporre l'Amministratore a danni.<\/p>\n<p>4 I destinatari dei dati personali possono essere altri soggetti che collaborano con l'Amministratore per la realizzazione delle finalit\u00e0 del trattamento di cui al punto 3. I soggetti a cui possono essere trasferiti i dati personali si impegnano a mantenere la riservatezza e a mettere in atto misure tecniche e organizzative adeguate a garantire la protezione dei dati personali trasferiti.<\/p>\n<p>5 Avete il diritto di accedere al contenuto dei vostri dati e il diritto di rettifica, cancellazione, limitazione del trattamento, il diritto alla portabilit\u00e0 dei dati, il diritto di opporsi al trattamento e il diritto di revocare il vostro consenso in qualsiasi momento (senza pregiudicare la liceit\u00e0 del trattamento effettuato sulla base del consenso prima della sua revoca).<\/p>\n<p>(6) L'utente ha il diritto di presentare un reclamo al presidente dell'Autorit\u00e0 per la protezione dei dati se i suoi dati personali sono trattati in violazione delle disposizioni del RGDP, della legge del 10 maggio 2018 sulla protezione dei dati personali (Gazzetta ufficiale 2018, punto 1000 e successive modifiche) e di qualsiasi altra normativa nazionale di applicazione del RGDP.<\/p>\n<p>7 I Suoi dati personali non saranno trattati dall'Amministratore sulla base di un processo decisionale automatizzato, compresa la profilazione.<\/p>\n<p>8 Il titolare del trattamento non trasferir\u00e0 i vostri dati personali a paesi terzi (al di fuori dell'Unione Europea o dello Spazio Economico Europeo) o a organizzazioni internazionali.<\/p>\n<p>9. i dati personali sono forniti dall'utente volontariamente, ma sono un requisito necessario per le finalit\u00e0 del trattamento di cui alla sezione 3.<\/p>\n\n\t\t<\/div>\n\t<\/div>\n<\/div><\/div><\/div><\/div><\/div><\/section>","protected":false},"excerpt":{"rendered":"Zgodnie z art. 13 ust.1 i 2 rozporz\u0105dzenia Parlamentu Europejskiego i Rady (UE) 2016\/679 z dnia 27 kwietnia 2016 r. w sprawie ochrony os\u00f3b fizycznych w zwi\u0105zku z przetwarzaniem danych osobowych i w sprawie swobodnego przep\u0142ywu takich danych oraz uchylenia dyrektywy 95\/46\/WE (og\u00f3lne rozporz\u0105dzenie o ochronie danych)(Dz. Urz. UE L 119 z 04.05.2016, str. 1), [...]","protected":false},"author":1,"featured_media":0,"parent":0,"menu_order":9,"comment_status":"closed","ping_status":"closed","template":"","meta":{"footnotes":""},"class_list":["post-3715","page","type-page","status-publish","hentry"],"_links":{"self":[{"href":"https:\/\/imapolska.pl\/it\/wp-json\/wp\/v2\/pages\/3715","targetHints":{"allow":["GET"]}}],"collection":[{"href":"https:\/\/imapolska.pl\/it\/wp-json\/wp\/v2\/pages"}],"about":[{"href":"https:\/\/imapolska.pl\/it\/wp-json\/wp\/v2\/types\/page"}],"author":[{"embeddable":true,"href":"https:\/\/imapolska.pl\/it\/wp-json\/wp\/v2\/users\/1"}],"replies":[{"embeddable":true,"href":"https:\/\/imapolska.pl\/it\/wp-json\/wp\/v2\/comments?post=3715"}],"version-history":[{"count":3,"href":"https:\/\/imapolska.pl\/it\/wp-json\/wp\/v2\/pages\/3715\/revisions"}],"predecessor-version":[{"id":4566,"href":"https:\/\/imapolska.pl\/it\/wp-json\/wp\/v2\/pages\/3715\/revisions\/4566"}],"wp:attachment":[{"href":"https:\/\/imapolska.pl\/it\/wp-json\/wp\/v2\/media?parent=3715"}],"curies":[{"name":"wp","href":"https:\/\/api.w.org\/{rel}","templated":true}]}}