{"id":3896,"date":"2025-04-14T15:21:01","date_gmt":"2025-04-14T13:21:01","guid":{"rendered":"https:\/\/imapolska.pl\/?page_id=3896"},"modified":"2026-01-19T15:04:06","modified_gmt":"2026-01-19T14:04:06","slug":"ertesitesek","status":"publish","type":"page","link":"https:\/\/imapolska.pl\/hu\/kontakt\/zgloszenia\/","title":{"rendered":"Alkalmaz\u00e1sok"},"content":{"rendered":"<style>@media (min-width: 992px) { .liquid-row-responsive-69e1eb3ca4961 {padding-top:80px !important; padding-bottom:80px !important;  }  }    <\/style><section class=\"vc_row vc_custom_1608199084580 liquid-row-responsive-69e1eb3ca4961 liquid-row-shadowbox-69e1eb3ca49e0\"><div class=\"ld-container container\"><div class=\"row ld-row ld-row-outer vc_row-o-content-middle vc_row-flex\"><style>@media (min-width: 768px) { .liquid-column-responsive-69e1eb3ca533e > .vc_column-inner {padding-top:55px !important; padding-right:20px !important; padding-bottom:35px !important; padding-left:20px !important;  }  } @media (min-width: 992px) { .liquid-column-responsive-69e1eb3ca533e > .vc_column-inner {margin-bottom:0px !important; padding-right:60px !important; padding-left:60px !important;  }  } <\/style><div class=\"wpb_column vc_column_container vc_col-sm-6 liquid-column-69e1eb3ca5337 liquid-column-responsive-69e1eb3ca533e vc_col-has-fill\"><div class=\"vc_column-inner  vc_custom_1608199163750\" ><div class=\"wpb_wrapper\"  ><style>.ld_fancy_heading_69e1eb3ca5897 h1 {font-size:34px; } .ld_fancy_heading_69e1eb3ca5897 h1 {font-weight:500; } .ld_fancy_heading_69e1eb3ca5897 .lqd-highlight-inner{height:0.275em!important;bottom:0px!important;}.ld_fancy_heading_69e1eb3ca5897 h1 {font-size:34px; } .ld_fancy_heading_69e1eb3ca5897 h1 {font-weight:500; } <\/style><div class=\"ld-fancy-heading ld_fancy_heading_69e1eb3ca5897\">\n\t<h1 class=\"ld-fh-element lqd-highlight-underline lqd-highlight-grow-left text-decoration-default\"   >  Skontaktuj si\u0119 z nami<\/h1><\/div><style>.ld_fancy_heading_69e1eb3ca5fa0 p {margin-bottom:2.5em !important;  } .ld_fancy_heading_69e1eb3ca5fa0 .lqd-highlight-inner{height:0.275em!important;bottom:0px!important;}.ld_fancy_heading_69e1eb3ca5fa0 p {margin-bottom:2.5em !important;  } <\/style><div class=\"ld-fancy-heading ld_fancy_heading_69e1eb3ca5fa0\">\n\t<p class=\"ld-fh-element lqd-highlight-underline lqd-highlight-grow-left text-decoration-default\"   >  <strong>IMA Polska S.A.<\/strong><\/p>\n<p>NIP: 782-251-03-05<br \/>\nREGON: 301530742<br \/>\nKRS: 0000566925<br \/>\nBDO 000128100<br \/>\n<span id=\"cloak7a254e36de308ccdd787a86bb51a0616\"><\/span><\/p><\/div><style>.ld_icon_box_69e1eb3ca677f .iconbox-icon-container{color:rgb(204, 204, 204);font-size:16px;border-radius:px;}.ld_icon_box_69e1eb3ca677f .iconbox-icon-wrap{margin-inline-end:15px !important;}.ld_icon_box_69e1eb3ca677f .lqd-iconbox-title{color:rgba(0, 0, 0, 0.6);margin-bottom:px;font-size:15px;}<\/style>\n<div class=\"iconbox iconbox-side text-align-default ld_icon_box_69e1eb3ca677f vc_custom_1744353504409\" id=\"ld_icon_box_69e1eb3ca677f\"  data-animate-icon=\"true\" data-plugin-options='{\"color\":\"rgb(204, 204, 204)\"}'  >\n\t\n\t\t\t\t\t\n\t\n\t<div class=\"iconbox-icon-wrap\"><span class=\"iconbox-icon-container\"><i class=\"fas fa-map-marker-alt\"><\/i><\/span><\/div>\t\n\t\t\n\t\t\n\t\t\n\t<h3 class=\"lqd-iconbox-title font-weight-normal\">ul. Polna 21,<br \/>62-095 Murowana Go\u015blina<\/h3>\t\t\t\n\t\t\n\t\n<\/div>\n<style>.ld_icon_box_69e1eb3ca85f5 .iconbox-icon-container{color:rgb(204, 204, 204);font-size:16px;border-radius:px;}.ld_icon_box_69e1eb3ca85f5 .iconbox-icon-wrap{margin-inline-end:15px !important;}.ld_icon_box_69e1eb3ca85f5 .lqd-iconbox-title{color:rgba(0, 0, 0, 0.6);margin-bottom:px;font-size:15px;}<\/style>\n<div class=\"iconbox iconbox-side text-align-default ld_icon_box_69e1eb3ca85f5 vc_custom_1744353665286\" id=\"ld_icon_box_69e1eb3ca85f5\"  data-animate-icon=\"true\" data-plugin-options='{\"color\":\"rgb(204, 204, 204)\"}'  >\n\t\n\t\t\t\t\t\n\t\n\t<div class=\"iconbox-icon-wrap\"><span class=\"iconbox-icon-container\"><i class=\"fas fa-envelope\"><\/i><\/span><\/div>\t\n\t\t\n\t\t\n\t\t\n\t<h3 class=\"lqd-iconbox-title font-weight-normal\">sekretariat@imapolska.eu<\/h3>\t\t\t\n\t\t\n\t\n<\/div>\n<style>.ld_icon_box_69e1eb3ca9cfc .iconbox-icon-container{color:rgb(204, 204, 204);font-size:16px;border-radius:px;}.ld_icon_box_69e1eb3ca9cfc .iconbox-icon-wrap{margin-inline-end:15px !important;}.ld_icon_box_69e1eb3ca9cfc .lqd-iconbox-title{color:rgba(0, 0, 0, 0.6);margin-bottom:px;font-size:15px;}<\/style>\n<div class=\"iconbox iconbox-side text-align-default ld_icon_box_69e1eb3ca9cfc vc_custom_1744353680906\" id=\"ld_icon_box_69e1eb3ca9cfc\"  data-animate-icon=\"true\" data-plugin-options='{\"color\":\"rgb(204, 204, 204)\"}'  >\n\t\n\t\t\t\t\t\n\t\n\t<div class=\"iconbox-icon-wrap\"><span class=\"iconbox-icon-container\"><i class=\"fas fa-mobile\"><\/i><\/span><\/div>\t\n\t\t\n\t\t\n\t\t\n\t<h3 class=\"lqd-iconbox-title font-weight-normal\">+48 61 307 02 10<\/h3>\t\t\t\n\t\t\n\t\n<\/div>\n<style>.ld_fancy_heading_69e1eb3caa925 p {margin-bottom:2.5em !important;  } .ld_fancy_heading_69e1eb3caa925 .lqd-highlight-inner{height:0.275em!important;bottom:0px!important;}.ld_fancy_heading_69e1eb3caa925 p {margin-bottom:2.5em !important;  } <\/style><div class=\"ld-fancy-heading ld_fancy_heading_69e1eb3caa925\">\n\t<p class=\"ld-fh-element lqd-highlight-underline lqd-highlight-grow-left text-decoration-default\"   >  <strong>Awizacje i dostawy<\/strong><br \/>\ntel: (+48) 537 001 243<br \/>\n<span id=\"cloak287b791e67abc5c245fb024ab0bfca78\"><a href=\"mailto:portiernia@imapolska.eu\">portiernia@imapolska.eu<\/a><\/span><\/p>\n<p><strong>Handel krajowy<\/strong><br \/>\ntel: (+48) 602 388 843<br \/>\n<span id=\"cloake4338f8c638132c519327599f48339c6\"><a href=\"mailto:m.mielcarek@imapolska.eu\">m.mielcarek@imapolska.eu<\/a><\/span><\/p>\n<p><strong>Handel zagraniczny<\/strong><br \/>\ntel: (+48) 537 001 246<br \/>\n<span id=\"cloake8cd9c09fd5a3558754798b77decfb54\"><a href=\"mailto:a.kurkowicz@imapolska.eu\">a.kurkowicz@imapolska.eu<\/a><\/span><\/p>\n<p><strong>Handel produktami zbo\u017cowymi<\/strong><br \/>\ntel: (+48) 607 097 333<br \/>\n<span id=\"cloak8581b2a061d68fe3481963bb6aafa062\"><a href=\"mailto:b.wojciechowski@imapolska.eu\">b.wojciechowski@imapolska.eu<\/a><\/span><\/p>\n<p><strong>Ksi\u0119gowo\u015b\u0107 i finanse<\/strong><br \/>\n<span id=\"cloak7ab900f6919fd217ed79add0331912a3\"><a href=\"mailto:faktury@imapolska.eu\">faktury@imapolska.eu<\/a><\/span><\/p>\n<p><strong>Materia\u0142y paszowe<\/strong><br \/>\ntel: (+48) 570 481 083<br \/>\n<span id=\"cloak7a254e36de308ccdd787a86bb51a0616\"><a href=\"mailto:s.sikorska@imapolska.eu\">s.sikorska@imapolska.eu<\/a><\/span><\/p><\/div><\/div><\/div><\/div><style>@media (min-width: 992px) { .liquid-column-responsive-69e1eb3cac6d9 > .vc_column-inner {padding-right:12% !important;  }  } <\/style><div class=\"wpb_column vc_column_container vc_col-sm-6 vc_col-md-offset-1 vc_col-md-5 liquid-column-69e1eb3cac6d1 liquid-column-responsive-69e1eb3cac6d9\"><div class=\"vc_column-inner  \" ><div class=\"wpb_wrapper\"  ><style>.ld_fancy_heading_69e1eb3cacc49 .lqd-highlight-inner{height:0.275em!important;bottom:0px!important;}<\/style><div class=\"ld-fancy-heading ld_fancy_heading_69e1eb3cacc49\">\n\t<p class=\"ld-fh-element lqd-highlight-underline lqd-highlight-grow-left text-decoration-default\"   >  W tej sekcji mo\u017cna zg\u0142osi\u0107 wszelkie nieprawid\u0142owo\u015bci co do dzia\u0142ania firmy lub te\u017c podmiot\u00f3w wsp\u00f3\u0142pracuj\u0105cych z Ima Polska S.A. Wszelkie informacje s\u0105 traktowane poufnie. Administratorem danych jest Ima Polska S.A<\/p><\/div><style>.ld_cf7_69e1eb3cae2a2 input,.ld_cf7_69e1eb3cae2a2 textarea,.ld_cf7_69e1eb3cae2a2 .ui-button.ui-selectmenu-button{font-size:13px;}.ld_cf7_69e1eb3cae2a2 input[type=\"submit\"]{font-size:14px;}.ld_cf7_69e1eb3cae2a2 input, .ld_cf7_69e1eb3cae2a2 select, .ld_cf7_69e1eb3cae2a2 textarea, .ld_cf7_69e1eb3cae2a2 .ui-button.ui-selectmenu-button{background:rgb(247, 248, 248);}.ld_cf7_69e1eb3cae2a2 input, .ld_cf7_69e1eb3cae2a2 select, .ld_cf7_69e1eb3cae2a2 textarea, .ld_cf7_69e1eb3cae2a2 .ui-button.ui-selectmenu-button, .ld_cf7_69e1eb3cae2a2 .wpcf7-form-control-wrap > i, .ld_cf7_69e1eb3cae2a2 .wpcf7-radio{color:rgb(123, 131, 142);}.ld_cf7_69e1eb3cae2a2 input:focus, .ld_cf7_69e1eb3cae2a2 select:focus, .ld_cf7_69e1eb3cae2a2 textarea:focus, .ld_cf7_69e1eb3cae2a2 .ui-button.ui-selectmenu-button:hover, .wpcf7-acceptance .wpcf7-list-item-label:after{color:rgb(0, 0, 0);}<\/style><div id=\"ld_cf7_69e1eb3cae2a2\" class=\"lqd-contact-form lqd-contact-form-inputs-filled lqd-contact-form-inputs-round lqd-contact-form-button-block lqd-contact-form-button-round ld_cf7_69e1eb3cae2a2 vc_custom_1768831439109\">\n\t\n<div class=\"wpcf7 no-js\" id=\"wpcf7-f5580-o1\" lang=\"pl-PL\" dir=\"ltr\" data-wpcf7-id=\"5580\">\n<div class=\"screen-reader-response\"><p role=\"status\" aria-live=\"polite\" aria-atomic=\"true\"><\/p> <ul><\/ul><\/div>\n<form action=\"\/hu\/wp-json\/wp\/v2\/pages\/3896#wpcf7-f5580-o1\" method=\"post\" class=\"wpcf7-form init\" aria-label=\"Formularz kontaktowy\" novalidate=\"novalidate\" data-status=\"init\">\n<fieldset class=\"hidden-fields-container\"><input type=\"hidden\" name=\"_wpcf7\" value=\"5580\" \/><input type=\"hidden\" name=\"_wpcf7_version\" value=\"6.1.5\" \/><input type=\"hidden\" name=\"_wpcf7_locale\" value=\"pl_PL\" \/><input type=\"hidden\" name=\"_wpcf7_unit_tag\" value=\"wpcf7-f5580-o1\" \/><input type=\"hidden\" name=\"_wpcf7_container_post\" value=\"0\" \/><input type=\"hidden\" name=\"_wpcf7_posted_data_hash\" value=\"\" \/><input type=\"hidden\" name=\"_wpcf7_recaptcha_response\" value=\"\" \/>\n<\/fieldset>\n<p><label> Twoje imi\u0119 i nazwisko<br \/>\n<span class=\"wpcf7-form-control-wrap\" data-name=\"your-name\"><input size=\"40\" maxlength=\"400\" class=\"wpcf7-form-control wpcf7-text wpcf7-validates-as-required\" autocomplete=\"name\" aria-required=\"true\" aria-invalid=\"false\" value=\"\" type=\"text\" name=\"your-name\" \/><\/span> <\/label>\n<\/p>\n<p><label> Tw\u00f3j adres e-mail<br \/>\n<span class=\"wpcf7-form-control-wrap\" data-name=\"your-email\"><input size=\"40\" maxlength=\"400\" class=\"wpcf7-form-control wpcf7-email wpcf7-validates-as-required wpcf7-text wpcf7-validates-as-email\" autocomplete=\"email\" aria-required=\"true\" aria-invalid=\"false\" value=\"\" type=\"email\" name=\"your-email\" \/><\/span> <\/label>\n<\/p>\n<p><label> Temat<br \/>\n<span class=\"wpcf7-form-control-wrap\" data-name=\"your-subject\"><input size=\"40\" maxlength=\"400\" class=\"wpcf7-form-control wpcf7-text wpcf7-validates-as-required\" aria-required=\"true\" aria-invalid=\"false\" value=\"\" type=\"text\" name=\"your-subject\" \/><\/span> <\/label>\n<\/p>\n<p><label> Twoja wiadomo\u015bci (opcjonalne)<br \/>\n<span class=\"wpcf7-form-control-wrap\" data-name=\"your-message\"><textarea cols=\"40\" rows=\"10\" maxlength=\"2000\" class=\"wpcf7-form-control wpcf7-textarea\" aria-invalid=\"false\" name=\"your-message\"><\/textarea><\/span> <\/label>\n<\/p>\n<p><input class=\"wpcf7-form-control wpcf7-submit has-spinner\" type=\"submit\" value=\"Wy\u015blij\" \/>\n<\/p><div class=\"wpcf7-response-output\" aria-hidden=\"true\"><\/div>\n<\/form>\n<\/div>\n<\/div><style>.ld_fancy_heading_69e1eb3cb7e93 .lqd-highlight-inner{height:0.275em!important;bottom:0px!important;}<\/style><div class=\"ld-fancy-heading ld_fancy_heading_69e1eb3cb7e93\">\n\t<p class=\"ld-fh-element lqd-highlight-underline lqd-highlight-grow-left text-decoration-default\"   >  Przes\u0142ane przez Ciebie dane s\u0105 traktowane z najwy\u017csz\u0105 poufno\u015bci\u0105 i wykorzystywane wy\u0142\u0105cznie w celu rozwi\u0105zania zg\u0142oszonego problemu.<\/p>\n<p>Zapewniamy, \u017ce Twoje informacje nie b\u0119d\u0105 udost\u0119pniane osobom trzecim bez Twojej zgody, a ich przetwarzanie odbywa si\u0119 zgodnie z obowi\u0105zuj\u0105cymi przepisami o ochronie danych osobowych.<\/p>\n<p>Masz prawo do wgl\u0105du, poprawiania oraz \u017c\u0105dania usuni\u0119cia swoich danych w dowolnym momencie.<\/p><\/div><\/div><\/div><\/div><\/div><\/div><\/section>\n","protected":false},"excerpt":{"rendered":"Skontaktuj si\u0119 z nami IMA Polska S.A. NIP: 782-251-03-05 REGON: 301530742 KRS: 0000566925 BDO 000128100 ul. Polna 21,62-095 Murowana Go\u015blina sekretariat@imapolska.eu +48 61 307 02 10 Awizacje i dostawy tel: (+48) 537 001 243 portiernia@imapolska.eu Handel krajowy tel: (+48) 602 388 843 m.mielcarek@imapolska.eu Handel zagraniczny tel: (+48) 537 001 246 a.kurkowicz@imapolska.eu Handel produktami zbo\u017cowymi tel: [...]","protected":false},"author":1,"featured_media":0,"parent":272,"menu_order":2,"comment_status":"closed","ping_status":"closed","template":"","meta":{"footnotes":""},"class_list":["post-3896","page","type-page","status-publish","hentry"],"_links":{"self":[{"href":"https:\/\/imapolska.pl\/hu\/wp-json\/wp\/v2\/pages\/3896","targetHints":{"allow":["GET"]}}],"collection":[{"href":"https:\/\/imapolska.pl\/hu\/wp-json\/wp\/v2\/pages"}],"about":[{"href":"https:\/\/imapolska.pl\/hu\/wp-json\/wp\/v2\/types\/page"}],"author":[{"embeddable":true,"href":"https:\/\/imapolska.pl\/hu\/wp-json\/wp\/v2\/users\/1"}],"replies":[{"embeddable":true,"href":"https:\/\/imapolska.pl\/hu\/wp-json\/wp\/v2\/comments?post=3896"}],"version-history":[{"count":4,"href":"https:\/\/imapolska.pl\/hu\/wp-json\/wp\/v2\/pages\/3896\/revisions"}],"predecessor-version":[{"id":5581,"href":"https:\/\/imapolska.pl\/hu\/wp-json\/wp\/v2\/pages\/3896\/revisions\/5581"}],"up":[{"embeddable":true,"href":"https:\/\/imapolska.pl\/hu\/wp-json\/wp\/v2\/pages\/272"}],"wp:attachment":[{"href":"https:\/\/imapolska.pl\/hu\/wp-json\/wp\/v2\/media?parent=3896"}],"curies":[{"name":"wp","href":"https:\/\/api.w.org\/{rel}","templated":true}]}}