{"id":3494,"date":"2020-12-21T11:25:31","date_gmt":"2020-12-21T11:25:31","guid":{"rendered":"http:\/\/classichub.liquid-themes.com\/staging\/?page_id=3494"},"modified":"2026-01-11T21:34:28","modified_gmt":"2026-01-11T20:34:28","slug":"termekek","status":"publish","type":"page","link":"https:\/\/imapolska.pl\/hu\/produkty\/","title":{"rendered":"Term\u00e9kek"},"content":{"rendered":"<p><style>@media (min-width: 992px) { .liquid-row-responsive-69e19f6bc1c28 {padding-top:80px !important; padding-bottom:80px !important;  }  }    <\/style><section id=\"lista-produktow\" class=\"vc_row vc_custom_1767794077243 liquid-row-responsive-69e19f6bc1c28 liquid-row-shadowbox-69e19f6bc1c46\"><div class=\"ld-container container\"><div class=\"row ld-row ld-row-outer\"><div class=\"wpb_column vc_column_container vc_col-sm-6 vc_col-md-4 liquid-column-69e19f6bc1ee7\"><div class=\"vc_column-inner\" ><div class=\"wpb_wrapper\"  ><div id=\"ld_content_box_69e19f6bc206b\" class=\"lqd-fb lqd-fb-style-4 lqd-fb-zoom-img-onhover pos-rel ld_content_box_69e19f6bc206b\">\n\t<div class=\"lqd-fb-inner\">\n\n\t\t<div class=\"lqd-fb-img overflow-hidden\">\n\t\t\t<figure data-responsive-bg=\"true\"><img decoding=\"async\" src=\"https:\/\/imapolska.pl\/wp-content\/uploads\/2025\/04\/alkohol-etylowy-2.svg\" class=\"w-100 invisible\" alt=\"\" \/><\/figure>\t\t\t\t\t<\/div>\n\n\t\t<div class=\"lqd-fb-content pos-rel\">\n\t\t\t<div class=\"lqd-fb-bg lqd-overlay\"><\/div>\n\t\t\t<div class=\"lqd-fb-hover-overlay lqd-overlay\"><\/div>\n\t\t\t<div class=\"lqd-fb-content-inner pos-rel text-center p-5\">\n\n\t\t\t\t\t\t\t\t<h2 class=\"lqd-fb-content-title my-0 mb-3 font-weight-normal\">Etil-alkohol<\/h2>\n\t\t\t\t\t\t\t\t\n\t\t\t\t\t\t\t\t<p class=\"my-0\"> Az Ima Polska S.A. kiv\u00e1l\u00f3 min\u0151s\u00e9g\u0171 etil-alkohol el\u0151\u00e1ll\u00edt\u00e1s\u00e1ra szakosodott, a csal\u00e1di lep\u00e1rl\u00e1si hagyom\u00e1nyokat a modern technol\u00f3gi\u00e1kkal \u00f6tv\u00f6zve.<\/p>\n\t\t\t\t\n\t\t\t<\/div>\n\t\t\t\n\t\t\t\n\t\t\t\t\t\t<div class=\"lqd-fb-footer text-center py-3 px-5\">\n\t\t\t\t<style>.ld_button_69e19f6bc26ec .btn-icon{margin-inline-start:10px !important;}.ld_button_69e19f6bc26ec {line-height:1.5em; } .ld_button_69e19f6bc26ec {--element-line-height:1.5em; } .ld_button_69e19f6bc26ec {letter-spacing:0.05em; } .ld_button_69e19f6bc26ec {line-height:1.5em; } .ld_button_69e19f6bc26ec {--element-line-height:1.5em; } .ld_button_69e19f6bc26ec {letter-spacing:0.05em; } .ld_button_69e19f6bc26ec {line-height:1.5em; } .ld_button_69e19f6bc26ec {--element-line-height:1.5em; } .ld_button_69e19f6bc26ec {letter-spacing:0.05em; } .ld_button_69e19f6bc26ec {line-height:1.5em; } .ld_button_69e19f6bc26ec {--element-line-height:1.5em; } .ld_button_69e19f6bc26ec {letter-spacing:0.05em; } <\/style><a href=\"https:\/\/imapolska.pl\/hu\/termekek\/alkohole\/\" title=\"Alkoholok\" class=\"btn btn-naked text-uppercase btn-has-label ld_button_69e19f6bc26ec\" >\n\t<span>\n\t\n\t\t\t\t\t<span class=\"btn-txt\" data-text=\"Czytaj wi\u0119cej\" >B\u0151vebben<\/span>\n\t\t\n\t<span class=\"btn-icon\"><i class=\"lqd-icn-ess icon-md-arrow-round-forward\"><\/i><\/span>\t\t\t\t<\/span>\n<\/a>\n\t\t\t<\/div>\n\t\t\t\t\t\t\n\t\t<\/div>\n\n\t<\/div>\n<\/div><style>.ld_spacer_69e19f6bc289a{height:32px;}<\/style>\n<div class=\"ld-empty-space ld_spacer_69e19f6bc289a\"><\/div><\/div><\/div><\/div><div class=\"wpb_column vc_column_container vc_col-sm-6 vc_col-md-4 liquid-column-69e19f6bc2ab5\"><div class=\"vc_column-inner\" ><div class=\"wpb_wrapper\"  ><div id=\"ld_content_box_69e19f6bc2bd0\" class=\"lqd-fb lqd-fb-style-4 lqd-fb-zoom-img-onhover pos-rel ld_content_box_69e19f6bc2bd0\">\n\t<div class=\"lqd-fb-inner\">\n\n\t\t<div class=\"lqd-fb-img overflow-hidden\">\n\t\t\t<figure data-responsive-bg=\"true\"><img decoding=\"async\" src=\"https:\/\/imapolska.pl\/wp-content\/uploads\/2025\/04\/nawoz-organiczny.svg\" class=\"w-100 invisible\" alt=\"\" \/><\/figure>\t\t\t\t\t<\/div>\n\n\t\t<div class=\"lqd-fb-content pos-rel\">\n\t\t\t<div class=\"lqd-fb-bg lqd-overlay\"><\/div>\n\t\t\t<div class=\"lqd-fb-hover-overlay lqd-overlay\"><\/div>\n\t\t\t<div class=\"lqd-fb-content-inner pos-rel text-center p-5\">\n\n\t\t\t\t\t\t\t\t<h2 class=\"lqd-fb-content-title my-0 mb-3 font-weight-normal\">Szerves m\u0171tr\u00e1gya<\/h2>\n\t\t\t\t\t\t\t\t\n\t\t\t\t\t\t\t\t<p class=\"my-0\"> A v\u00e1llalat a Fermrolt, az erjeszt\u00e9si folyamat mell\u00e9kterm\u00e9kek\u00e9nt keletkez\u0151 szerves tr\u00e1gy\u00e1t k\u00edn\u00e1lja a fenntarthat\u00f3 mez\u0151gazdas\u00e1g t\u00e1mogat\u00e1s\u00e1ra.<\/p>\n\t\t\t\t\n\t\t\t<\/div>\n\t\t\t\n\t\t\t\n\t\t\t\t\t\t<div class=\"lqd-fb-footer text-center py-3 px-5\">\n\t\t\t\t<style>.ld_button_69e19f6bc2ebb .btn-icon{margin-inline-start:10px !important;}.ld_button_69e19f6bc2ebb {line-height:1.5em; } .ld_button_69e19f6bc2ebb {--element-line-height:1.5em; } .ld_button_69e19f6bc2ebb {letter-spacing:0.05em; } .ld_button_69e19f6bc2ebb {line-height:1.5em; } .ld_button_69e19f6bc2ebb {--element-line-height:1.5em; } .ld_button_69e19f6bc2ebb {letter-spacing:0.05em; } .ld_button_69e19f6bc2ebb {line-height:1.5em; } .ld_button_69e19f6bc2ebb {--element-line-height:1.5em; } .ld_button_69e19f6bc2ebb {letter-spacing:0.05em; } .ld_button_69e19f6bc2ebb {line-height:1.5em; } .ld_button_69e19f6bc2ebb {--element-line-height:1.5em; } .ld_button_69e19f6bc2ebb {letter-spacing:0.05em; } <\/style><a href=\"https:\/\/imapolska.pl\/hu\/termekek\/fermrol-szerves-tragya\/\" title=\"FERMROL szerves tr\u00e1gya\" class=\"btn btn-naked text-uppercase btn-has-label ld_button_69e19f6bc2ebb\" >\n\t<span>\n\t\n\t\t\t\t\t<span class=\"btn-txt\" data-text=\"Czytaj wi\u0119cej\" >B\u0151vebben<\/span>\n\t\t\n\t<span class=\"btn-icon\"><i class=\"lqd-icn-ess icon-md-arrow-round-forward\"><\/i><\/span>\t\t\t\t<\/span>\n<\/a>\n\t\t\t<\/div>\n\t\t\t\t\t\t\n\t\t<\/div>\n\n\t<\/div>\n<\/div><style>.ld_spacer_69e19f6bc3026{height:32px;}<\/style>\n<div class=\"ld-empty-space ld_spacer_69e19f6bc3026\"><\/div><\/div><\/div><\/div><div class=\"wpb_column vc_column_container vc_col-sm-6 vc_col-md-4 liquid-column-69e19f6bc31fa\"><div class=\"vc_column-inner\" ><div class=\"wpb_wrapper\"  ><div id=\"ld_content_box_69e19f6bc3304\" class=\"lqd-fb lqd-fb-style-4 lqd-fb-zoom-img-onhover pos-rel ld_content_box_69e19f6bc3304\">\n\t<div class=\"lqd-fb-inner\">\n\n\t\t<div class=\"lqd-fb-img overflow-hidden\">\n\t\t\t<figure data-responsive-bg=\"true\"><img decoding=\"async\" src=\"https:\/\/imapolska.pl\/wp-content\/uploads\/2025\/04\/ddgs.svg\" class=\"w-100 invisible\" alt=\"\" \/><\/figure>\t\t\t\t\t<\/div>\n\n\t\t<div class=\"lqd-fb-content pos-rel\">\n\t\t\t<div class=\"lqd-fb-bg lqd-overlay\"><\/div>\n\t\t\t<div class=\"lqd-fb-hover-overlay lqd-overlay\"><\/div>\n\t\t\t<div class=\"lqd-fb-content-inner pos-rel text-center p-5\">\n\n\t\t\t\t\t\t\t\t<h2 class=\"lqd-fb-content-title my-0 mb-3 font-weight-normal\">Takarm\u00e1ny-\u00f6sszetev\u0151k<\/h2>\n\t\t\t\t\t\t\t\t\n\t\t\t\t\t\t\t\t<p class=\"my-0\"> Az Ima Poland olyan takarm\u00e1nykomponenseket sz\u00e1ll\u00edt, mint a DDGS, amely \u00e9rt\u00e9kes feh\u00e9rjeforr\u00e1s az \u00e1llat\u00e1llom\u00e1ny sz\u00e1m\u00e1ra.<\/p>\n\t\t\t\t\n\t\t\t<\/div>\n\t\t\t\n\t\t\t\n\t\t\t\t\t\t<div class=\"lqd-fb-footer text-center py-3 px-5\">\n\t\t\t\t<style>.ld_button_69e19f6bc34fa .btn-icon{margin-inline-start:10px !important;}.ld_button_69e19f6bc34fa {line-height:1.5em; } .ld_button_69e19f6bc34fa {--element-line-height:1.5em; } .ld_button_69e19f6bc34fa {letter-spacing:0.05em; } .ld_button_69e19f6bc34fa {line-height:1.5em; } .ld_button_69e19f6bc34fa {--element-line-height:1.5em; } .ld_button_69e19f6bc34fa {letter-spacing:0.05em; } .ld_button_69e19f6bc34fa {line-height:1.5em; } .ld_button_69e19f6bc34fa {--element-line-height:1.5em; } .ld_button_69e19f6bc34fa {letter-spacing:0.05em; } .ld_button_69e19f6bc34fa {line-height:1.5em; } .ld_button_69e19f6bc34fa {--element-line-height:1.5em; } .ld_button_69e19f6bc34fa {letter-spacing:0.05em; } <\/style><a href=\"https:\/\/imapolska.pl\/hu\/termekek\/takarmany-osszetevok\/\" title=\"Takarm\u00e1ny-\u00f6sszetev\u0151k\" class=\"btn btn-naked text-uppercase btn-has-label ld_button_69e19f6bc34fa\" >\n\t<span>\n\t\n\t\t\t\t\t<span class=\"btn-txt\" data-text=\"Czytaj wi\u0119cej\" >B\u0151vebben<\/span>\n\t\t\n\t<span class=\"btn-icon\"><i class=\"lqd-icn-ess icon-md-arrow-round-forward\"><\/i><\/span>\t\t\t\t<\/span>\n<\/a>\n\t\t\t<\/div>\n\t\t\t\t\t\t\n\t\t<\/div>\n\n\t<\/div>\n<\/div><style>.ld_spacer_69e19f6bc3626{height:32px;}<\/style>\n<div class=\"ld-empty-space ld_spacer_69e19f6bc3626\"><\/div><\/div><\/div><\/div><div class=\"wpb_column vc_column_container vc_col-sm-6 vc_col-md-4 liquid-column-69e19f6bc37bd\"><div class=\"vc_column-inner\" ><div class=\"wpb_wrapper\"  ><div id=\"ld_content_box_69e19f6bc38fd\" class=\"lqd-fb lqd-fb-style-4 lqd-fb-zoom-img-onhover pos-rel ld_content_box_69e19f6bc38fd\">\n\t<div class=\"lqd-fb-inner\">\n\n\t\t<div class=\"lqd-fb-img overflow-hidden\">\n\t\t\t<figure data-responsive-bg=\"true\"><img decoding=\"async\" src=\"https:\/\/imapolska.pl\/wp-content\/uploads\/2025\/04\/biogaz.svg\" class=\"w-100 invisible\" alt=\"\" \/><\/figure>\t\t\t\t\t<\/div>\n\n\t\t<div class=\"lqd-fb-content pos-rel\">\n\t\t\t<div class=\"lqd-fb-bg lqd-overlay\"><\/div>\n\t\t\t<div class=\"lqd-fb-hover-overlay lqd-overlay\"><\/div>\n\t\t\t<div class=\"lqd-fb-content-inner pos-rel text-center p-5\">\n\n\t\t\t\t\t\t\t\t<h2 class=\"lqd-fb-content-title my-0 mb-3 font-weight-normal\">Z\u00f6ld energia<\/h2>\n\t\t\t\t\t\t\t\t\n\t\t\t\t\t\t\t\t<p class=\"my-0\"> A v\u00e1llalat a j\u00f6v\u0151 technol\u00f3gi\u00e1iba fektet be, biog\u00e1zra, biomet\u00e1nra \u00e9s meg\u00fajul\u00f3 energiaforr\u00e1sokra alapozott Fenntarthat\u00f3 Energia K\u00f6zpontot fejleszt.<\/p>\n\t\t\t\t\n\t\t\t<\/div>\n\t\t\t\n\t\t\t\n\t\t\t\t\t\t<div class=\"lqd-fb-footer text-center py-3 px-5\">\n\t\t\t\t<style>.ld_button_69e19f6bc3b05 .btn-icon{margin-inline-start:10px !important;}.ld_button_69e19f6bc3b05 {line-height:1.5em; } .ld_button_69e19f6bc3b05 {--element-line-height:1.5em; } .ld_button_69e19f6bc3b05 {letter-spacing:0.05em; } .ld_button_69e19f6bc3b05 {line-height:1.5em; } .ld_button_69e19f6bc3b05 {--element-line-height:1.5em; } .ld_button_69e19f6bc3b05 {letter-spacing:0.05em; } .ld_button_69e19f6bc3b05 {line-height:1.5em; } .ld_button_69e19f6bc3b05 {--element-line-height:1.5em; } .ld_button_69e19f6bc3b05 {letter-spacing:0.05em; } .ld_button_69e19f6bc3b05 {line-height:1.5em; } .ld_button_69e19f6bc3b05 {--element-line-height:1.5em; } .ld_button_69e19f6bc3b05 {letter-spacing:0.05em; } <\/style><a href=\"https:\/\/imapolska.pl\/hu\/termekek\/zielona-energia\/\" title=\"Z\u00f6ld energia\" class=\"btn btn-naked text-uppercase btn-has-label ld_button_69e19f6bc3b05\" >\n\t<span>\n\t\n\t\t\t\t\t<span class=\"btn-txt\" data-text=\"Czytaj wi\u0119cej\" >B\u0151vebben<\/span>\n\t\t\n\t<span class=\"btn-icon\"><i class=\"lqd-icn-ess icon-md-arrow-round-forward\"><\/i><\/span>\t\t\t\t<\/span>\n<\/a>\n\t\t\t<\/div>\n\t\t\t\t\t\t\n\t\t<\/div>\n\n\t<\/div>\n<\/div><\/div><\/div><\/div><div class=\"wpb_column vc_column_container vc_col-sm-6 vc_col-md-4 liquid-column-69e19f6bc3d3a\"><div class=\"vc_column-inner\" ><div class=\"wpb_wrapper\"  ><div id=\"ld_content_box_69e19f6bc3e30\" class=\"lqd-fb lqd-fb-style-4 lqd-fb-zoom-img-onhover pos-rel ld_content_box_69e19f6bc3e30\">\n\t<div class=\"lqd-fb-inner\">\n\n\t\t<div class=\"lqd-fb-img overflow-hidden\">\n\t\t\t<figure data-responsive-bg=\"true\"><img decoding=\"async\" src=\"https:\/\/imapolska.pl\/wp-content\/uploads\/2025\/04\/alkohol-etylowy.svg\" class=\"w-100 invisible\" alt=\"\" \/><\/figure>\t\t\t\t\t<\/div>\n\n\t\t<div class=\"lqd-fb-content pos-rel\">\n\t\t\t<div class=\"lqd-fb-bg lqd-overlay\"><\/div>\n\t\t\t<div class=\"lqd-fb-hover-overlay lqd-overlay\"><\/div>\n\t\t\t<div class=\"lqd-fb-content-inner pos-rel text-center p-5\">\n\n\t\t\t\t\t\t\t\t<h2 class=\"lqd-fb-content-title my-0 mb-3 font-weight-normal\">Izopropanol<\/h2>\n\t\t\t\t\t\t\t\t\n\t\t\t\t\t\t\t\t<p class=\"my-0\"> A v\u00e1llalat izopropanolt gy\u00e1rt, amelyet k\u00fcl\u00f6nb\u00f6z\u0151 ipar\u00e1gakban hat\u00e9kony old\u00f3szerk\u00e9nt \u00e9s tiszt\u00edt\u00f3szerk\u00e9nt haszn\u00e1lnak.<\/p>\n\t\t\t\t\n\t\t\t<\/div>\n\t\t\t\n\t\t\t\n\t\t\t\t\t\t<div class=\"lqd-fb-footer text-center py-3 px-5\">\n\t\t\t\t<style>.ld_button_69e19f6bc4111 .btn-icon{margin-inline-start:10px !important;}.ld_button_69e19f6bc4111 {line-height:1.5em; } .ld_button_69e19f6bc4111 {--element-line-height:1.5em; } .ld_button_69e19f6bc4111 {letter-spacing:0.05em; } .ld_button_69e19f6bc4111 {line-height:1.5em; } .ld_button_69e19f6bc4111 {--element-line-height:1.5em; } .ld_button_69e19f6bc4111 {letter-spacing:0.05em; } .ld_button_69e19f6bc4111 {line-height:1.5em; } .ld_button_69e19f6bc4111 {--element-line-height:1.5em; } .ld_button_69e19f6bc4111 {letter-spacing:0.05em; } .ld_button_69e19f6bc4111 {line-height:1.5em; } .ld_button_69e19f6bc4111 {--element-line-height:1.5em; } .ld_button_69e19f6bc4111 {letter-spacing:0.05em; } <\/style><a href=\"https:\/\/imapolska.pl\/hu\/termekek\/izopropanol\/\" title=\"Izopropanol\" class=\"btn btn-naked text-uppercase btn-has-label ld_button_69e19f6bc4111\" >\n\t<span>\n\t\n\t\t\t\t\t<span class=\"btn-txt\" data-text=\"Czytaj wi\u0119cej\" >B\u0151vebben<\/span>\n\t\t\n\t<span class=\"btn-icon\"><i class=\"lqd-icn-ess icon-md-arrow-round-forward\"><\/i><\/span>\t\t\t\t<\/span>\n<\/a>\n\t\t\t<\/div>\n\t\t\t\t\t\t\n\t\t<\/div>\n\n\t<\/div>\n<\/div><\/div><\/div><\/div><div class=\"wpb_column vc_column_container vc_col-sm-4 liquid-column-69e19f6bc4357\"><div class=\"vc_column-inner\" ><div class=\"wpb_wrapper\"  ><div id=\"ld_content_box_69e19f6bc444d\" class=\"lqd-fb lqd-fb-style-4 lqd-fb-zoom-img-onhover pos-rel ld_content_box_69e19f6bc444d\">\n\t<div class=\"lqd-fb-inner\">\n\n\t\t<div class=\"lqd-fb-img overflow-hidden\">\n\t\t\t<figure data-responsive-bg=\"true\"><img decoding=\"async\" src=\"https:\/\/imapolska.pl\/wp-content\/uploads\/2025\/04\/alkohol-etylowy-2.svg\" class=\"w-100 invisible\" alt=\"\" \/><\/figure>\t\t\t\t\t<\/div>\n\n\t\t<div class=\"lqd-fb-content pos-rel\">\n\t\t\t<div class=\"lqd-fb-bg lqd-overlay\"><\/div>\n\t\t\t<div class=\"lqd-fb-hover-overlay lqd-overlay\"><\/div>\n\t\t\t<div class=\"lqd-fb-content-inner pos-rel text-center p-5\">\n\n\t\t\t\t\t\t\t\t<h2 class=\"lqd-fb-content-title my-0 mb-3 font-weight-normal\">Metil-etil-keton<\/h2>\n\t\t\t\t\t\t\t\t\n\t\t\t\t\t\t\t\t<p class=\"my-0\"> Az IMA Polska S.A. metil-etil-keton (MEK), egy hat\u00e9kony \u00e9s sokoldal\u00fa old\u00f3szer, amelyet a vegyiparban, a fest\u00e9k- \u00e9s m\u0171anyagiparban haszn\u00e1lnak.<\/p>\n\t\t\t\t\n\t\t\t<\/div>\n\t\t\t\n\t\t\t\n\t\t\t\t\t\t<div class=\"lqd-fb-footer text-center py-3 px-5\">\n\t\t\t\t<style>.ld_button_69e19f6bc45cb .btn-icon{margin-inline-start:10px !important;}.ld_button_69e19f6bc45cb {line-height:1.5em; } .ld_button_69e19f6bc45cb {--element-line-height:1.5em; } .ld_button_69e19f6bc45cb {letter-spacing:0.05em; } .ld_button_69e19f6bc45cb {line-height:1.5em; } .ld_button_69e19f6bc45cb {--element-line-height:1.5em; } .ld_button_69e19f6bc45cb {letter-spacing:0.05em; } .ld_button_69e19f6bc45cb {line-height:1.5em; } .ld_button_69e19f6bc45cb {--element-line-height:1.5em; } .ld_button_69e19f6bc45cb {letter-spacing:0.05em; } .ld_button_69e19f6bc45cb {line-height:1.5em; } .ld_button_69e19f6bc45cb {--element-line-height:1.5em; } .ld_button_69e19f6bc45cb {letter-spacing:0.05em; } <\/style><a href=\"https:\/\/imapolska.pl\/hu\/termekek\/metil-etil-keton\/\" title=\"Metil-etil-keton\" class=\"btn btn-naked text-uppercase btn-has-label ld_button_69e19f6bc45cb\" >\n\t<span>\n\t\n\t\t\t\t\t<span class=\"btn-txt\" data-text=\"Czytaj wi\u0119cej\" >B\u0151vebben<\/span>\n\t\t\n\t<span class=\"btn-icon\"><i class=\"lqd-icn-ess icon-md-arrow-round-forward\"><\/i><\/span>\t\t\t\t<\/span>\n<\/a>\n\t\t\t<\/div>\n\t\t\t\t\t\t\n\t\t<\/div>\n\n\t<\/div>\n<\/div><\/div><\/div><\/div><\/div><\/div><\/section><section class=\"vc_row vc_custom_1767794120338 liquid-row-shadowbox-69e19f6bc487c\"><div class=\"ld-container container\"><div class=\"row ld-row ld-row-outer\"><div class=\"wpb_column vc_column_container vc_col-sm-12 liquid-column-69e19f6bc4a63\"><div class=\"vc_column-inner\" ><div class=\"wpb_wrapper\"  >\n\t<div class=\"wpb_text_column wpb_content_element\" >\n\t\t<div class=\"wpb_wrapper\">\n\t\t\t<h3><strong>Az Ima Poland legfontosabb el\u0151nyei<\/strong><\/h3>\n\n\t\t<\/div>\n\t<\/div>\n<div class=\"vc_separator wpb_content_element vc_separator_align_center vc_sep_width_100 vc_sep_pos_align_center vc_separator_no_text vc_sep_color_grey vc_custom_1767794218619  vc_custom_1767794218619\" ><span class=\"vc_sep_holder vc_sep_holder_l\"><span  class=\"vc_sep_line\"><\/span><\/span><span class=\"vc_sep_holder vc_sep_holder_r\"><span  class=\"vc_sep_line\"><\/span><\/span>\n<\/div><div class=\"vc_row vc_inner vc_row-fluid liquid-row-shadowbox-69e19f6bc4efe\"><div class=\"ld-container container-fluid\"><div class=\"row ld-row ld-row-inner\"><div class=\"wpb_column vc_column_container vc_col-sm-6 liquid-column-69e19f6bc5123\"><div class=\"vc_column-inner\" ><div class=\"wpb_wrapper\" ><style>.ld_custom_menu_69e19f6bc5257 > ul > li .link-icon{color:rgb(38, 176, 95);}<\/style><div\n\tclass=\"lqd-fancy-menu lqd-custom-menu lqd-menu-td-none ld_custom_menu_69e19f6bc5257\"\n\t>\n\n\t<ul class=\"reset-ul\" id=\"ld_custom_menu_69e19f6bc5257\" >\n\t<li><a href=\"#\" target=\"_blank\"><span class=\"link-icon left-icon icon-next-to-label\"><i class=\"lqd-icn-ess icon-ion-ios-checkmark\"><\/i><\/span> Lengyel gabonaf\u00e9l\u00e9kb\u0151l termel\u00fcnk, f\u0151k\u00e9nt Wielkopolsk\u00e1b\u00f3l.<\/a><\/li><li><a href=\"#\" target=\"_blank\"><span class=\"link-icon left-icon icon-next-to-label\"><i class=\"lqd-icn-ess icon-ion-ios-checkmark\"><\/i><\/span> ISO 14001, 9001, HACCP, REACH tan\u00fas\u00edt\u00e1s<\/a><\/li><li><a href=\"#\" target=\"_blank\"><span class=\"link-icon left-icon icon-next-to-label\"><i class=\"lqd-icn-ess icon-ion-ios-checkmark\"><\/i><\/span> H\u00e1zon bel\u00fcli, kiterjedt kromatogr\u00e1fi\u00e1s \u00e9s mikrobiol\u00f3giai laborat\u00f3rium<\/a><\/li><li><a href=\"#\" target=\"_blank\"><span class=\"link-icon left-icon icon-next-to-label\"><i class=\"lqd-icn-ess icon-ion-ios-checkmark\"><\/i><\/span> Kiv\u00e1l\u00f3 organoleptika<\/a><\/li>\t<\/ul>\n<\/div><\/div><\/div><\/div><div class=\"wpb_column vc_column_container vc_col-sm-6 liquid-column-69e19f6bc5473\"><div class=\"vc_column-inner\" ><div class=\"wpb_wrapper\" ><style>.ld_custom_menu_69e19f6bc554e > ul > li .link-icon{color:rgb(38, 176, 95);}<\/style><div\n\tclass=\"lqd-fancy-menu lqd-custom-menu lqd-menu-td-none ld_custom_menu_69e19f6bc554e\"\n\t>\n\n\t<ul class=\"reset-ul\" id=\"ld_custom_menu_69e19f6bc554e\" >\n\t<li><a href=\"#\" target=\"_blank\"><span class=\"link-icon left-icon icon-next-to-label\"><i class=\"lqd-icn-ess icon-ion-ios-checkmark\"><\/i><\/span> Teljes nyomon k\u00f6vethet\u0151s\u00e9g \u00e9s a gy\u00e1rt\u00e1si t\u00e9telek elk\u00fcl\u00f6n\u00edt\u00e9se<\/a><\/li><li><a href=\"#\" target=\"_blank\"><span class=\"link-icon left-icon icon-next-to-label\"><i class=\"lqd-icn-ess icon-ion-ios-checkmark\"><\/i><\/span> Rugalmas \u00e9s hat\u00e9kony logisztika - saj\u00e1t tart\u00e1lykocsik<\/a><\/li><li><a href=\"#\" target=\"_blank\"><span class=\"link-icon left-icon icon-next-to-label\"><i class=\"lqd-icn-ess icon-ion-ios-checkmark\"><\/i><\/span> Lengyel gy\u00e1rt\u00f3, lengyel t\u0151ke, saj\u00e1t ad\u00f3rakt\u00e1r<\/a><\/li><li><a href=\"#\" target=\"_blank\"><span class=\"link-icon left-icon icon-next-to-label\"><i class=\"lqd-icn-ess icon-ion-ios-checkmark\"><\/i><\/span> Ipari \u00fczem - k\u00f6zvet\u00edt\u0151k n\u00e9lk\u00fcl<\/a><\/li>\t<\/ul>\n<\/div><\/div><\/div><\/div><\/div><\/div><\/div><\/div><\/div><\/div><\/div><\/div><\/section>","protected":false},"excerpt":{"rendered":"Alkohol etylowy Ima Polska S.A. specjalizuje si\u0119 w produkcji wysokiej jako\u015bci alkoholu etylowego, \u0142\u0105cz\u0105c rodzinne tradycje gorzelnicze z nowoczesnymi technologiami. Czytaj wi\u0119cej Naw\u00f3z organiczny Firma oferuje naw\u00f3z organiczny Fermrol, powstaj\u0105cy jako produkt uboczny procesu fermentacji, wspieraj\u0105cy zr\u00f3wnowa\u017cone rolnictwo. Czytaj wi\u0119cej Komponenty paszowe Ima Polska dostarcza komponenty paszowe, takie jak DDGS, b\u0119d\u0105ce warto\u015bciowym \u017ar\u00f3d\u0142em bia\u0142ka dla [...]","protected":false},"author":1,"featured_media":0,"parent":0,"menu_order":2,"comment_status":"closed","ping_status":"closed","template":"","meta":{"footnotes":""},"class_list":["post-3494","page","type-page","status-publish","hentry"],"_links":{"self":[{"href":"https:\/\/imapolska.pl\/hu\/wp-json\/wp\/v2\/pages\/3494","targetHints":{"allow":["GET"]}}],"collection":[{"href":"https:\/\/imapolska.pl\/hu\/wp-json\/wp\/v2\/pages"}],"about":[{"href":"https:\/\/imapolska.pl\/hu\/wp-json\/wp\/v2\/types\/page"}],"author":[{"embeddable":true,"href":"https:\/\/imapolska.pl\/hu\/wp-json\/wp\/v2\/users\/1"}],"replies":[{"embeddable":true,"href":"https:\/\/imapolska.pl\/hu\/wp-json\/wp\/v2\/comments?post=3494"}],"version-history":[{"count":24,"href":"https:\/\/imapolska.pl\/hu\/wp-json\/wp\/v2\/pages\/3494\/revisions"}],"predecessor-version":[{"id":5530,"href":"https:\/\/imapolska.pl\/hu\/wp-json\/wp\/v2\/pages\/3494\/revisions\/5530"}],"wp:attachment":[{"href":"https:\/\/imapolska.pl\/hu\/wp-json\/wp\/v2\/media?parent=3494"}],"curies":[{"name":"wp","href":"https:\/\/api.w.org\/{rel}","templated":true}]}}