{"id":3494,"date":"2020-12-21T11:25:31","date_gmt":"2020-12-21T11:25:31","guid":{"rendered":"http:\/\/classichub.liquid-themes.com\/staging\/?page_id=3494"},"modified":"2026-01-11T21:34:28","modified_gmt":"2026-01-11T20:34:28","slug":"produits","status":"publish","type":"page","link":"https:\/\/imapolska.pl\/fr\/produkty\/","title":{"rendered":"Produits"},"content":{"rendered":"<p><style>@media (min-width: 992px) { .liquid-row-responsive-69e71b6a43188 {padding-top:80px !important; padding-bottom:80px !important;  }  }    <\/style><section id=\"lista-produktow\" class=\"vc_row vc_custom_1767794077243 liquid-row-responsive-69e71b6a43188 liquid-row-shadowbox-69e71b6a431b1\"><div class=\"ld-container container\"><div class=\"row ld-row ld-row-outer\"><div class=\"wpb_column vc_column_container vc_col-sm-6 vc_col-md-4 liquid-column-69e71b6a434c9\"><div class=\"vc_column-inner\" ><div class=\"wpb_wrapper\"  ><div id=\"ld_content_box_69e71b6a4364a\" class=\"lqd-fb lqd-fb-style-4 lqd-fb-zoom-img-onhover pos-rel ld_content_box_69e71b6a4364a\">\n\t<div class=\"lqd-fb-inner\">\n\n\t\t<div class=\"lqd-fb-img overflow-hidden\">\n\t\t\t<figure data-responsive-bg=\"true\"><img decoding=\"async\" src=\"https:\/\/imapolska.pl\/wp-content\/uploads\/2025\/04\/alkohol-etylowy-2.svg\" class=\"w-100 invisible\" alt=\"\" \/><\/figure>\t\t\t\t\t<\/div>\n\n\t\t<div class=\"lqd-fb-content pos-rel\">\n\t\t\t<div class=\"lqd-fb-bg lqd-overlay\"><\/div>\n\t\t\t<div class=\"lqd-fb-hover-overlay lqd-overlay\"><\/div>\n\t\t\t<div class=\"lqd-fb-content-inner pos-rel text-center p-5\">\n\n\t\t\t\t\t\t\t\t<h2 class=\"lqd-fb-content-title my-0 mb-3 font-weight-normal\">Alcool \u00e9thylique<\/h2>\n\t\t\t\t\t\t\t\t\n\t\t\t\t\t\t\t\t<p class=\"my-0\"> Ima Polska S.A. est sp\u00e9cialis\u00e9e dans la production d'alcool \u00e9thylique de haute qualit\u00e9, associant les traditions familiales de distillation aux technologies modernes.<\/p>\n\t\t\t\t\n\t\t\t<\/div>\n\t\t\t\n\t\t\t\n\t\t\t\t\t\t<div class=\"lqd-fb-footer text-center py-3 px-5\">\n\t\t\t\t<style>.ld_button_69e71b6a43c18 .btn-icon{margin-inline-start:10px !important;}.ld_button_69e71b6a43c18 {line-height:1.5em; } .ld_button_69e71b6a43c18 {--element-line-height:1.5em; } .ld_button_69e71b6a43c18 {letter-spacing:0.05em; } .ld_button_69e71b6a43c18 {line-height:1.5em; } .ld_button_69e71b6a43c18 {--element-line-height:1.5em; } .ld_button_69e71b6a43c18 {letter-spacing:0.05em; } .ld_button_69e71b6a43c18 {line-height:1.5em; } .ld_button_69e71b6a43c18 {--element-line-height:1.5em; } .ld_button_69e71b6a43c18 {letter-spacing:0.05em; } .ld_button_69e71b6a43c18 {line-height:1.5em; } .ld_button_69e71b6a43c18 {--element-line-height:1.5em; } .ld_button_69e71b6a43c18 {letter-spacing:0.05em; } <\/style><a href=\"https:\/\/imapolska.pl\/fr\/produits\/alkohole\/\" title=\"Alcools\" class=\"btn btn-naked text-uppercase btn-has-label ld_button_69e71b6a43c18\" >\n\t<span>\n\t\n\t\t\t\t\t<span class=\"btn-txt\" data-text=\"Czytaj wi\u0119cej\" >En savoir plus<\/span>\n\t\t\n\t<span class=\"btn-icon\"><i class=\"lqd-icn-ess icon-md-arrow-round-forward\"><\/i><\/span>\t\t\t\t<\/span>\n<\/a>\n\t\t\t<\/div>\n\t\t\t\t\t\t\n\t\t<\/div>\n\n\t<\/div>\n<\/div><style>.ld_spacer_69e71b6a44419{height:32px;}<\/style>\n<div class=\"ld-empty-space ld_spacer_69e71b6a44419\"><\/div><\/div><\/div><\/div><div class=\"wpb_column vc_column_container vc_col-sm-6 vc_col-md-4 liquid-column-69e71b6a44659\"><div class=\"vc_column-inner\" ><div class=\"wpb_wrapper\"  ><div id=\"ld_content_box_69e71b6a44777\" class=\"lqd-fb lqd-fb-style-4 lqd-fb-zoom-img-onhover pos-rel ld_content_box_69e71b6a44777\">\n\t<div class=\"lqd-fb-inner\">\n\n\t\t<div class=\"lqd-fb-img overflow-hidden\">\n\t\t\t<figure data-responsive-bg=\"true\"><img decoding=\"async\" src=\"https:\/\/imapolska.pl\/wp-content\/uploads\/2025\/04\/nawoz-organiczny.svg\" class=\"w-100 invisible\" alt=\"\" \/><\/figure>\t\t\t\t\t<\/div>\n\n\t\t<div class=\"lqd-fb-content pos-rel\">\n\t\t\t<div class=\"lqd-fb-bg lqd-overlay\"><\/div>\n\t\t\t<div class=\"lqd-fb-hover-overlay lqd-overlay\"><\/div>\n\t\t\t<div class=\"lqd-fb-content-inner pos-rel text-center p-5\">\n\n\t\t\t\t\t\t\t\t<h2 class=\"lqd-fb-content-title my-0 mb-3 font-weight-normal\">Engrais organiques<\/h2>\n\t\t\t\t\t\t\t\t\n\t\t\t\t\t\t\t\t<p class=\"my-0\"> L'entreprise propose le Fermrol, un engrais organique cr\u00e9\u00e9 en tant que sous-produit du processus de fermentation, pour soutenir l'agriculture durable.<\/p>\n\t\t\t\t\n\t\t\t<\/div>\n\t\t\t\n\t\t\t\n\t\t\t\t\t\t<div class=\"lqd-fb-footer text-center py-3 px-5\">\n\t\t\t\t<style>.ld_button_69e71b6a4499a .btn-icon{margin-inline-start:10px !important;}.ld_button_69e71b6a4499a {line-height:1.5em; } .ld_button_69e71b6a4499a {--element-line-height:1.5em; } .ld_button_69e71b6a4499a {letter-spacing:0.05em; } .ld_button_69e71b6a4499a {line-height:1.5em; } .ld_button_69e71b6a4499a {--element-line-height:1.5em; } .ld_button_69e71b6a4499a {letter-spacing:0.05em; } .ld_button_69e71b6a4499a {line-height:1.5em; } .ld_button_69e71b6a4499a {--element-line-height:1.5em; } .ld_button_69e71b6a4499a {letter-spacing:0.05em; } .ld_button_69e71b6a4499a {line-height:1.5em; } .ld_button_69e71b6a4499a {--element-line-height:1.5em; } .ld_button_69e71b6a4499a {letter-spacing:0.05em; } <\/style><a href=\"https:\/\/imapolska.pl\/fr\/produits\/engrais-organique-fermrol\/\" title=\"FERMROL engrais organique\" class=\"btn btn-naked text-uppercase btn-has-label ld_button_69e71b6a4499a\" >\n\t<span>\n\t\n\t\t\t\t\t<span class=\"btn-txt\" data-text=\"Czytaj wi\u0119cej\" >En savoir plus<\/span>\n\t\t\n\t<span class=\"btn-icon\"><i class=\"lqd-icn-ess icon-md-arrow-round-forward\"><\/i><\/span>\t\t\t\t<\/span>\n<\/a>\n\t\t\t<\/div>\n\t\t\t\t\t\t\n\t\t<\/div>\n\n\t<\/div>\n<\/div><style>.ld_spacer_69e71b6a45070{height:32px;}<\/style>\n<div class=\"ld-empty-space ld_spacer_69e71b6a45070\"><\/div><\/div><\/div><\/div><div class=\"wpb_column vc_column_container vc_col-sm-6 vc_col-md-4 liquid-column-69e71b6a4522b\"><div class=\"vc_column-inner\" ><div class=\"wpb_wrapper\"  ><div id=\"ld_content_box_69e71b6a45347\" class=\"lqd-fb lqd-fb-style-4 lqd-fb-zoom-img-onhover pos-rel ld_content_box_69e71b6a45347\">\n\t<div class=\"lqd-fb-inner\">\n\n\t\t<div class=\"lqd-fb-img overflow-hidden\">\n\t\t\t<figure data-responsive-bg=\"true\"><img decoding=\"async\" src=\"https:\/\/imapolska.pl\/wp-content\/uploads\/2025\/04\/ddgs.svg\" class=\"w-100 invisible\" alt=\"\" \/><\/figure>\t\t\t\t\t<\/div>\n\n\t\t<div class=\"lqd-fb-content pos-rel\">\n\t\t\t<div class=\"lqd-fb-bg lqd-overlay\"><\/div>\n\t\t\t<div class=\"lqd-fb-hover-overlay lqd-overlay\"><\/div>\n\t\t\t<div class=\"lqd-fb-content-inner pos-rel text-center p-5\">\n\n\t\t\t\t\t\t\t\t<h2 class=\"lqd-fb-content-title my-0 mb-3 font-weight-normal\">Composants de l'alimentation<\/h2>\n\t\t\t\t\t\t\t\t\n\t\t\t\t\t\t\t\t<p class=\"my-0\"> Ima Poland fournit des composants d'aliments pour animaux, tels que les DDGS, qui constituent une source pr\u00e9cieuse de prot\u00e9ines pour le b\u00e9tail.<\/p>\n\t\t\t\t\n\t\t\t<\/div>\n\t\t\t\n\t\t\t\n\t\t\t\t\t\t<div class=\"lqd-fb-footer text-center py-3 px-5\">\n\t\t\t\t<style>.ld_button_69e71b6a4556b .btn-icon{margin-inline-start:10px !important;}.ld_button_69e71b6a4556b {line-height:1.5em; } .ld_button_69e71b6a4556b {--element-line-height:1.5em; } .ld_button_69e71b6a4556b {letter-spacing:0.05em; } .ld_button_69e71b6a4556b {line-height:1.5em; } .ld_button_69e71b6a4556b {--element-line-height:1.5em; } .ld_button_69e71b6a4556b {letter-spacing:0.05em; } .ld_button_69e71b6a4556b {line-height:1.5em; } .ld_button_69e71b6a4556b {--element-line-height:1.5em; } .ld_button_69e71b6a4556b {letter-spacing:0.05em; } .ld_button_69e71b6a4556b {line-height:1.5em; } .ld_button_69e71b6a4556b {--element-line-height:1.5em; } .ld_button_69e71b6a4556b {letter-spacing:0.05em; } <\/style><a href=\"https:\/\/imapolska.pl\/fr\/produits\/composants-de-lalimentation\/\" title=\"Composants de l&#039;alimentation\" class=\"btn btn-naked text-uppercase btn-has-label ld_button_69e71b6a4556b\" >\n\t<span>\n\t\n\t\t\t\t\t<span class=\"btn-txt\" data-text=\"Czytaj wi\u0119cej\" >En savoir plus<\/span>\n\t\t\n\t<span class=\"btn-icon\"><i class=\"lqd-icn-ess icon-md-arrow-round-forward\"><\/i><\/span>\t\t\t\t<\/span>\n<\/a>\n\t\t\t<\/div>\n\t\t\t\t\t\t\n\t\t<\/div>\n\n\t<\/div>\n<\/div><style>.ld_spacer_69e71b6a4589d{height:32px;}<\/style>\n<div class=\"ld-empty-space ld_spacer_69e71b6a4589d\"><\/div><\/div><\/div><\/div><div class=\"wpb_column vc_column_container vc_col-sm-6 vc_col-md-4 liquid-column-69e71b6a45a43\"><div class=\"vc_column-inner\" ><div class=\"wpb_wrapper\"  ><div id=\"ld_content_box_69e71b6a45ba3\" class=\"lqd-fb lqd-fb-style-4 lqd-fb-zoom-img-onhover pos-rel ld_content_box_69e71b6a45ba3\">\n\t<div class=\"lqd-fb-inner\">\n\n\t\t<div class=\"lqd-fb-img overflow-hidden\">\n\t\t\t<figure data-responsive-bg=\"true\"><img decoding=\"async\" src=\"https:\/\/imapolska.pl\/wp-content\/uploads\/2025\/04\/biogaz.svg\" class=\"w-100 invisible\" alt=\"\" \/><\/figure>\t\t\t\t\t<\/div>\n\n\t\t<div class=\"lqd-fb-content pos-rel\">\n\t\t\t<div class=\"lqd-fb-bg lqd-overlay\"><\/div>\n\t\t\t<div class=\"lqd-fb-hover-overlay lqd-overlay\"><\/div>\n\t\t\t<div class=\"lqd-fb-content-inner pos-rel text-center p-5\">\n\n\t\t\t\t\t\t\t\t<h2 class=\"lqd-fb-content-title my-0 mb-3 font-weight-normal\">\u00c9nergie verte<\/h2>\n\t\t\t\t\t\t\t\t\n\t\t\t\t\t\t\t\t<p class=\"my-0\"> L'entreprise investit dans les technologies d'avenir, en d\u00e9veloppant un centre d'\u00e9nergie durable bas\u00e9 sur le biogaz, le biom\u00e9thane et les sources d'\u00e9nergie renouvelables.<\/p>\n\t\t\t\t\n\t\t\t<\/div>\n\t\t\t\n\t\t\t\n\t\t\t\t\t\t<div class=\"lqd-fb-footer text-center py-3 px-5\">\n\t\t\t\t<style>.ld_button_69e71b6a45dc7 .btn-icon{margin-inline-start:10px !important;}.ld_button_69e71b6a45dc7 {line-height:1.5em; } .ld_button_69e71b6a45dc7 {--element-line-height:1.5em; } .ld_button_69e71b6a45dc7 {letter-spacing:0.05em; } .ld_button_69e71b6a45dc7 {line-height:1.5em; } .ld_button_69e71b6a45dc7 {--element-line-height:1.5em; } .ld_button_69e71b6a45dc7 {letter-spacing:0.05em; } .ld_button_69e71b6a45dc7 {line-height:1.5em; } .ld_button_69e71b6a45dc7 {--element-line-height:1.5em; } .ld_button_69e71b6a45dc7 {letter-spacing:0.05em; } .ld_button_69e71b6a45dc7 {line-height:1.5em; } .ld_button_69e71b6a45dc7 {--element-line-height:1.5em; } .ld_button_69e71b6a45dc7 {letter-spacing:0.05em; } <\/style><a href=\"https:\/\/imapolska.pl\/fr\/produits\/zielona-energia\/\" title=\"\u00c9nergie verte\" class=\"btn btn-naked text-uppercase btn-has-label ld_button_69e71b6a45dc7\" >\n\t<span>\n\t\n\t\t\t\t\t<span class=\"btn-txt\" data-text=\"Czytaj wi\u0119cej\" >En savoir plus<\/span>\n\t\t\n\t<span class=\"btn-icon\"><i class=\"lqd-icn-ess icon-md-arrow-round-forward\"><\/i><\/span>\t\t\t\t<\/span>\n<\/a>\n\t\t\t<\/div>\n\t\t\t\t\t\t\n\t\t<\/div>\n\n\t<\/div>\n<\/div><\/div><\/div><\/div><div class=\"wpb_column vc_column_container vc_col-sm-6 vc_col-md-4 liquid-column-69e71b6a4602a\"><div class=\"vc_column-inner\" ><div class=\"wpb_wrapper\"  ><div id=\"ld_content_box_69e71b6a4612a\" class=\"lqd-fb lqd-fb-style-4 lqd-fb-zoom-img-onhover pos-rel ld_content_box_69e71b6a4612a\">\n\t<div class=\"lqd-fb-inner\">\n\n\t\t<div class=\"lqd-fb-img overflow-hidden\">\n\t\t\t<figure data-responsive-bg=\"true\"><img decoding=\"async\" src=\"https:\/\/imapolska.pl\/wp-content\/uploads\/2025\/04\/alkohol-etylowy.svg\" class=\"w-100 invisible\" alt=\"\" \/><\/figure>\t\t\t\t\t<\/div>\n\n\t\t<div class=\"lqd-fb-content pos-rel\">\n\t\t\t<div class=\"lqd-fb-bg lqd-overlay\"><\/div>\n\t\t\t<div class=\"lqd-fb-hover-overlay lqd-overlay\"><\/div>\n\t\t\t<div class=\"lqd-fb-content-inner pos-rel text-center p-5\">\n\n\t\t\t\t\t\t\t\t<h2 class=\"lqd-fb-content-title my-0 mb-3 font-weight-normal\">Isopropanol<\/h2>\n\t\t\t\t\t\t\t\t\n\t\t\t\t\t\t\t\t<p class=\"my-0\"> L'entreprise produit de l'isopropanol, qui est utilis\u00e9 dans diverses industries comme solvant et agent de nettoyage efficace.<\/p>\n\t\t\t\t\n\t\t\t<\/div>\n\t\t\t\n\t\t\t\n\t\t\t\t\t\t<div class=\"lqd-fb-footer text-center py-3 px-5\">\n\t\t\t\t<style>.ld_button_69e71b6a46343 .btn-icon{margin-inline-start:10px !important;}.ld_button_69e71b6a46343 {line-height:1.5em; } .ld_button_69e71b6a46343 {--element-line-height:1.5em; } .ld_button_69e71b6a46343 {letter-spacing:0.05em; } .ld_button_69e71b6a46343 {line-height:1.5em; } .ld_button_69e71b6a46343 {--element-line-height:1.5em; } .ld_button_69e71b6a46343 {letter-spacing:0.05em; } .ld_button_69e71b6a46343 {line-height:1.5em; } .ld_button_69e71b6a46343 {--element-line-height:1.5em; } .ld_button_69e71b6a46343 {letter-spacing:0.05em; } .ld_button_69e71b6a46343 {line-height:1.5em; } .ld_button_69e71b6a46343 {--element-line-height:1.5em; } .ld_button_69e71b6a46343 {letter-spacing:0.05em; } <\/style><a href=\"https:\/\/imapolska.pl\/fr\/produits\/isopropanol\/\" title=\"Isopropanol\" class=\"btn btn-naked text-uppercase btn-has-label ld_button_69e71b6a46343\" >\n\t<span>\n\t\n\t\t\t\t\t<span class=\"btn-txt\" data-text=\"Czytaj wi\u0119cej\" >En savoir plus<\/span>\n\t\t\n\t<span class=\"btn-icon\"><i class=\"lqd-icn-ess icon-md-arrow-round-forward\"><\/i><\/span>\t\t\t\t<\/span>\n<\/a>\n\t\t\t<\/div>\n\t\t\t\t\t\t\n\t\t<\/div>\n\n\t<\/div>\n<\/div><\/div><\/div><\/div><div class=\"wpb_column vc_column_container vc_col-sm-4 liquid-column-69e71b6a4658b\"><div class=\"vc_column-inner\" ><div class=\"wpb_wrapper\"  ><div id=\"ld_content_box_69e71b6a46689\" class=\"lqd-fb lqd-fb-style-4 lqd-fb-zoom-img-onhover pos-rel ld_content_box_69e71b6a46689\">\n\t<div class=\"lqd-fb-inner\">\n\n\t\t<div class=\"lqd-fb-img overflow-hidden\">\n\t\t\t<figure data-responsive-bg=\"true\"><img decoding=\"async\" src=\"https:\/\/imapolska.pl\/wp-content\/uploads\/2025\/04\/alkohol-etylowy-2.svg\" class=\"w-100 invisible\" alt=\"\" \/><\/figure>\t\t\t\t\t<\/div>\n\n\t\t<div class=\"lqd-fb-content pos-rel\">\n\t\t\t<div class=\"lqd-fb-bg lqd-overlay\"><\/div>\n\t\t\t<div class=\"lqd-fb-hover-overlay lqd-overlay\"><\/div>\n\t\t\t<div class=\"lqd-fb-content-inner pos-rel text-center p-5\">\n\n\t\t\t\t\t\t\t\t<h2 class=\"lqd-fb-content-title my-0 mb-3 font-weight-normal\">M\u00e9thyl\u00e9thylc\u00e9tone<\/h2>\n\t\t\t\t\t\t\t\t\n\t\t\t\t\t\t\t\t<p class=\"my-0\"> IMA Polska S.A. propose la m\u00e9thyl\u00e9thylc\u00e9tone (MEK), un solvant efficace et polyvalent utilis\u00e9 dans les industries chimiques, de la peinture et des plastiques.<\/p>\n\t\t\t\t\n\t\t\t<\/div>\n\t\t\t\n\t\t\t\n\t\t\t\t\t\t<div class=\"lqd-fb-footer text-center py-3 px-5\">\n\t\t\t\t<style>.ld_button_69e71b6a4681f .btn-icon{margin-inline-start:10px !important;}.ld_button_69e71b6a4681f {line-height:1.5em; } .ld_button_69e71b6a4681f {--element-line-height:1.5em; } .ld_button_69e71b6a4681f {letter-spacing:0.05em; } .ld_button_69e71b6a4681f {line-height:1.5em; } .ld_button_69e71b6a4681f {--element-line-height:1.5em; } .ld_button_69e71b6a4681f {letter-spacing:0.05em; } .ld_button_69e71b6a4681f {line-height:1.5em; } .ld_button_69e71b6a4681f {--element-line-height:1.5em; } .ld_button_69e71b6a4681f {letter-spacing:0.05em; } .ld_button_69e71b6a4681f {line-height:1.5em; } .ld_button_69e71b6a4681f {--element-line-height:1.5em; } .ld_button_69e71b6a4681f {letter-spacing:0.05em; } <\/style><a href=\"https:\/\/imapolska.pl\/fr\/produits\/methylethylcetone\/\" title=\"M\u00e9thyl\u00e9thylc\u00e9tone\" class=\"btn btn-naked text-uppercase btn-has-label ld_button_69e71b6a4681f\" >\n\t<span>\n\t\n\t\t\t\t\t<span class=\"btn-txt\" data-text=\"Czytaj wi\u0119cej\" >En savoir plus<\/span>\n\t\t\n\t<span class=\"btn-icon\"><i class=\"lqd-icn-ess icon-md-arrow-round-forward\"><\/i><\/span>\t\t\t\t<\/span>\n<\/a>\n\t\t\t<\/div>\n\t\t\t\t\t\t\n\t\t<\/div>\n\n\t<\/div>\n<\/div><\/div><\/div><\/div><\/div><\/div><\/section><section class=\"vc_row vc_custom_1767794120338 liquid-row-shadowbox-69e71b6a46adc\"><div class=\"ld-container container\"><div class=\"row ld-row ld-row-outer\"><div class=\"wpb_column vc_column_container vc_col-sm-12 liquid-column-69e71b6a46ccf\"><div class=\"vc_column-inner\" ><div class=\"wpb_wrapper\"  >\n\t<div class=\"wpb_text_column wpb_content_element\" >\n\t\t<div class=\"wpb_wrapper\">\n\t\t\t<h3><strong>Principaux avantages d'Ima Pologne<\/strong><\/h3>\n\n\t\t<\/div>\n\t<\/div>\n<div class=\"vc_separator wpb_content_element vc_separator_align_center vc_sep_width_100 vc_sep_pos_align_center vc_separator_no_text vc_sep_color_grey vc_custom_1767794218619  vc_custom_1767794218619\" ><span class=\"vc_sep_holder vc_sep_holder_l\"><span  class=\"vc_sep_line\"><\/span><\/span><span class=\"vc_sep_holder vc_sep_holder_r\"><span  class=\"vc_sep_line\"><\/span><\/span>\n<\/div><div class=\"vc_row vc_inner vc_row-fluid liquid-row-shadowbox-69e71b6a4719b\"><div class=\"ld-container container-fluid\"><div class=\"row ld-row ld-row-inner\"><div class=\"wpb_column vc_column_container vc_col-sm-6 liquid-column-69e71b6a473e7\"><div class=\"vc_column-inner\" ><div class=\"wpb_wrapper\" ><style>.ld_custom_menu_69e71b6a47524 > ul > li .link-icon{color:rgb(38, 176, 95);}<\/style><div\n\tclass=\"lqd-fancy-menu lqd-custom-menu lqd-menu-td-none ld_custom_menu_69e71b6a47524\"\n\t>\n\n\t<ul class=\"reset-ul\" id=\"ld_custom_menu_69e71b6a47524\" >\n\t<li><a href=\"#\" target=\"_blank\"><span class=\"link-icon left-icon icon-next-to-label\"><i class=\"lqd-icn-ess icon-ion-ios-checkmark\"><\/i><\/span> Nous produisons \u00e0 partir de c\u00e9r\u00e9ales polonaises, principalement de Wielkopolska.<\/a><\/li><li><a href=\"#\" target=\"_blank\"><span class=\"link-icon left-icon icon-next-to-label\"><i class=\"lqd-icn-ess icon-ion-ios-checkmark\"><\/i><\/span> Certification ISO 14001, 9001, HACCP, REACH<\/a><\/li><li><a href=\"#\" target=\"_blank\"><span class=\"link-icon left-icon icon-next-to-label\"><i class=\"lqd-icn-ess icon-ion-ios-checkmark\"><\/i><\/span> Laboratoire interne complet de chromatographie et de microbiologie<\/a><\/li><li><a href=\"#\" target=\"_blank\"><span class=\"link-icon left-icon icon-next-to-label\"><i class=\"lqd-icn-ess icon-ion-ios-checkmark\"><\/i><\/span> Excellents organoleptiques<\/a><\/li>\t<\/ul>\n<\/div><\/div><\/div><\/div><div class=\"wpb_column vc_column_container vc_col-sm-6 liquid-column-69e71b6a47759\"><div class=\"vc_column-inner\" ><div class=\"wpb_wrapper\" ><style>.ld_custom_menu_69e71b6a4783b > ul > li .link-icon{color:rgb(38, 176, 95);}<\/style><div\n\tclass=\"lqd-fancy-menu lqd-custom-menu lqd-menu-td-none ld_custom_menu_69e71b6a4783b\"\n\t>\n\n\t<ul class=\"reset-ul\" id=\"ld_custom_menu_69e71b6a4783b\" >\n\t<li><a href=\"#\" target=\"_blank\"><span class=\"link-icon left-icon icon-next-to-label\"><i class=\"lqd-icn-ess icon-ion-ios-checkmark\"><\/i><\/span> Tra\u00e7abilit\u00e9 compl\u00e8te et s\u00e9paration des lots de production<\/a><\/li><li><a href=\"#\" target=\"_blank\"><span class=\"link-icon left-icon icon-next-to-label\"><i class=\"lqd-icn-ess icon-ion-ios-checkmark\"><\/i><\/span> Logistique flexible et efficace - propres camions-citernes<\/a><\/li><li><a href=\"#\" target=\"_blank\"><span class=\"link-icon left-icon icon-next-to-label\"><i class=\"lqd-icn-ess icon-ion-ios-checkmark\"><\/i><\/span> Fabricant polonais, capital polonais, entrep\u00f4t fiscal propre<\/a><\/li><li><a href=\"#\" target=\"_blank\"><span class=\"link-icon left-icon icon-next-to-label\"><i class=\"lqd-icn-ess icon-ion-ios-checkmark\"><\/i><\/span> Installation industrielle - sans interm\u00e9diaire<\/a><\/li>\t<\/ul>\n<\/div><\/div><\/div><\/div><\/div><\/div><\/div><\/div><\/div><\/div><\/div><\/div><\/section>","protected":false},"excerpt":{"rendered":"Alkohol etylowy Ima Polska S.A. specjalizuje si\u0119 w produkcji wysokiej jako\u015bci alkoholu etylowego, \u0142\u0105cz\u0105c rodzinne tradycje gorzelnicze z nowoczesnymi technologiami. Czytaj wi\u0119cej Naw\u00f3z organiczny Firma oferuje naw\u00f3z organiczny Fermrol, powstaj\u0105cy jako produkt uboczny procesu fermentacji, wspieraj\u0105cy zr\u00f3wnowa\u017cone rolnictwo. Czytaj wi\u0119cej Komponenty paszowe Ima Polska dostarcza komponenty paszowe, takie jak DDGS, b\u0119d\u0105ce warto\u015bciowym \u017ar\u00f3d\u0142em bia\u0142ka dla [...]","protected":false},"author":1,"featured_media":0,"parent":0,"menu_order":2,"comment_status":"closed","ping_status":"closed","template":"","meta":{"footnotes":""},"class_list":["post-3494","page","type-page","status-publish","hentry"],"_links":{"self":[{"href":"https:\/\/imapolska.pl\/fr\/wp-json\/wp\/v2\/pages\/3494","targetHints":{"allow":["GET"]}}],"collection":[{"href":"https:\/\/imapolska.pl\/fr\/wp-json\/wp\/v2\/pages"}],"about":[{"href":"https:\/\/imapolska.pl\/fr\/wp-json\/wp\/v2\/types\/page"}],"author":[{"embeddable":true,"href":"https:\/\/imapolska.pl\/fr\/wp-json\/wp\/v2\/users\/1"}],"replies":[{"embeddable":true,"href":"https:\/\/imapolska.pl\/fr\/wp-json\/wp\/v2\/comments?post=3494"}],"version-history":[{"count":24,"href":"https:\/\/imapolska.pl\/fr\/wp-json\/wp\/v2\/pages\/3494\/revisions"}],"predecessor-version":[{"id":5530,"href":"https:\/\/imapolska.pl\/fr\/wp-json\/wp\/v2\/pages\/3494\/revisions\/5530"}],"wp:attachment":[{"href":"https:\/\/imapolska.pl\/fr\/wp-json\/wp\/v2\/media?parent=3494"}],"curies":[{"name":"wp","href":"https:\/\/api.w.org\/{rel}","templated":true}]}}