{"id":3445,"date":"2020-12-17T11:01:59","date_gmt":"2020-12-17T11:01:59","guid":{"rendered":"http:\/\/classichub.liquid-themes.com\/staging\/?page_id=3445"},"modified":"2026-02-20T14:44:47","modified_gmt":"2026-02-20T13:44:47","slug":"nouvelles-ima-pologne","status":"publish","type":"page","link":"https:\/\/imapolska.pl\/fr\/aktualnosci-ima-polska\/","title":{"rendered":"Actualit\u00e9s IMA Pologne"},"content":{"rendered":"<section class=\"vc_row liquid-row-shadowbox-69e71b40947b8\"><div class=\"ld-container container\"><div class=\"row ld-row ld-row-outer\"><div class=\"wpb_column vc_column_container vc_col-sm-12 liquid-column-69e71b4094ad5\"><div class=\"vc_column-inner\" ><div class=\"wpb_wrapper\"  >\n\t<div class=\"wpb_text_column wpb_content_element\" >\n\t\t<div class=\"wpb_wrapper\">\n\t\t\t<p>Les actualit\u00e9s d'IMA Polska pr\u00e9sentent les activit\u00e9s de l'entreprise et l'analyse du biom\u00e9thane et des biocarburants dans le contexte du d\u00e9veloppement durable. D\u00e9couvrez les derni\u00e8res tendances de l'industrie et laissez-vous inspirer par le domaine des \u00e9nergies renouvelables.<\/p>\n\n\t\t<\/div>\n\t<\/div>\n<style>.ld_spacer_69e71b4094cfb{height:32px;}<\/style>\n<div class=\"ld-empty-space ld_spacer_69e71b4094cfb\"><\/div><\/div><\/div><\/div><\/div><\/div><\/section><section class=\"vc_row liquid-row-shadowbox-69e71b4094f0c\"><div class=\"ld-container container\"><div class=\"row ld-row ld-row-outer\"><div class=\"wpb_column vc_column_container vc_col-sm-12 liquid-column-69e71b409520a\"><div class=\"vc_column-inner\" ><div class=\"wpb_wrapper\"  ><style>.ld_blog_69e71b40953fb .lqd-lp-row{margin-inline-start:-15px;margin-inline-end:-15px;}.ld_blog_69e71b40953fb .lqd-lp-column{padding-inline-start:15px;padding-inline-end:15px;margin-bottom:40px;}.ld_blog_69e71b40953fb .lqd-lp .lqd-lp-title{margin-top:px !important;margin-bottom:px !important;}<\/style><div class=\"lqd-lp-grid ld_blog_69e71b40953fb lqd-1608202999916-0ee7b2b1-6799\"><div class=\"lqd-lp-row row d-flex flex-wrap\"><div class=\"lqd-lp-column col-md-6 col-sm-6 aktualnosci lqd-f-27\"><article id=\"post-6357\" class=\"lqd-lp lqd-lp lqd-lp-style-16 pos-rel post-6357 post type-post status-publish format-standard hentry category-aktualnosci\">\n\n<div class=\"lqd-lp-img border-radius-4 overflow-hidden pos-rel mb-5\">\n\t<\/div>\n\n<header class=\"lqd-lp-header mb-3\">\n\t<h2 class=\"entry-title lqd-lp-title h5 m-0\"><a  href=\"https:\/\/imapolska.pl\/fr\/zyczenia-swiateczne\/\" rel=\"bookmark\">Souhaits de No\u00ebl<\/a><\/h2><\/header>\n\n\t\t\t<div class=\"lqd-lp-excerpt mb-3\">\n\t\t\t\t<p>\u00c0 l'occasion de P\u00e2ques, nous souhaitons que cette p\u00e9riode particuli\u00e8re passe<\/p>\n\t\t\t<\/div><!-- \/.latest-post-excerpt -->\n\t\t\n<footer class=\"lqd-lp-footer pos-rel z-index-2 pt-1\">\n\t<a href=\"https:\/\/imapolska.pl\/fr\/zyczenia-swiateczne\/\" class=\"btn btn-naked text-uppercase ltr-sp-1 size-sm font-weight-bold lqd-lp-read-more\">\n\t\t<span class=\"btn-line btn-line-before d-inline-block pos-rel\"><\/span>\n\t\t<span class=\"btn-txt d-inline-block\">Lire la suite<\/span>\n\t\t<span class=\"btn-line btn-line-after d-inline-block pos-rel\">\n\t\t\t<svg class=\"d-inline-block pos-abs\" xmlns=\"http:\/\/www.w3.org\/2000\/svg\" width=\"12\" height=\"32\" viewbox=\"0 0 12 32\" style=\"height: 2em;\"><path fill=\"currentColor\" d=\"M8.375 16L.437 8.062C-.125 7.5-.125 6.5.438 5.938s1.563-.563 2.126 0l9 9c.562.562.624 1.5.062 2.062l-9.063 9.063c-.312.312-.687.437-1.062.437s-.75-.125-1.063-.438c-.562-.562-.562-1.562 0-2.125z\"><\/path><\/svg>\n\t\t<\/span>\n\t<\/a>\n<\/footer>\n\n<a  href=\"https:\/\/imapolska.pl\/fr\/zyczenia-swiateczne\/\" class=\"lqd-lp-overlay-link lqd-overlay z-index-2\" tab-index=\"-1\"><\/a>\n<\/article><\/div><div class=\"lqd-lp-column col-md-6 col-sm-6 aktualnosci lqd-f-27\"><article id=\"post-6363\" class=\"lqd-lp lqd-lp lqd-lp-style-16 pos-rel post-6363 post type-post status-publish format-standard hentry category-aktualnosci\">\n\n<div class=\"lqd-lp-img border-radius-4 overflow-hidden pos-rel mb-5\">\n\t<\/div>\n\n<header class=\"lqd-lp-header mb-3\">\n\t<h2 class=\"entry-title lqd-lp-title h5 m-0\"><a  href=\"https:\/\/imapolska.pl\/fr\/zyczenia-wielkanocne-ima-polska-4\/\" rel=\"bookmark\">V\u0153ux de P\u00e2ques d'IMA Polska S.A. \u00e0 ses clients et partenaires commerciaux<\/a><\/h2><\/header>\n\n\t\t\t<div class=\"lqd-lp-excerpt mb-3\">\n\t\t\t\t<p>IMA Polska S.A. adresse ses v\u0153ux chaleureux de P\u00e2ques \u00e0 tous ses clients et partenaires.<\/p>\n\t\t\t<\/div><!-- \/.latest-post-excerpt -->\n\t\t\n<footer class=\"lqd-lp-footer pos-rel z-index-2 pt-1\">\n\t<a href=\"https:\/\/imapolska.pl\/fr\/zyczenia-wielkanocne-ima-polska-4\/\" class=\"btn btn-naked text-uppercase ltr-sp-1 size-sm font-weight-bold lqd-lp-read-more\">\n\t\t<span class=\"btn-line btn-line-before d-inline-block pos-rel\"><\/span>\n\t\t<span class=\"btn-txt d-inline-block\">Lire la suite<\/span>\n\t\t<span class=\"btn-line btn-line-after d-inline-block pos-rel\">\n\t\t\t<svg class=\"d-inline-block pos-abs\" xmlns=\"http:\/\/www.w3.org\/2000\/svg\" width=\"12\" height=\"32\" viewbox=\"0 0 12 32\" style=\"height: 2em;\"><path fill=\"currentColor\" d=\"M8.375 16L.437 8.062C-.125 7.5-.125 6.5.438 5.938s1.563-.563 2.126 0l9 9c.562.562.624 1.5.062 2.062l-9.063 9.063c-.312.312-.687.437-1.062.437s-.75-.125-1.063-.438c-.562-.562-.562-1.562 0-2.125z\"><\/path><\/svg>\n\t\t<\/span>\n\t<\/a>\n<\/footer>\n\n<a  href=\"https:\/\/imapolska.pl\/fr\/zyczenia-wielkanocne-ima-polska-4\/\" class=\"lqd-lp-overlay-link lqd-overlay z-index-2\" tab-index=\"-1\"><\/a>\n<\/article><\/div><div class=\"lqd-lp-column col-md-6 col-sm-6 aktualnosci lqd-f-27\"><article id=\"post-6339\" class=\"lqd-lp lqd-lp lqd-lp-style-16 pos-rel post-6339 post type-post status-publish format-standard hentry category-aktualnosci\">\n\n<div class=\"lqd-lp-img border-radius-4 overflow-hidden pos-rel mb-5\">\n\t<\/div>\n\n<header class=\"lqd-lp-header mb-3\">\n\t<h2 class=\"entry-title lqd-lp-title h5 m-0\"><a  href=\"https:\/\/imapolska.pl\/fr\/blokada-ciesniny-ormuz-bioetanol-chemikalia-polska\/\" rel=\"bookmark\">Blocage du d\u00e9troit d'Ormuz et des march\u00e9s du bio\u00e9thanol et des produits chimiques en Pologne<\/a><\/h2><\/header>\n\n\t\t\t<div class=\"lqd-lp-excerpt mb-3\">\n\t\t\t\t<p>Blocage du d\u00e9troit d'Ormuz - ce qui s'est pass\u00e9 et pourquoi cela s'est produit<\/p>\n\t\t\t<\/div><!-- \/.latest-post-excerpt -->\n\t\t\n<footer class=\"lqd-lp-footer pos-rel z-index-2 pt-1\">\n\t<a href=\"https:\/\/imapolska.pl\/fr\/blokada-ciesniny-ormuz-bioetanol-chemikalia-polska\/\" class=\"btn btn-naked text-uppercase ltr-sp-1 size-sm font-weight-bold lqd-lp-read-more\">\n\t\t<span class=\"btn-line btn-line-before d-inline-block pos-rel\"><\/span>\n\t\t<span class=\"btn-txt d-inline-block\">Lire la suite<\/span>\n\t\t<span class=\"btn-line btn-line-after d-inline-block pos-rel\">\n\t\t\t<svg class=\"d-inline-block pos-abs\" xmlns=\"http:\/\/www.w3.org\/2000\/svg\" width=\"12\" height=\"32\" viewbox=\"0 0 12 32\" style=\"height: 2em;\"><path fill=\"currentColor\" d=\"M8.375 16L.437 8.062C-.125 7.5-.125 6.5.438 5.938s1.563-.563 2.126 0l9 9c.562.562.624 1.5.062 2.062l-9.063 9.063c-.312.312-.687.437-1.062.437s-.75-.125-1.063-.438c-.562-.562-.562-1.562 0-2.125z\"><\/path><\/svg>\n\t\t<\/span>\n\t<\/a>\n<\/footer>\n\n<a  href=\"https:\/\/imapolska.pl\/fr\/blokada-ciesniny-ormuz-bioetanol-chemikalia-polska\/\" class=\"lqd-lp-overlay-link lqd-overlay z-index-2\" tab-index=\"-1\"><\/a>\n<\/article><\/div><div class=\"lqd-lp-column col-md-6 col-sm-6 aktualnosci lqd-f-27\"><article id=\"post-6289\" class=\"lqd-lp lqd-lp lqd-lp-style-16 pos-rel post-6289 post type-post status-publish format-standard hentry category-aktualnosci\">\n\n<div class=\"lqd-lp-img border-radius-4 overflow-hidden pos-rel mb-5\">\n\t<\/div>\n\n<header class=\"lqd-lp-header mb-3\">\n\t<h2 class=\"entry-title lqd-lp-title h5 m-0\"><a  href=\"https:\/\/imapolska.pl\/fr\/spy-x-vodka-ultra-luksusowa-wodka-private-label-ima-polska\/\" rel=\"bookmark\">Spy X Vodka - vodka de marque priv\u00e9e ultra-luxueuse d'IMA Polska<\/a><\/h2><\/header>\n\n\t\t\t<div class=\"lqd-lp-excerpt mb-3\">\n\t\t\t\t<p>Spy X Vodka est l'un des derniers projets de marque priv\u00e9e.<\/p>\n\t\t\t<\/div><!-- \/.latest-post-excerpt -->\n\t\t\n<footer class=\"lqd-lp-footer pos-rel z-index-2 pt-1\">\n\t<a href=\"https:\/\/imapolska.pl\/fr\/spy-x-vodka-ultra-luksusowa-wodka-private-label-ima-polska\/\" class=\"btn btn-naked text-uppercase ltr-sp-1 size-sm font-weight-bold lqd-lp-read-more\">\n\t\t<span class=\"btn-line btn-line-before d-inline-block pos-rel\"><\/span>\n\t\t<span class=\"btn-txt d-inline-block\">Lire la suite<\/span>\n\t\t<span class=\"btn-line btn-line-after d-inline-block pos-rel\">\n\t\t\t<svg class=\"d-inline-block pos-abs\" xmlns=\"http:\/\/www.w3.org\/2000\/svg\" width=\"12\" height=\"32\" viewbox=\"0 0 12 32\" style=\"height: 2em;\"><path fill=\"currentColor\" d=\"M8.375 16L.437 8.062C-.125 7.5-.125 6.5.438 5.938s1.563-.563 2.126 0l9 9c.562.562.624 1.5.062 2.062l-9.063 9.063c-.312.312-.687.437-1.062.437s-.75-.125-1.063-.438c-.562-.562-.562-1.562 0-2.125z\"><\/path><\/svg>\n\t\t<\/span>\n\t<\/a>\n<\/footer>\n\n<a  href=\"https:\/\/imapolska.pl\/fr\/spy-x-vodka-ultra-luksusowa-wodka-private-label-ima-polska\/\" class=\"lqd-lp-overlay-link lqd-overlay z-index-2\" tab-index=\"-1\"><\/a>\n<\/article><\/div><div class=\"lqd-lp-column col-md-6 col-sm-6 aktualnosci lqd-f-27\"><article id=\"post-6241\" class=\"lqd-lp lqd-lp lqd-lp-style-16 pos-rel post-6241 post type-post status-publish format-standard hentry category-aktualnosci\">\n\n<div class=\"lqd-lp-img border-radius-4 overflow-hidden pos-rel mb-5\">\n\t<\/div>\n\n<header class=\"lqd-lp-header mb-3\">\n\t<h2 class=\"entry-title lqd-lp-title h5 m-0\"><a  href=\"https:\/\/imapolska.pl\/fr\/import-alkoholi-do-polski-sklad-podatkowy-obsluga-akcyzy\/\" rel=\"bookmark\">Importation de spiritueux en Pologne - ce qu'il faut savoir avant la premi\u00e8re livraison<\/a><\/h2><\/header>\n\n\t\t\t<div class=\"lqd-lp-excerpt mb-3\">\n\t\t\t\t<p>L'importation de spiritueux en Pologne est un processus qui n\u00e9cessite de conna\u00eetre les r\u00e9glementations en vigueur.<\/p>\n\t\t\t<\/div><!-- \/.latest-post-excerpt -->\n\t\t\n<footer class=\"lqd-lp-footer pos-rel z-index-2 pt-1\">\n\t<a href=\"https:\/\/imapolska.pl\/fr\/import-alkoholi-do-polski-sklad-podatkowy-obsluga-akcyzy\/\" class=\"btn btn-naked text-uppercase ltr-sp-1 size-sm font-weight-bold lqd-lp-read-more\">\n\t\t<span class=\"btn-line btn-line-before d-inline-block pos-rel\"><\/span>\n\t\t<span class=\"btn-txt d-inline-block\">Lire la suite<\/span>\n\t\t<span class=\"btn-line btn-line-after d-inline-block pos-rel\">\n\t\t\t<svg class=\"d-inline-block pos-abs\" xmlns=\"http:\/\/www.w3.org\/2000\/svg\" width=\"12\" height=\"32\" viewbox=\"0 0 12 32\" style=\"height: 2em;\"><path fill=\"currentColor\" d=\"M8.375 16L.437 8.062C-.125 7.5-.125 6.5.438 5.938s1.563-.563 2.126 0l9 9c.562.562.624 1.5.062 2.062l-9.063 9.063c-.312.312-.687.437-1.062.437s-.75-.125-1.063-.438c-.562-.562-.562-1.562 0-2.125z\"><\/path><\/svg>\n\t\t<\/span>\n\t<\/a>\n<\/footer>\n\n<a  href=\"https:\/\/imapolska.pl\/fr\/import-alkoholi-do-polski-sklad-podatkowy-obsluga-akcyzy\/\" class=\"lqd-lp-overlay-link lqd-overlay z-index-2\" tab-index=\"-1\"><\/a>\n<\/article><\/div><div class=\"lqd-lp-column col-md-6 col-sm-6 aktualnosci lqd-f-27\"><article id=\"post-6203\" class=\"lqd-lp lqd-lp lqd-lp-style-16 pos-rel post-6203 post type-post status-publish format-standard hentry category-aktualnosci\">\n\n<div class=\"lqd-lp-img border-radius-4 overflow-hidden pos-rel mb-5\">\n\t<\/div>\n\n<header class=\"lqd-lp-header mb-3\">\n\t<h2 class=\"entry-title lqd-lp-title h5 m-0\"><a  href=\"https:\/\/imapolska.pl\/fr\/ima-polska-prowein-2026-dusseldorf\/\" rel=\"bookmark\">IMA Poland \u00e0 ProWein 2026 \u00e0 D\u00fcsseldorf - stand 5E33<\/a><\/h2><\/header>\n\n\t\t\t<div class=\"lqd-lp-excerpt mb-3\">\n\t\t\t\t<p>IMA Poland et Wielkopolska Manufaktura W\u00f3dek participent au salon ProWein<\/p>\n\t\t\t<\/div><!-- \/.latest-post-excerpt -->\n\t\t\n<footer class=\"lqd-lp-footer pos-rel z-index-2 pt-1\">\n\t<a href=\"https:\/\/imapolska.pl\/fr\/ima-polska-prowein-2026-dusseldorf\/\" class=\"btn btn-naked text-uppercase ltr-sp-1 size-sm font-weight-bold lqd-lp-read-more\">\n\t\t<span class=\"btn-line btn-line-before d-inline-block pos-rel\"><\/span>\n\t\t<span class=\"btn-txt d-inline-block\">Lire la suite<\/span>\n\t\t<span class=\"btn-line btn-line-after d-inline-block pos-rel\">\n\t\t\t<svg class=\"d-inline-block pos-abs\" xmlns=\"http:\/\/www.w3.org\/2000\/svg\" width=\"12\" height=\"32\" viewbox=\"0 0 12 32\" style=\"height: 2em;\"><path fill=\"currentColor\" d=\"M8.375 16L.437 8.062C-.125 7.5-.125 6.5.438 5.938s1.563-.563 2.126 0l9 9c.562.562.624 1.5.062 2.062l-9.063 9.063c-.312.312-.687.437-1.062.437s-.75-.125-1.063-.438c-.562-.562-.562-1.562 0-2.125z\"><\/path><\/svg>\n\t\t<\/span>\n\t<\/a>\n<\/footer>\n\n<a  href=\"https:\/\/imapolska.pl\/fr\/ima-polska-prowein-2026-dusseldorf\/\" class=\"lqd-lp-overlay-link lqd-overlay z-index-2\" tab-index=\"-1\"><\/a>\n<\/article><\/div><div class=\"lqd-lp-column col-md-6 col-sm-6 aktualnosci lqd-f-27\"><article id=\"post-6189\" class=\"lqd-lp lqd-lp lqd-lp-style-16 pos-rel post-6189 post type-post status-publish format-standard hentry category-aktualnosci\">\n\n<div class=\"lqd-lp-img border-radius-4 overflow-hidden pos-rel mb-5\">\n\t<\/div>\n\n<header class=\"lqd-lp-header mb-3\">\n\t<h2 class=\"entry-title lqd-lp-title h5 m-0\"><a  href=\"https:\/\/imapolska.pl\/fr\/ima-polska-sponsor-polmaraton-murowana-goslina\/\" rel=\"bookmark\">IMA Polska sponsor du semi-marathon de Murowana Go\u015blina<\/a><\/h2><\/header>\n\n\t\t\t<div class=\"lqd-lp-excerpt mb-3\">\n\t\t\t\t<p>IMA Polska soutient le semi-marathon de Murowana Go\u015blina en tant que sponsor de l'\u00e9v\u00e9nement local<\/p>\n\t\t\t<\/div><!-- \/.latest-post-excerpt -->\n\t\t\n<footer class=\"lqd-lp-footer pos-rel z-index-2 pt-1\">\n\t<a href=\"https:\/\/imapolska.pl\/fr\/ima-polska-sponsor-polmaraton-murowana-goslina\/\" class=\"btn btn-naked text-uppercase ltr-sp-1 size-sm font-weight-bold lqd-lp-read-more\">\n\t\t<span class=\"btn-line btn-line-before d-inline-block pos-rel\"><\/span>\n\t\t<span class=\"btn-txt d-inline-block\">Lire la suite<\/span>\n\t\t<span class=\"btn-line btn-line-after d-inline-block pos-rel\">\n\t\t\t<svg class=\"d-inline-block pos-abs\" xmlns=\"http:\/\/www.w3.org\/2000\/svg\" width=\"12\" height=\"32\" viewbox=\"0 0 12 32\" style=\"height: 2em;\"><path fill=\"currentColor\" d=\"M8.375 16L.437 8.062C-.125 7.5-.125 6.5.438 5.938s1.563-.563 2.126 0l9 9c.562.562.624 1.5.062 2.062l-9.063 9.063c-.312.312-.687.437-1.062.437s-.75-.125-1.063-.438c-.562-.562-.562-1.562 0-2.125z\"><\/path><\/svg>\n\t\t<\/span>\n\t<\/a>\n<\/footer>\n\n<a  href=\"https:\/\/imapolska.pl\/fr\/ima-polska-sponsor-polmaraton-murowana-goslina\/\" class=\"lqd-lp-overlay-link lqd-overlay z-index-2\" tab-index=\"-1\"><\/a>\n<\/article><\/div><div class=\"lqd-lp-column col-md-6 col-sm-6 aktualnosci lqd-f-27\"><article id=\"post-6176\" class=\"lqd-lp lqd-lp lqd-lp-style-16 pos-rel post-6176 post type-post status-publish format-standard hentry category-aktualnosci\">\n\n<div class=\"lqd-lp-img border-radius-4 overflow-hidden pos-rel mb-5\">\n\t<\/div>\n\n<header class=\"lqd-lp-header mb-3\">\n\t<h2 class=\"entry-title lqd-lp-title h5 m-0\"><a  href=\"https:\/\/imapolska.pl\/fr\/rozlew-na-zlecenie-wlasna-marka-alkoholu\/\" rel=\"bookmark\">Embouteillage sous contrat - marque d'alcool sans distillerie propre<\/a><\/h2><\/header>\n\n\t\t\t<div class=\"lqd-lp-excerpt mb-3\">\n\t\t\t\t<p>L'embouteillage sous contrat (marque priv\u00e9e) est la voie la plus rapide vers le march\u00e9.<\/p>\n\t\t\t<\/div><!-- \/.latest-post-excerpt -->\n\t\t\n<footer class=\"lqd-lp-footer pos-rel z-index-2 pt-1\">\n\t<a href=\"https:\/\/imapolska.pl\/fr\/rozlew-na-zlecenie-wlasna-marka-alkoholu\/\" class=\"btn btn-naked text-uppercase ltr-sp-1 size-sm font-weight-bold lqd-lp-read-more\">\n\t\t<span class=\"btn-line btn-line-before d-inline-block pos-rel\"><\/span>\n\t\t<span class=\"btn-txt d-inline-block\">Lire la suite<\/span>\n\t\t<span class=\"btn-line btn-line-after d-inline-block pos-rel\">\n\t\t\t<svg class=\"d-inline-block pos-abs\" xmlns=\"http:\/\/www.w3.org\/2000\/svg\" width=\"12\" height=\"32\" viewbox=\"0 0 12 32\" style=\"height: 2em;\"><path fill=\"currentColor\" d=\"M8.375 16L.437 8.062C-.125 7.5-.125 6.5.438 5.938s1.563-.563 2.126 0l9 9c.562.562.624 1.5.062 2.062l-9.063 9.063c-.312.312-.687.437-1.062.437s-.75-.125-1.063-.438c-.562-.562-.562-1.562 0-2.125z\"><\/path><\/svg>\n\t\t<\/span>\n\t<\/a>\n<\/footer>\n\n<a  href=\"https:\/\/imapolska.pl\/fr\/rozlew-na-zlecenie-wlasna-marka-alkoholu\/\" class=\"lqd-lp-overlay-link lqd-overlay z-index-2\" tab-index=\"-1\"><\/a>\n<\/article><\/div><div class=\"lqd-lp-column col-md-6 col-sm-6 aktualnosci lqd-f-27\"><article id=\"post-6119\" class=\"lqd-lp lqd-lp lqd-lp-style-16 pos-rel post-6119 post type-post status-publish format-standard hentry category-aktualnosci\">\n\n<div class=\"lqd-lp-img border-radius-4 overflow-hidden pos-rel mb-5\">\n\t<\/div>\n\n<header class=\"lqd-lp-header mb-3\">\n\t<h2 class=\"entry-title lqd-lp-title h5 m-0\"><a  href=\"https:\/\/imapolska.pl\/fr\/alkohol-etylowy-od-polskiego-producenta-zastosowania-b2b\/\" rel=\"bookmark\">Alcool \u00e9thylique d'un producteur polonais - gamme compl\u00e8te d'applications B2B<\/a><\/h2><\/header>\n\n\t\t\t<div class=\"lqd-lp-excerpt mb-3\">\n\t\t\t\t<p>L'alcool \u00e9thylique provenant d'un producteur polonais est la pierre angulaire de l'approvisionnement de nombreuses industries.<\/p>\n\t\t\t<\/div><!-- \/.latest-post-excerpt -->\n\t\t\n<footer class=\"lqd-lp-footer pos-rel z-index-2 pt-1\">\n\t<a href=\"https:\/\/imapolska.pl\/fr\/alkohol-etylowy-od-polskiego-producenta-zastosowania-b2b\/\" class=\"btn btn-naked text-uppercase ltr-sp-1 size-sm font-weight-bold lqd-lp-read-more\">\n\t\t<span class=\"btn-line btn-line-before d-inline-block pos-rel\"><\/span>\n\t\t<span class=\"btn-txt d-inline-block\">Lire la suite<\/span>\n\t\t<span class=\"btn-line btn-line-after d-inline-block pos-rel\">\n\t\t\t<svg class=\"d-inline-block pos-abs\" xmlns=\"http:\/\/www.w3.org\/2000\/svg\" width=\"12\" height=\"32\" viewbox=\"0 0 12 32\" style=\"height: 2em;\"><path fill=\"currentColor\" d=\"M8.375 16L.437 8.062C-.125 7.5-.125 6.5.438 5.938s1.563-.563 2.126 0l9 9c.562.562.624 1.5.062 2.062l-9.063 9.063c-.312.312-.687.437-1.062.437s-.75-.125-1.063-.438c-.562-.562-.562-1.562 0-2.125z\"><\/path><\/svg>\n\t\t<\/span>\n\t<\/a>\n<\/footer>\n\n<a  href=\"https:\/\/imapolska.pl\/fr\/alkohol-etylowy-od-polskiego-producenta-zastosowania-b2b\/\" class=\"lqd-lp-overlay-link lqd-overlay z-index-2\" tab-index=\"-1\"><\/a>\n<\/article><\/div><div class=\"lqd-lp-column col-md-6 col-sm-6 aktualnosci lqd-f-27\"><article id=\"post-6116\" class=\"lqd-lp lqd-lp lqd-lp-style-16 pos-rel post-6116 post type-post status-publish format-standard hentry category-aktualnosci\">\n\n<div class=\"lqd-lp-img border-radius-4 overflow-hidden pos-rel mb-5\">\n\t<\/div>\n\n<header class=\"lqd-lp-header mb-3\">\n\t<h2 class=\"entry-title lqd-lp-title h5 m-0\"><a  href=\"https:\/\/imapolska.pl\/fr\/ima-polska-prowein-2025-dusseldorf-stoisko-e33\/\" rel=\"bookmark\">IMA Poland \u00e0 ProWein 2025 \u00e0 D\u00fcsseldorf - ProSpirits hall, stand E33<\/a><\/h2><\/header>\n\n\t\t\t<div class=\"lqd-lp-excerpt mb-3\">\n\t\t\t\t<p>IMA Pologne expose \u00e0 ProWein 2025 \u00e0 D\u00fcsseldorf IMA Pologne<\/p>\n\t\t\t<\/div><!-- \/.latest-post-excerpt -->\n\t\t\n<footer class=\"lqd-lp-footer pos-rel z-index-2 pt-1\">\n\t<a href=\"https:\/\/imapolska.pl\/fr\/ima-polska-prowein-2025-dusseldorf-stoisko-e33\/\" class=\"btn btn-naked text-uppercase ltr-sp-1 size-sm font-weight-bold lqd-lp-read-more\">\n\t\t<span class=\"btn-line btn-line-before d-inline-block pos-rel\"><\/span>\n\t\t<span class=\"btn-txt d-inline-block\">Lire la suite<\/span>\n\t\t<span class=\"btn-line btn-line-after d-inline-block pos-rel\">\n\t\t\t<svg class=\"d-inline-block pos-abs\" xmlns=\"http:\/\/www.w3.org\/2000\/svg\" width=\"12\" height=\"32\" viewbox=\"0 0 12 32\" style=\"height: 2em;\"><path fill=\"currentColor\" d=\"M8.375 16L.437 8.062C-.125 7.5-.125 6.5.438 5.938s1.563-.563 2.126 0l9 9c.562.562.624 1.5.062 2.062l-9.063 9.063c-.312.312-.687.437-1.062.437s-.75-.125-1.063-.438c-.562-.562-.562-1.562 0-2.125z\"><\/path><\/svg>\n\t\t<\/span>\n\t<\/a>\n<\/footer>\n\n<a  href=\"https:\/\/imapolska.pl\/fr\/ima-polska-prowein-2025-dusseldorf-stoisko-e33\/\" class=\"lqd-lp-overlay-link lqd-overlay z-index-2\" tab-index=\"-1\"><\/a>\n<\/article><\/div><\/div><!--\/ .row --><div class=\"liquid-pf-nav ld-pf-nav-ajax\"><div class=\"page-nav text-center\"><nav aria-label=\"Navigation dans les pages\"><a href=\"https:\/\/imapolska.pl\/fr\/wp-json\/wp\/v2\/pages\/3445\/page\/2\/?ajaxify=1\" rel=\"nofollow\" data-ajaxify=\"true\" data-ajaxify-options=\"{&quot;wrapper&quot;:&quot;.lqd-lp-grid.lqd-1608202999916-0ee7b2b1-6799 &gt; .lqd-lp-row&quot;,&quot;items&quot;:&quot;&gt; .lqd-lp-column&quot;,&quot;trigger&quot;:&quot;inview&quot;}\" class=\"ld-ajax-loadmore\"><span><span class=\"static\">En savoir plus<\/span><span class=\"loading\"><span class=\"dots\"><span><\/span><span><\/span><span><\/span><\/span><span class=\"text-uppercase lts-sp-1\">Chargement<\/span><\/span><span class=\"all-loaded\">Tous les \u00e9l\u00e9ments sont charg\u00e9s <i class=\"lqd-icn-ess icon-ion-ios-checkmark\"><\/i><\/span><\/span><\/a><\/nav><\/div><\/div><\/div><!--\/ .lqd-lp-grid --><\/div><\/div><\/div><\/div><\/div><\/section>","protected":false},"excerpt":{"rendered":"IMA Pologne expose \u00e0 ProWein 2025 \u00e0 D\u00fcsseldorf IMA Pologne","protected":false},"author":1,"featured_media":0,"parent":0,"menu_order":1,"comment_status":"closed","ping_status":"closed","template":"","meta":{"footnotes":""},"class_list":["post-3445","page","type-page","status-publish","hentry"],"_links":{"self":[{"href":"https:\/\/imapolska.pl\/fr\/wp-json\/wp\/v2\/pages\/3445","targetHints":{"allow":["GET"]}}],"collection":[{"href":"https:\/\/imapolska.pl\/fr\/wp-json\/wp\/v2\/pages"}],"about":[{"href":"https:\/\/imapolska.pl\/fr\/wp-json\/wp\/v2\/types\/page"}],"author":[{"embeddable":true,"href":"https:\/\/imapolska.pl\/fr\/wp-json\/wp\/v2\/users\/1"}],"replies":[{"embeddable":true,"href":"https:\/\/imapolska.pl\/fr\/wp-json\/wp\/v2\/comments?post=3445"}],"version-history":[{"count":12,"href":"https:\/\/imapolska.pl\/fr\/wp-json\/wp\/v2\/pages\/3445\/revisions"}],"predecessor-version":[{"id":6105,"href":"https:\/\/imapolska.pl\/fr\/wp-json\/wp\/v2\/pages\/3445\/revisions\/6105"}],"wp:attachment":[{"href":"https:\/\/imapolska.pl\/fr\/wp-json\/wp\/v2\/media?parent=3445"}],"curies":[{"name":"wp","href":"https:\/\/api.w.org\/{rel}","templated":true}]}}