{"id":3,"date":"2025-04-09T12:27:11","date_gmt":"2025-04-09T10:27:11","guid":{"rendered":"https:\/\/imapolska.pl\/?page_id=3"},"modified":"2025-08-07T13:47:57","modified_gmt":"2025-08-07T11:47:57","slug":"politique-de-confidentialite","status":"publish","type":"page","link":"https:\/\/imapolska.pl\/fr\/polityka-prywatnosci\/","title":{"rendered":"Politique de confidentialit\u00e9"},"content":{"rendered":"<section class=\"vc_row liquid-row-shadowbox-69e71ad6ddfa2\"><div class=\"ld-container container\"><div class=\"row ld-row ld-row-outer\"><div class=\"wpb_column vc_column_container vc_col-sm-12 liquid-column-69e71ad6df8c2\"><div class=\"vc_column-inner\" ><div class=\"wpb_wrapper\"  >\n\t<div class=\"wpb_text_column wpb_content_element\" >\n\t\t<div class=\"wpb_wrapper\">\n\t\t\t<p><strong>I Informations g\u00e9n\u00e9rales<\/strong><\/p>\n<p>- La pr\u00e9sente politique de confidentialit\u00e9 et de cookies d\u00e9finit la mani\u00e8re dont les donn\u00e9es personnelles fournies par les utilisateurs et les cookies et autres technologies apparaissant sur le site web www.imapolska.eu sont obtenues, trait\u00e9es et prot\u00e9g\u00e9es. .<br \/>L'administrateur du site Web et des donn\u00e9es personnelles qui y sont fournies est IMA Polska S.A., ul. Polna 21, 62-095 Murowana Go\u015blina, NIP : 782-251-03-05, KRS : 0000566925.<\/p>\n<p><strong>II Donn\u00e9es \u00e0 caract\u00e8re personnel<\/strong><\/p>\n<p>- Le site web recueille des informations fournies volontairement par l'utilisateur.<br \/>- Le contenu du site peut \u00eatre consult\u00e9 sans fournir d'informations personnelles.<br \/>- Toute personne ayant fourni ses donn\u00e9es personnelles a le droit d'acc\u00e9der \u00e0 leur contenu et la possibilit\u00e9 de les corriger, de les mettre \u00e0 jour, de les compl\u00e9ter, ainsi que de demander la cessation du traitement des donn\u00e9es personnelles et de s'opposer au traitement des donn\u00e9es personnelles. Les actions susmentionn\u00e9es peuvent \u00eatre effectu\u00e9es en envoyant une d\u00e9claration appropri\u00e9e \u00e0 l'adresse \u00e9lectronique :\u00a0<a href=\"mailto:rodo@imapolska.eu\">rodo@imapolska.eu<\/a><\/p>\n<p><strong>III Informations sur les cookies.<\/strong><\/p>\n<p>- Le site web utilise des cookies.<br \/>- Les cookies (appel\u00e9s \u201et\u00e9moins de connexion\u201d) sont des donn\u00e9es informatiques, en particulier des fichiers texte, qui sont stock\u00e9s sur l'\u00e9quipement terminal de l'utilisateur du site web et sont destin\u00e9s \u00e0 l'utilisation de sites web. Les cookies contiennent g\u00e9n\u00e9ralement le nom du site web dont ils proviennent, la dur\u00e9e de leur stockage sur l'\u00e9quipement terminal et un num\u00e9ro unique.<br \/>- L'entit\u00e9 qui place les cookies sur l'\u00e9quipement terminal de l'utilisateur du site web et qui y acc\u00e8de est l'op\u00e9rateur du site web.<br \/>- Les cookies sont utilis\u00e9s aux fins suivantes :<br \/>- \u00e9tablir des statistiques qui nous aident \u00e0 comprendre comment les visiteurs utilisent les sites web, afin que nous puissions en am\u00e9liorer la structure et le contenu ;<br \/>- pour d\u00e9finir votre profil afin de vous pr\u00e9senter du mat\u00e9riel personnalis\u00e9 sur les r\u00e9seaux publicitaires, en particulier le r\u00e9seau Google.<br \/>- Le site web utilise deux types principaux de cookies : \u201esession\u201d (cookies de session) et \u201epermanent\u201d (cookies persistants). Les cookies \u201ede session\u201d sont des fichiers temporaires qui sont stock\u00e9s sur l'\u00e9quipement terminal de l'utilisateur jusqu'\u00e0 ce que ce dernier se d\u00e9connecte, quitte le site web ou \u00e9teigne le logiciel (navigateur web). Les cookies \u201epersistants\u201d sont stock\u00e9s sur l'\u00e9quipement terminal de l'utilisateur pendant la dur\u00e9e sp\u00e9cifi\u00e9e dans les param\u00e8tres des cookies ou jusqu'\u00e0 ce que l'utilisateur les supprime.<br \/>- Le logiciel de navigation sur le web (navigateur web) permet g\u00e9n\u00e9ralement, par d\u00e9faut, de stocker des cookies sur le terminal de l'utilisateur. Les utilisateurs du site web peuvent modifier leurs param\u00e8tres \u00e0 cet \u00e9gard. Le navigateur web permet de supprimer les cookies. Il est \u00e9galement possible de bloquer automatiquement les cookies. Pour plus de d\u00e9tails, veuillez vous r\u00e9f\u00e9rer \u00e0 l'aide ou \u00e0 la documentation de votre navigateur internet.<br \/>- Les restrictions concernant l'utilisation des cookies peuvent affecter certaines des fonctionnalit\u00e9s disponibles sur le site web. .<br \/>- Les cookies sont plac\u00e9s sur l'\u00e9quipement terminal de l'utilisateur du site web et peuvent \u00e9galement \u00eatre utilis\u00e9s par les annonceurs et les partenaires qui coop\u00e8rent avec l'op\u00e9rateur du site web.<br \/>- Nous vous recommandons de lire les politiques de confidentialit\u00e9 de ces entreprises pour comprendre l'utilisation des cookies utilis\u00e9s dans les statistiques : R\u00e8gles de confidentialit\u00e9 de Google Analytics.<br \/>- Les cookies peuvent \u00eatre utilis\u00e9s par des r\u00e9seaux publicitaires, en particulier le r\u00e9seau Google, pour afficher des publicit\u00e9s adapt\u00e9es \u00e0 l'utilisation du site par l'utilisateur. \u00c0 cette fin, ils peuvent conserver des informations sur le chemin de navigation de l'utilisateur ou sur la dur\u00e9e de son s\u00e9jour sur une page donn\u00e9e.<br \/>- En ce qui concerne les informations sur les pr\u00e9f\u00e9rences des utilisateurs collect\u00e9es par le r\u00e9seau publicitaire de Google, l'utilisateur peut visualiser et modifier les informations r\u00e9sultant des cookies \u00e0 l'aide d'un outil :\u00a0<a href=\"https:\/\/www.google.com\/ads\/preferences\/\" target=\"_blank\" rel=\"noopener\">https:\/\/www.google.com\/ads\/preferences\/<\/a><\/p>\n<p><strong>IV Gestion des cookies - comment donner et retirer son consentement dans la pratique ?<\/strong><\/p>\n<p>- Si vous ne souhaitez pas recevoir de cookies, vous pouvez modifier les param\u00e8tres de votre navigateur. Veuillez noter que la d\u00e9sactivation des cookies essentiels aux processus d'authentification, \u00e0 la s\u00e9curit\u00e9 et au maintien des pr\u00e9f\u00e9rences de l'utilisateur peut rendre difficile, voire impossible dans des cas extr\u00eames, l'utilisation des sites web.<br \/>- Pour g\u00e9rer vos param\u00e8tres de cookies, s\u00e9lectionnez votre navigateur\/syst\u00e8me dans la liste ci-dessous et suivez les instructions.<br \/>- Internet Explorer<br \/>- Chrome<br \/>- Safari<br \/>- Firefox<br \/>- Op\u00e9ra<br \/>- Android<br \/>- Safari (iOS)<br \/>- Windows Phone<br \/>- Blackberry<\/p>\n<p><strong>V Partage des donn\u00e9es.<\/strong><\/p>\n<p>- Les donn\u00e9es ne sont partag\u00e9es avec des parties externes que dans les limites de la loi.<br \/>- L'op\u00e9rateur peut \u00eatre oblig\u00e9 de fournir des informations collect\u00e9es par le site web aux autorit\u00e9s autoris\u00e9es sur la base de demandes l\u00e9gitimes, dans la mesure o\u00f9 la demande est justifi\u00e9e.<br \/>VI Dispositions finales<br \/>- L'administrateur a le droit de modifier la pr\u00e9sente politique de confidentialit\u00e9. Les personnes qui fournissent leurs donn\u00e9es personnelles sont li\u00e9es par la version actuelle de la politique de confidentialit\u00e9, disponible \u00e0 l'adresse suivante\u00a0<a href=\"https:\/\/www.imapolska.eu\/dokumenty-i-polityka-prywatnosci\/polityka-prywatnosci\" target=\"_blank\" rel=\"noopener\">https:\/\/imapolska.eu\/polityka-prywatnosci<\/a>- Pour les questions non couvertes par la pr\u00e9sente politique de protection de la vie priv\u00e9e, les dispositions applicables du droit polonais s'appliquent.<\/p>\n\n\t\t<\/div>\n\t<\/div>\n<\/div><\/div><\/div><\/div><\/div><\/section>","protected":false},"excerpt":{"rendered":"I Informacje og\u00f3lne \u2022 Niniejsza Polityka Prywatno\u015bci i Polityka Cookies okre\u015bla spos\u00f3b pozyskiwania, przetwarzania oraz ochrony danych osobowych przekazanych przez U\u017cytkownik\u00f3w oraz plik\u00f3w Cookies a tak\u017ce innych technologii pojawiaj\u0105cych si\u0119 na stronie internetowej www.imapolska.eu .Administratorem strony i danych osobowych przekazanych przekazywanych w jej ramach jest IMA Polska S.A., ul. Polna 21, 62-095 Murowana Go\u015blina, NIP: [...]","protected":false},"author":1,"featured_media":0,"parent":0,"menu_order":9,"comment_status":"closed","ping_status":"closed","template":"","meta":{"footnotes":""},"class_list":["post-3","page","type-page","status-publish","hentry"],"_links":{"self":[{"href":"https:\/\/imapolska.pl\/fr\/wp-json\/wp\/v2\/pages\/3","targetHints":{"allow":["GET"]}}],"collection":[{"href":"https:\/\/imapolska.pl\/fr\/wp-json\/wp\/v2\/pages"}],"about":[{"href":"https:\/\/imapolska.pl\/fr\/wp-json\/wp\/v2\/types\/page"}],"author":[{"embeddable":true,"href":"https:\/\/imapolska.pl\/fr\/wp-json\/wp\/v2\/users\/1"}],"replies":[{"embeddable":true,"href":"https:\/\/imapolska.pl\/fr\/wp-json\/wp\/v2\/comments?post=3"}],"version-history":[{"count":4,"href":"https:\/\/imapolska.pl\/fr\/wp-json\/wp\/v2\/pages\/3\/revisions"}],"predecessor-version":[{"id":4567,"href":"https:\/\/imapolska.pl\/fr\/wp-json\/wp\/v2\/pages\/3\/revisions\/4567"}],"wp:attachment":[{"href":"https:\/\/imapolska.pl\/fr\/wp-json\/wp\/v2\/media?parent=3"}],"curies":[{"name":"wp","href":"https:\/\/api.w.org\/{rel}","templated":true}]}}