{"id":4733,"date":"2025-11-28T10:19:39","date_gmt":"2025-11-28T09:19:39","guid":{"rendered":"https:\/\/imapolska.pl\/?page_id=4733"},"modified":"2025-11-28T10:20:54","modified_gmt":"2025-11-28T09:20:54","slug":"blog","status":"publish","type":"page","link":"https:\/\/imapolska.pl\/es\/blog\/","title":{"rendered":"Blog"},"content":{"rendered":"<section class=\"vc_row liquid-row-shadowbox-69e5032dce55c\"><div class=\"ld-container container\"><div class=\"row ld-row ld-row-outer\"><div class=\"wpb_column vc_column_container vc_col-sm-12 liquid-column-69e5032dce82f\"><div class=\"vc_column-inner\" ><div class=\"wpb_wrapper\"  ><style>.ld_blog_69e5032dce956 .lqd-lp-row{margin-inline-start:-15px;margin-inline-end:-15px;}.ld_blog_69e5032dce956 .lqd-lp-column{padding-inline-start:15px;padding-inline-end:15px;margin-bottom:40px;}.ld_blog_69e5032dce956 .lqd-lp .lqd-lp-title{margin-top:px !important;margin-bottom:px !important;}<\/style><div class=\"lqd-lp-grid ld_blog_69e5032dce956 lqd-1608202999916-0ee7b2b1-6799\"><div class=\"lqd-lp-row row d-flex flex-wrap\"><div class=\"lqd-lp-column col-md-6 col-sm-6 bez-kategorii lqd-f-1 blog lqd-f-28\"><article id=\"post-6332\" class=\"lqd-lp lqd-lp lqd-lp-style-16 pos-rel post-6332 post type-post status-publish format-standard has-post-thumbnail hentry category-bez-kategorii category-blog\">\n\n<div class=\"lqd-lp-img border-radius-4 overflow-hidden pos-rel mb-5\">\n\t<figure class=\"pos-rel bg-cover bg-center w-100\"><img decoding=\"async\" width=\"720\" height=\"400\" src=\"https:\/\/imapolska.pl\/wp-content\/uploads\/2026\/03\/download-720x400.png\" class=\"w-100 wp-post-image\" alt=\"\" \/><\/figure><\/div>\n\n<header class=\"lqd-lp-header mb-3\">\n\t<h2 class=\"entry-title lqd-lp-title h5 m-0\"><a href=\"https:\/\/imapolska.pl\/es\/wojna-w-iranie-a-rynki-etanolu-bioetanolu-i-chemikaliow-co-oznacza-blokada-ormuz-dla-polskiego-przemyslu\/\" rel=\"bookmark\">La guerra de Ir\u00e1n y los mercados del etanol, el bioetanol y los productos qu\u00edmicos: qu\u00e9 significa el bloqueo del Ormuz para la industria polaca<\/a><\/h2><\/header>\n\n\t\t\t<div class=\"lqd-lp-excerpt mb-3\">\n\t\t\t\t<p>Blokada Cie\u015bniny Ormuz wywr\u00f3ci\u0142a do g\u00f3ry nogami rynki ropy, gazu,<\/p>\n\t\t\t<\/div><!-- \/.latest-post-excerpt -->\n\t\t\n<footer class=\"lqd-lp-footer pos-rel z-index-2 pt-1\">\n\t<a href=\"https:\/\/imapolska.pl\/es\/wojna-w-iranie-a-rynki-etanolu-bioetanolu-i-chemikaliow-co-oznacza-blokada-ormuz-dla-polskiego-przemyslu\/\" class=\"btn btn-naked text-uppercase ltr-sp-1 size-sm font-weight-bold lqd-lp-read-more\">\n\t\t<span class=\"btn-line btn-line-before d-inline-block pos-rel\"><\/span>\n\t\t<span class=\"btn-txt d-inline-block\">Seguir leyendo<\/span>\n\t\t<span class=\"btn-line btn-line-after d-inline-block pos-rel\">\n\t\t\t<svg class=\"d-inline-block pos-abs\" xmlns=\"http:\/\/www.w3.org\/2000\/svg\" width=\"12\" height=\"32\" viewbox=\"0 0 12 32\" style=\"height: 2em;\"><path fill=\"currentColor\" d=\"M8.375 16L.437 8.062C-.125 7.5-.125 6.5.438 5.938s1.563-.563 2.126 0l9 9c.562.562.624 1.5.062 2.062l-9.063 9.063c-.312.312-.687.437-1.062.437s-.75-.125-1.063-.438c-.562-.562-.562-1.562 0-2.125z\"><\/path><\/svg>\n\t\t<\/span>\n\t<\/a>\n<\/footer>\n\n<a href=\"https:\/\/imapolska.pl\/es\/wojna-w-iranie-a-rynki-etanolu-bioetanolu-i-chemikaliow-co-oznacza-blokada-ormuz-dla-polskiego-przemyslu\/\" class=\"lqd-lp-overlay-link lqd-overlay z-index-2\" tab-index=\"-1\"><\/a>\n<\/article><\/div><div class=\"lqd-lp-column col-md-6 col-sm-6 blog lqd-f-28\"><article id=\"post-6228\" class=\"lqd-lp lqd-lp lqd-lp-style-16 pos-rel post-6228 post type-post status-publish format-standard has-post-thumbnail hentry category-blog\">\n\n<div class=\"lqd-lp-img border-radius-4 overflow-hidden pos-rel mb-5\">\n\t<figure class=\"pos-rel bg-cover bg-center w-100\"><img decoding=\"async\" width=\"602\" height=\"357\" src=\"https:\/\/imapolska.pl\/wp-content\/uploads\/2026\/03\/Obraz2.png\" class=\"w-100 wp-post-image\" alt=\"Importaci\u00f3n de bebidas espirituosas en Polonia en la pr\u00e1ctica\/dep\u00f3sito fiscal\" srcset=\"https:\/\/imapolska.pl\/wp-content\/uploads\/2026\/03\/Obraz2.png 602w, https:\/\/imapolska.pl\/wp-content\/uploads\/2026\/03\/Obraz2-300x178.png 300w, https:\/\/imapolska.pl\/wp-content\/uploads\/2026\/03\/Obraz2-18x12.png 18w\" sizes=\"(max-width: 602px) 100vw, 602px\" \/><\/figure><\/div>\n\n<header class=\"lqd-lp-header mb-3\">\n\t<h2 class=\"entry-title lqd-lp-title h5 m-0\"><a href=\"https:\/\/imapolska.pl\/es\/import-alkoholi-do-polski-w-praktyce-uslugi-na-skladzie-podatkowy\/\" rel=\"bookmark\">Importaci\u00f3n de bebidas espirituosas en Polonia en la pr\u00e1ctica\/dep\u00f3sito fiscal<\/a><\/h2><\/header>\n\n\t\t\t<div class=\"lqd-lp-excerpt mb-3\">\n\t\t\t\t<p>Importar bebidas espirituosas a Polonia es un proceso que requiere no s\u00f3lo<\/p>\n\t\t\t<\/div><!-- \/.latest-post-excerpt -->\n\t\t\n<footer class=\"lqd-lp-footer pos-rel z-index-2 pt-1\">\n\t<a href=\"https:\/\/imapolska.pl\/es\/import-alkoholi-do-polski-w-praktyce-uslugi-na-skladzie-podatkowy\/\" class=\"btn btn-naked text-uppercase ltr-sp-1 size-sm font-weight-bold lqd-lp-read-more\">\n\t\t<span class=\"btn-line btn-line-before d-inline-block pos-rel\"><\/span>\n\t\t<span class=\"btn-txt d-inline-block\">Seguir leyendo<\/span>\n\t\t<span class=\"btn-line btn-line-after d-inline-block pos-rel\">\n\t\t\t<svg class=\"d-inline-block pos-abs\" xmlns=\"http:\/\/www.w3.org\/2000\/svg\" width=\"12\" height=\"32\" viewbox=\"0 0 12 32\" style=\"height: 2em;\"><path fill=\"currentColor\" d=\"M8.375 16L.437 8.062C-.125 7.5-.125 6.5.438 5.938s1.563-.563 2.126 0l9 9c.562.562.624 1.5.062 2.062l-9.063 9.063c-.312.312-.687.437-1.062.437s-.75-.125-1.063-.438c-.562-.562-.562-1.562 0-2.125z\"><\/path><\/svg>\n\t\t<\/span>\n\t<\/a>\n<\/footer>\n\n<a href=\"https:\/\/imapolska.pl\/es\/import-alkoholi-do-polski-w-praktyce-uslugi-na-skladzie-podatkowy\/\" class=\"lqd-lp-overlay-link lqd-overlay z-index-2\" tab-index=\"-1\"><\/a>\n<\/article><\/div><div class=\"lqd-lp-column col-md-6 col-sm-6 blog lqd-f-28\"><article id=\"post-6173\" class=\"lqd-lp lqd-lp lqd-lp-style-16 pos-rel post-6173 post type-post status-publish format-standard has-post-thumbnail hentry category-blog\">\n\n<div class=\"lqd-lp-img border-radius-4 overflow-hidden pos-rel mb-5\">\n\t<figure class=\"pos-rel bg-cover bg-center w-100\"><img decoding=\"async\" width=\"605\" height=\"378\" src=\"https:\/\/imapolska.pl\/wp-content\/uploads\/2026\/03\/Obraz1.png\" class=\"w-100 wp-post-image\" alt=\"Embotellado por encargo: \u00bfqu\u00e9 hay que tener en cuenta al dise\u00f1ar la marca de alcohol?\" srcset=\"https:\/\/imapolska.pl\/wp-content\/uploads\/2026\/03\/Obraz1.png 605w, https:\/\/imapolska.pl\/wp-content\/uploads\/2026\/03\/Obraz1-300x187.png 300w, https:\/\/imapolska.pl\/wp-content\/uploads\/2026\/03\/Obraz1-18x12.png 18w\" sizes=\"(max-width: 605px) 100vw, 605px\" \/><\/figure><\/div>\n\n<header class=\"lqd-lp-header mb-3\">\n\t<h2 class=\"entry-title lqd-lp-title h5 m-0\"><a href=\"https:\/\/imapolska.pl\/es\/rozlew-na-zlecenie-o-czym-pamietac-przy-projekcie-swojego-brandu-alkoholowego\/\" rel=\"bookmark\">Embotellado por encargo: \u00bfqu\u00e9 hay que tener en cuenta al dise\u00f1ar la marca de alcohol?<\/a><\/h2><\/header>\n\n\t\t\t<div class=\"lqd-lp-excerpt mb-3\">\n\t\t\t\t<p>Embotellado por contrato: qu\u00e9 tener en cuenta al dise\u00f1ar su<\/p>\n\t\t\t<\/div><!-- \/.latest-post-excerpt -->\n\t\t\n<footer class=\"lqd-lp-footer pos-rel z-index-2 pt-1\">\n\t<a href=\"https:\/\/imapolska.pl\/es\/rozlew-na-zlecenie-o-czym-pamietac-przy-projekcie-swojego-brandu-alkoholowego\/\" class=\"btn btn-naked text-uppercase ltr-sp-1 size-sm font-weight-bold lqd-lp-read-more\">\n\t\t<span class=\"btn-line btn-line-before d-inline-block pos-rel\"><\/span>\n\t\t<span class=\"btn-txt d-inline-block\">Seguir leyendo<\/span>\n\t\t<span class=\"btn-line btn-line-after d-inline-block pos-rel\">\n\t\t\t<svg class=\"d-inline-block pos-abs\" xmlns=\"http:\/\/www.w3.org\/2000\/svg\" width=\"12\" height=\"32\" viewbox=\"0 0 12 32\" style=\"height: 2em;\"><path fill=\"currentColor\" d=\"M8.375 16L.437 8.062C-.125 7.5-.125 6.5.438 5.938s1.563-.563 2.126 0l9 9c.562.562.624 1.5.062 2.062l-9.063 9.063c-.312.312-.687.437-1.062.437s-.75-.125-1.063-.438c-.562-.562-.562-1.562 0-2.125z\"><\/path><\/svg>\n\t\t<\/span>\n\t<\/a>\n<\/footer>\n\n<a href=\"https:\/\/imapolska.pl\/es\/rozlew-na-zlecenie-o-czym-pamietac-przy-projekcie-swojego-brandu-alkoholowego\/\" class=\"lqd-lp-overlay-link lqd-overlay z-index-2\" tab-index=\"-1\"><\/a>\n<\/article><\/div><div class=\"lqd-lp-column col-md-6 col-sm-6 blog lqd-f-28\"><article id=\"post-6082\" class=\"lqd-lp lqd-lp lqd-lp-style-16 pos-rel post-6082 post type-post status-publish format-standard has-post-thumbnail hentry category-blog\">\n\n<div class=\"lqd-lp-img border-radius-4 overflow-hidden pos-rel mb-5\">\n\t<figure class=\"pos-rel bg-cover bg-center w-100\"><img decoding=\"async\" width=\"720\" height=\"400\" src=\"https:\/\/imapolska.pl\/wp-content\/uploads\/2026\/02\/skazanie-720x400.webp\" class=\"w-100 wp-post-image\" alt=\"\u00bfPor qu\u00e9 se desnaturaliza el alcohol?\" \/><\/figure><\/div>\n\n<header class=\"lqd-lp-header mb-3\">\n\t<h2 class=\"entry-title lqd-lp-title h5 m-0\"><a href=\"https:\/\/imapolska.pl\/es\/skazenie-alkoholu-metody-cele-przepisy\/\" rel=\"bookmark\">\u00bfPor qu\u00e9 se desnaturaliza el alcohol? M\u00e9todos y fines de la desnaturalizaci\u00f3n del alcohol et\u00edlico<\/a><\/h2><\/header>\n\n\t\t\t<div class=\"lqd-lp-excerpt mb-3\">\n\t\t\t\t<p>\u00bfPor qu\u00e9 se desnaturaliza el alcohol? M\u00e9todos y fines de la desnaturalizaci\u00f3n del alcohol<\/p>\n\t\t\t<\/div><!-- \/.latest-post-excerpt -->\n\t\t\n<footer class=\"lqd-lp-footer pos-rel z-index-2 pt-1\">\n\t<a href=\"https:\/\/imapolska.pl\/es\/skazenie-alkoholu-metody-cele-przepisy\/\" class=\"btn btn-naked text-uppercase ltr-sp-1 size-sm font-weight-bold lqd-lp-read-more\">\n\t\t<span class=\"btn-line btn-line-before d-inline-block pos-rel\"><\/span>\n\t\t<span class=\"btn-txt d-inline-block\">Seguir leyendo<\/span>\n\t\t<span class=\"btn-line btn-line-after d-inline-block pos-rel\">\n\t\t\t<svg class=\"d-inline-block pos-abs\" xmlns=\"http:\/\/www.w3.org\/2000\/svg\" width=\"12\" height=\"32\" viewbox=\"0 0 12 32\" style=\"height: 2em;\"><path fill=\"currentColor\" d=\"M8.375 16L.437 8.062C-.125 7.5-.125 6.5.438 5.938s1.563-.563 2.126 0l9 9c.562.562.624 1.5.062 2.062l-9.063 9.063c-.312.312-.687.437-1.062.437s-.75-.125-1.063-.438c-.562-.562-.562-1.562 0-2.125z\"><\/path><\/svg>\n\t\t<\/span>\n\t<\/a>\n<\/footer>\n\n<a href=\"https:\/\/imapolska.pl\/es\/skazenie-alkoholu-metody-cele-przepisy\/\" class=\"lqd-lp-overlay-link lqd-overlay z-index-2\" tab-index=\"-1\"><\/a>\n<\/article><\/div><div class=\"lqd-lp-column col-md-6 col-sm-6 blog lqd-f-28\"><article id=\"post-4740\" class=\"lqd-lp lqd-lp lqd-lp-style-16 pos-rel post-4740 post type-post status-publish format-standard has-post-thumbnail hentry category-blog\">\n\n<div class=\"lqd-lp-img border-radius-4 overflow-hidden pos-rel mb-5\">\n\t<figure class=\"pos-rel bg-cover bg-center w-100\"><img decoding=\"async\" width=\"720\" height=\"400\" src=\"https:\/\/imapolska.pl\/wp-content\/uploads\/2025\/11\/emisja_ghg-720x400.webp\" class=\"w-100 wp-post-image\" alt=\"\" \/><\/figure><\/div>\n\n<header class=\"lqd-lp-header mb-3\">\n\t<h2 class=\"entry-title lqd-lp-title h5 m-0\"><a href=\"https:\/\/imapolska.pl\/es\/emisja-ghg-co-to-jest-i-dlaczego-musimy-ja-liczyc\/\" rel=\"bookmark\">Emisiones de GEI: qu\u00e9 son y por qu\u00e9 hay que contarlas<\/a><\/h2><\/header>\n\n\t\t\t<div class=\"lqd-lp-excerpt mb-3\">\n\t\t\t\tEl mundo de la industria qu\u00edmica y de las energ\u00edas renovables est\u00e1 experimentando una transformaci\u00f3n. En el centro de\t\t\t<\/div><!-- \/.latest-post-excerpt -->\n\t\t\n<footer class=\"lqd-lp-footer pos-rel z-index-2 pt-1\">\n\t<a href=\"https:\/\/imapolska.pl\/es\/emisja-ghg-co-to-jest-i-dlaczego-musimy-ja-liczyc\/\" class=\"btn btn-naked text-uppercase ltr-sp-1 size-sm font-weight-bold lqd-lp-read-more\">\n\t\t<span class=\"btn-line btn-line-before d-inline-block pos-rel\"><\/span>\n\t\t<span class=\"btn-txt d-inline-block\">Seguir leyendo<\/span>\n\t\t<span class=\"btn-line btn-line-after d-inline-block pos-rel\">\n\t\t\t<svg class=\"d-inline-block pos-abs\" xmlns=\"http:\/\/www.w3.org\/2000\/svg\" width=\"12\" height=\"32\" viewbox=\"0 0 12 32\" style=\"height: 2em;\"><path fill=\"currentColor\" d=\"M8.375 16L.437 8.062C-.125 7.5-.125 6.5.438 5.938s1.563-.563 2.126 0l9 9c.562.562.624 1.5.062 2.062l-9.063 9.063c-.312.312-.687.437-1.062.437s-.75-.125-1.063-.438c-.562-.562-.562-1.562 0-2.125z\"><\/path><\/svg>\n\t\t<\/span>\n\t<\/a>\n<\/footer>\n\n<a href=\"https:\/\/imapolska.pl\/es\/emisja-ghg-co-to-jest-i-dlaczego-musimy-ja-liczyc\/\" class=\"lqd-lp-overlay-link lqd-overlay z-index-2\" tab-index=\"-1\"><\/a>\n<\/article><\/div><\/div><!--\/ .row --><\/div><!--\/ .lqd-lp-grid --><\/div><\/div><\/div><\/div><\/div><\/section>","protected":false},"excerpt":{"rendered":"El mundo de la industria qu\u00edmica y de las energ\u00edas renovables est\u00e1 experimentando una transformaci\u00f3n. En el centro de","protected":false},"author":3,"featured_media":0,"parent":0,"menu_order":1,"comment_status":"closed","ping_status":"closed","template":"","meta":{"footnotes":""},"class_list":["post-4733","page","type-page","status-publish","hentry"],"_links":{"self":[{"href":"https:\/\/imapolska.pl\/es\/wp-json\/wp\/v2\/pages\/4733","targetHints":{"allow":["GET"]}}],"collection":[{"href":"https:\/\/imapolska.pl\/es\/wp-json\/wp\/v2\/pages"}],"about":[{"href":"https:\/\/imapolska.pl\/es\/wp-json\/wp\/v2\/types\/page"}],"author":[{"embeddable":true,"href":"https:\/\/imapolska.pl\/es\/wp-json\/wp\/v2\/users\/3"}],"replies":[{"embeddable":true,"href":"https:\/\/imapolska.pl\/es\/wp-json\/wp\/v2\/comments?post=4733"}],"version-history":[{"count":4,"href":"https:\/\/imapolska.pl\/es\/wp-json\/wp\/v2\/pages\/4733\/revisions"}],"predecessor-version":[{"id":6172,"href":"https:\/\/imapolska.pl\/es\/wp-json\/wp\/v2\/pages\/4733\/revisions\/6172"}],"wp:attachment":[{"href":"https:\/\/imapolska.pl\/es\/wp-json\/wp\/v2\/media?parent=4733"}],"curies":[{"name":"wp","href":"https:\/\/api.w.org\/{rel}","templated":true}]}}