{"id":3715,"date":"2025-04-14T08:29:06","date_gmt":"2025-04-14T06:29:06","guid":{"rendered":"https:\/\/imapolska.pl\/?page_id=3715"},"modified":"2025-08-07T13:47:28","modified_gmt":"2025-08-07T11:47:28","slug":"rodo","status":"publish","type":"page","link":"https:\/\/imapolska.pl\/es\/rodo\/","title":{"rendered":"Informaci\u00f3n sobre el tratamiento de datos personales"},"content":{"rendered":"<section class=\"vc_row liquid-row-shadowbox-69e4c578153cd\"><div class=\"ld-container container\"><div class=\"row ld-row ld-row-outer\"><div class=\"wpb_column vc_column_container vc_col-sm-12 liquid-column-69e4c57815667\"><div class=\"vc_column-inner\" ><div class=\"wpb_wrapper\"  >\n\t<div class=\"wpb_text_column wpb_content_element\" >\n\t\t<div class=\"wpb_wrapper\">\n\t\t\t<p>De conformidad con el art\u00edculo 13, apartados 1 y 2, del Reglamento (UE) 2016\/679 del Parlamento Europeo y del Consejo, de 27 de abril de 2016, relativo a la protecci\u00f3n de las personas f\u00edsicas en lo que respecta al tratamiento de datos personales y a la libre circulaci\u00f3n de estos datos y por el que se deroga la Directiva 95\/46\/CE (Reglamento general de protecci\u00f3n de datos)(Diario Oficial de la UE L 119 de 04.05.2016, p. 1), en adelante \u201eRODO\u201d, le informamos de que:<\/p>\n<p>1. el Administrador de sus datos personales es IMA Polska S.A. con domicilio social en ul. Polna 21, 62-095 Murowana Go\u015blina, KRS: 0000566925, NIP: 7822510305, REGON: 30153074200000, Tel: (+48) 530 595 395, direcci\u00f3n de correo electr\u00f3nico: rodo@imapolska.eu<\/p>\n<p>(2) Para cuestiones relacionadas con la protecci\u00f3n de datos, puede ponerse en contacto en la direcci\u00f3n de correo electr\u00f3nico rodo@imapolska.eu o al domicilio social del Administrador con el asunto Protecci\u00f3n de datos.<\/p>\n<p>3 El responsable del tratamiento trata datos personales:<\/p>\n<p>1) Contratistas que sean personas f\u00edsicas:<\/p>\n<p>(a) sobre la base del art\u00edculo 6.1.b) del RODO - a efectos de la celebraci\u00f3n y ejecuci\u00f3n de contratos que vinculen al Administrador - durante la vigencia del contrato;<br \/>\n(b) sobre la base del art\u00edculo 6(1)(c) del RODO - para cumplir con las obligaciones del Administrador en virtud de la legislaci\u00f3n aplicable, incluidas en particular las obligaciones en virtud de la legislaci\u00f3n fiscal - hasta el momento en que las obligaciones se cumplan o expiren;<br \/>\nc) sobre la base del art\u00edculo 6, apartado 1, letra f), del RDO - para los fines de los intereses leg\u00edtimos perseguidos por el Administrador, incluidos, en particular, la investigaci\u00f3n, el establecimiento y la defensa de reclamaciones, para fines de archivo y estad\u00edsticos y para la aplicaci\u00f3n de la mercadotecnia directa - hasta que se presente una objeci\u00f3n al tratamiento o hasta que prescriban las reclamaciones\/el inter\u00e9s leg\u00edtimo del Administrador;<br \/>\nd) sobre la base del art\u00edculo 6, apartado 1, letra a), del RODO -si ha dado el consentimiento pertinente para enviar informaci\u00f3n comercial y promocionar sus propios servicios- hasta que retire su consentimiento;<\/p>\n<p>2) las personas que se encuentren en los locales del Administrador - en virtud del art\u00edculo 6, apartado 1, letra f) RODO - en forma de imagen grabada por el sistema de videovigilancia - con el fin de garantizar la seguridad de las personas que se encuentren en los locales del Administrador y proteger la propiedad, as\u00ed como para mantener la confidencialidad de la informaci\u00f3n cuya divulgaci\u00f3n podr\u00eda exponer al Administrador a da\u00f1os.<\/p>\n<p>4 Los destinatarios de los datos personales podr\u00e1n ser otras entidades que cooperen con el Administrador en la realizaci\u00f3n de los fines del tratamiento especificados en el punto 3. Las entidades a las que se puedan transferir los datos personales se comprometen a mantener la confidencialidad y a aplicar las medidas t\u00e9cnicas y organizativas adecuadas que garanticen la protecci\u00f3n de los datos personales transferidos.<\/p>\n<p>5 Tiene derecho a acceder al contenido de sus datos y a la rectificaci\u00f3n, supresi\u00f3n, limitaci\u00f3n del tratamiento, derecho a la portabilidad de los datos, derecho a oponerse al tratamiento y derecho a retirar su consentimiento en cualquier momento (sin que ello afecte a la licitud del tratamiento efectuado sobre la base del consentimiento antes de su retirada).<\/p>\n<p>(6) Tiene derecho a presentar una reclamaci\u00f3n ante el Presidente de la Autoridad de Protecci\u00f3n de Datos si sus datos personales se procesan infringiendo las disposiciones del RODO, la Ley de 10 de mayo de 2018 sobre Protecci\u00f3n de Datos Personales (Diario de Leyes 2018, punto 1000 modificado) y cualquier otra normativa nacional para la aplicaci\u00f3n del RODO.<\/p>\n<p>7 El administrador no tratar\u00e1 sus datos personales sobre la base de decisiones automatizadas, incluida la elaboraci\u00f3n de perfiles.<\/p>\n<p>8 El responsable del tratamiento no transferir\u00e1 sus datos personales a terceros pa\u00edses (fuera de la Uni\u00f3n Europea o del Espacio Econ\u00f3mico Europeo) ni a organizaciones internacionales.<\/p>\n<p>9. los datos personales son facilitados por usted voluntariamente, sin embargo, son un requisito necesario para los fines del tratamiento establecido en la secci\u00f3n 3.<\/p>\n\n\t\t<\/div>\n\t<\/div>\n<\/div><\/div><\/div><\/div><\/div><\/section>","protected":false},"excerpt":{"rendered":"Zgodnie z art. 13 ust.1 i 2 rozporz\u0105dzenia Parlamentu Europejskiego i Rady (UE) 2016\/679 z dnia 27 kwietnia 2016 r. w sprawie ochrony os\u00f3b fizycznych w zwi\u0105zku z przetwarzaniem danych osobowych i w sprawie swobodnego przep\u0142ywu takich danych oraz uchylenia dyrektywy 95\/46\/WE (og\u00f3lne rozporz\u0105dzenie o ochronie danych)(Dz. Urz. UE L 119 z 04.05.2016, str. 1), [...]","protected":false},"author":1,"featured_media":0,"parent":0,"menu_order":9,"comment_status":"closed","ping_status":"closed","template":"","meta":{"footnotes":""},"class_list":["post-3715","page","type-page","status-publish","hentry"],"_links":{"self":[{"href":"https:\/\/imapolska.pl\/es\/wp-json\/wp\/v2\/pages\/3715","targetHints":{"allow":["GET"]}}],"collection":[{"href":"https:\/\/imapolska.pl\/es\/wp-json\/wp\/v2\/pages"}],"about":[{"href":"https:\/\/imapolska.pl\/es\/wp-json\/wp\/v2\/types\/page"}],"author":[{"embeddable":true,"href":"https:\/\/imapolska.pl\/es\/wp-json\/wp\/v2\/users\/1"}],"replies":[{"embeddable":true,"href":"https:\/\/imapolska.pl\/es\/wp-json\/wp\/v2\/comments?post=3715"}],"version-history":[{"count":3,"href":"https:\/\/imapolska.pl\/es\/wp-json\/wp\/v2\/pages\/3715\/revisions"}],"predecessor-version":[{"id":4566,"href":"https:\/\/imapolska.pl\/es\/wp-json\/wp\/v2\/pages\/3715\/revisions\/4566"}],"wp:attachment":[{"href":"https:\/\/imapolska.pl\/es\/wp-json\/wp\/v2\/media?parent=3715"}],"curies":[{"name":"wp","href":"https:\/\/api.w.org\/{rel}","templated":true}]}}