{"id":3445,"date":"2020-12-17T11:01:59","date_gmt":"2020-12-17T11:01:59","guid":{"rendered":"http:\/\/classichub.liquid-themes.com\/staging\/?page_id=3445"},"modified":"2026-02-20T14:44:47","modified_gmt":"2026-02-20T13:44:47","slug":"nachrichten-ima-polen","status":"publish","type":"page","link":"https:\/\/imapolska.pl\/de\/aktualnosci-ima-polska\/","title":{"rendered":"Nachrichten IMA Polen"},"content":{"rendered":"<section class=\"vc_row liquid-row-shadowbox-69e16c0a745bf\"><div class=\"ld-container container\"><div class=\"row ld-row ld-row-outer\"><div class=\"wpb_column vc_column_container vc_col-sm-12 liquid-column-69e16c0a7482e\"><div class=\"vc_column-inner\" ><div class=\"wpb_wrapper\"  >\n\t<div class=\"wpb_text_column wpb_content_element\" >\n\t\t<div class=\"wpb_wrapper\">\n\t\t\t<p>IMA Polska News pr\u00e4sentiert die Aktivit\u00e4ten des Unternehmens und Analysen zu Biomethan und Biokraftstoffen im Kontext der nachhaltigen Entwicklung. Informieren Sie sich \u00fcber die neuesten Trends in der Branche und lassen Sie sich vom Bereich der erneuerbaren Energien inspirieren.<\/p>\n\n\t\t<\/div>\n\t<\/div>\n<style>.ld_spacer_69e16c0a74aed{height:32px;}<\/style>\n<div class=\"ld-empty-space ld_spacer_69e16c0a74aed\"><\/div><\/div><\/div><\/div><\/div><\/div><\/section><section class=\"vc_row liquid-row-shadowbox-69e16c0a74d17\"><div class=\"ld-container container\"><div class=\"row ld-row ld-row-outer\"><div class=\"wpb_column vc_column_container vc_col-sm-12 liquid-column-69e16c0a74ee9\"><div class=\"vc_column-inner\" ><div class=\"wpb_wrapper\"  ><style>.ld_blog_69e16c0a74ffa .lqd-lp-row{margin-inline-start:-15px;margin-inline-end:-15px;}.ld_blog_69e16c0a74ffa .lqd-lp-column{padding-inline-start:15px;padding-inline-end:15px;margin-bottom:40px;}.ld_blog_69e16c0a74ffa .lqd-lp .lqd-lp-title{margin-top:px !important;margin-bottom:px !important;}<\/style><div class=\"lqd-lp-grid ld_blog_69e16c0a74ffa lqd-1608202999916-0ee7b2b1-6799\"><div class=\"lqd-lp-row row d-flex flex-wrap\"><div class=\"lqd-lp-column col-md-6 col-sm-6 aktualnosci lqd-f-27\"><article id=\"post-6357\" class=\"lqd-lp lqd-lp lqd-lp-style-16 pos-rel post-6357 post type-post status-publish format-standard hentry category-aktualnosci\">\n\n<div class=\"lqd-lp-img border-radius-4 overflow-hidden pos-rel mb-5\">\n\t<\/div>\n\n<header class=\"lqd-lp-header mb-3\">\n\t<h2 class=\"entry-title lqd-lp-title h5 m-0\"><a  href=\"https:\/\/imapolska.pl\/de\/zyczenia-swiateczne\/\" rel=\"bookmark\">Weihnachtsw\u00fcnsche<\/a><\/h2><\/header>\n\n\t\t\t<div class=\"lqd-lp-excerpt mb-3\">\n\t\t\t\t<p>Anl\u00e4sslich des Osterfestes w\u00fcnschen wir Ihnen, dass diese besondere Zeit vor\u00fcbergeht<\/p>\n\t\t\t<\/div><!-- \/.latest-post-excerpt -->\n\t\t\n<footer class=\"lqd-lp-footer pos-rel z-index-2 pt-1\">\n\t<a href=\"https:\/\/imapolska.pl\/de\/zyczenia-swiateczne\/\" class=\"btn btn-naked text-uppercase ltr-sp-1 size-sm font-weight-bold lqd-lp-read-more\">\n\t\t<span class=\"btn-line btn-line-before d-inline-block pos-rel\"><\/span>\n\t\t<span class=\"btn-txt d-inline-block\">Lesen Sie weiter<\/span>\n\t\t<span class=\"btn-line btn-line-after d-inline-block pos-rel\">\n\t\t\t<svg class=\"d-inline-block pos-abs\" xmlns=\"http:\/\/www.w3.org\/2000\/svg\" width=\"12\" height=\"32\" viewbox=\"0 0 12 32\" style=\"height: 2em;\"><path fill=\"currentColor\" d=\"M8.375 16L.437 8.062C-.125 7.5-.125 6.5.438 5.938s1.563-.563 2.126 0l9 9c.562.562.624 1.5.062 2.062l-9.063 9.063c-.312.312-.687.437-1.062.437s-.75-.125-1.063-.438c-.562-.562-.562-1.562 0-2.125z\"><\/path><\/svg>\n\t\t<\/span>\n\t<\/a>\n<\/footer>\n\n<a  href=\"https:\/\/imapolska.pl\/de\/zyczenia-swiateczne\/\" class=\"lqd-lp-overlay-link lqd-overlay z-index-2\" tab-index=\"-1\"><\/a>\n<\/article><\/div><div class=\"lqd-lp-column col-md-6 col-sm-6 aktualnosci lqd-f-27\"><article id=\"post-6363\" class=\"lqd-lp lqd-lp lqd-lp-style-16 pos-rel post-6363 post type-post status-publish format-standard hentry category-aktualnosci\">\n\n<div class=\"lqd-lp-img border-radius-4 overflow-hidden pos-rel mb-5\">\n\t<\/div>\n\n<header class=\"lqd-lp-header mb-3\">\n\t<h2 class=\"entry-title lqd-lp-title h5 m-0\"><a  href=\"https:\/\/imapolska.pl\/de\/zyczenia-wielkanocne-ima-polska-4\/\" rel=\"bookmark\">Ostergr\u00fc\u00dfe von IMA Polska S.A. an Kunden und Gesch\u00e4ftspartner<\/a><\/h2><\/header>\n\n\t\t\t<div class=\"lqd-lp-excerpt mb-3\">\n\t\t\t\t<p>IMA Polska S.A. sendet allen Kunden, Auftraggebern und Partnern herzliche Osterw\u00fcnsche<\/p>\n\t\t\t<\/div><!-- \/.latest-post-excerpt -->\n\t\t\n<footer class=\"lqd-lp-footer pos-rel z-index-2 pt-1\">\n\t<a href=\"https:\/\/imapolska.pl\/de\/zyczenia-wielkanocne-ima-polska-4\/\" class=\"btn btn-naked text-uppercase ltr-sp-1 size-sm font-weight-bold lqd-lp-read-more\">\n\t\t<span class=\"btn-line btn-line-before d-inline-block pos-rel\"><\/span>\n\t\t<span class=\"btn-txt d-inline-block\">Lesen Sie weiter<\/span>\n\t\t<span class=\"btn-line btn-line-after d-inline-block pos-rel\">\n\t\t\t<svg class=\"d-inline-block pos-abs\" xmlns=\"http:\/\/www.w3.org\/2000\/svg\" width=\"12\" height=\"32\" viewbox=\"0 0 12 32\" style=\"height: 2em;\"><path fill=\"currentColor\" d=\"M8.375 16L.437 8.062C-.125 7.5-.125 6.5.438 5.938s1.563-.563 2.126 0l9 9c.562.562.624 1.5.062 2.062l-9.063 9.063c-.312.312-.687.437-1.062.437s-.75-.125-1.063-.438c-.562-.562-.562-1.562 0-2.125z\"><\/path><\/svg>\n\t\t<\/span>\n\t<\/a>\n<\/footer>\n\n<a  href=\"https:\/\/imapolska.pl\/de\/zyczenia-wielkanocne-ima-polska-4\/\" class=\"lqd-lp-overlay-link lqd-overlay z-index-2\" tab-index=\"-1\"><\/a>\n<\/article><\/div><div class=\"lqd-lp-column col-md-6 col-sm-6 aktualnosci lqd-f-27\"><article id=\"post-6339\" class=\"lqd-lp lqd-lp lqd-lp-style-16 pos-rel post-6339 post type-post status-publish format-standard hentry category-aktualnosci\">\n\n<div class=\"lqd-lp-img border-radius-4 overflow-hidden pos-rel mb-5\">\n\t<\/div>\n\n<header class=\"lqd-lp-header mb-3\">\n\t<h2 class=\"entry-title lqd-lp-title h5 m-0\"><a  href=\"https:\/\/imapolska.pl\/de\/blokada-ciesniny-ormuz-bioetanol-chemikalia-polska\/\" rel=\"bookmark\">Blockade der Stra\u00dfe von Hormuz und der Bioethanol- und Chemiemarkt in Polen<\/a><\/h2><\/header>\n\n\t\t\t<div class=\"lqd-lp-excerpt mb-3\">\n\t\t\t\t<p>Blockade der Stra\u00dfe von Hormuz - was passiert ist und warum sie so ist<\/p>\n\t\t\t<\/div><!-- \/.latest-post-excerpt -->\n\t\t\n<footer class=\"lqd-lp-footer pos-rel z-index-2 pt-1\">\n\t<a href=\"https:\/\/imapolska.pl\/de\/blokada-ciesniny-ormuz-bioetanol-chemikalia-polska\/\" class=\"btn btn-naked text-uppercase ltr-sp-1 size-sm font-weight-bold lqd-lp-read-more\">\n\t\t<span class=\"btn-line btn-line-before d-inline-block pos-rel\"><\/span>\n\t\t<span class=\"btn-txt d-inline-block\">Lesen Sie weiter<\/span>\n\t\t<span class=\"btn-line btn-line-after d-inline-block pos-rel\">\n\t\t\t<svg class=\"d-inline-block pos-abs\" xmlns=\"http:\/\/www.w3.org\/2000\/svg\" width=\"12\" height=\"32\" viewbox=\"0 0 12 32\" style=\"height: 2em;\"><path fill=\"currentColor\" d=\"M8.375 16L.437 8.062C-.125 7.5-.125 6.5.438 5.938s1.563-.563 2.126 0l9 9c.562.562.624 1.5.062 2.062l-9.063 9.063c-.312.312-.687.437-1.062.437s-.75-.125-1.063-.438c-.562-.562-.562-1.562 0-2.125z\"><\/path><\/svg>\n\t\t<\/span>\n\t<\/a>\n<\/footer>\n\n<a  href=\"https:\/\/imapolska.pl\/de\/blokada-ciesniny-ormuz-bioetanol-chemikalia-polska\/\" class=\"lqd-lp-overlay-link lqd-overlay z-index-2\" tab-index=\"-1\"><\/a>\n<\/article><\/div><div class=\"lqd-lp-column col-md-6 col-sm-6 aktualnosci lqd-f-27\"><article id=\"post-6289\" class=\"lqd-lp lqd-lp lqd-lp-style-16 pos-rel post-6289 post type-post status-publish format-standard hentry category-aktualnosci\">\n\n<div class=\"lqd-lp-img border-radius-4 overflow-hidden pos-rel mb-5\">\n\t<\/div>\n\n<header class=\"lqd-lp-header mb-3\">\n\t<h2 class=\"entry-title lqd-lp-title h5 m-0\"><a  href=\"https:\/\/imapolska.pl\/de\/spy-x-vodka-ultra-luksusowa-wodka-private-label-ima-polska\/\" rel=\"bookmark\">Spy X Vodka - Wodka der Luxus-Eigenmarke von IMA Polska<\/a><\/h2><\/header>\n\n\t\t\t<div class=\"lqd-lp-excerpt mb-3\">\n\t\t\t\t<p>Spy X Vodka ist eines der neuesten Eigenmarkenprojekte<\/p>\n\t\t\t<\/div><!-- \/.latest-post-excerpt -->\n\t\t\n<footer class=\"lqd-lp-footer pos-rel z-index-2 pt-1\">\n\t<a href=\"https:\/\/imapolska.pl\/de\/spy-x-vodka-ultra-luksusowa-wodka-private-label-ima-polska\/\" class=\"btn btn-naked text-uppercase ltr-sp-1 size-sm font-weight-bold lqd-lp-read-more\">\n\t\t<span class=\"btn-line btn-line-before d-inline-block pos-rel\"><\/span>\n\t\t<span class=\"btn-txt d-inline-block\">Lesen Sie weiter<\/span>\n\t\t<span class=\"btn-line btn-line-after d-inline-block pos-rel\">\n\t\t\t<svg class=\"d-inline-block pos-abs\" xmlns=\"http:\/\/www.w3.org\/2000\/svg\" width=\"12\" height=\"32\" viewbox=\"0 0 12 32\" style=\"height: 2em;\"><path fill=\"currentColor\" d=\"M8.375 16L.437 8.062C-.125 7.5-.125 6.5.438 5.938s1.563-.563 2.126 0l9 9c.562.562.624 1.5.062 2.062l-9.063 9.063c-.312.312-.687.437-1.062.437s-.75-.125-1.063-.438c-.562-.562-.562-1.562 0-2.125z\"><\/path><\/svg>\n\t\t<\/span>\n\t<\/a>\n<\/footer>\n\n<a  href=\"https:\/\/imapolska.pl\/de\/spy-x-vodka-ultra-luksusowa-wodka-private-label-ima-polska\/\" class=\"lqd-lp-overlay-link lqd-overlay z-index-2\" tab-index=\"-1\"><\/a>\n<\/article><\/div><div class=\"lqd-lp-column col-md-6 col-sm-6 aktualnosci lqd-f-27\"><article id=\"post-6241\" class=\"lqd-lp lqd-lp lqd-lp-style-16 pos-rel post-6241 post type-post status-publish format-standard hentry category-aktualnosci\">\n\n<div class=\"lqd-lp-img border-radius-4 overflow-hidden pos-rel mb-5\">\n\t<\/div>\n\n<header class=\"lqd-lp-header mb-3\">\n\t<h2 class=\"entry-title lqd-lp-title h5 m-0\"><a  href=\"https:\/\/imapolska.pl\/de\/import-alkoholi-do-polski-sklad-podatkowy-obsluga-akcyzy\/\" rel=\"bookmark\">Einfuhr von Spirituosen nach Polen - was Sie vor Ihrer ersten Lieferung wissen m\u00fcssen<\/a><\/h2><\/header>\n\n\t\t\t<div class=\"lqd-lp-excerpt mb-3\">\n\t\t\t\t<p>Die Einfuhr von Spirituosen nach Polen ist ein Prozess, der die Kenntnis der Vorschriften erfordert<\/p>\n\t\t\t<\/div><!-- \/.latest-post-excerpt -->\n\t\t\n<footer class=\"lqd-lp-footer pos-rel z-index-2 pt-1\">\n\t<a href=\"https:\/\/imapolska.pl\/de\/import-alkoholi-do-polski-sklad-podatkowy-obsluga-akcyzy\/\" class=\"btn btn-naked text-uppercase ltr-sp-1 size-sm font-weight-bold lqd-lp-read-more\">\n\t\t<span class=\"btn-line btn-line-before d-inline-block pos-rel\"><\/span>\n\t\t<span class=\"btn-txt d-inline-block\">Lesen Sie weiter<\/span>\n\t\t<span class=\"btn-line btn-line-after d-inline-block pos-rel\">\n\t\t\t<svg class=\"d-inline-block pos-abs\" xmlns=\"http:\/\/www.w3.org\/2000\/svg\" width=\"12\" height=\"32\" viewbox=\"0 0 12 32\" style=\"height: 2em;\"><path fill=\"currentColor\" d=\"M8.375 16L.437 8.062C-.125 7.5-.125 6.5.438 5.938s1.563-.563 2.126 0l9 9c.562.562.624 1.5.062 2.062l-9.063 9.063c-.312.312-.687.437-1.062.437s-.75-.125-1.063-.438c-.562-.562-.562-1.562 0-2.125z\"><\/path><\/svg>\n\t\t<\/span>\n\t<\/a>\n<\/footer>\n\n<a  href=\"https:\/\/imapolska.pl\/de\/import-alkoholi-do-polski-sklad-podatkowy-obsluga-akcyzy\/\" class=\"lqd-lp-overlay-link lqd-overlay z-index-2\" tab-index=\"-1\"><\/a>\n<\/article><\/div><div class=\"lqd-lp-column col-md-6 col-sm-6 aktualnosci lqd-f-27\"><article id=\"post-6203\" class=\"lqd-lp lqd-lp lqd-lp-style-16 pos-rel post-6203 post type-post status-publish format-standard hentry category-aktualnosci\">\n\n<div class=\"lqd-lp-img border-radius-4 overflow-hidden pos-rel mb-5\">\n\t<\/div>\n\n<header class=\"lqd-lp-header mb-3\">\n\t<h2 class=\"entry-title lqd-lp-title h5 m-0\"><a  href=\"https:\/\/imapolska.pl\/de\/ima-polska-prowein-2026-dusseldorf\/\" rel=\"bookmark\">IMA Polen auf der ProWein 2026 in D\u00fcsseldorf - Stand 5E33<\/a><\/h2><\/header>\n\n\t\t\t<div class=\"lqd-lp-excerpt mb-3\">\n\t\t\t\t<p>IMA Polen und Wielkopolska Manufaktura W\u00f3dek nehmen an der Messe ProWein teil<\/p>\n\t\t\t<\/div><!-- \/.latest-post-excerpt -->\n\t\t\n<footer class=\"lqd-lp-footer pos-rel z-index-2 pt-1\">\n\t<a href=\"https:\/\/imapolska.pl\/de\/ima-polska-prowein-2026-dusseldorf\/\" class=\"btn btn-naked text-uppercase ltr-sp-1 size-sm font-weight-bold lqd-lp-read-more\">\n\t\t<span class=\"btn-line btn-line-before d-inline-block pos-rel\"><\/span>\n\t\t<span class=\"btn-txt d-inline-block\">Lesen Sie weiter<\/span>\n\t\t<span class=\"btn-line btn-line-after d-inline-block pos-rel\">\n\t\t\t<svg class=\"d-inline-block pos-abs\" xmlns=\"http:\/\/www.w3.org\/2000\/svg\" width=\"12\" height=\"32\" viewbox=\"0 0 12 32\" style=\"height: 2em;\"><path fill=\"currentColor\" d=\"M8.375 16L.437 8.062C-.125 7.5-.125 6.5.438 5.938s1.563-.563 2.126 0l9 9c.562.562.624 1.5.062 2.062l-9.063 9.063c-.312.312-.687.437-1.062.437s-.75-.125-1.063-.438c-.562-.562-.562-1.562 0-2.125z\"><\/path><\/svg>\n\t\t<\/span>\n\t<\/a>\n<\/footer>\n\n<a  href=\"https:\/\/imapolska.pl\/de\/ima-polska-prowein-2026-dusseldorf\/\" class=\"lqd-lp-overlay-link lqd-overlay z-index-2\" tab-index=\"-1\"><\/a>\n<\/article><\/div><div class=\"lqd-lp-column col-md-6 col-sm-6 aktualnosci lqd-f-27\"><article id=\"post-6189\" class=\"lqd-lp lqd-lp lqd-lp-style-16 pos-rel post-6189 post type-post status-publish format-standard hentry category-aktualnosci\">\n\n<div class=\"lqd-lp-img border-radius-4 overflow-hidden pos-rel mb-5\">\n\t<\/div>\n\n<header class=\"lqd-lp-header mb-3\">\n\t<h2 class=\"entry-title lqd-lp-title h5 m-0\"><a  href=\"https:\/\/imapolska.pl\/de\/ima-polska-sponsor-polmaraton-murowana-goslina\/\" rel=\"bookmark\">IMA Polska sponsert den Murowana Go\u015blina Halbmarathon<\/a><\/h2><\/header>\n\n\t\t\t<div class=\"lqd-lp-excerpt mb-3\">\n\t\t\t\t<p>IMA Polska unterst\u00fctzt den Murowana Go\u015blina Halbmarathon als Sponsor der lokalen Veranstaltung<\/p>\n\t\t\t<\/div><!-- \/.latest-post-excerpt -->\n\t\t\n<footer class=\"lqd-lp-footer pos-rel z-index-2 pt-1\">\n\t<a href=\"https:\/\/imapolska.pl\/de\/ima-polska-sponsor-polmaraton-murowana-goslina\/\" class=\"btn btn-naked text-uppercase ltr-sp-1 size-sm font-weight-bold lqd-lp-read-more\">\n\t\t<span class=\"btn-line btn-line-before d-inline-block pos-rel\"><\/span>\n\t\t<span class=\"btn-txt d-inline-block\">Lesen Sie weiter<\/span>\n\t\t<span class=\"btn-line btn-line-after d-inline-block pos-rel\">\n\t\t\t<svg class=\"d-inline-block pos-abs\" xmlns=\"http:\/\/www.w3.org\/2000\/svg\" width=\"12\" height=\"32\" viewbox=\"0 0 12 32\" style=\"height: 2em;\"><path fill=\"currentColor\" d=\"M8.375 16L.437 8.062C-.125 7.5-.125 6.5.438 5.938s1.563-.563 2.126 0l9 9c.562.562.624 1.5.062 2.062l-9.063 9.063c-.312.312-.687.437-1.062.437s-.75-.125-1.063-.438c-.562-.562-.562-1.562 0-2.125z\"><\/path><\/svg>\n\t\t<\/span>\n\t<\/a>\n<\/footer>\n\n<a  href=\"https:\/\/imapolska.pl\/de\/ima-polska-sponsor-polmaraton-murowana-goslina\/\" class=\"lqd-lp-overlay-link lqd-overlay z-index-2\" tab-index=\"-1\"><\/a>\n<\/article><\/div><div class=\"lqd-lp-column col-md-6 col-sm-6 aktualnosci lqd-f-27\"><article id=\"post-6176\" class=\"lqd-lp lqd-lp lqd-lp-style-16 pos-rel post-6176 post type-post status-publish format-standard hentry category-aktualnosci\">\n\n<div class=\"lqd-lp-img border-radius-4 overflow-hidden pos-rel mb-5\">\n\t<\/div>\n\n<header class=\"lqd-lp-header mb-3\">\n\t<h2 class=\"entry-title lqd-lp-title h5 m-0\"><a  href=\"https:\/\/imapolska.pl\/de\/rozlew-na-zlecenie-wlasna-marka-alkoholu\/\" rel=\"bookmark\">Lohnabf\u00fcllung - eigene Marke von Alkohol ohne eigene Brennerei<\/a><\/h2><\/header>\n\n\t\t\t<div class=\"lqd-lp-excerpt mb-3\">\n\t\t\t\t<p>Lohnabf\u00fcllung (Eigenmarke) ist der schnellste Weg zum Markt<\/p>\n\t\t\t<\/div><!-- \/.latest-post-excerpt -->\n\t\t\n<footer class=\"lqd-lp-footer pos-rel z-index-2 pt-1\">\n\t<a href=\"https:\/\/imapolska.pl\/de\/rozlew-na-zlecenie-wlasna-marka-alkoholu\/\" class=\"btn btn-naked text-uppercase ltr-sp-1 size-sm font-weight-bold lqd-lp-read-more\">\n\t\t<span class=\"btn-line btn-line-before d-inline-block pos-rel\"><\/span>\n\t\t<span class=\"btn-txt d-inline-block\">Lesen Sie weiter<\/span>\n\t\t<span class=\"btn-line btn-line-after d-inline-block pos-rel\">\n\t\t\t<svg class=\"d-inline-block pos-abs\" xmlns=\"http:\/\/www.w3.org\/2000\/svg\" width=\"12\" height=\"32\" viewbox=\"0 0 12 32\" style=\"height: 2em;\"><path fill=\"currentColor\" d=\"M8.375 16L.437 8.062C-.125 7.5-.125 6.5.438 5.938s1.563-.563 2.126 0l9 9c.562.562.624 1.5.062 2.062l-9.063 9.063c-.312.312-.687.437-1.062.437s-.75-.125-1.063-.438c-.562-.562-.562-1.562 0-2.125z\"><\/path><\/svg>\n\t\t<\/span>\n\t<\/a>\n<\/footer>\n\n<a  href=\"https:\/\/imapolska.pl\/de\/rozlew-na-zlecenie-wlasna-marka-alkoholu\/\" class=\"lqd-lp-overlay-link lqd-overlay z-index-2\" tab-index=\"-1\"><\/a>\n<\/article><\/div><div class=\"lqd-lp-column col-md-6 col-sm-6 aktualnosci lqd-f-27\"><article id=\"post-6119\" class=\"lqd-lp lqd-lp lqd-lp-style-16 pos-rel post-6119 post type-post status-publish format-standard hentry category-aktualnosci\">\n\n<div class=\"lqd-lp-img border-radius-4 overflow-hidden pos-rel mb-5\">\n\t<\/div>\n\n<header class=\"lqd-lp-header mb-3\">\n\t<h2 class=\"entry-title lqd-lp-title h5 m-0\"><a  href=\"https:\/\/imapolska.pl\/de\/alkohol-etylowy-od-polskiego-producenta-zastosowania-b2b\/\" rel=\"bookmark\">Ethylalkohol von einem polnischen Hersteller - komplettes Spektrum von B2B-Anwendungen<\/a><\/h2><\/header>\n\n\t\t\t<div class=\"lqd-lp-excerpt mb-3\">\n\t\t\t\t<p>Ethylalkohol von einem polnischen Hersteller ist ein Eckpfeiler der Versorgung vieler Branchen<\/p>\n\t\t\t<\/div><!-- \/.latest-post-excerpt -->\n\t\t\n<footer class=\"lqd-lp-footer pos-rel z-index-2 pt-1\">\n\t<a href=\"https:\/\/imapolska.pl\/de\/alkohol-etylowy-od-polskiego-producenta-zastosowania-b2b\/\" class=\"btn btn-naked text-uppercase ltr-sp-1 size-sm font-weight-bold lqd-lp-read-more\">\n\t\t<span class=\"btn-line btn-line-before d-inline-block pos-rel\"><\/span>\n\t\t<span class=\"btn-txt d-inline-block\">Lesen Sie weiter<\/span>\n\t\t<span class=\"btn-line btn-line-after d-inline-block pos-rel\">\n\t\t\t<svg class=\"d-inline-block pos-abs\" xmlns=\"http:\/\/www.w3.org\/2000\/svg\" width=\"12\" height=\"32\" viewbox=\"0 0 12 32\" style=\"height: 2em;\"><path fill=\"currentColor\" d=\"M8.375 16L.437 8.062C-.125 7.5-.125 6.5.438 5.938s1.563-.563 2.126 0l9 9c.562.562.624 1.5.062 2.062l-9.063 9.063c-.312.312-.687.437-1.062.437s-.75-.125-1.063-.438c-.562-.562-.562-1.562 0-2.125z\"><\/path><\/svg>\n\t\t<\/span>\n\t<\/a>\n<\/footer>\n\n<a  href=\"https:\/\/imapolska.pl\/de\/alkohol-etylowy-od-polskiego-producenta-zastosowania-b2b\/\" class=\"lqd-lp-overlay-link lqd-overlay z-index-2\" tab-index=\"-1\"><\/a>\n<\/article><\/div><div class=\"lqd-lp-column col-md-6 col-sm-6 aktualnosci lqd-f-27\"><article id=\"post-6116\" class=\"lqd-lp lqd-lp lqd-lp-style-16 pos-rel post-6116 post type-post status-publish format-standard hentry category-aktualnosci\">\n\n<div class=\"lqd-lp-img border-radius-4 overflow-hidden pos-rel mb-5\">\n\t<\/div>\n\n<header class=\"lqd-lp-header mb-3\">\n\t<h2 class=\"entry-title lqd-lp-title h5 m-0\"><a  href=\"https:\/\/imapolska.pl\/de\/ima-polska-prowein-2025-dusseldorf-stoisko-e33\/\" rel=\"bookmark\">IMA Polen auf der ProWein 2025 in D\u00fcsseldorf - Halle ProSpirits, Stand E33<\/a><\/h2><\/header>\n\n\t\t\t<div class=\"lqd-lp-excerpt mb-3\">\n\t\t\t\t<p>IMA Polen stellt auf der ProWein 2025 in D\u00fcsseldorf aus IMA Polen<\/p>\n\t\t\t<\/div><!-- \/.latest-post-excerpt -->\n\t\t\n<footer class=\"lqd-lp-footer pos-rel z-index-2 pt-1\">\n\t<a href=\"https:\/\/imapolska.pl\/de\/ima-polska-prowein-2025-dusseldorf-stoisko-e33\/\" class=\"btn btn-naked text-uppercase ltr-sp-1 size-sm font-weight-bold lqd-lp-read-more\">\n\t\t<span class=\"btn-line btn-line-before d-inline-block pos-rel\"><\/span>\n\t\t<span class=\"btn-txt d-inline-block\">Lesen Sie weiter<\/span>\n\t\t<span class=\"btn-line btn-line-after d-inline-block pos-rel\">\n\t\t\t<svg class=\"d-inline-block pos-abs\" xmlns=\"http:\/\/www.w3.org\/2000\/svg\" width=\"12\" height=\"32\" viewbox=\"0 0 12 32\" style=\"height: 2em;\"><path fill=\"currentColor\" d=\"M8.375 16L.437 8.062C-.125 7.5-.125 6.5.438 5.938s1.563-.563 2.126 0l9 9c.562.562.624 1.5.062 2.062l-9.063 9.063c-.312.312-.687.437-1.062.437s-.75-.125-1.063-.438c-.562-.562-.562-1.562 0-2.125z\"><\/path><\/svg>\n\t\t<\/span>\n\t<\/a>\n<\/footer>\n\n<a  href=\"https:\/\/imapolska.pl\/de\/ima-polska-prowein-2025-dusseldorf-stoisko-e33\/\" class=\"lqd-lp-overlay-link lqd-overlay z-index-2\" tab-index=\"-1\"><\/a>\n<\/article><\/div><\/div><!--\/ .row --><div class=\"liquid-pf-nav ld-pf-nav-ajax\"><div class=\"page-nav text-center\"><nav aria-label=\"Navigation auf der Seite\"><a href=\"https:\/\/imapolska.pl\/de\/wp-json\/wp\/v2\/pages\/3445\/page\/2\/?ajaxify=1\" rel=\"nofollow\" data-ajaxify=\"true\" data-ajaxify-options=\"{&quot;wrapper&quot;:&quot;.lqd-lp-grid.lqd-1608202999916-0ee7b2b1-6799 &gt; .lqd-lp-row&quot;,&quot;items&quot;:&quot;&gt; .lqd-lp-column&quot;,&quot;trigger&quot;:&quot;inview&quot;}\" class=\"ld-ajax-loadmore\"><span><span class=\"static\">Mehr laden<\/span><span class=\"loading\"><span class=\"dots\"><span><\/span><span><\/span><span><\/span><\/span><span class=\"text-uppercase lts-sp-1\">Laden<\/span><\/span><span class=\"all-loaded\">Alle Artikel geladen <i class=\"lqd-icn-ess icon-ion-ios-checkmark\"><\/i><\/span><\/span><\/a><\/nav><\/div><\/div><\/div><!--\/ .lqd-lp-grid --><\/div><\/div><\/div><\/div><\/div><\/section>","protected":false},"excerpt":{"rendered":"IMA Polen stellt auf der ProWein 2025 in D\u00fcsseldorf aus IMA Polen","protected":false},"author":1,"featured_media":0,"parent":0,"menu_order":1,"comment_status":"closed","ping_status":"closed","template":"","meta":{"footnotes":""},"class_list":["post-3445","page","type-page","status-publish","hentry"],"_links":{"self":[{"href":"https:\/\/imapolska.pl\/de\/wp-json\/wp\/v2\/pages\/3445","targetHints":{"allow":["GET"]}}],"collection":[{"href":"https:\/\/imapolska.pl\/de\/wp-json\/wp\/v2\/pages"}],"about":[{"href":"https:\/\/imapolska.pl\/de\/wp-json\/wp\/v2\/types\/page"}],"author":[{"embeddable":true,"href":"https:\/\/imapolska.pl\/de\/wp-json\/wp\/v2\/users\/1"}],"replies":[{"embeddable":true,"href":"https:\/\/imapolska.pl\/de\/wp-json\/wp\/v2\/comments?post=3445"}],"version-history":[{"count":12,"href":"https:\/\/imapolska.pl\/de\/wp-json\/wp\/v2\/pages\/3445\/revisions"}],"predecessor-version":[{"id":6105,"href":"https:\/\/imapolska.pl\/de\/wp-json\/wp\/v2\/pages\/3445\/revisions\/6105"}],"wp:attachment":[{"href":"https:\/\/imapolska.pl\/de\/wp-json\/wp\/v2\/media?parent=3445"}],"curies":[{"name":"wp","href":"https:\/\/api.w.org\/{rel}","templated":true}]}}