{"id":3,"date":"2025-04-09T12:27:11","date_gmt":"2025-04-09T10:27:11","guid":{"rendered":"https:\/\/imapolska.pl\/?page_id=3"},"modified":"2025-08-07T13:47:57","modified_gmt":"2025-08-07T11:47:57","slug":"zasady-ochrany-osobnich-udaju","status":"publish","type":"page","link":"https:\/\/imapolska.pl\/cs\/polityka-prywatnosci\/","title":{"rendered":"Z\u00e1sady ochrany osobn\u00edch \u00fadaj\u016f"},"content":{"rendered":"<section class=\"vc_row liquid-row-shadowbox-69debe2dc7396\"><div class=\"ld-container container\"><div class=\"row ld-row ld-row-outer\"><div class=\"wpb_column vc_column_container vc_col-sm-12 liquid-column-69debe2dc76aa\"><div class=\"vc_column-inner\" ><div class=\"wpb_wrapper\"  >\n\t<div class=\"wpb_text_column wpb_content_element\" >\n\t\t<div class=\"wpb_wrapper\">\n\t\t\t<p><strong>I Obecn\u00e9 informace<\/strong><\/p>\n<p>- Tyto Z\u00e1sady ochrany osobn\u00edch \u00fadaj\u016f a Z\u00e1sady pou\u017e\u00edv\u00e1n\u00ed soubor\u016f cookie stanov\u00ed, jak jsou z\u00edsk\u00e1v\u00e1ny, zpracov\u00e1v\u00e1ny a chr\u00e1n\u011bny osobn\u00ed \u00fadaje poskytnut\u00e9 u\u017eivateli a soubory cookie a dal\u0161\u00ed technologie, kter\u00e9 se objevuj\u00ed na webov\u00fdch str\u00e1nk\u00e1ch www.imapolska.eu. .<br \/>Spr\u00e1vcem webov\u00fdch str\u00e1nek a osobn\u00edch \u00fadaj\u016f na nich uveden\u00fdch je IMA Polska S.A., ul. Polna 21, 62-095 Murowana Go\u015blina, NIP: 782-251-03-05, KRS: 0000566925.<\/p>\n<p><strong>II Osobn\u00ed \u00fadaje<\/strong><\/p>\n<p>- Webov\u00e9 str\u00e1nky shroma\u017e\u010fuj\u00ed informace dobrovoln\u011b poskytnut\u00e9 u\u017eivatelem.<br \/>- Obsah webov\u00fdch str\u00e1nek si m\u016f\u017eete prohl\u00e9dnout bez nutnosti zad\u00e1v\u00e1n\u00ed osobn\u00edch \u00fadaj\u016f.<br \/>- Ka\u017ed\u00e1 osoba, kter\u00e1 poskytla sv\u00e9 osobn\u00ed \u00fadaje, m\u00e1 pr\u00e1vo na p\u0159\u00edstup k jejich obsahu a mo\u017enost je opravit, aktualizovat, doplnit, jako\u017e i po\u017eadovat ukon\u010den\u00ed zpracov\u00e1n\u00ed osobn\u00edch \u00fadaj\u016f a vzn\u00e9st n\u00e1mitku proti zpracov\u00e1n\u00ed osobn\u00edch \u00fadaj\u016f. V\u00fd\u0161e uveden\u00e9 \u00fakony lze prov\u00e9st zasl\u00e1n\u00edm p\u0159\u00edslu\u0161n\u00e9ho prohl\u00e1\u0161en\u00ed na e-mailovou adresu:\u00a0<a href=\"mailto:rodo@imapolska.eu\">rodo@imapolska.eu<\/a><\/p>\n<p><strong>III Informace o souborech cookie.<\/strong><\/p>\n<p>- Webov\u00e9 str\u00e1nky pou\u017e\u00edvaj\u00ed soubory cookie.<br \/>- Soubory cookie (tzv. \u201ecookies\u201d) jsou data IT, zejm\u00e9na textov\u00e9 soubory, kter\u00e9 jsou ulo\u017eeny v koncov\u00e9m za\u0159\u00edzen\u00ed u\u017eivatele webov\u00fdch str\u00e1nek a jsou ur\u010deny k pou\u017e\u00edv\u00e1n\u00ed webov\u00fdch str\u00e1nek Soubory cookie obvykle obsahuj\u00ed n\u00e1zev webov\u00e9 str\u00e1nky, ze kter\u00e9 poch\u00e1zej\u00ed, dobu jejich ulo\u017een\u00ed v koncov\u00e9m za\u0159\u00edzen\u00ed a jedine\u010dn\u00e9 \u010d\u00edslo.<br \/>- Subjektem, kter\u00fd ukl\u00e1d\u00e1 soubory cookie do koncov\u00e9ho za\u0159\u00edzen\u00ed u\u017eivatele webov\u00fdch str\u00e1nek a p\u0159istupuje k nim, je provozovatel webov\u00fdch str\u00e1nek.<br \/>- Soubory cookie se pou\u017e\u00edvaj\u00ed k n\u00e1sleduj\u00edc\u00edm \u00fa\u010del\u016fm:<br \/>- k sestavov\u00e1n\u00ed statistik, kter\u00e9 n\u00e1m pom\u00e1haj\u00ed pochopit, jak n\u00e1v\u0161t\u011bvn\u00edci webov\u00fdch str\u00e1nek pou\u017e\u00edvaj\u00ed tyto str\u00e1nky, abychom mohli zlep\u0161it jejich strukturu a obsah;<br \/>- definovat v\u00e1\u0161 profil, aby se v\u00e1m v reklamn\u00edch s\u00edt\u00edch, zejm\u00e9na v s\u00edti Google, zobrazoval materi\u00e1l na m\u00edru.<br \/>- Webov\u00e9 str\u00e1nky pou\u017e\u00edvaj\u00ed dva hlavn\u00ed typy soubor\u016f cookie: \u201erela\u010dn\u00ed\u201d (session cookies) a \u201etrval\u00e9\u201d (persistent cookies). \u201eRela\u010dn\u00ed\u201d soubory cookie jsou do\u010dasn\u00e9 soubory, kter\u00e9 se ukl\u00e1daj\u00ed v koncov\u00e9m za\u0159\u00edzen\u00ed u\u017eivatele, dokud se u\u017eivatel neodhl\u00e1s\u00ed, neopust\u00ed webov\u00e9 str\u00e1nky nebo nevypne software (webov\u00fd prohl\u00ed\u017ee\u010d). \u201eTrval\u00e9\u201d soubory cookie jsou ulo\u017eeny v koncov\u00e9m za\u0159\u00edzen\u00ed U\u017eivatele po dobu uvedenou v parametrech soubor\u016f cookie nebo do doby, ne\u017e je U\u017eivatel vyma\u017ee.<br \/>- Software pro prohl\u00ed\u017een\u00ed webov\u00fdch str\u00e1nek (webov\u00fd prohl\u00ed\u017ee\u010d) obvykle standardn\u011b umo\u017e\u0148uje ukl\u00e1d\u00e1n\u00ed soubor\u016f cookie do koncov\u00e9ho za\u0159\u00edzen\u00ed u\u017eivatele. U\u017eivatel\u00e9 webov\u00fdch str\u00e1nek mohou v tomto ohledu zm\u011bnit sv\u00e9 nastaven\u00ed. Webov\u00fd prohl\u00ed\u017ee\u010d umo\u017e\u0148uje soubory cookie vymazat. Je tak\u00e9 mo\u017en\u00e9 soubory cookie automaticky blokovat Podrobnosti naleznete v n\u00e1pov\u011bd\u011b nebo dokumentaci internetov\u00e9ho prohl\u00ed\u017ee\u010de.<br \/>- Omezen\u00ed pou\u017e\u00edv\u00e1n\u00ed soubor\u016f cookie m\u016f\u017ee ovlivnit n\u011bkter\u00e9 funkce dostupn\u00e9 na webov\u00fdch str\u00e1nk\u00e1ch. .<br \/>- Soubory cookie jsou um\u00edst\u011bny v koncov\u00e9m za\u0159\u00edzen\u00ed u\u017eivatele webov\u00fdch str\u00e1nek a mohou je pou\u017e\u00edvat tak\u00e9 inzerenti a partne\u0159i spolupracuj\u00edc\u00ed s provozovatelem webov\u00fdch str\u00e1nek.<br \/>- Doporu\u010dujeme p\u0159e\u010d\u00edst si z\u00e1sady ochrany osobn\u00edch \u00fadaj\u016f t\u011bchto spole\u010dnost\u00ed, abyste porozum\u011bli pou\u017e\u00edv\u00e1n\u00ed soubor\u016f cookie pou\u017e\u00edvan\u00fdch ve statistik\u00e1ch: Z\u00e1sady ochrany osobn\u00edch \u00fadaj\u016f slu\u017eby Google Analytics.<br \/>- Soubory cookie mohou b\u00fdt vyu\u017e\u00edv\u00e1ny reklamn\u00edmi s\u00edt\u011bmi, zejm\u00e9na s\u00edt\u00ed Google, k zobrazov\u00e1n\u00ed reklam p\u0159izp\u016fsoben\u00fdch tomu, jak u\u017eivatel pou\u017e\u00edv\u00e1 webov\u00e9 str\u00e1nky. Za t\u00edmto \u00fa\u010delem mohou uchov\u00e1vat informace o naviga\u010dn\u00ed cest\u011b u\u017eivatele nebo o dob\u011b, po kterou se zdr\u017eel na ur\u010dit\u00e9 str\u00e1nce.<br \/>- Pokud jde o informace o u\u017eivatelsk\u00fdch preferenc\u00edch shrom\u00e1\u017ed\u011bn\u00e9 reklamn\u00ed s\u00edt\u00ed Google, u\u017eivatel m\u016f\u017ee informace z\u00edskan\u00e9 ze soubor\u016f cookie zobrazit a upravit pomoc\u00ed n\u00e1stroje:\u00a0<a href=\"https:\/\/www.google.com\/ads\/preferences\/\" target=\"_blank\" rel=\"noopener\">https:\/\/www.google.com\/ads\/preferences\/<\/a><\/p>\n<p><strong>IV Spr\u00e1va soubor\u016f cookie - jak ud\u011blit a odvolat souhlas v praxi?<\/strong><\/p>\n<p>- Pokud si nep\u0159ejete p\u0159ij\u00edmat soubory cookie, m\u016f\u017eete zm\u011bnit nastaven\u00ed prohl\u00ed\u017ee\u010de. Vezm\u011bte pros\u00edm na v\u011bdom\u00ed, \u017ee zak\u00e1z\u00e1n\u00ed soubor\u016f cookie, kter\u00e9 jsou nezbytn\u00e9 pro procesy ov\u011b\u0159ov\u00e1n\u00ed, zabezpe\u010den\u00ed a udr\u017eov\u00e1n\u00ed u\u017eivatelsk\u00fdch preferenc\u00ed, m\u016f\u017ee zt\u00ed\u017eit a v krajn\u00edm p\u0159\u00edpad\u011b znemo\u017enit pou\u017e\u00edv\u00e1n\u00ed webov\u00fdch str\u00e1nek.<br \/>- Chcete-li spravovat nastaven\u00ed soubor\u016f cookie, vyberte sv\u016fj prohl\u00ed\u017ee\u010d\/syst\u00e9m z n\u00ed\u017ee uveden\u00e9ho seznamu a postupujte podle pokyn\u016f.<br \/>- Internet Explorer<br \/>- Chrome<br \/>- Safari<br \/>- Firefox<br \/>- Opera<br \/>- Android<br \/>- Safari (iOS)<br \/>- Windows Phone<br \/>- Blackberry<\/p>\n<p><strong>V Sd\u00edlen\u00ed dat.<\/strong><\/p>\n<p>- \u00dadaje se s extern\u00edmi stranami sd\u00edlej\u00ed pouze v mez\u00edch z\u00e1kona.<br \/>- Provozovatel m\u016f\u017ee b\u00fdt povinen poskytnout informace shrom\u00e1\u017ed\u011bn\u00e9 prost\u0159ednictv\u00edm webov\u00fdch str\u00e1nek opr\u00e1vn\u011bn\u00fdm org\u00e1n\u016fm na z\u00e1klad\u011b z\u00e1konn\u00fdch po\u017eadavk\u016f v rozsahu \u017e\u00e1dosti.<br \/>VI Z\u00e1v\u011bre\u010dn\u00e1 ustanoven\u00ed<br \/>- Spr\u00e1vce m\u00e1 pr\u00e1vo tyto Z\u00e1sady ochrany osobn\u00edch \u00fadaj\u016f m\u011bnit. Osoby poskytuj\u00edc\u00ed sv\u00e9 osobn\u00ed \u00fadaje jsou v\u00e1z\u00e1ny aktu\u00e1ln\u00ed verz\u00ed Z\u00e1sad ochrany osobn\u00edch \u00fadaj\u016f, kter\u00e1 je k dispozici na adrese\u00a0<a href=\"https:\/\/www.imapolska.eu\/dokumenty-i-polityka-prywatnosci\/polityka-prywatnosci\" target=\"_blank\" rel=\"noopener\">https:\/\/imapolska.eu\/polityka-prywatnosci<\/a>- V z\u00e1le\u017eitostech, kter\u00e9 nejsou upraveny t\u011bmito Z\u00e1sadami ochrany osobn\u00edch \u00fadaj\u016f, se pou\u017eij\u00ed p\u0159\u00edslu\u0161n\u00e1 ustanoven\u00ed polsk\u00e9ho pr\u00e1va.<\/p>\n\n\t\t<\/div>\n\t<\/div>\n<\/div><\/div><\/div><\/div><\/div><\/section>","protected":false},"excerpt":{"rendered":"I Informacje og\u00f3lne \u2022 Niniejsza Polityka Prywatno\u015bci i Polityka Cookies okre\u015bla spos\u00f3b pozyskiwania, przetwarzania oraz ochrony danych osobowych przekazanych przez U\u017cytkownik\u00f3w oraz plik\u00f3w Cookies a tak\u017ce innych technologii pojawiaj\u0105cych si\u0119 na stronie internetowej www.imapolska.eu .Administratorem strony i danych osobowych przekazanych przekazywanych w jej ramach jest IMA Polska S.A., ul. Polna 21, 62-095 Murowana Go\u015blina, NIP: [...]","protected":false},"author":1,"featured_media":0,"parent":0,"menu_order":9,"comment_status":"closed","ping_status":"closed","template":"","meta":{"footnotes":""},"class_list":["post-3","page","type-page","status-publish","hentry"],"_links":{"self":[{"href":"https:\/\/imapolska.pl\/cs\/wp-json\/wp\/v2\/pages\/3","targetHints":{"allow":["GET"]}}],"collection":[{"href":"https:\/\/imapolska.pl\/cs\/wp-json\/wp\/v2\/pages"}],"about":[{"href":"https:\/\/imapolska.pl\/cs\/wp-json\/wp\/v2\/types\/page"}],"author":[{"embeddable":true,"href":"https:\/\/imapolska.pl\/cs\/wp-json\/wp\/v2\/users\/1"}],"replies":[{"embeddable":true,"href":"https:\/\/imapolska.pl\/cs\/wp-json\/wp\/v2\/comments?post=3"}],"version-history":[{"count":4,"href":"https:\/\/imapolska.pl\/cs\/wp-json\/wp\/v2\/pages\/3\/revisions"}],"predecessor-version":[{"id":4567,"href":"https:\/\/imapolska.pl\/cs\/wp-json\/wp\/v2\/pages\/3\/revisions\/4567"}],"wp:attachment":[{"href":"https:\/\/imapolska.pl\/cs\/wp-json\/wp\/v2\/media?parent=3"}],"curies":[{"name":"wp","href":"https:\/\/api.w.org\/{rel}","templated":true}]}}